{"id":177,"date":"2015-12-15T11:18:26","date_gmt":"2015-12-15T14:18:26","guid":{"rendered":"https:\/\/www.facet.unt.edu.ar\/eiti\/?page_id=177"},"modified":"2021-02-17T10:19:15","modified_gmt":"2021-02-17T13:19:15","slug":"raul-osvaldo-saade","status":"publish","type":"page","link":"https:\/\/www.facet.unt.edu.ar\/eiti\/raul-osvaldo-saade\/","title":{"rendered":"Ra\u00fal Osvaldo Saade"},"content":{"rendered":"<ul>\n<li><strong>Apellido y Nombres:<\/strong> Saade, Ra\u00fal Osvaldo<\/li>\n<li><strong>Titulaci\u00f3n<\/strong> (grado\/posgrado, indicar Universidad otorgante):\n<ul>\n<li>Ing. Electricista Orientaci\u00f3n Electr\u00f3nica- Universidad Nacional de Tucum\u00e1n.<\/li>\n<li>M\u00e1ster Ejecutivo en Direcci\u00f3n de Empresas. Fundaci\u00f3n del Tucum\u00e1n y Universidad del Valpara\u00edso (Chile).<\/li>\n<\/ul>\n<\/li>\n<li><strong>Temas de Investigaci\u00f3n y\/o Transferencia Tecnol\u00f3gica:<\/strong>\n<ul>\n<li>Dictado de Seminario: El desaf\u00edo de Emprender. A\u00f1o 2010.<\/li>\n<li>Dictado de curso de Postgrado Direcci\u00f3n Estrat\u00e9gica de una PyME de Tecnolog\u00eda A\u00f1o 2011.<\/li>\n<\/ul>\n<\/li>\n<li><strong>Cargo Docente Actual<\/strong> (categor\u00eda\/dedicaci\u00f3n): Jefe de Trabajo Pr\u00e1cticos \/ Semi-Dedicaci\u00f3n<\/li>\n<li><strong>Departamento\/Facultad\/Universidad:<\/strong>\n<ul>\n<li>Departamento de Electricidad, Electr\u00f3nica y Computaci\u00f3n, Facultad de Ciencias Exactas y Tecnolog\u00eda, Universidad Nacional de Tucum\u00e1n.<\/li>\n<\/ul>\n<\/li>\n<li><strong>Asignaturas<\/strong> (grado\/posgrado):\n<ul>\n<li>Administraci\u00f3n de Proyectos (grado).<\/li>\n<li>Gesti\u00f3n de Empresas de Emprendimientos de Base Tecnol\u00f3gica (posgrado).<\/li>\n<\/ul>\n<\/li>\n<li><strong>Contacto<\/strong> (tel.\/E-mail): <a href=\"mailto:rosaade@gmail.com\" target=\"_blank\" rel=\"noopener noreferrer\">rosaade@gmail.com<\/a><\/li>\n<\/ul>\n<p><strong>Otros antecedentes:<\/strong><\/p>\n<ul>\n<li>Socio Fundador y Director General de la Empresa Sistelco SRL.<\/li>\n<li>Presidente del Directorio de Sociedad Fiduciaria Empresaria SA.<\/li>\n<\/ul>\n","protected":false},"excerpt":{"rendered":"<p>Apellido y Nombres: Saade, Ra\u00fal Osvaldo Titulaci\u00f3n (grado\/posgrado, indicar Universidad otorgante): Ing. Electricista Orientaci\u00f3n Electr\u00f3nica- Universidad Nacional de Tucum\u00e1n. M\u00e1ster Ejecutivo en Direcci\u00f3n de Empresas. Fundaci\u00f3n del Tucum\u00e1n y Universidad del Valpara\u00edso (Chile). Temas de Investigaci\u00f3n y\/o Transferencia Tecnol\u00f3gica: Dictado de Seminario: El desaf\u00edo de Emprender. A\u00f1o 2010. Dictado de curso de Postgrado Direcci\u00f3n Estrat\u00e9gica [&hellip;]<\/p>\n","protected":false},"author":101015,"featured_media":0,"parent":0,"menu_order":0,"comment_status":"closed","ping_status":"closed","template":"templates\/template-full.php","meta":[],"_links":{"self":[{"href":"https:\/\/www.facet.unt.edu.ar\/eiti\/wp-json\/wp\/v2\/pages\/177"}],"collection":[{"href":"https:\/\/www.facet.unt.edu.ar\/eiti\/wp-json\/wp\/v2\/pages"}],"about":[{"href":"https:\/\/www.facet.unt.edu.ar\/eiti\/wp-json\/wp\/v2\/types\/page"}],"author":[{"embeddable":true,"href":"https:\/\/www.facet.unt.edu.ar\/eiti\/wp-json\/wp\/v2\/users\/101015"}],"replies":[{"embeddable":true,"href":"https:\/\/www.facet.unt.edu.ar\/eiti\/wp-json\/wp\/v2\/comments?post=177"}],"version-history":[{"count":3,"href":"https:\/\/www.facet.unt.edu.ar\/eiti\/wp-json\/wp\/v2\/pages\/177\/revisions"}],"predecessor-version":[{"id":1620,"href":"https:\/\/www.facet.unt.edu.ar\/eiti\/wp-json\/wp\/v2\/pages\/177\/revisions\/1620"}],"wp:attachment":[{"href":"https:\/\/www.facet.unt.edu.ar\/eiti\/wp-json\/wp\/v2\/media?parent=177"}],"curies":[{"name":"wp","href":"https:\/\/api.w.org\/{rel}","templated":true}]}}