{"id":182,"date":"2015-12-15T11:21:14","date_gmt":"2015-12-15T14:21:14","guid":{"rendered":"https:\/\/www.facet.unt.edu.ar\/eiti\/?page_id=182"},"modified":"2019-03-08T10:40:53","modified_gmt":"2019-03-08T13:40:53","slug":"trabajo-integrador-final","status":"publish","type":"page","link":"https:\/\/www.facet.unt.edu.ar\/eiti\/trabajo-integrador-final\/","title":{"rendered":"Trabajo Final Integrador"},"content":{"rendered":"<ul>\n<li>El trabajo integrador deber\u00e1 ser de car\u00e1cter individual y se centrar\u00e1 en el tratamiento de una problem\u00e1tica acotada derivada del campo de la Especializaci\u00f3n en cuesti\u00f3n, bajo el formato de proyecto, obra, estudio del caso, producto final terminado u otra que permitan evidenciar la integraci\u00f3n del aprendizaje realizado durante el cursado de la especializaci\u00f3n.<\/li>\n<li>El objetivo del trabajo integrador final es lograr que el aspirante pueda asumir lo aprendido a lo largo de la especializaci\u00f3n y aplicarlo en la integraci\u00f3n efectiva de las tecnolog\u00edas inform\u00e1ticas. Desde este punto de vista, constituye la aplicaci\u00f3n final que asegura \u2013 tanto en lo conceptual como as\u00ed tambi\u00e9n en lo pr\u00e1ctico \u2013 la adecuada integraci\u00f3n de los conocimientos y de las tecnolog\u00edas en cuesti\u00f3n.<\/li>\n<\/ul>\n","protected":false},"excerpt":{"rendered":"<p>El trabajo integrador deber\u00e1 ser de car\u00e1cter individual y se centrar\u00e1 en el tratamiento de una problem\u00e1tica acotada derivada del campo de la Especializaci\u00f3n en cuesti\u00f3n, bajo el formato de proyecto, obra, estudio del caso, producto final terminado u otra que permitan evidenciar la integraci\u00f3n del aprendizaje realizado durante el cursado de la especializaci\u00f3n. El [&hellip;]<\/p>\n","protected":false},"author":101015,"featured_media":0,"parent":0,"menu_order":0,"comment_status":"closed","ping_status":"closed","template":"templates\/template-full.php","meta":[],"_links":{"self":[{"href":"https:\/\/www.facet.unt.edu.ar\/eiti\/wp-json\/wp\/v2\/pages\/182"}],"collection":[{"href":"https:\/\/www.facet.unt.edu.ar\/eiti\/wp-json\/wp\/v2\/pages"}],"about":[{"href":"https:\/\/www.facet.unt.edu.ar\/eiti\/wp-json\/wp\/v2\/types\/page"}],"author":[{"embeddable":true,"href":"https:\/\/www.facet.unt.edu.ar\/eiti\/wp-json\/wp\/v2\/users\/101015"}],"replies":[{"embeddable":true,"href":"https:\/\/www.facet.unt.edu.ar\/eiti\/wp-json\/wp\/v2\/comments?post=182"}],"version-history":[{"count":2,"href":"https:\/\/www.facet.unt.edu.ar\/eiti\/wp-json\/wp\/v2\/pages\/182\/revisions"}],"predecessor-version":[{"id":1363,"href":"https:\/\/www.facet.unt.edu.ar\/eiti\/wp-json\/wp\/v2\/pages\/182\/revisions\/1363"}],"wp:attachment":[{"href":"https:\/\/www.facet.unt.edu.ar\/eiti\/wp-json\/wp\/v2\/media?parent=182"}],"curies":[{"name":"wp","href":"https:\/\/api.w.org\/{rel}","templated":true}]}}