{"id":2,"date":"2013-11-27T14:05:50","date_gmt":"2013-11-27T17:05:50","guid":{"rendered":"https:\/\/www.facet.unt.edu.ar\/eiti\/?page_id=2"},"modified":"2015-12-17T08:47:25","modified_gmt":"2015-12-17T11:47:25","slug":"sample-page","status":"publish","type":"page","link":"https:\/\/www.facet.unt.edu.ar\/eiti\/sample-page\/","title":{"rendered":"Perfil del Egresado"},"content":{"rendered":"<p>Esta especializaci\u00f3n responde a diferentes demandas que permiten definir el perfil de los profesionales:<\/p>\n<ol>\n<li>Capacidad de dise\u00f1o, desarrollo y puesta en funcionamiento de Sistemas que integren modernas t\u00e9cnicas del Software, Redes de Comunicaciones y Sistemas Embebidos.<\/li>\n<li>Los profesionales especializados en Integraci\u00f3n de Tecnolog\u00edas Inform\u00e1ticas estar\u00e1n capacitados para generar nuevos productos y servicios partiendo de la integraci\u00f3n y convergencia de las nuevas tecnolog\u00edas mediante desarrollos que generen valor tanto para la Sociedad en general, como as\u00ed tambi\u00e9n para las empresas existentes.<\/li>\n<li>Capacidad de enfrentarse a los cambios tecnol\u00f3gicos y los nuevos desaf\u00edos de su integraci\u00f3n.<\/li>\n<li>Gerenciamiento de Empresas Tecnol\u00f3gicas: En un mundo cada vez m\u00e1s globalizado, con cambios tecnol\u00f3gicos permanentes, es necesario generar profesionales que est\u00e9n preparados para tomar la visi\u00f3n integrada de las nuevas tecnolog\u00edas como una oportunidad de creaci\u00f3n de valor y volcar esta oportunidad tanto en la generaci\u00f3n de nuevas empresas, tan comunes en esta especialidad en todo el mundo, como as\u00ed tambi\u00e9n de incorporar las mismas a empresas existentes, obteniendo as\u00ed nuevas oportunidades en su carrera profesional.<\/li>\n<\/ol>\n","protected":false},"excerpt":{"rendered":"<p>Esta especializaci\u00f3n responde a diferentes demandas que permiten definir el perfil de los profesionales: Capacidad de dise\u00f1o, desarrollo y puesta en funcionamiento de Sistemas que integren modernas t\u00e9cnicas del Software, Redes de Comunicaciones y Sistemas Embebidos. Los profesionales especializados en Integraci\u00f3n de Tecnolog\u00edas Inform\u00e1ticas estar\u00e1n capacitados para generar nuevos productos y servicios partiendo de la [&hellip;]<\/p>\n","protected":false},"author":1,"featured_media":0,"parent":0,"menu_order":0,"comment_status":"closed","ping_status":"closed","template":"templates\/template-full.php","meta":[],"_links":{"self":[{"href":"https:\/\/www.facet.unt.edu.ar\/eiti\/wp-json\/wp\/v2\/pages\/2"}],"collection":[{"href":"https:\/\/www.facet.unt.edu.ar\/eiti\/wp-json\/wp\/v2\/pages"}],"about":[{"href":"https:\/\/www.facet.unt.edu.ar\/eiti\/wp-json\/wp\/v2\/types\/page"}],"author":[{"embeddable":true,"href":"https:\/\/www.facet.unt.edu.ar\/eiti\/wp-json\/wp\/v2\/users\/1"}],"replies":[{"embeddable":true,"href":"https:\/\/www.facet.unt.edu.ar\/eiti\/wp-json\/wp\/v2\/comments?post=2"}],"version-history":[{"count":6,"href":"https:\/\/www.facet.unt.edu.ar\/eiti\/wp-json\/wp\/v2\/pages\/2\/revisions"}],"predecessor-version":[{"id":262,"href":"https:\/\/www.facet.unt.edu.ar\/eiti\/wp-json\/wp\/v2\/pages\/2\/revisions\/262"}],"wp:attachment":[{"href":"https:\/\/www.facet.unt.edu.ar\/eiti\/wp-json\/wp\/v2\/media?parent=2"}],"curies":[{"name":"wp","href":"https:\/\/api.w.org\/{rel}","templated":true}]}}