{"id":255,"date":"2015-12-17T08:30:53","date_gmt":"2015-12-17T11:30:53","guid":{"rendered":"https:\/\/www.facet.unt.edu.ar\/eiti\/?page_id=255"},"modified":"2019-02-12T11:19:50","modified_gmt":"2019-02-12T14:19:50","slug":"objetivos","status":"publish","type":"page","link":"https:\/\/www.facet.unt.edu.ar\/eiti\/objetivos\/","title":{"rendered":"Objetivos"},"content":{"rendered":"<p>La carrera propone los siguientes objetivos:<\/p>\n<ol>\n<li>Brindar una Especializaci\u00f3n en Integraci\u00f3n de Tecnolog\u00edas Inform\u00e1ticas en las tres principales \u00e1reas de conocimiento: Hardware, Software y Redes de Comunicaci\u00f3n de Datos.<\/li>\n<li>Generar Profesionales que respondan al perfil del Especialista que se describe m\u00e1s adelante.<\/li>\n<li>Llenar un vac\u00edo existente a nivel de formaci\u00f3n de posgrado en las Carreras de Ingenier\u00eda en Computaci\u00f3n en todo el Pa\u00eds. Ello abre la posibilidad de que esta Especializaci\u00f3n sea replicada en el corto plazo en otras Universidades del Pa\u00eds.<\/li>\n<li>Brindar a los estudiantes que est\u00e1n finalizando la carrera de Ingenier\u00eda en Computaci\u00f3n la posibilidad de lograr una especializaci\u00f3n af\u00edn con la carrera y de gran demanda laboral.<\/li>\n<li>Permitir a los egresados que se encuentran trabajando en empresas del medio la posibilidad de profundizar y actualizar sus conocimientos, capacit\u00e1ndose as\u00ed en una especialidad de integraci\u00f3n que crear\u00e1 valor agregado tanto a nivel de sus capacidades personales como as\u00ed tambi\u00e9n para las Empresas en que trabajan.<\/li>\n<li>Generar un primer paso en el avance de la formaci\u00f3n de Docentes de la Carrera Ingenier\u00eda en Computaci\u00f3n, con el objetivo de lograr que la mayor\u00eda del claustro de la misma tenga al menos un t\u00edtulo de posgrado.<\/li>\n<li>Sentar un antecedente y generar experiencia para la creaci\u00f3n de una maestr\u00eda futura en temas relacionados a esta especialidad y a la carrera Ingenier\u00eda en Computaci\u00f3n.<\/li>\n<li>Brindar la formaci\u00f3n necesaria para que profesionales especializados en Integraci\u00f3n de Tecnolog\u00edas Inform\u00e1ticas puedan generar nuevos productos y servicios, partiendo de la integraci\u00f3n y convergencia de las mismas, incluyendo capacidades de gesti\u00f3n que les permitan crear nuevos emprendimientos.<\/li>\n<\/ol>\n","protected":false},"excerpt":{"rendered":"<p>La carrera propone los siguientes objetivos: Brindar una Especializaci\u00f3n en Integraci\u00f3n de Tecnolog\u00edas Inform\u00e1ticas en las tres principales \u00e1reas de conocimiento: Hardware, Software y Redes de Comunicaci\u00f3n de Datos. Generar Profesionales que respondan al perfil del Especialista que se describe m\u00e1s adelante. Llenar un vac\u00edo existente a nivel de formaci\u00f3n de posgrado en las Carreras [&hellip;]<\/p>\n","protected":false},"author":101015,"featured_media":0,"parent":0,"menu_order":0,"comment_status":"closed","ping_status":"closed","template":"templates\/template-full.php","meta":[],"_links":{"self":[{"href":"https:\/\/www.facet.unt.edu.ar\/eiti\/wp-json\/wp\/v2\/pages\/255"}],"collection":[{"href":"https:\/\/www.facet.unt.edu.ar\/eiti\/wp-json\/wp\/v2\/pages"}],"about":[{"href":"https:\/\/www.facet.unt.edu.ar\/eiti\/wp-json\/wp\/v2\/types\/page"}],"author":[{"embeddable":true,"href":"https:\/\/www.facet.unt.edu.ar\/eiti\/wp-json\/wp\/v2\/users\/101015"}],"replies":[{"embeddable":true,"href":"https:\/\/www.facet.unt.edu.ar\/eiti\/wp-json\/wp\/v2\/comments?post=255"}],"version-history":[{"count":3,"href":"https:\/\/www.facet.unt.edu.ar\/eiti\/wp-json\/wp\/v2\/pages\/255\/revisions"}],"predecessor-version":[{"id":778,"href":"https:\/\/www.facet.unt.edu.ar\/eiti\/wp-json\/wp\/v2\/pages\/255\/revisions\/778"}],"wp:attachment":[{"href":"https:\/\/www.facet.unt.edu.ar\/eiti\/wp-json\/wp\/v2\/media?parent=255"}],"curies":[{"name":"wp","href":"https:\/\/api.w.org\/{rel}","templated":true}]}}