{"id":257,"date":"2015-12-17T08:38:53","date_gmt":"2015-12-17T11:38:53","guid":{"rendered":"https:\/\/www.facet.unt.edu.ar\/eiti\/?page_id=257"},"modified":"2023-02-06T11:17:19","modified_gmt":"2023-02-06T14:17:19","slug":"autoridades","status":"publish","type":"page","link":"https:\/\/www.facet.unt.edu.ar\/eiti\/autoridades\/","title":{"rendered":"Autoridades"},"content":{"rendered":"<ul>\n<li><strong>Director Acad\u00e9mico:<\/strong><\/li>\n<\/ul>\n<p style=\"padding-left: 30px;\">M.Sc. Ing.\u00a0<a href=\"https:\/\/www.facet.unt.edu.ar\/eiti\/sergio-daniel-saade\/\" target=\"_blank\" rel=\"noopener\">Sergio Saade<\/a><br \/>\nEmail: <a href=\"mailto:ssaade@herrera.unt.edu.ar\" target=\"_blank\" rel=\"noopener\">ssaade@herrera.unt.edu.ar<\/a><\/p>\n<p>&nbsp;<\/p>\n<ul>\n<li><strong>Codirector Acad\u00e9mico:<\/strong><\/li>\n<\/ul>\n<p style=\"padding-left: 30px;\">Mag. Ing. <a href=\"https:\/\/www.facet.unt.edu.ar\/eiti\/carlos-albaca-paravan\/\" target=\"_blank\" rel=\"noopener\">Carlos Albaca Parav\u00e1n<\/a><br \/>\nEmail: <a href=\"mailto:calbaca@herrera.unt.edu.ar\" target=\"_blank\" rel=\"noopener\">calbaca@herrera.unt.edu.ar<\/a><\/p>\n<p>&nbsp;<\/p>\n<ul>\n<li><strong>Comit\u00e9 Acad\u00e9mico:<\/strong><\/li>\n<\/ul>\n<p style=\"padding-left: 30px;\">M.Sc. Ing. <a href=\"https:\/\/www.facet.unt.edu.ar\/eiti\/eduardo-daniel-cohen\/\" target=\"_blank\" rel=\"noopener\">Eduardo D. Cohen<\/a><br \/>\nEmail: <a href=\"mailto:dcohen@herrera.unt.edu.ar\">dcohen@herrera.unt.edu.ar<\/a><\/p>\n<p style=\"padding-left: 30px;\">Mag. Ing. <a href=\"https:\/\/www.facet.unt.edu.ar\/eiti\/luis-eduardo-nieto-penalver\/\" target=\"_blank\" rel=\"noopener\">Luis Nieto<\/a><br \/>\nEmail: <a href=\"mailto:lnieto@herrera.unt.edu.ar\">lnieto@herrera.unt.edu.ar<\/a><\/p>\n<p style=\"padding-left: 30px;\">Mag. Ing. <a href=\"https:\/\/www.facet.unt.edu.ar\/eiti\/raul-osvaldo-saade\/\" target=\"_blank\" rel=\"noopener\">Ra\u00fal Saade<\/a><br \/>\nEmail: <a href=\"mailto:rosaade@gmail.com\" target=\"_blank\" rel=\"noopener\">rosaade@gmail.com<\/a><\/p>\n<p style=\"padding-left: 30px;\">\n","protected":false},"excerpt":{"rendered":"<p>Director Acad\u00e9mico: M.Sc. Ing.\u00a0Sergio Saade Email: ssaade@herrera.unt.edu.ar &nbsp; Codirector Acad\u00e9mico: Mag. Ing. Carlos Albaca Parav\u00e1n Email: calbaca@herrera.unt.edu.ar &nbsp; Comit\u00e9 Acad\u00e9mico: M.Sc. Ing. Eduardo D. Cohen Email: dcohen@herrera.unt.edu.ar Mag. Ing. Luis Nieto Email: lnieto@herrera.unt.edu.ar Mag. Ing. Ra\u00fal Saade Email: rosaade@gmail.com<\/p>\n","protected":false},"author":101015,"featured_media":0,"parent":0,"menu_order":0,"comment_status":"closed","ping_status":"closed","template":"templates\/template-full.php","meta":[],"_links":{"self":[{"href":"https:\/\/www.facet.unt.edu.ar\/eiti\/wp-json\/wp\/v2\/pages\/257"}],"collection":[{"href":"https:\/\/www.facet.unt.edu.ar\/eiti\/wp-json\/wp\/v2\/pages"}],"about":[{"href":"https:\/\/www.facet.unt.edu.ar\/eiti\/wp-json\/wp\/v2\/types\/page"}],"author":[{"embeddable":true,"href":"https:\/\/www.facet.unt.edu.ar\/eiti\/wp-json\/wp\/v2\/users\/101015"}],"replies":[{"embeddable":true,"href":"https:\/\/www.facet.unt.edu.ar\/eiti\/wp-json\/wp\/v2\/comments?post=257"}],"version-history":[{"count":8,"href":"https:\/\/www.facet.unt.edu.ar\/eiti\/wp-json\/wp\/v2\/pages\/257\/revisions"}],"predecessor-version":[{"id":1787,"href":"https:\/\/www.facet.unt.edu.ar\/eiti\/wp-json\/wp\/v2\/pages\/257\/revisions\/1787"}],"wp:attachment":[{"href":"https:\/\/www.facet.unt.edu.ar\/eiti\/wp-json\/wp\/v2\/media?parent=257"}],"curies":[{"name":"wp","href":"https:\/\/api.w.org\/{rel}","templated":true}]}}