{"id":266,"date":"2015-12-17T08:51:40","date_gmt":"2015-12-17T11:51:40","guid":{"rendered":"https:\/\/www.facet.unt.edu.ar\/eiti\/?page_id=266"},"modified":"2019-02-12T18:28:19","modified_gmt":"2019-02-12T21:28:19","slug":"admision","status":"publish","type":"page","link":"https:\/\/www.facet.unt.edu.ar\/eiti\/admision\/","title":{"rendered":"Admisi\u00f3n"},"content":{"rendered":"<p>La Especializaci\u00f3n en Integraci\u00f3n de Tecnolog\u00edas Inform\u00e1ticas est\u00e1 destinada a Egresados con t\u00edtulos de grado de Universidades Nacionales y Privadas argentinas o extranjeras reconocidas, en ramas afines al objeto de este posgrado, y que tengan una duraci\u00f3n no menor a las 2600 horas reloj presenciales o su equivalente, con un desarrollo m\u00ednimo de la actividad de 4 (cuatro) a\u00f1os acad\u00e9micos.<\/p>\n<p>Espec\u00edficamente esta carrera est\u00e1 destinada para Ingenieros en Computaci\u00f3n. En todos los casos el Comit\u00e9 Acad\u00e9mico analizar\u00e1 la formaci\u00f3n del aspirante y propondr\u00e1 el ingreso de quien cumpla con condiciones necesarias para cursar con \u00e9xito la especializaci\u00f3n.<\/p>\n<p>El Comit\u00e9 Acad\u00e9mico podr\u00e1 solicitar al Sr. Decano la autorizaci\u00f3n del ingreso de Graduados en otras especialidades si verifica fehacientemente que el aspirante en cuesti\u00f3n posea la formaci\u00f3n necesaria para cursarla.<\/p>\n<p>Todo aspirante deber\u00e1 presentar al Director Acad\u00e9mico una solicitud de Admisi\u00f3n que estar\u00e1 compuesta por la siguiente documentaci\u00f3n:<\/p>\n<ul>\n<li>Curr\u00edculum Vitae con car\u00e1cter de declaraci\u00f3n jurada.<\/li>\n<li>Copia legalizada (por la instituci\u00f3n emisora) del Certificado Anal\u00edtico de Grado.<\/li>\n<li>Copia Autenticada (por la instituci\u00f3n emisora) del Diploma de Graduaci\u00f3n Acad\u00e9mica o Certificado (autenticado de igual forma) de T\u00edtulo en Tr\u00e1mite.<\/li>\n<\/ul>\n<p>El Director convocar\u00e1 al Comit\u00e9 Acad\u00e9mico para la evaluaci\u00f3n del candidato y sus antecedentes. Si lo considera necesario, el Comit\u00e9 tendr\u00e1 la facultad de convocar al aspirante para una entrevista personal complementaria a la Solicitud. Asimismo, podr\u00e1 solicitarle hasta dos cartas de recomendaci\u00f3n a fin de profundizar dicha evaluaci\u00f3n.<\/p>\n","protected":false},"excerpt":{"rendered":"<p>La Especializaci\u00f3n en Integraci\u00f3n de Tecnolog\u00edas Inform\u00e1ticas est\u00e1 destinada a Egresados con t\u00edtulos de grado de Universidades Nacionales y Privadas argentinas o extranjeras reconocidas, en ramas afines al objeto de este posgrado, y que tengan una duraci\u00f3n no menor a las 2600 horas reloj presenciales o su equivalente, con un desarrollo m\u00ednimo de la actividad [&hellip;]<\/p>\n","protected":false},"author":101015,"featured_media":0,"parent":0,"menu_order":0,"comment_status":"closed","ping_status":"closed","template":"templates\/template-full.php","meta":[],"_links":{"self":[{"href":"https:\/\/www.facet.unt.edu.ar\/eiti\/wp-json\/wp\/v2\/pages\/266"}],"collection":[{"href":"https:\/\/www.facet.unt.edu.ar\/eiti\/wp-json\/wp\/v2\/pages"}],"about":[{"href":"https:\/\/www.facet.unt.edu.ar\/eiti\/wp-json\/wp\/v2\/types\/page"}],"author":[{"embeddable":true,"href":"https:\/\/www.facet.unt.edu.ar\/eiti\/wp-json\/wp\/v2\/users\/101015"}],"replies":[{"embeddable":true,"href":"https:\/\/www.facet.unt.edu.ar\/eiti\/wp-json\/wp\/v2\/comments?post=266"}],"version-history":[{"count":2,"href":"https:\/\/www.facet.unt.edu.ar\/eiti\/wp-json\/wp\/v2\/pages\/266\/revisions"}],"predecessor-version":[{"id":1145,"href":"https:\/\/www.facet.unt.edu.ar\/eiti\/wp-json\/wp\/v2\/pages\/266\/revisions\/1145"}],"wp:attachment":[{"href":"https:\/\/www.facet.unt.edu.ar\/eiti\/wp-json\/wp\/v2\/media?parent=266"}],"curies":[{"name":"wp","href":"https:\/\/api.w.org\/{rel}","templated":true}]}}