{"id":807,"date":"2019-02-12T11:51:30","date_gmt":"2019-02-12T14:51:30","guid":{"rendered":"https:\/\/www.facet.unt.edu.ar\/eiti\/?page_id=807"},"modified":"2019-02-12T17:37:20","modified_gmt":"2019-02-12T20:37:20","slug":"carlos-albaca-paravan","status":"publish","type":"page","link":"https:\/\/www.facet.unt.edu.ar\/eiti\/carlos-albaca-paravan\/","title":{"rendered":"Carlos Albaca Parav\u00e1n"},"content":{"rendered":"<ul>\n<li><strong>Apellido y Nombres:<\/strong> Albaca Parav\u00e1n, Carlos.<\/li>\n<li><strong>Titulaci\u00f3n<\/strong> (grado\/posgrado, indicar Universidad otorgante):\n<ul>\n<li>Ingeniero en Computaci\u00f3n, Universidad Nacional de Tucum\u00e1n.<\/li>\n<li>Magister en Ingenier\u00eda de Software, Universidad Nacional de La Plata.<\/li>\n<\/ul>\n<\/li>\n<li><strong>Temas de Investigaci\u00f3n y\/o Transferencia Tecnol\u00f3gica:<\/strong>\n<ul>\n<li>Miembro del proyecto de investigaci\u00f3n <em>&#8220;Comunicaciones y aplicaciones en Internet de las Cosas (IoT)&#8221;<\/em> (E652\/2). Res. HCD-UNT 2319\/17. 2018 &#8211; Actualidad.<\/li>\n<li>Miembro del proyecto de vinculaci\u00f3n tecnol\u00f3gica <em>&#8220;Control Lechero en Tucum\u00e1n&#8221;<\/em>, aprobado en la convocatoria de Proyectos de Vinculaci\u00f3n Tecnol\u00f3gica \u201cUniversidades Agregando Valor 2018\u201d (SPU &#8211; ME). RESOL-2018-109-APN-SECPU#MECCYT. X-2018-14461541-APN-DNDUYV#ME. 2018 &#8211; Actualidad<\/li>\n<li>Miembro del proyecto <em>&#8220;Deployment IPv6 Universidad Nacional Tucum\u00e1n&#8221;<\/em>, ganador de la subvenci\u00f3n FRIDA, programa iniciado por LACNIC. 2016 &#8211; 2017.<\/li>\n<li>Miembro del proyecto de investigaci\u00f3n <em>&#8220;Protocolos de comunicaci\u00f3n: de los sistemas embebidos a Internet Parte I y II&#8221;<\/em> (E543\/2 y E575). Res. HCD-UNT 0083\/14 y 0455\/16. 2014 &#8211; 2017.<\/li>\n<li>Principales resultados en los tres \u00faltimos a\u00f1os:\n<ul>\n<li>1 cap\u00edtulo de libro.<\/li>\n<li>2 art\u00edculos con referato publicados en revistas.<\/li>\n<li>15 Ponencias en congresos nacionales y internacional.<\/li>\n<\/ul>\n<\/li>\n<li>Categor\u00eda de Investigador: V (Programa de Incentivos para Docentes Investigadores &#8211; SPU &#8211; ME).<\/li>\n<\/ul>\n<\/li>\n<li><strong>Cargo Docente Actual<\/strong> (categor\u00eda\/dedicaci\u00f3n): Profesor Jefe de Trabajos Pr\u00e1cticos con dedicaci\u00f3n exclusiva.<\/li>\n<li><strong>Departamento\/Facultad\/Universidad:<\/strong>\n<ul>\n<li>Departamento de Electricidad, Electr\u00f3nica y Computaci\u00f3n, Facultad de Ciencias Exactas y Tecnolog\u00eda, Universidad Nacional de Tucum\u00e1n.<\/li>\n<\/ul>\n<\/li>\n<li><strong>Asignaturas (grado\/posgrado):<\/strong>\n<ul>\n<li>Protocolos de Comunicaci\u00f3n TCP\/IP (grado).<\/li>\n<li>Redes de \u00c1rea Extendida (grado).<\/li>\n<li>Bases de Datos Avanzadas II (posgrado).<\/li>\n<\/ul>\n<\/li>\n<li><strong>Publicaciones<\/strong> (M\u00e1s relevantes en los \u00faltimos 3 a\u00f1os):\n<ul>\n<li>Albaca Parav\u00e1n, C. <em>\u201cEvaluaci\u00f3n del Impacto de la Aplicaci\u00f3n de Refactorings del Modelo de Presentaci\u00f3n en Sitios de Comercio Electr\u00f3nico\u201d<\/em> presentado en: \u201cIEEE Argencon 2018\u201d. 2018.<\/li>\n<li>Saade, S.; G\u00f3mez L\u00f3pez, M.; Nieto Pe\u00f1alver, L.; Volentini, E.; Albaca Parav\u00e1n, C.; Lutz, F. y Bilbao, I. <em>\u201cPrototipo de Arquitectura de IoT\u201d<\/em> presentado en: \u201cIEEE Argencon 2018\u201d. 2018.<\/li>\n<li>Saade, S.; Bilbao, J.; Albaca Parav\u00e1n, C.; Lutz, F.; Dip, R y Berettoni, M. \u201cDespliegue del protocolo IPv6 en la red de la Universidad Nacional de Tucum\u00e1n\u201d presentado en: \u201c1\u00ba Congreso Latinoamericano de Ingenier\u00eda (CLADI)\u201d. 2017.<\/li>\n<li>Albaca Parav\u00e1n, C.; Saade, S. y Lutz, F. <em>\u201cProgramaci\u00f3n distribuida con interfaz de socket en IPv6\u201d<\/em> presentado en: \u201cXII Jornadas de Ciencia y Tecnolog\u00eda de Facultades de Ingenier\u00eda del NOA\u201d. 2017.<\/li>\n<li>Albaca Parav\u00e1n, C. <em>\u201cAplicaci\u00f3n de un modelo de caracter\u00edsticas para el an\u00e1lisis comparativo de sitios de comercio electr\u00f3nico\u201d<\/em> presentado en: \u201cXI Jornadas de Ciencia y Tecnolog\u00eda de Facultades de Ingenier\u00eda del NOA\u201d. 2016.<\/li>\n<li>Albaca Parav\u00e1n, C. <em>\u201cHacia un cat\u00e1logo de refactorings del modelo de presentaci\u00f3n de sitios de comercio electr\u00f3nico\u201d<\/em> presentado en: \u201cXI Jornadas de Ciencia y Tecnolog\u00eda de Facultades de Ingenier\u00eda del NOA\u201d. 2016.<\/li>\n<li>Albaca Parav\u00e1n, C. <em>\u201cRefactorizaci\u00f3n del modelo de presentaci\u00f3n de sitios de comercio electr\u00f3nico\u201d<\/em> presentado en: \u201cIEEE Argencon 2016\u201d. 2016.<\/li>\n<li>Albaca Parav\u00e1n, C. y Nahas, R. <em>\u201cAplicaci\u00f3n de caracter\u00edsticas psicom\u00e9tricas para evaluar la calidad de los parciales de la asignatura Redes de \u00c1rea Extendida\u201d<\/em>, en: \u201cTE&amp;ET: Revista Iberoamericana de Tecnolog\u00eda en Educaci\u00f3n y Educaci\u00f3n en Tecnolog\u00eda\u201d. N\u00famero 17. P\u00e1gs.: 38-42. ISSN: 1850-9959. 2016.<\/li>\n<li>Albaca Parav\u00e1n, C. <em>\u201cModelos de una aplicaci\u00f3n web y su relaci\u00f3n con el concepto de usabilidad\u201d<\/em> en: \u201cCet: Revista de Ciencias Exactas e Ingenier\u00eda\u201d. N\u00famero 38. P\u00e1gs.: 73-79. ISSN: 1668-9178. 2016.<\/li>\n<li>Albaca Parav\u00e1n, C. <em>\u201cModelo de caracter\u00edsticas de la familia de programas de comercio electr\u00f3nico\u201d<\/em> en: \u201cRevista Colombiana de Computaci\u00f3n \u2013 RCC\u201d. Volumen 16. N\u00famero 2. P\u00e1gs.: 114-143. ISSN: 1657-2831. A\u00f1o 2015.<\/li>\n<\/ul>\n<\/li>\n<li><strong>Contacto<\/strong> (tel.\/E-mail): <a href=\"mailto:calbaca@herrera.unt.edu.ar\" target=\"_blank\" rel=\"noopener\">calbaca@herrera.unt.edu.ar<\/a><br \/>\n<strong>Otros antecedentes:<\/strong><\/p>\n<ul>\n<li>Tutor docente de pasantes estudiantiles de Ing. en Computaci\u00f3n.<\/li>\n<li>Tutor de proyectos finales de graduaci\u00f3n de alumnos de la carrera de Ing. en Computaci\u00f3n.<\/li>\n<li>Jurado de trabajos de graduaci\u00f3n de alumnos de la carrera de Ing. en Computaci\u00f3n.<\/li>\n<li>Miembro de la Comisi\u00f3n Acad\u00e9mica de la carrera de Ing. en Computaci\u00f3n desde el a\u00f1o 2014 al 2018.<\/li>\n<li>Revisor de art\u00edculos para congresos.<\/li>\n<\/ul>\n<\/li>\n<\/ul>\n","protected":false},"excerpt":{"rendered":"<p>Apellido y Nombres: Albaca Parav\u00e1n, Carlos. Titulaci\u00f3n (grado\/posgrado, indicar Universidad otorgante): Ingeniero en Computaci\u00f3n, Universidad Nacional de Tucum\u00e1n. Magister en Ingenier\u00eda de Software, Universidad Nacional de La Plata. Temas de Investigaci\u00f3n y\/o Transferencia Tecnol\u00f3gica: Miembro del proyecto de investigaci\u00f3n &#8220;Comunicaciones y aplicaciones en Internet de las Cosas (IoT)&#8221; (E652\/2). Res. HCD-UNT 2319\/17. 2018 &#8211; Actualidad. [&hellip;]<\/p>\n","protected":false},"author":101015,"featured_media":0,"parent":0,"menu_order":0,"comment_status":"closed","ping_status":"closed","template":"","meta":[],"_links":{"self":[{"href":"https:\/\/www.facet.unt.edu.ar\/eiti\/wp-json\/wp\/v2\/pages\/807"}],"collection":[{"href":"https:\/\/www.facet.unt.edu.ar\/eiti\/wp-json\/wp\/v2\/pages"}],"about":[{"href":"https:\/\/www.facet.unt.edu.ar\/eiti\/wp-json\/wp\/v2\/types\/page"}],"author":[{"embeddable":true,"href":"https:\/\/www.facet.unt.edu.ar\/eiti\/wp-json\/wp\/v2\/users\/101015"}],"replies":[{"embeddable":true,"href":"https:\/\/www.facet.unt.edu.ar\/eiti\/wp-json\/wp\/v2\/comments?post=807"}],"version-history":[{"count":3,"href":"https:\/\/www.facet.unt.edu.ar\/eiti\/wp-json\/wp\/v2\/pages\/807\/revisions"}],"predecessor-version":[{"id":951,"href":"https:\/\/www.facet.unt.edu.ar\/eiti\/wp-json\/wp\/v2\/pages\/807\/revisions\/951"}],"wp:attachment":[{"href":"https:\/\/www.facet.unt.edu.ar\/eiti\/wp-json\/wp\/v2\/media?parent=807"}],"curies":[{"name":"wp","href":"https:\/\/api.w.org\/{rel}","templated":true}]}}