{"id":966,"date":"2019-02-12T18:20:44","date_gmt":"2019-02-12T21:20:44","guid":{"rendered":"https:\/\/www.facet.unt.edu.ar\/eiti\/?page_id=966"},"modified":"2019-02-12T18:26:24","modified_gmt":"2019-02-12T21:26:24","slug":"pablo-javier-thomas","status":"publish","type":"page","link":"https:\/\/www.facet.unt.edu.ar\/eiti\/pablo-javier-thomas\/","title":{"rendered":"Pablo Javier Thomas"},"content":{"rendered":"<ul>\n<li style=\"list-style-type: none;\">\n<ul>\n<li><strong>Apellido y Nombres:<\/strong> Thomas, Pablo Javier.<\/li>\n<li><strong>Titulaci\u00f3n<\/strong> (grado\/posgrado, indicar Universidad otorgante):\n<ul>\n<li>Licenciado en Inform\u00e1tica, Universidad Nacional de La Plata.<\/li>\n<li>Magister en Ingenier\u00eda de Software, Universidad Nacional de La Plata.<\/li>\n<\/ul>\n<\/li>\n<li><strong>Temas de Investigaci\u00f3n y\/o Transferencia Tecnol\u00f3gica:<\/strong>\n<ul>\n<li>Integrante del III-LIDI (Instituto de Investigaci\u00f3n en Inform\u00e1tica LIDI), Facultad de Inform\u00e1tica &#8211; Universidad Nacional de La Plata. 1993 &#8211; Actualidad.<\/li>\n<li>L\u00edder del proyecto &#8220;Sistema de Gesti\u00f3n CONICET La Plata&#8221; para la sede del CONICET en la ciudad de la Plata. 2015 &#8211; 2017<\/li>\n<li>Principales resultados en los tres \u00faltimos a\u00f1os:\n<ul>\n<li>5 cap\u00edtulos de libro.<\/li>\n<li>numerosas publicaciones cient\u00edficas en eventos nacionales e internacionales.<\/li>\n<\/ul>\n<\/li>\n<li>Categor\u00eda de Investigador: II (Programa de Incentivos para Docentes Investigadores &#8211; SPU &#8211; ME).<\/li>\n<\/ul>\n<\/li>\n<li><strong>Cargo Docente Actual<\/strong> (categor\u00eda\/dedicaci\u00f3n):\n<ul>\n<li>Profesor Asociado con dedicaci\u00f3n exclusiva.<\/li>\n<\/ul>\n<\/li>\n<li><strong>Departamento\/Facultad\/Universidad:<\/strong>\n<ul>\n<li>Facultad de Inform\u00e1tica &#8211; Universidad Nacional de La Plata.<\/li>\n<\/ul>\n<\/li>\n<li><strong>Asignaturas (grado\/posgrado):<\/strong>\n<ul>\n<li>Fundamentos de Organizaci\u00f3n de Datos (grado &#8211; UNLP).<\/li>\n<li>Dise\u00f1o de Bases de Datos (grado &#8211; UNLP).<\/li>\n<li>Ingenier\u00eda de Software III (grado &#8211; UNTDF).<\/li>\n<li>Bases de Datos Distribuidas (grado &#8211; UNTDF).<\/li>\n<li>Bases de Datos Avanzadas II (posgrado &#8211; UNT).<\/li>\n<li>Administraci\u00f3n de Proyectos (posgrado &#8211; UNLP).<\/li>\n<li>Representaci\u00f3n, Almacenamiento y Recuperaci\u00f3n del Conocimiento (posgrado &#8211; UNLP).<\/li>\n<li>Ingenier\u00eda de Requerimientos (posgrado &#8211; UAI).<\/li>\n<li>Administraci\u00f3n de Proyectos de Software (posgrado &#8211; UAI).<\/li>\n<\/ul>\n<\/li>\n<li><strong>Publicaciones<\/strong> (M\u00e1s relevantes en los \u00faltimos 3 a\u00f1os):\n<ul>\n<li>Cristina, F., Dapoto, S., Thomas, P., &amp; Pesado, P. (2016). 3D mobile prototype for basic algorithms learning.\u00a0<i>Computer Science &amp; Technology Series.<\/i><\/li>\n<li>Cristina, F., Dapoto, S., Thomas, P.\u00a0 &amp; Pesado, P. (2016). InfoUNLP3D: An interactive experience for freshman students. In\u00a0<i>XXII Congreso Argentino de Ciencias de la Computaci\u00f3n (CACIC 2016).<\/i><\/li>\n<li>Cristina, F., Dapoto, S., Thomas, P., &amp; Pesado, P. (2017). Performance Evaluation of a 3D Engine for Mobile Devices. In\u00a0<i>Argentine Congress of Computer Science<\/i>\u00a0(pp. 155-163). Springer, Cham.<\/li>\n<li>C\u00e1seres, G., Delia, L., Thomas, P., &amp; Aguirre, V. (2017, October). Generation and Use of a Digest System by Integrating OCR and Smart Searches. In\u00a0<i>Argentine Congress of Computer Science<\/i>\u00a0(pp. 231-240). Springer, Cham.<\/li>\n<li>Delia, L., Thomas, P., Corbal\u00e1n, L., Fernandez Sosa, J., Cuiti\u00f1o, A., C\u00e1seres, G. &amp; Pesado, P. Development Approaches for Mobile Applications: Comparative Analisys of Features. In\u00a0<em>SAI 2018: lntelligent Computing. Proceedings of the 2018 Computing\u00a0Conference, Volume 2<\/em>.<\/li>\n<\/ul>\n<\/li>\n<li><strong>Contacto<\/strong> (tel.\/E-mail): <a href=\"mailto:pthomas@lidi.info.unlp.ar\">pthomas@lidi.info.unlp.edu.ar<\/a><\/li>\n<li><strong>Otros antecedentes:<\/strong>\n<ul>\n<li>Premio 2016 a la &#8220;Labor Cient\u00edfica y Tecnol\u00f3gica&#8221; de la UNLP.<\/li>\n<li>Jurado de evaluaci\u00f3n de tesinas de la Licenciatura en Inform\u00e1tica y Licenciatura en Sistemas (UNLP).<\/li>\n<li>Jurado de evaluaci\u00f3n de tesis de maestr\u00edas (UNLP).<\/li>\n<li>Secretario de Congresos, Publicaciones y Difusi\u00f3n de la RedUNCI.<\/li>\n<li>Director de proyectos, becarios y tesinas.<\/li>\n<li>Integrante de comit\u00e9s de referatos en diversos congresos de inform\u00e1tica.<\/li>\n<li>Secretario de Relaciones Institucionales de la Facultad de Inform\u00e1tica (UNLP).<\/li>\n<li>Miembro titular de la Comisi\u00f3n de Ense\u00f1anza de la\u00a0Facultad de Inform\u00e1tica (UNLP).<\/li>\n<li>Miembro del Consejo Directivo del Instituto de Investigaci\u00f3n en Inform\u00e1tica LIDI\u00a0de la\u00a0Facultad de Inform\u00e1tica (UNLP).<\/li>\n<li>Profesor coordinador de la Pr\u00e1ctica Profesional Supervisada de la carrera de Ingenier\u00eda en Computaci\u00f3n\u00a0de la\u00a0Facultad de Inform\u00e1tica (UNLP).<\/li>\n<\/ul>\n<\/li>\n<\/ul>\n<\/li>\n<\/ul>\n","protected":false},"excerpt":{"rendered":"<p>Apellido y Nombres: Thomas, Pablo Javier. Titulaci\u00f3n (grado\/posgrado, indicar Universidad otorgante): Licenciado en Inform\u00e1tica, Universidad Nacional de La Plata. Magister en Ingenier\u00eda de Software, Universidad Nacional de La Plata. Temas de Investigaci\u00f3n y\/o Transferencia Tecnol\u00f3gica: Integrante del III-LIDI (Instituto de Investigaci\u00f3n en Inform\u00e1tica LIDI), Facultad de Inform\u00e1tica &#8211; Universidad Nacional de La Plata. 1993 &#8211; [&hellip;]<\/p>\n","protected":false},"author":101015,"featured_media":0,"parent":0,"menu_order":0,"comment_status":"closed","ping_status":"closed","template":"","meta":[],"_links":{"self":[{"href":"https:\/\/www.facet.unt.edu.ar\/eiti\/wp-json\/wp\/v2\/pages\/966"}],"collection":[{"href":"https:\/\/www.facet.unt.edu.ar\/eiti\/wp-json\/wp\/v2\/pages"}],"about":[{"href":"https:\/\/www.facet.unt.edu.ar\/eiti\/wp-json\/wp\/v2\/types\/page"}],"author":[{"embeddable":true,"href":"https:\/\/www.facet.unt.edu.ar\/eiti\/wp-json\/wp\/v2\/users\/101015"}],"replies":[{"embeddable":true,"href":"https:\/\/www.facet.unt.edu.ar\/eiti\/wp-json\/wp\/v2\/comments?post=966"}],"version-history":[{"count":3,"href":"https:\/\/www.facet.unt.edu.ar\/eiti\/wp-json\/wp\/v2\/pages\/966\/revisions"}],"predecessor-version":[{"id":1137,"href":"https:\/\/www.facet.unt.edu.ar\/eiti\/wp-json\/wp\/v2\/pages\/966\/revisions\/1137"}],"wp:attachment":[{"href":"https:\/\/www.facet.unt.edu.ar\/eiti\/wp-json\/wp\/v2\/media?parent=966"}],"curies":[{"name":"wp","href":"https:\/\/api.w.org\/{rel}","templated":true}]}}