{"id":10142,"date":"2016-04-11T21:25:12","date_gmt":"2016-04-12T00:25:12","guid":{"rendered":"https:\/\/www.facet.unt.edu.ar\/facetinforma\/?page_id=10142"},"modified":"2016-04-12T21:23:02","modified_gmt":"2016-04-13T00:23:02","slug":"tutoria-estudiantil-facet","status":"publish","type":"page","link":"https:\/\/www.facet.unt.edu.ar\/facetinforma\/tutoria-estudiantil-facet\/","title":{"rendered":"Tutor\u00eda Estudiantil FACET"},"content":{"rendered":"<p>Si sos ingresante o alumno de los primeros a\u00f1os de alguna de las carreras de la FACET\u00a0y tienes dudas o consultas, \u00a1contactate con\u00a0<a href=\"https:\/\/www.facebook.com\/tutoriafacet\/\" target=\"_blank\">Tutor\u00eda Estudiantil FACET<\/a>!<\/p>\n<p>El equipo de tutores, te ofrecer\u00e1 orientaci\u00f3n sobre:<br \/>\n\u2022 Cuestiones acad\u00e9micas, administrativas y sobre los servicios de la FACET para alumnos.<br \/>\n\u2022 Condiciones necesarias para cursar, regularizar y rendir las materias de 1\u00b0 a\u00f1o.<br \/>\n\u2022 Organizaci\u00f3n de tiempos y h\u00e1bitos de estudio.<br \/>\n\u2022 Asesoramiento sobre el itinerario curricular adecuado a tus necesidades. \u00a1Y m\u00e1s!<\/p>\n<p>Pod\u00e9s contactarte v\u00eda mail a <a href=\"mailto:tutoriaestudiantilfacet@herrera.unt.edu.ar\" target=\"_blank\">tutoriaestudiantilfacet@herrera.unt.edu.ar<\/a> o ingresar a su sitio web: <a href=\"http:\/\/l.facebook.com\/l.php?u=http%3A%2F%2Fgoo.gl%2FbQcAQm&amp;h=5AQGCRlyc&amp;enc=AZMhtGWYyn9OG2Vm89w24BJMijKGFc46uVx4r6KNNYbY1kourbC3utkgoZ0_vox1vw8P_H0h5IaWRutqdSZ4F3NOScb9uGMI7HV8GCd3prmJaYgEHyKq7aLKkOFJFTYAYWBAMp5fvvXpoERKyiXmbzLN&amp;s=1\">http:\/\/goo.gl\/bQcAQm<\/a><\/p>\n<p><a href=\"https:\/\/www.facet.unt.edu.ar\/facetinforma\/wp-content\/uploads\/sites\/9\/2016\/04\/TUTORES.png\" rel=\"attachment wp-att-10153\"><img decoding=\"async\" loading=\"lazy\" class=\"aligncenter wp-image-10153 \" src=\"https:\/\/www.facet.unt.edu.ar\/facetinforma\/wp-content\/uploads\/sites\/9\/2016\/04\/TUTORES.png\" alt=\"TUTORES\" width=\"538\" height=\"441\" srcset=\"https:\/\/www.facet.unt.edu.ar\/facetinforma\/wp-content\/uploads\/sites\/9\/2016\/04\/TUTORES.png 960w, https:\/\/www.facet.unt.edu.ar\/facetinforma\/wp-content\/uploads\/sites\/9\/2016\/04\/TUTORES-300x246.png 300w, https:\/\/www.facet.unt.edu.ar\/facetinforma\/wp-content\/uploads\/sites\/9\/2016\/04\/TUTORES-768x629.png 768w\" sizes=\"(max-width: 538px) 100vw, 538px\" \/><\/a><\/p>\n","protected":false},"excerpt":{"rendered":"<p>Si sos ingresante o alumno de los primeros a\u00f1os de alguna de las carreras de la FACET\u00a0y tienes dudas o consultas, \u00a1contactate con\u00a0Tutor\u00eda Estudiantil FACET! El equipo de tutores, te ofrecer\u00e1 orientaci\u00f3n sobre: \u2022 Cuestiones acad\u00e9micas, administrativas y sobre los servicios de la FACET para alumnos. \u2022 Condiciones necesarias para cursar, regularizar y rendir las [&hellip;]<\/p>\n","protected":false},"author":6,"featured_media":0,"parent":0,"menu_order":0,"comment_status":"closed","ping_status":"closed","template":"","meta":[],"_links":{"self":[{"href":"https:\/\/www.facet.unt.edu.ar\/facetinforma\/wp-json\/wp\/v2\/pages\/10142"}],"collection":[{"href":"https:\/\/www.facet.unt.edu.ar\/facetinforma\/wp-json\/wp\/v2\/pages"}],"about":[{"href":"https:\/\/www.facet.unt.edu.ar\/facetinforma\/wp-json\/wp\/v2\/types\/page"}],"author":[{"embeddable":true,"href":"https:\/\/www.facet.unt.edu.ar\/facetinforma\/wp-json\/wp\/v2\/users\/6"}],"replies":[{"embeddable":true,"href":"https:\/\/www.facet.unt.edu.ar\/facetinforma\/wp-json\/wp\/v2\/comments?post=10142"}],"version-history":[{"count":4,"href":"https:\/\/www.facet.unt.edu.ar\/facetinforma\/wp-json\/wp\/v2\/pages\/10142\/revisions"}],"predecessor-version":[{"id":10155,"href":"https:\/\/www.facet.unt.edu.ar\/facetinforma\/wp-json\/wp\/v2\/pages\/10142\/revisions\/10155"}],"wp:attachment":[{"href":"https:\/\/www.facet.unt.edu.ar\/facetinforma\/wp-json\/wp\/v2\/media?parent=10142"}],"curies":[{"name":"wp","href":"https:\/\/api.w.org\/{rel}","templated":true}]}}