{"id":22415,"date":"2021-06-23T18:34:42","date_gmt":"2021-06-23T21:34:42","guid":{"rendered":"https:\/\/www.facet.unt.edu.ar\/facetinforma\/?page_id=22415"},"modified":"2021-06-23T18:34:42","modified_gmt":"2021-06-23T21:34:42","slug":"proyecto-de-unidad-ejecutora-pue-08-del-instituto-de-fisica-del-noroeste-argentino-infinoa-facet-conicet-unt","status":"publish","type":"page","link":"https:\/\/www.facet.unt.edu.ar\/facetinforma\/proyecto-de-unidad-ejecutora-pue-08-del-instituto-de-fisica-del-noroeste-argentino-infinoa-facet-conicet-unt\/","title":{"rendered":"Proyecto de Unidad Ejecutora (PUE 08) del Instituto de F\u00edsica del Noroeste Argentino &#8211; INFINOA (FACET- CONICET-UNT)"},"content":{"rendered":"<p style=\"text-align: justify;\"><strong>Estudio del recurso solar en el NOA y su aprovechamiento mediante dispositivos semiconductores.<\/strong><\/p>\n<p style=\"text-align: justify;\">Este Proyecto, con aplicaci\u00f3n del \u00e1rea de medio ambiente y energ\u00eda y\u00a0recientemente aprobado por CONICET,\u00a0propone\u00a0el estudio y caracterizaci\u00f3n del recurso solar en lugares seleccionados de Tucum\u00e1n y el NOA, la s\u00edntesis de materiales nanoestructurados a trav\u00e9s de medios f\u00edsicos y qu\u00edmicos y el dise\u00f1o y la fabricaci\u00f3n de dispositivos basados en dichos materiales para aprovechamiento de la luz solar.<!--more--><\/p>\n<p style=\"text-align: justify;\">Estos materiales ser\u00e1n usados para desarrollar dispositivos fotovoltaicos (conversi\u00f3n de luz solar en electricidad), dispositivos optoelectr\u00f3nicos (sensores de luz) y fotocatalizadores para descontaminaci\u00f3n de efluentes industriales. Se desarrollar\u00e1n reactores solares a partir de los fotocatalizadores para el tratamiento de aguas y para la fabricaci\u00f3n amigable con el medio ambiente a partir de material reciclado de nanoestructuras para utilizaci\u00f3n en dichos reactores y otras aplicaciones.<\/p>\n<p style=\"text-align: justify;\">Se espera que de este proyecto surja una nueva l\u00ednea de investigaci\u00f3n de car\u00e1cter Institucional transversal a varios grupos de investigaci\u00f3n de la\u00a0Facultad de Ciencias Exactas y Tecnolog\u00eda, el INFINOA\u00a0y colaboradores, con un perfil\u00a0aplicado y con capacidad para brindar servicios al medio productivo y a la sociedad, propiciando la vinculaci\u00f3n con otras instituciones y organismos de gobierno.<\/p>\n<p style=\"text-align: justify;\">La financiaci\u00f3n del proyecto por parte de CONICET comprende la compra de equipamiento menor y de insumos, la contrataci\u00f3n de servicios altamente calificados y la incorporaci\u00f3n de un miembro de la carrera de personal de apoyo y de cuatro becarias\/os (dos doctorales y dos posdoctorales) mediante procesos de selecci\u00f3n.<\/p>\n<p style=\"text-align: justify;\">Tiempo de ejecuci\u00f3n: 5 a\u00f1os.<\/p>\n","protected":false},"excerpt":{"rendered":"<p>Estudio del recurso solar en el NOA y su aprovechamiento mediante dispositivos semiconductores. Este Proyecto, con aplicaci\u00f3n del \u00e1rea de medio ambiente y energ\u00eda y\u00a0recientemente aprobado por CONICET,\u00a0propone\u00a0el estudio y caracterizaci\u00f3n del recurso solar en lugares seleccionados de Tucum\u00e1n y el NOA, la s\u00edntesis de materiales nanoestructurados a trav\u00e9s de medios f\u00edsicos y qu\u00edmicos y [&hellip;]<\/p>\n","protected":false},"author":6,"featured_media":0,"parent":0,"menu_order":0,"comment_status":"closed","ping_status":"closed","template":"","meta":[],"_links":{"self":[{"href":"https:\/\/www.facet.unt.edu.ar\/facetinforma\/wp-json\/wp\/v2\/pages\/22415"}],"collection":[{"href":"https:\/\/www.facet.unt.edu.ar\/facetinforma\/wp-json\/wp\/v2\/pages"}],"about":[{"href":"https:\/\/www.facet.unt.edu.ar\/facetinforma\/wp-json\/wp\/v2\/types\/page"}],"author":[{"embeddable":true,"href":"https:\/\/www.facet.unt.edu.ar\/facetinforma\/wp-json\/wp\/v2\/users\/6"}],"replies":[{"embeddable":true,"href":"https:\/\/www.facet.unt.edu.ar\/facetinforma\/wp-json\/wp\/v2\/comments?post=22415"}],"version-history":[{"count":1,"href":"https:\/\/www.facet.unt.edu.ar\/facetinforma\/wp-json\/wp\/v2\/pages\/22415\/revisions"}],"predecessor-version":[{"id":22416,"href":"https:\/\/www.facet.unt.edu.ar\/facetinforma\/wp-json\/wp\/v2\/pages\/22415\/revisions\/22416"}],"wp:attachment":[{"href":"https:\/\/www.facet.unt.edu.ar\/facetinforma\/wp-json\/wp\/v2\/media?parent=22415"}],"curies":[{"name":"wp","href":"https:\/\/api.w.org\/{rel}","templated":true}]}}