{"id":5157,"date":"2013-12-20T21:22:12","date_gmt":"2013-12-21T00:22:12","guid":{"rendered":"https:\/\/www.facet.unt.edu.ar\/facetinforma\/?page_id=5157"},"modified":"2021-11-12T17:21:33","modified_gmt":"2021-11-12T20:21:33","slug":"standpunkte-del-saber","status":"publish","type":"page","link":"https:\/\/www.facet.unt.edu.ar\/facetinforma\/standpunkte-del-saber\/","title":{"rendered":"Standpunkte del Saber"},"content":{"rendered":"<p style=\"text-align: justify;\">La Revista Standpunkte del Saber de la Facultad de Ciencias Exactas y Tecnolog\u00eda de la Universidad Nacional de Tucum\u00e1n surge como una iniciativa de la C\u00e1tedra de Alem\u00e1n de esta Facultad, con el correspondiente aval institucional, a fin de propiciar la difusi\u00f3n nacional e internacional de la labor cient\u00edfico acad\u00e9mica y cultural que se desarrolla en el \u00e1mbito universitario.<\/p>\n<p style=\"text-align: justify;\">A trav\u00e9s de sus p\u00e1ginas y de su car\u00e1cter biling\u00fce, se propicia estimular la comunicaci\u00f3n y el conocimiento entre las instituciones de dos pa\u00edses, geogr\u00e1ficamente distantes, pero muy cercanos en cuanto a la labor de cooperaci\u00f3n desarrollada entre ambos durante largo tiempo.<\/p>\n<p style=\"text-align: justify;\">La revista posee cuatro \u00e1reas tem\u00e1ticas: Tecnolog\u00eda, Dise\u00f1o y Construcci\u00f3n; Salud y Medio Ambiente; Cultura, Pensamiento y Pol\u00edtica, Producci\u00f3n y Econom\u00eda.<\/p>\n<p style=\"text-align: justify;\">Actualmente es dirigida de manera Conjunta por la Magister Artium Lic. Ricarda Hirte y el Profesor Ing. Manuel E. Budeguer.<\/p>\n<table style=\"background-color: #ffffff;\" border=\"0\">\n<tbody>\n<tr>\n<td><a href=\"http:\/\/www.youblisher.com\/p\/203959-Standpunkte-del-Saber\/\" target=\"_blank\" rel=\"noopener noreferrer\"><img decoding=\"async\" loading=\"lazy\" class=\"alignnone size-medium wp-image-5158\" src=\"https:\/\/www.facet.unt.edu.ar\/facetinforma\/wp-content\/uploads\/sites\/9\/2013\/12\/Standpunkte-del-Saber-1-229x300.png\" alt=\"Revista de propiedad de la FACET\" width=\"229\" height=\"300\" srcset=\"https:\/\/www.facet.unt.edu.ar\/facetinforma\/wp-content\/uploads\/sites\/9\/2013\/12\/Standpunkte-del-Saber-1-229x300.png 229w, https:\/\/www.facet.unt.edu.ar\/facetinforma\/wp-content\/uploads\/sites\/9\/2013\/12\/Standpunkte-del-Saber-1.png 378w\" sizes=\"(max-width: 229px) 100vw, 229px\" \/><\/a><\/td>\n<td><a href=\"http:\/\/www.youblisher.com\/p\/411947-standpunkte2\/\" target=\"_blank\" rel=\"noopener noreferrer\"><img decoding=\"async\" loading=\"lazy\" class=\"alignnone size-medium wp-image-5159\" src=\"https:\/\/www.facet.unt.edu.ar\/facetinforma\/wp-content\/uploads\/sites\/9\/2013\/12\/Standpunkte-del-Saber-2-210x300.png\" alt=\"Revista de propiedad de la FACET\" width=\"210\" height=\"300\" srcset=\"https:\/\/www.facet.unt.edu.ar\/facetinforma\/wp-content\/uploads\/sites\/9\/2013\/12\/Standpunkte-del-Saber-2-210x300.png 210w, https:\/\/www.facet.unt.edu.ar\/facetinforma\/wp-content\/uploads\/sites\/9\/2013\/12\/Standpunkte-del-Saber-2.png 346w\" sizes=\"(max-width: 210px) 100vw, 210px\" \/><\/a><\/td>\n<td><a href=\"http:\/\/www.youblisher.com\/p\/641471-Standpunkte-del-Saber-3-Edicion\" target=\"_blank\" rel=\"noopener noreferrer\"><img decoding=\"async\" loading=\"lazy\" class=\"alignnone size-medium wp-image-5160\" src=\"https:\/\/www.facet.unt.edu.ar\/facetinforma\/wp-content\/uploads\/sites\/9\/2013\/12\/Standpunkte-del-Saber-3-211x300.png\" alt=\"Revista de propiedad de la FACET\" width=\"211\" height=\"300\" srcset=\"https:\/\/www.facet.unt.edu.ar\/facetinforma\/wp-content\/uploads\/sites\/9\/2013\/12\/Standpunkte-del-Saber-3-211x300.png 211w, https:\/\/www.facet.unt.edu.ar\/facetinforma\/wp-content\/uploads\/sites\/9\/2013\/12\/Standpunkte-del-Saber-3.png 351w\" sizes=\"(max-width: 211px) 100vw, 211px\" \/><\/a><\/td>\n<\/tr>\n<tr>\n<td style=\"text-align: center;\">Revista Nro. 1<\/td>\n<td style=\"text-align: center;\">Revista Nro. 2<\/td>\n<td style=\"text-align: center;\">Revista Nro. 3<\/td>\n<\/tr>\n<\/tbody>\n<\/table>\n","protected":false},"excerpt":{"rendered":"<p>La Revista Standpunkte del Saber de la Facultad de Ciencias Exactas y Tecnolog\u00eda de la Universidad Nacional de Tucum\u00e1n surge como una iniciativa de la C\u00e1tedra de Alem\u00e1n de esta Facultad, con el correspondiente aval institucional, a fin de propiciar la difusi\u00f3n nacional e internacional de la labor cient\u00edfico acad\u00e9mica y cultural que se desarrolla [&hellip;]<\/p>\n","protected":false},"author":6,"featured_media":0,"parent":0,"menu_order":0,"comment_status":"closed","ping_status":"closed","template":"","meta":[],"_links":{"self":[{"href":"https:\/\/www.facet.unt.edu.ar\/facetinforma\/wp-json\/wp\/v2\/pages\/5157"}],"collection":[{"href":"https:\/\/www.facet.unt.edu.ar\/facetinforma\/wp-json\/wp\/v2\/pages"}],"about":[{"href":"https:\/\/www.facet.unt.edu.ar\/facetinforma\/wp-json\/wp\/v2\/types\/page"}],"author":[{"embeddable":true,"href":"https:\/\/www.facet.unt.edu.ar\/facetinforma\/wp-json\/wp\/v2\/users\/6"}],"replies":[{"embeddable":true,"href":"https:\/\/www.facet.unt.edu.ar\/facetinforma\/wp-json\/wp\/v2\/comments?post=5157"}],"version-history":[{"count":2,"href":"https:\/\/www.facet.unt.edu.ar\/facetinforma\/wp-json\/wp\/v2\/pages\/5157\/revisions"}],"predecessor-version":[{"id":23043,"href":"https:\/\/www.facet.unt.edu.ar\/facetinforma\/wp-json\/wp\/v2\/pages\/5157\/revisions\/23043"}],"wp:attachment":[{"href":"https:\/\/www.facet.unt.edu.ar\/facetinforma\/wp-json\/wp\/v2\/media?parent=5157"}],"curies":[{"name":"wp","href":"https:\/\/api.w.org\/{rel}","templated":true}]}}