{"id":5163,"date":"2013-12-20T22:03:58","date_gmt":"2013-12-21T01:03:58","guid":{"rendered":"https:\/\/www.facet.unt.edu.ar\/facetinforma\/?page_id=5163"},"modified":"2013-12-21T20:55:49","modified_gmt":"2013-12-21T23:55:49","slug":"sitios-de-interes","status":"publish","type":"page","link":"https:\/\/www.facet.unt.edu.ar\/facetinforma\/sitios-de-interes\/","title":{"rendered":"Sitios de Inter\u00e9s"},"content":{"rendered":"<ul>\n<li><a href=\"http:\/\/www.agencia.mincyt.gob.ar\/\" target=\"_blank\">Agencia<\/a><\/li>\n<li><a href=\"http:\/\/infouniversidades.siu.edu.ar\/aplicacion.php\" target=\"_blank\">Argentina Investiga &#8211; Divulgaci\u00f3n y Noticias Universitarias<\/a><\/li>\n<li><a href=\"http:\/\/www.codinoa.edu.ar\/\" target=\"_blank\">CODINOA<\/a><\/li>\n<li><a href=\"http:\/\/portal.educacion.gov.ar\/\" target=\"_blank\">Ministerio de Educaci\u00f3n de la Naci\u00f3n<\/a><\/li>\n<li><a href=\"http:\/\/www.ct.unt.edu.ar\/\" target=\"_blank\">SECyT<\/a><\/li>\n<li><a href=\"http:\/\/www.sideravisus.tucuman.tv\/index.php?subaction=showfull&amp;id=1314925429&amp;archive=&amp;start_from=&amp;ucat=2#.TmL7dEm9oKE.email\" target=\"_blank\">Sidera Visus &#8211; TV<\/a><\/li>\n<li><a href=\"http:\/\/www.sidetec.gov.ar\/\" target=\"_blank\">SIDETEC<\/a><\/li>\n<li><a href=\"http:\/\/portales.educacion.gov.ar\/spu\/\" target=\"_blank\">SPU<\/a><\/li>\n<\/ul>\n","protected":false},"excerpt":{"rendered":"<p>Agencia Argentina Investiga &#8211; Divulgaci\u00f3n y Noticias Universitarias CODINOA Ministerio de Educaci\u00f3n de la Naci\u00f3n SECyT Sidera Visus &#8211; TV SIDETEC SPU<\/p>\n","protected":false},"author":6,"featured_media":0,"parent":0,"menu_order":0,"comment_status":"closed","ping_status":"closed","template":"","meta":[],"_links":{"self":[{"href":"https:\/\/www.facet.unt.edu.ar\/facetinforma\/wp-json\/wp\/v2\/pages\/5163"}],"collection":[{"href":"https:\/\/www.facet.unt.edu.ar\/facetinforma\/wp-json\/wp\/v2\/pages"}],"about":[{"href":"https:\/\/www.facet.unt.edu.ar\/facetinforma\/wp-json\/wp\/v2\/types\/page"}],"author":[{"embeddable":true,"href":"https:\/\/www.facet.unt.edu.ar\/facetinforma\/wp-json\/wp\/v2\/users\/6"}],"replies":[{"embeddable":true,"href":"https:\/\/www.facet.unt.edu.ar\/facetinforma\/wp-json\/wp\/v2\/comments?post=5163"}],"version-history":[{"count":3,"href":"https:\/\/www.facet.unt.edu.ar\/facetinforma\/wp-json\/wp\/v2\/pages\/5163\/revisions"}],"predecessor-version":[{"id":5175,"href":"https:\/\/www.facet.unt.edu.ar\/facetinforma\/wp-json\/wp\/v2\/pages\/5163\/revisions\/5175"}],"wp:attachment":[{"href":"https:\/\/www.facet.unt.edu.ar\/facetinforma\/wp-json\/wp\/v2\/media?parent=5163"}],"curies":[{"name":"wp","href":"https:\/\/api.w.org\/{rel}","templated":true}]}}