{"id":9373,"date":"2015-11-06T23:54:21","date_gmt":"2015-11-07T02:54:21","guid":{"rendered":"https:\/\/www.facet.unt.edu.ar\/facetinforma\/?page_id=9373"},"modified":"2015-11-10T19:57:18","modified_gmt":"2015-11-10T22:57:18","slug":"58-reunion-plenaria-del-confedi","status":"publish","type":"page","link":"https:\/\/www.facet.unt.edu.ar\/facetinforma\/58-reunion-plenaria-del-confedi\/","title":{"rendered":"58\u00b0 Reuni\u00f3n Plenaria del CONFEDI"},"content":{"rendered":"<p>La 58\u00b0 Reuni\u00f3n Plenaria del CONFEDI se llevar\u00e1 a cabo en la Ciudad de Tucum\u00e1n del <strong>11 al 13 de noviembre de 2015<\/strong>. La misma es organizada por la Facultad de Ciencias Exactas y Tecnolog\u00eda de la Universidad Nacional de Tucum\u00e1n.<\/p>\n<p><strong>Sede del evento durante los d\u00edas 12 y 13 de Noviembre:<\/strong> Centro Cultural Eugenio Flavio Virla.<\/p>\n<p>El CONFEDI act\u00faa como entidad de representaci\u00f3n de la formaci\u00f3n universitaria en ingenier\u00eda de la Argentina, velando por la calidad, dignidad e imagen en la sociedad de la ingenier\u00eda en general, y de la educaci\u00f3n en ingenier\u00eda en particular. Est\u00e1 integrado por decanos y ex decanos que se re\u00fanen semestralmente en reuniones plenarias en las diferentes sedes de las facultades de ingenier\u00eda de la Argentina. La direcci\u00f3n y administraci\u00f3n del CONFEDI est\u00e1 en manos de un Comit\u00e9 Ejecutivo que se elige anualmente en reuni\u00f3n plenaria de socios y por una serie de comisiones tem\u00e1ticas que coordinan el trabajo colegiado.<\/p>\n<p>El consejo nace en marzo de 1988 a partir de la inquietud de un grupo de Decanos de conformar un \u00e1mbito en el cual se debatan y propicien, a partir de experiencias propias, soluciones a las problem\u00e1ticas universitarias planteadas en las Unidades Acad\u00e9micas de Ingenier\u00eda.<\/p>\n<p>Hoy, m\u00e1s de 100 facultades o departamentos de ingenier\u00eda integran el CONFEDI.<\/p>\n<p>Para mayor informaci\u00f3n, ingrese <a href=\"http:\/\/www.confedi.org.ar\/portfolio\/58%C2%B0-reuni%C3%B3n-plenaria-%E2%80%93-tucum%C3%A1n-12-y-13-de-noviembre-inscripci%C3%B3n-hasta-el-611\" target=\"_blank\">aqu\u00ed<\/a>.<\/p>\n<p><a href=\"https:\/\/www.facet.unt.edu.ar\/facetinforma\/wp-content\/uploads\/sites\/9\/2015\/11\/AFICHE.png\"><img decoding=\"async\" loading=\"lazy\" class=\"aligncenter size-full wp-image-9395\" src=\"https:\/\/www.facet.unt.edu.ar\/facetinforma\/wp-content\/uploads\/sites\/9\/2015\/11\/AFICHE.png\" alt=\"AFICHE\" width=\"650\" height=\"460\" srcset=\"https:\/\/www.facet.unt.edu.ar\/facetinforma\/wp-content\/uploads\/sites\/9\/2015\/11\/AFICHE.png 650w, https:\/\/www.facet.unt.edu.ar\/facetinforma\/wp-content\/uploads\/sites\/9\/2015\/11\/AFICHE-300x212.png 300w\" sizes=\"(max-width: 650px) 100vw, 650px\" \/><\/a><\/p>\n","protected":false},"excerpt":{"rendered":"<p>La 58\u00b0 Reuni\u00f3n Plenaria del CONFEDI se llevar\u00e1 a cabo en la Ciudad de Tucum\u00e1n del 11 al 13 de noviembre de 2015. La misma es organizada por la Facultad de Ciencias Exactas y Tecnolog\u00eda de la Universidad Nacional de Tucum\u00e1n. Sede del evento durante los d\u00edas 12 y 13 de Noviembre: Centro Cultural Eugenio [&hellip;]<\/p>\n","protected":false},"author":6,"featured_media":0,"parent":0,"menu_order":0,"comment_status":"closed","ping_status":"closed","template":"","meta":[],"_links":{"self":[{"href":"https:\/\/www.facet.unt.edu.ar\/facetinforma\/wp-json\/wp\/v2\/pages\/9373"}],"collection":[{"href":"https:\/\/www.facet.unt.edu.ar\/facetinforma\/wp-json\/wp\/v2\/pages"}],"about":[{"href":"https:\/\/www.facet.unt.edu.ar\/facetinforma\/wp-json\/wp\/v2\/types\/page"}],"author":[{"embeddable":true,"href":"https:\/\/www.facet.unt.edu.ar\/facetinforma\/wp-json\/wp\/v2\/users\/6"}],"replies":[{"embeddable":true,"href":"https:\/\/www.facet.unt.edu.ar\/facetinforma\/wp-json\/wp\/v2\/comments?post=9373"}],"version-history":[{"count":4,"href":"https:\/\/www.facet.unt.edu.ar\/facetinforma\/wp-json\/wp\/v2\/pages\/9373\/revisions"}],"predecessor-version":[{"id":10645,"href":"https:\/\/www.facet.unt.edu.ar\/facetinforma\/wp-json\/wp\/v2\/pages\/9373\/revisions\/10645"}],"wp:attachment":[{"href":"https:\/\/www.facet.unt.edu.ar\/facetinforma\/wp-json\/wp\/v2\/media?parent=9373"}],"curies":[{"name":"wp","href":"https:\/\/api.w.org\/{rel}","templated":true}]}}