{"id":179,"date":"2019-09-14T20:12:50","date_gmt":"2019-09-14T23:12:50","guid":{"rendered":"https:\/\/www.facet.unt.edu.ar\/geodesia-geofisica\/?page_id=179"},"modified":"2019-09-14T20:20:28","modified_gmt":"2019-09-14T23:20:28","slug":"salida-laboral","status":"publish","type":"page","link":"https:\/\/www.facet.unt.edu.ar\/geodesia-geofisica\/salida-laboral\/","title":{"rendered":"Salida Laboral"},"content":{"rendered":"<p style=\"text-align: center;\"><a href=\"https:\/\/www.facet.unt.edu.ar\/geodesia-geofisica\/wp-content\/uploads\/sites\/12\/2014\/06\/Domingo_27_5_2012@@PETROLEO_gra.jpg\"><img decoding=\"async\" loading=\"lazy\" class=\"alignnone size-medium wp-image-64\" src=\"https:\/\/www.facet.unt.edu.ar\/geodesia-geofisica\/wp-content\/uploads\/sites\/12\/2014\/06\/Domingo_27_5_2012@@PETROLEO_gra-300x200.jpg\" alt=\"\" width=\"300\" height=\"200\" srcset=\"https:\/\/www.facet.unt.edu.ar\/geodesia-geofisica\/wp-content\/uploads\/sites\/12\/2014\/06\/Domingo_27_5_2012@@PETROLEO_gra-300x200.jpg 300w, https:\/\/www.facet.unt.edu.ar\/geodesia-geofisica\/wp-content\/uploads\/sites\/12\/2014\/06\/Domingo_27_5_2012@@PETROLEO_gra-272x182.jpg 272w, https:\/\/www.facet.unt.edu.ar\/geodesia-geofisica\/wp-content\/uploads\/sites\/12\/2014\/06\/Domingo_27_5_2012@@PETROLEO_gra.jpg 600w\" sizes=\"(max-width: 300px) 100vw, 300px\" \/><\/a><\/p>\n<p>&nbsp;<\/p>\n<p>&#8211; <span style=\"color: #003366;\">Prospecci\u00f3n geof\u00edsica<\/span> en todas sus formas y sistemas: s\u00edsmica, gravim\u00e9trica, magn\u00e9tica, geoel\u00e9ctrica, etc.<\/p>\n<p>&#8211; Estudio e interpretaci\u00f3n de las manifestaciones f\u00edsicas de la tierra. <span style=\"color: #003366;\">Trabajos de oceanograf\u00eda f\u00edsica e hidrograf\u00eda<\/span>.<\/p>\n<p>&#8211; <span style=\"color: #003366;\">Levantamientos geod\u00e9sicos especiales<\/span>.<\/p>\n<p>&#8211; <span style=\"color: #003366;\">Levantamientos topogr\u00e1ficos<\/span>.<\/p>\n<p>&#8211; <span style=\"color: #003366;\">Fotogrametr\u00eda. Cartograf\u00eda<\/span>, mediciones geod\u00e9sicas necesarias para los incisos anteriores.<\/p>\n","protected":false},"excerpt":{"rendered":"<p>&nbsp; &#8211; Prospecci\u00f3n geof\u00edsica en todas sus formas y sistemas: s\u00edsmica, gravim\u00e9trica, magn\u00e9tica, geoel\u00e9ctrica, etc. &#8211; Estudio e interpretaci\u00f3n de las manifestaciones f\u00edsicas de la tierra. Trabajos de oceanograf\u00eda f\u00edsica e hidrograf\u00eda. &#8211; Levantamientos geod\u00e9sicos especiales. &#8211; Levantamientos topogr\u00e1ficos. &#8211; Fotogrametr\u00eda. Cartograf\u00eda, mediciones geod\u00e9sicas necesarias para los incisos anteriores.<\/p>\n","protected":false},"author":9,"featured_media":0,"parent":0,"menu_order":0,"comment_status":"closed","ping_status":"closed","template":"","meta":[],"_links":{"self":[{"href":"https:\/\/www.facet.unt.edu.ar\/geodesia-geofisica\/wp-json\/wp\/v2\/pages\/179"}],"collection":[{"href":"https:\/\/www.facet.unt.edu.ar\/geodesia-geofisica\/wp-json\/wp\/v2\/pages"}],"about":[{"href":"https:\/\/www.facet.unt.edu.ar\/geodesia-geofisica\/wp-json\/wp\/v2\/types\/page"}],"author":[{"embeddable":true,"href":"https:\/\/www.facet.unt.edu.ar\/geodesia-geofisica\/wp-json\/wp\/v2\/users\/9"}],"replies":[{"embeddable":true,"href":"https:\/\/www.facet.unt.edu.ar\/geodesia-geofisica\/wp-json\/wp\/v2\/comments?post=179"}],"version-history":[{"count":3,"href":"https:\/\/www.facet.unt.edu.ar\/geodesia-geofisica\/wp-json\/wp\/v2\/pages\/179\/revisions"}],"predecessor-version":[{"id":188,"href":"https:\/\/www.facet.unt.edu.ar\/geodesia-geofisica\/wp-json\/wp\/v2\/pages\/179\/revisions\/188"}],"wp:attachment":[{"href":"https:\/\/www.facet.unt.edu.ar\/geodesia-geofisica\/wp-json\/wp\/v2\/media?parent=179"}],"curies":[{"name":"wp","href":"https:\/\/api.w.org\/{rel}","templated":true}]}}