{"id":190,"date":"2019-09-14T20:42:00","date_gmt":"2019-09-14T23:42:00","guid":{"rendered":"https:\/\/www.facet.unt.edu.ar\/geodesia-geofisica\/?page_id=190"},"modified":"2019-09-14T21:27:23","modified_gmt":"2019-09-15T00:27:23","slug":"perfil","status":"publish","type":"page","link":"https:\/\/www.facet.unt.edu.ar\/geodesia-geofisica\/perfil\/","title":{"rendered":"Perfil"},"content":{"rendered":"<div id=\"pl-190\"  class=\"panel-layout\" ><div id=\"pg-190-0\"  class=\"panel-grid panel-has-style\" ><div class=\"panel-row-style panel-row-style-for-190-0\" ><div id=\"pgc-190-0-0\"  class=\"panel-grid-cell\" ><div id=\"panel-190-0-0-0\" class=\"so-panel widget widget_sow-editor panel-first-child\" data-index=\"0\" ><div\n\t\t\t\n\t\t\tclass=\"so-widget-sow-editor so-widget-sow-editor-base\"\n\t\t\t\n\t\t>\n<div class=\"siteorigin-widget-tinymce textwidget\">\n\t<p><a href=\"https:\/\/www.facet.unt.edu.ar\/geodesia-geofisica\/wp-content\/uploads\/sites\/12\/2019\/09\/B1x8_0QCme_1256x620.jpg\"><img decoding=\"async\" loading=\"lazy\" class=\"alignnone size-medium wp-image-191 aligncenter\" src=\"https:\/\/www.facet.unt.edu.ar\/geodesia-geofisica\/wp-content\/uploads\/sites\/12\/2019\/09\/B1x8_0QCme_1256x620-300x148.jpg\" alt=\"\" width=\"300\" height=\"148\" srcset=\"https:\/\/www.facet.unt.edu.ar\/geodesia-geofisica\/wp-content\/uploads\/sites\/12\/2019\/09\/B1x8_0QCme_1256x620-300x148.jpg 300w, https:\/\/www.facet.unt.edu.ar\/geodesia-geofisica\/wp-content\/uploads\/sites\/12\/2019\/09\/B1x8_0QCme_1256x620-768x379.jpg 768w, https:\/\/www.facet.unt.edu.ar\/geodesia-geofisica\/wp-content\/uploads\/sites\/12\/2019\/09\/B1x8_0QCme_1256x620-1024x505.jpg 1024w, https:\/\/www.facet.unt.edu.ar\/geodesia-geofisica\/wp-content\/uploads\/sites\/12\/2019\/09\/B1x8_0QCme_1256x620.jpg 1040w\" sizes=\"(max-width: 300px) 100vw, 300px\" \/><\/a><\/p>\n<p>La carrera prepara profesionales capaces de desarrollar herramientas tecnol\u00f3gicas que permiten describir y representar la superficie terrestre, dise\u00f1ando las estructuras geom\u00e9tricas, l\u00f3gicas, anal\u00edticas y computacionales necesarias vali\u00e9ndose de la m\u00e1s avanzada tecnolog\u00eda disponible.<\/p>\n<p>La vinculaci\u00f3n de la Geof\u00edsica hacia la meta profesional aporta el conocimiento de los fen\u00f3menos que tienen lugar en el interior de la Tierra.<\/p>\n<p>Involucra el conocimiento de fen\u00f3menos f\u00edsicos derivados del campo gravitacional, del campo magn\u00e9tico y muy especialmente de las ondas s\u00edsmicas, proveyendo de informaci\u00f3n que tiene como meta la seguridad de los asentamientos humanos y de sus obras civiles ante eventuales terremotos.<\/p>\n<\/div>\n<\/div><\/div><div id=\"panel-190-0-0-1\" class=\"so-panel widget widget_sow-headline panel-last-child\" data-index=\"1\" ><div\n\t\t\t\n\t\t\tclass=\"so-widget-sow-headline so-widget-sow-headline-default-8d0d81ae4cd6-190\"\n\t\t\t\n\t\t><div class=\"sow-headline-container \">\n\t<h1 class='sow-headline'>PERFIL LABORAL DE UN INGENIERO GEODESTA Y GEOFISICO<\/h1><\/div><\/div><\/div><\/div><\/div><\/div><div id=\"pg-190-1\"  class=\"panel-grid panel-no-style\" ><div id=\"pgc-190-1-0\"  class=\"panel-grid-cell panel-grid-cell-empty\" ><\/div><\/div><\/div>","protected":false},"excerpt":{"rendered":"<p>La carrera prepara profesionales capaces de desarrollar herramientas tecnol\u00f3gicas que permiten describir y representar la superficie terrestre, dise\u00f1ando las estructuras geom\u00e9tricas, l\u00f3gicas, anal\u00edticas y computacionales necesarias vali\u00e9ndose de la m\u00e1s avanzada tecnolog\u00eda disponible.La vinculaci\u00f3n de la Geof\u00edsica hacia la meta profesional aporta el conocimiento de los fen\u00f3menos que tienen lugar en el interior de la [&hellip;]<\/p>\n","protected":false},"author":9,"featured_media":0,"parent":0,"menu_order":0,"comment_status":"closed","ping_status":"closed","template":"","meta":[],"_links":{"self":[{"href":"https:\/\/www.facet.unt.edu.ar\/geodesia-geofisica\/wp-json\/wp\/v2\/pages\/190"}],"collection":[{"href":"https:\/\/www.facet.unt.edu.ar\/geodesia-geofisica\/wp-json\/wp\/v2\/pages"}],"about":[{"href":"https:\/\/www.facet.unt.edu.ar\/geodesia-geofisica\/wp-json\/wp\/v2\/types\/page"}],"author":[{"embeddable":true,"href":"https:\/\/www.facet.unt.edu.ar\/geodesia-geofisica\/wp-json\/wp\/v2\/users\/9"}],"replies":[{"embeddable":true,"href":"https:\/\/www.facet.unt.edu.ar\/geodesia-geofisica\/wp-json\/wp\/v2\/comments?post=190"}],"version-history":[{"count":20,"href":"https:\/\/www.facet.unt.edu.ar\/geodesia-geofisica\/wp-json\/wp\/v2\/pages\/190\/revisions"}],"predecessor-version":[{"id":212,"href":"https:\/\/www.facet.unt.edu.ar\/geodesia-geofisica\/wp-json\/wp\/v2\/pages\/190\/revisions\/212"}],"wp:attachment":[{"href":"https:\/\/www.facet.unt.edu.ar\/geodesia-geofisica\/wp-json\/wp\/v2\/media?parent=190"}],"curies":[{"name":"wp","href":"https:\/\/api.w.org\/{rel}","templated":true}]}}