{"id":349,"date":"2022-07-15T15:58:03","date_gmt":"2022-07-15T18:58:03","guid":{"rendered":"https:\/\/www.facet.unt.edu.ar\/geodesia-geofisica\/?page_id=349"},"modified":"2022-11-13T22:48:18","modified_gmt":"2022-11-14T01:48:18","slug":"plan-de-estudios","status":"publish","type":"page","link":"https:\/\/www.facet.unt.edu.ar\/geodesia-geofisica\/plan-de-estudios\/","title":{"rendered":"Plan de Estudios"},"content":{"rendered":"<p style=\"text-align: justify;\">El plan de estudios se encuentra organizado en 5 (cinco) a\u00f1os y tiene estructura modular. Los m\u00f3dulos son de duraci\u00f3n cuatrimestral, con una extensi\u00f3n de 16 semanas, respondiendo a la reglamentaci\u00f3n aprobada por la Facultad para todas las carreras de ingenier\u00eda. Est\u00e1 compuesto por 44 asignaturas obligatorias, 1 asignatura electiva, 1 pr\u00e1ctica profesional supervisada y 1 proyecto final.<\/p>\n<table style=\"width: 74.3946%; height: 1176px;\" width=\"529\">\n<tbody>\n<tr style=\"height: 24px;\">\n<td style=\"height: 24px; text-align: center; width: 7.02599%;\"><strong><em>A\u00f1o<\/em><\/strong><\/td>\n<td style=\"text-align: center; width: 23.9172%; height: 24px;\"><strong><em>M\u00f3dulos<\/em><\/strong><\/td>\n<td style=\"height: 24px; text-align: center; width: 44.7064%;\"><strong><em>Asignaturas<\/em><\/strong><\/td>\n<td style=\"height: 24px; text-align: center; width: 23.3879%;\"><strong><em>Cuatrimestre<\/em><\/strong><\/td>\n<\/tr>\n<tr style=\"height: 24px;\">\n<td style=\"height: 216px; text-align: center; width: 7.02599%;\" rowspan=\"9\">1<\/td>\n<td style=\"width: 23.9172%; height: 96px; text-align: center;\" rowspan=\"4\"><strong>1<\/strong><\/td>\n<td style=\"height: 24px; width: 44.7064%;\">ALGEBRA Y GEOMETRIA ANALITICA<\/td>\n<td style=\"height: 96px; text-align: center; width: 23.3879%;\" rowspan=\"4\">Primero<\/td>\n<\/tr>\n<tr style=\"height: 24px;\">\n<td style=\"height: 24px; width: 44.7064%;\">CALCULO I<\/td>\n<\/tr>\n<tr style=\"height: 24px;\">\n<td style=\"height: 24px; width: 44.7064%;\">FISICA I<\/td>\n<\/tr>\n<tr style=\"height: 24px;\">\n<td style=\"height: 24px; width: 44.7064%;\">SISTEMAS DE REPRESENTACION<\/td>\n<\/tr>\n<tr style=\"height: 24px;\">\n<td style=\"width: 23.9172%; height: 120px; text-align: center;\" rowspan=\"5\"><strong>2<\/strong><\/td>\n<td style=\"height: 24px; width: 44.7064%;\">FUNDAMENTOS DE QUIMICA GENERA<\/td>\n<td style=\"height: 120px; text-align: center; width: 23.3879%;\" rowspan=\"5\">Segundo<\/td>\n<\/tr>\n<tr style=\"height: 24px;\">\n<td style=\"height: 24px; width: 44.7064%;\">FISICA II<\/td>\n<\/tr>\n<tr style=\"height: 24px;\">\n<td style=\"height: 24px; width: 44.7064%;\">INFORMATICA<\/td>\n<\/tr>\n<tr style=\"height: 24px;\">\n<td style=\"height: 24px; width: 44.7064%;\">CALCULO II<\/td>\n<\/tr>\n<tr style=\"height: 24px;\">\n<td style=\"height: 24px; width: 44.7064%;\">ELEMENTOS DE ALGEBRA LINEAL<\/td>\n<\/tr>\n<tr style=\"height: 24px;\">\n<td style=\"height: 216px; text-align: center; width: 7.02599%;\" rowspan=\"9\">2<\/td>\n<td style=\"width: 23.9172%; height: 120px; text-align: center;\" rowspan=\"5\"><strong>3<\/strong><\/td>\n<td style=\"height: 24px; width: 44.7064%;\">GEOGRAFIA FISICA Y GEOMORFOLOGIA<\/td>\n<td style=\"height: 120px; text-align: center; width: 23.3879%;\" rowspan=\"5\">Primero<\/td>\n<\/tr>\n<tr style=\"height: 24px;\">\n<td style=\"height: 24px; width: 44.7064%;\">CALCULO III<\/td>\n<\/tr>\n<tr style=\"height: 24px;\">\n<td style=\"height: 24px; width: 44.7064%;\">FISICA III<\/td>\n<\/tr>\n<tr style=\"height: 24px;\">\n<td style=\"height: 24px; width: 44.7064%;\">LABORATORIO DE FISICA III<\/td>\n<\/tr>\n<tr style=\"height: 24px;\">\n<td style=\"height: 24px; width: 44.7064%;\">TOPOGRAFIA I<\/td>\n<\/tr>\n<tr style=\"height: 24px;\">\n<td style=\"width: 23.9172%; height: 96px; text-align: center;\" rowspan=\"4\"><strong>4<\/strong><\/td>\n<td style=\"height: 24px; width: 44.7064%;\">CALCULO IV<\/td>\n<td style=\"height: 96px; text-align: center; width: 23.3879%;\" rowspan=\"4\">Segundo<\/td>\n<\/tr>\n<tr style=\"height: 24px;\">\n<td style=\"height: 24px; width: 44.7064%;\">PROBABILIDAD Y ESTADISTICA<\/td>\n<\/tr>\n<tr style=\"height: 24px;\">\n<td style=\"height: 24px; width: 44.7064%;\">TOPOGRAFIA II<\/td>\n<\/tr>\n<tr style=\"height: 24px;\">\n<td style=\"height: 24px; width: 44.7064%;\">DIBUJO CARTOGRAFICO<\/td>\n<\/tr>\n<tr style=\"height: 24px;\">\n<td style=\"height: 240px; text-align: center; width: 7.02599%;\" rowspan=\"10\">3<\/td>\n<td style=\"width: 23.9172%; height: 120px; text-align: center;\" rowspan=\"5\"><strong>5<\/strong><\/td>\n<td style=\"height: 24px; width: 44.7064%;\">TEORIA DE ERRORES Y COMPENSACION<\/td>\n<td style=\"height: 120px; text-align: center; width: 23.3879%;\" rowspan=\"5\">Primero<\/td>\n<\/tr>\n<tr style=\"height: 24px;\">\n<td style=\"height: 24px; width: 44.7064%;\">GEOLOGIA GENERAL<\/td>\n<\/tr>\n<tr style=\"height: 24px;\">\n<td style=\"height: 24px; width: 44.7064%;\">VIAS DE COMUNICACION<\/td>\n<\/tr>\n<tr style=\"height: 24px;\">\n<td style=\"height: 24px; width: 44.7064%;\">GEODESIA Y ASTRONOMIA DE POSICION<\/td>\n<\/tr>\n<tr style=\"height: 24px;\">\n<td style=\"height: 24px; width: 44.7064%;\">EXAMEN DE SUFICIENCIA EN IDIOMA INGLES<\/td>\n<\/tr>\n<tr style=\"height: 24px;\">\n<td style=\"width: 23.9172%; height: 120px; text-align: center;\" rowspan=\"5\"><strong>6<\/strong><\/td>\n<td style=\"height: 24px; width: 44.7064%;\">CARTOGRAFIA<\/td>\n<td style=\"height: 120px; text-align: center; width: 23.3879%;\" rowspan=\"5\">Segundo<\/td>\n<\/tr>\n<tr style=\"height: 24px;\">\n<td style=\"height: 24px; width: 44.7064%;\">INGENIERIA LEGAL<\/td>\n<\/tr>\n<tr style=\"height: 24px;\">\n<td style=\"height: 24px; width: 44.7064%;\">HIDRAULICA<\/td>\n<\/tr>\n<tr style=\"height: 24px;\">\n<td style=\"height: 24px; width: 44.7064%;\">HIGIENE Y SEGURIDAD LABORAL<\/td>\n<\/tr>\n<tr style=\"height: 24px;\">\n<td style=\"height: 24px; width: 44.7064%;\">FOTOGRAMETRIA<\/td>\n<\/tr>\n<tr style=\"height: 24px;\">\n<td style=\"height: 216px; text-align: center; width: 7.02599%;\" rowspan=\"9\">4<\/td>\n<td style=\"width: 23.9172%; height: 96px; text-align: center;\" rowspan=\"4\"><strong>7<\/strong><\/td>\n<td style=\"height: 24px; width: 44.7064%;\">GEODESIA GEOMETRICA<\/td>\n<td style=\"height: 96px; text-align: center; width: 23.3879%;\" rowspan=\"4\">Primero<\/td>\n<\/tr>\n<tr style=\"height: 24px;\">\n<td style=\"height: 24px; width: 44.7064%;\">GEOFISICA GENERAL<\/td>\n<\/tr>\n<tr style=\"height: 24px;\">\n<td style=\"height: 24px; width: 44.7064%;\">GEOLOGIA ESTRUCTURA<\/td>\n<\/tr>\n<tr style=\"height: 24px;\">\n<td style=\"height: 24px; width: 44.7064%;\">FOTOGRAMETRIA ANALITICA Y DIGITAL I<\/td>\n<\/tr>\n<tr style=\"height: 24px;\">\n<td style=\"width: 23.9172%; height: 120px; text-align: center;\" rowspan=\"5\"><strong>8<\/strong><\/td>\n<td style=\"height: 24px; width: 44.7064%;\">CALCULO GEODESICO AVANZADO<\/td>\n<td style=\"height: 120px; text-align: center; width: 23.3879%;\" rowspan=\"5\">Segundo<\/td>\n<\/tr>\n<tr style=\"height: 24px;\">\n<td style=\"height: 24px; width: 44.7064%;\">PROSPECCION SISMICA<\/td>\n<\/tr>\n<tr style=\"height: 24px;\">\n<td style=\"height: 24px; width: 44.7064%;\">SISTEMAS DE INFORMACION GEOGRAFICO<\/td>\n<\/tr>\n<tr style=\"height: 24px;\">\n<td style=\"height: 24px; width: 44.7064%;\">GEOTECNIA<\/td>\n<\/tr>\n<tr style=\"height: 24px;\">\n<td style=\"height: 24px; width: 44.7064%;\">SENSORES REMOTOS<\/td>\n<\/tr>\n<tr style=\"height: 24px;\">\n<td style=\"height: 264px; text-align: center; width: 7.02599%;\" rowspan=\"11\">5<\/td>\n<td style=\"height: 96px; width: 23.9172%; text-align: center;\" rowspan=\"5\"><strong>9<\/strong><br \/>\n<strong><br \/>\n<\/strong><strong><br \/>\n<\/strong><strong><br \/>\n<\/strong><\/td>\n<td style=\"height: 24px; width: 44.7064%;\">GEODESIA FISICA<\/td>\n<td style=\"height: 120px; text-align: center; width: 23.3879%;\" rowspan=\"5\">Primero<\/td>\n<\/tr>\n<tr style=\"height: 24px;\">\n<td style=\"height: 24px; width: 44.7064%;\">PROSPECCION GRAVIMETRICA Y MAGNETICA<\/td>\n<\/tr>\n<tr style=\"height: 24px;\">\n<td style=\"height: 24px; width: 44.7064%;\">FOTOGRAMETRIA ANALITICA Y DIGITAL II<\/td>\n<\/tr>\n<tr style=\"height: 24px;\">\n<td style=\"height: 24px; width: 44.7064%;\">ECONOM\u00cdA<\/td>\n<\/tr>\n<tr style=\"height: 24px;\">\n<td style=\"height: 24px; width: 44.7064%;\">LEVANTAMIENTO TERRITORIAL<\/td>\n<\/tr>\n<tr style=\"height: 24px;\">\n<td style=\"width: 23.9172%; height: 24px; text-align: center;\" rowspan=\"6\"><strong>10<\/strong><\/td>\n<td style=\"height: 24px; width: 44.7064%;\">PROSPECCION GEOELECTRICA<\/td>\n<td style=\"height: 144px; text-align: center; width: 23.3879%;\" rowspan=\"6\">Segundo<\/td>\n<\/tr>\n<tr style=\"height: 24px;\">\n<td style=\"height: 24px; width: 44.7064%;\">TECNOLOGIA SATELITAL Y GEODINAMICA<\/td>\n<\/tr>\n<tr style=\"height: 24px;\">\n<td style=\"height: 24px; width: 44.7064%;\">URBANISMO Y GESTION AMBIENTAL<\/td>\n<\/tr>\n<tr style=\"height: 24px;\">\n<td style=\"height: 24px; width: 44.7064%;\">PROYECTO FINAL<\/td>\n<\/tr>\n<tr style=\"height: 24px;\">\n<td style=\"height: 24px; width: 44.7064%;\">ASIGNATURA ELECTIVA<\/td>\n<\/tr>\n<tr style=\"height: 24px;\">\n<td style=\"height: 24px; width: 44.7064%;\">PRACTICA PROFESIONAL SUPERVISADA<\/td>\n<\/tr>\n<\/tbody>\n<\/table>\n<p>&nbsp;<\/p>\n<table style=\"width: 74.3086%; height: 67px;\" width=\"300\">\n<tbody>\n<tr>\n<td style=\"width: 69.3609%;\">HIDROGEOLOGIA<\/td>\n<td style=\"width: 27.816%;\">Electiva<\/td>\n<\/tr>\n<tr>\n<td style=\"width: 69.3609%;\">TOPOGRAFIA III<\/td>\n<td style=\"width: 27.816%;\">Electiva<\/td>\n<\/tr>\n<\/tbody>\n<\/table>\n","protected":false},"excerpt":{"rendered":"<p>El plan de estudios se encuentra organizado en 5 (cinco) a\u00f1os y tiene estructura modular. Los m\u00f3dulos son de duraci\u00f3n cuatrimestral, con una extensi\u00f3n de 16 semanas, respondiendo a la reglamentaci\u00f3n aprobada por la Facultad para todas las carreras de ingenier\u00eda. Est\u00e1 compuesto por 44 asignaturas obligatorias, 1 asignatura electiva, 1 pr\u00e1ctica profesional supervisada y [&hellip;]<\/p>\n","protected":false},"author":123478,"featured_media":0,"parent":0,"menu_order":0,"comment_status":"closed","ping_status":"closed","template":"home-panels.php","meta":[],"_links":{"self":[{"href":"https:\/\/www.facet.unt.edu.ar\/geodesia-geofisica\/wp-json\/wp\/v2\/pages\/349"}],"collection":[{"href":"https:\/\/www.facet.unt.edu.ar\/geodesia-geofisica\/wp-json\/wp\/v2\/pages"}],"about":[{"href":"https:\/\/www.facet.unt.edu.ar\/geodesia-geofisica\/wp-json\/wp\/v2\/types\/page"}],"author":[{"embeddable":true,"href":"https:\/\/www.facet.unt.edu.ar\/geodesia-geofisica\/wp-json\/wp\/v2\/users\/123478"}],"replies":[{"embeddable":true,"href":"https:\/\/www.facet.unt.edu.ar\/geodesia-geofisica\/wp-json\/wp\/v2\/comments?post=349"}],"version-history":[{"count":14,"href":"https:\/\/www.facet.unt.edu.ar\/geodesia-geofisica\/wp-json\/wp\/v2\/pages\/349\/revisions"}],"predecessor-version":[{"id":600,"href":"https:\/\/www.facet.unt.edu.ar\/geodesia-geofisica\/wp-json\/wp\/v2\/pages\/349\/revisions\/600"}],"wp:attachment":[{"href":"https:\/\/www.facet.unt.edu.ar\/geodesia-geofisica\/wp-json\/wp\/v2\/media?parent=349"}],"curies":[{"name":"wp","href":"https:\/\/api.w.org\/{rel}","templated":true}]}}