{"id":470,"date":"2022-10-10T16:20:11","date_gmt":"2022-10-10T19:20:11","guid":{"rendered":"https:\/\/www.facet.unt.edu.ar\/geodesia-geofisica\/?page_id=470"},"modified":"2024-09-12T21:59:14","modified_gmt":"2024-09-13T00:59:14","slug":"docentes-2","status":"publish","type":"page","link":"https:\/\/www.facet.unt.edu.ar\/geodesia-geofisica\/docentes-2\/","title":{"rendered":"Docentes"},"content":{"rendered":"<div id=\"pl-470\"  class=\"panel-layout\" ><div id=\"pg-470-0\"  class=\"panel-grid panel-no-style\" ><div id=\"pgc-470-0-0\"  class=\"panel-grid-cell\" ><div id=\"panel-470-0-0-0\" class=\"so-panel widget widget_sow-editor panel-first-child panel-last-child\" data-index=\"0\" ><div\n\t\t\t\n\t\t\tclass=\"so-widget-sow-editor so-widget-sow-editor-base\"\n\t\t\t\n\t\t>\n<div class=\"siteorigin-widget-tinymce textwidget\">\n\t<p><strong>Cuerpo Docente<\/strong>:<\/p>\n<ul>\n<li><span class=\"gI\"><span data-hovercard-id=\"pboldrini@herrera.unt.edu.ar\" data-hovercard-owner-id=\"155\">Dra. Arq. Paula Luciana Boldrini Peralta<\/span><\/span><\/li>\n<li>Ing. Patricio Javier Ballesteros<\/li>\n<li>Ing. Agrim. Sebasti\u00e1n Canevaro<\/li>\n<li>Agrim. Eduardo Ren\u00e9 Cardenas<\/li>\n<li>Mag. Ing. Geod. y Geof. Javier Ariel Carelli<\/li>\n<li>Mag. Ing. Agron. Roberto Daniel Corbella<\/li>\n<li>Ing. Geod. y Geof. Sandra M\u00f3nica Corral<\/li>\n<li>Dr. Ing. Geod. y Geof. Jorge Marcelo Durand<\/li>\n<li>Ing. Agrim. Otto Hern\u00e1n Echaz\u00fa Aciar<\/li>\n<li>Ing. Agrim. Leandro Giobellina<\/li>\n<li>Esp. Ing. Geod. y Geof. Jos\u00e9 Rodolfo Goldbach<\/li>\n<li>Ing. Geod. y Geof. Sebastian Gutierrez<\/li>\n<li>Ing. Geod. y Geof. Juan Carlos Hugo Jimenez Santillan<\/li>\n<li><span class=\"gI\"><span data-hovercard-id=\"meinigomartinez@herrera.unt.edu.ar\" data-hovercard-owner-id=\"155\">Ing. Mar\u00eda Emilia I\u00f1igo Mart\u00ednez<\/span><\/span><\/li>\n<li>Abog. Juan Jos\u00e9 Martorell<\/li>\n<li>Mag. Ing. Geod. y Geof. Federico Augusto Navarro<\/li>\n<li>Ing. Geod. y Geof. Guillermo Federico Odstrcil<\/li>\n<li>Ing. Geod. y Geof. Sergio Sosa<\/li>\n<li>Ing. Agrim. Santiago Gabriel P\u00e1ez<\/li>\n<li>Ing. Geod. y Geof. Julio Cesar Robles<\/li>\n<li>Dr. Ing. Geod. y Geof. Jos\u00e9 Luis Vacaflor<\/li>\n<li>Ing. Geod. y Geof. Carlos Ernesto Valdez<\/li>\n<li>Ing. Geod. y Geof. Roxana Villacorta<\/li>\n<\/ul>\n<p><strong>Ayudantes Estudiantiles<\/strong>:<\/p>\n<ul>\n<li>Hern\u00e1n \u00cd\u00f1igo (Fotogrametr\u00eda)<\/li>\n<li>Campila Yapura (Teor\u00eda de Errores y Compensaci\u00f3n)<\/li>\n<\/ul>\n<\/div>\n<\/div><\/div><\/div><\/div><\/div>","protected":false},"excerpt":{"rendered":"<p>Cuerpo Docente: Dra. Arq. Paula Luciana Boldrini Peralta Ing. Patricio Javier Ballesteros Ing. Agrim. Sebasti\u00e1n Canevaro Agrim. Eduardo Ren\u00e9 Cardenas Mag. Ing. Geod. y Geof. Javier Ariel Carelli Mag. Ing. Agron. Roberto Daniel Corbella Ing. Geod. y Geof. Sandra M\u00f3nica Corral Dr. Ing. Geod. y Geof. Jorge Marcelo Durand Ing. Agrim. Otto Hern\u00e1n Echaz\u00fa Aciar [&hellip;]<\/p>\n","protected":false},"author":123491,"featured_media":0,"parent":0,"menu_order":0,"comment_status":"closed","ping_status":"closed","template":"home-panels.php","meta":[],"_links":{"self":[{"href":"https:\/\/www.facet.unt.edu.ar\/geodesia-geofisica\/wp-json\/wp\/v2\/pages\/470"}],"collection":[{"href":"https:\/\/www.facet.unt.edu.ar\/geodesia-geofisica\/wp-json\/wp\/v2\/pages"}],"about":[{"href":"https:\/\/www.facet.unt.edu.ar\/geodesia-geofisica\/wp-json\/wp\/v2\/types\/page"}],"author":[{"embeddable":true,"href":"https:\/\/www.facet.unt.edu.ar\/geodesia-geofisica\/wp-json\/wp\/v2\/users\/123491"}],"replies":[{"embeddable":true,"href":"https:\/\/www.facet.unt.edu.ar\/geodesia-geofisica\/wp-json\/wp\/v2\/comments?post=470"}],"version-history":[{"count":16,"href":"https:\/\/www.facet.unt.edu.ar\/geodesia-geofisica\/wp-json\/wp\/v2\/pages\/470\/revisions"}],"predecessor-version":[{"id":659,"href":"https:\/\/www.facet.unt.edu.ar\/geodesia-geofisica\/wp-json\/wp\/v2\/pages\/470\/revisions\/659"}],"wp:attachment":[{"href":"https:\/\/www.facet.unt.edu.ar\/geodesia-geofisica\/wp-json\/wp\/v2\/media?parent=470"}],"curies":[{"name":"wp","href":"https:\/\/api.w.org\/{rel}","templated":true}]}}