{"id":50,"date":"2013-12-16T11:48:36","date_gmt":"2013-12-16T14:48:36","guid":{"rendered":"https:\/\/www.facet.unt.edu.ardepartamentogeodesia-topografia\/?page_id=50"},"modified":"2022-10-10T19:50:34","modified_gmt":"2022-10-10T22:50:34","slug":"50-2","status":"publish","type":"page","link":"https:\/\/www.facet.unt.edu.ar\/geodesia-geofisica\/50-2\/","title":{"rendered":"La Carrera"},"content":{"rendered":"<div id=\"pl-50\"  class=\"panel-layout\" ><div id=\"pg-50-0\"  class=\"panel-grid panel-no-style\" ><div id=\"pgc-50-0-0\"  class=\"panel-grid-cell\" ><div id=\"panel-50-0-0-0\" class=\"so-panel widget widget_text panel-first-child\" data-index=\"0\" ><h3 class=\"widget-title\">Plan de Estudios<\/h3>\t\t\t<div class=\"textwidget\"><table width=\"500\" border=\"1\">\n  <tr>\n    <td><h4><em><strong>Asignaturas                                                            \t               <\/strong><\/em><\/h4><\/td>\n    <td><h4><em><strong>A\u00f1o<\/strong><\/em><\/h4><\/td>\n    <td><h4><em><strong>Cuatrimestre<\/strong><\/em><\/h4><\/td>\n  <\/tr>\n  <tr>\n    <td>ALGEBRA Y GEOMETRIA ANALITICA<\/td>\n    <td><p align=\"center\">1<\/p><\/td>\n    <td align=\"center\"><p>Primero<\/p><\/td>\n  <\/tr>\n  <tr>\n    <td>CALCULO I<\/td>\n    <td><p align=\"center\">1<\/p><\/td>\n    <td align=\"center\"><p>Primero<\/p><\/td>\n  <\/tr>\n  <tr>\n    <td>FISICA I<\/td>\n    <td><p align=\"center\">1<\/p><\/td>\n    <td align=\"center\"><p>Primero<\/p><\/td>\n  <\/tr>\n  <tr>\n    <td>SISTEMAS DE REPRESENTACION<\/td>\n    <td><p align=\"center\">1<\/p><\/td>\n    <td align=\"center\"><p>Primero<\/p><\/td>\n  <\/tr>\n  \n  <tr>\n    <td>FUNDAMENTOS DE QUIMICA GENERA<\/td>\n    <td><p align=\"center\">1<\/p><\/td>\n    <td align=\"center\"><p>Segundo<\/p><\/td>\n  <\/tr>\n    <tr>\n    <td>FISICA II<\/td>\n    <td><p align=\"center\">1<\/p><\/td>\n    <td align=\"center\"><p>Segundo<\/p><\/td>\n  <\/tr>\n    <tr>\n    <td>INFORMATICA<\/td>\n    <td><p align=\"center\">1<\/p><\/td>\n    <td align=\"center\"><p>Segundo<\/p><\/td>\n  <\/tr>\n    <tr>\n    <td>CALCULO II<\/td>\n    <td><p align=\"center\">1<\/p><\/td>\n    <td align=\"center\"><p>Segundo<\/p><\/td>\n  <\/tr>\n    <tr>\n    <td>ELEMENTOS DE ALGEBRA LINEAL<\/td>\n    <td><p align=\"center\">1<\/p><\/td>\n    <td align=\"center\"><p>Segundo<\/p><\/td>\n  <\/tr>\n    <tr>\n    <td>GEOGRAFIA FISICA Y GEOMORFOLOGIA<\/td>\n    <td><p align=\"center\">2<\/p><\/td>\n    <td align=\"center\"><p>Primero<\/p><\/td>\n  <\/tr>\n    <tr>\n    <td>CALCULO III<\/td>\n    <td><p align=\"center\">2<\/p><\/td>\n    <td align=\"center\"><p>Primero<\/p><\/td>\n  <\/tr>\n    <tr>\n    <td>FISICA III<\/td>\n    <td><p align=\"center\">2<\/p><\/td>\n    <td align=\"center\">Primero<\/td>\n  <\/tr>\n    <tr>\n    <td> LABORATORIO DE FISICA III<\/td>\n    <td><p align=\"center\">2<\/p><\/td>\n    <td align=\"center\">Primero<\/td>\n  <\/tr>\n  <tr>\n    <td>TOPOGRAFIA I<\/td>\n    <td><p align=\"center\">2<\/p><\/td>\n    <td align=\"center\">Primero<\/td>\n  <\/tr>\n  <tr>\n    <td>CALCULO IV<\/td>\n    <td><p align=\"center\">2<\/p><\/td>\n    <td align=\"center\">Segundo<\/td>\n  <\/tr>\n  <tr>\n    <td>PROBABILIDAD Y ESTADISTICA<\/td>\n    <td><p align=\"center\">2<\/p><\/td>\n    <td align=\"center\">Segundo<\/td>\n  <\/tr>\n  <tr>\n    <td>TOPOGRAFIA II<\/td>\n    <td><p align=\"center\">2<\/p><\/td>\n    <td align=\"center\">Segundo<\/td>\n  <\/tr>\n  <tr>\n    <td>DIBUJO CARTOGRAFICO<\/td>\n    <td><p align=\"center\">2<\/p><\/td>\n    <td align=\"center\">Segundo<\/td>\n  <\/tr>\n  <tr>\n    <td>TEORIA DE ERRORES Y COMPENSACION<\/td>\n    <td><p align=\"center\">3<\/p><\/td>\n    <td align=\"center\">Primero<\/td>\n  <\/tr>\n  <tr>\n    <td>GEOLOGIA GENERAL<\/td>\n    <td><p align=\"center\">3<\/p><\/td>\n    <td align=\"center\">Primero<\/td>\n  <\/tr>\n  <tr>\n    <td>VIAS DE COMUNICACION<\/td>\n    <td><p align=\"center\">3<\/p><\/td>\n    <td align=\"center\">Primero<\/td>\n  <\/tr>\n  <tr>\n    <td>GEODESIA Y ASTRONOMIA DE POSICION<\/td>\n    <td><p align=\"center\">3<\/p><\/td>\n    <td align=\"center\">Primero<\/td>\n  <\/tr>\n  <tr>\n    <td>EXAMEN DE SUFICIENCIA EN IDIOMA INGLES<\/td>\n    <td><p align=\"center\">3<\/p><\/td>\n    <td align=\"center\">Primero<\/td>\n  <\/tr>\n  <tr>\n    <td>CARTOGRAFIA<\/td>\n    <td><p align=\"center\">3<\/p><\/td>\n    <td align=\"center\">Segundo<\/td>\n  <\/tr>\n  <tr>\n    <td>INGENIERIA LEGAL<\/td>\n    <td><p align=\"center\">3<\/p><\/td>\n    <td align=\"center\">Segundo<\/td>\n  <\/tr>\n  <tr>\n    <td>HIDRAULICA<\/td>\n    <td><p align=\"center\">3<\/p><\/td>\n    <td align=\"center\">Segundo<\/td>\n  <\/tr>\n  <tr>\n    <td>HIGIENE Y SEGURIDAD LABORAL<\/td>\n    <td><p align=\"center\">3<\/p><\/td>\n    <td align=\"center\">Segundo<\/td>\n  <\/tr>\n  <tr>\n    <td>FOTOGRAMETRIA<\/td>\n    <td><p align=\"center\">3<\/p><\/td>\n    <td align=\"center\">Segundo<\/td>\n  <\/tr>\n  <tr>\n    <td>GEODESIA GEOMETRICA<\/td>\n    <td><p align=\"center\">4<\/p><\/td>\n    <td align=\"center\">Primero<\/td>\n  <\/tr>\n  <tr>\n    <td>GEOFISICA GENERAL<\/td>\n    <td><p align=\"center\">4<\/p><\/td>\n    <td align=\"center\">Primero<\/td>\n  <\/tr>\n  <tr>\n    <td>GEOLOGIA ESTRUCTURA<\/td>\n    <td><p align=\"center\">4<\/p><\/td>\n    <td align=\"center\">Primero<\/td>\n  <\/tr>\n  <tr>\n    <td>FOTOGRAMETRIA ANALITICA Y DIGITAL I<\/td>\n    <td><p align=\"center\">4<\/p><\/td>\n    <td align=\"center\">Primero<\/td>\n  <\/tr>\n  <tr>\n    <td>CALCULO GEODESICO AVANZADO<\/td>\n    <td><p align=\"center\">4<\/p><\/td>\n    <td align=\"center\">Segundo<\/td>\n  <\/tr>\n  <tr>\n    <td>PROSPECCION SISMICA<\/td>\n    <td><p align=\"center\">4<\/p><\/td>\n    <td align=\"center\">Segundo<\/td>\n  <\/tr>\n  <tr>\n    <td>SISTEMAS DE INFORMACION GEOGRAFICO<\/td>\n    <td><p align=\"center\">4<\/p><\/td>\n    <td align=\"center\">Segundo<\/td>\n  <\/tr>\n  <tr>\n    <td>GEOTECNIA<\/td>\n    <td><p align=\"center\">4<\/p><\/td>\n    <td align=\"center\">Segundo<\/td>\n  <\/tr>\n  <tr>\n    <td>SENSORES REMOTOS<\/td>\n    <td><p align=\"center\">4<\/p><\/td>\n    <td align=\"center\">Segundo<\/td>\n  <\/tr>\n  <tr>\n    <td>GEODESIA FISICA<\/td>\n    <td><p align=\"center\">5<\/p><\/td>\n    <td align=\"center\">Primero<\/td>\n  <\/tr>\n  <tr>\n    <td>PROSPECCION GRAVIMETRICA Y MAGNETICA<\/td>\n    <td><p align=\"center\">5<\/p><\/td>\n    <td align=\"center\">Primero<\/td>\n  <\/tr>\n  <tr>\n    <td>FOTOGRAMETRIA ANALITICA Y DIGITAL II<\/td>\n    <td><p align=\"center\">5<\/p><\/td>\n    <td align=\"center\">Primero<\/td>\n  <\/tr>\n  <tr>\n    <td>ECONOM\u00cdA<\/td>\n    <td><p align=\"center\">5<\/p><\/td>\n    <td align=\"center\">Primero<\/td>\n  <\/tr>\n  <tr>\n    <td>LEVANTAMIENTO TERRITORIAL<\/td>\n    <td><p align=\"center\">5<\/p><\/td>\n    <td align=\"center\">Primero<\/td>\n  <\/tr>\n  <tr>\n    <td>PROSPECCION GEOELECTRICA<\/td>\n    <td><p align=\"center\">5<\/p><\/td>\n    <td align=\"center\">Segundo<\/td>\n  <\/tr>\n  <tr>\n    <td>TECNOLOGIA SATELITAL Y GEODINAMICA<\/td>\n    <td><p align=\"center\">5<\/p><\/td>\n    <td align=\"center\">Segundo<\/td>\n  <\/tr>\n  <tr>\n    <td>URBANISMO Y GESTION AMBIENTAL<\/td>\n    <td><p align=\"center\">5<\/p><\/td>\n    <td align=\"center\">Segundo<\/td>\n  <\/tr>\n  <tr>\n    <td>PROYECTO FINAL<\/td>\n    <td><p align=\"center\">5<\/p><\/td>\n    <td align=\"center\">Segundo<\/td>\n  <\/tr>\n  <tr>\n    <td>ASIGNATURA ELECTIVA<\/td>\n    <td><p align=\"center\">5<\/p><\/td>\n    <td align=\"center\">Segundo<\/td>\n  <\/tr>\n  <tr>\n    <td>PRACTICA PROFESIONAL SUPERVISADA<\/td>\n    <td><p align=\"center\">5<\/p><\/td>\n    <td align=\"center\">Segundo<\/td>\n  <\/tr>\n  \n  <\/table>\n\n<table width=\"300\" border=\"0\">\n<tr>\n    <td align=\"center\">HIDROGEOLOGIA<\/td>\n        <td align=\"center\">Electiva<\/td>\n  <\/tr>\n  <tr>\n    <td align=\"center\">TOPOGRAFIA III<\/td>\n        <td align=\"center\">Electiva<\/td>\n  <\/tr>\n<\/table>\n\n<\/div>\n\t\t<\/div><div id=\"panel-50-0-0-1\" class=\"so-panel widget widget_circleicon-widget\" data-index=\"1\" >\t\t<div class=\"circle-icon-box circle-icon-position-top circle-icon-hide-box circle-icon-size-small\">\n\t\t\t<div class=\"circle-icon-wrapper\">\n\t\t\t\t\t\t\t\t<div class=\"circle-icon\" >\n\t\t\t\t\t<div class=\"fa fa-book\" ><\/div>\t\t\t\t<\/div>\n\t\t\t\t\t\t\t<\/div>\n\n\t\t\t\t\t\t<h4 style=\"color: #1e73be\">Perfil Laboral<\/h4>\t\t\t\n\t\t\t<p class=\"text\" ><p style=\"text-align:justify\">La carrera prepara profesionales capaces de desarrollar herramientas tecnol\u00f3gicas que permiten describir y representar la superficie terrestre, dise\u00f1ando las estructuras geom\u00e9tricas, l\u00f3gicas, anal\u00edticas y computacionales necesarias vali\u00e9ndose de la m\u00e1s avanzada tecnolog\u00eda disponible.<\/p>  <p style=\"text-align:justify\">La vinculaci\u00f3n de la Geof\u00edsica hacia la meta profesional aporta el conocimiento de los fen\u00f3menos que tienen lugar en el interior de la Tierra. <\/p> <p style=\"text-align:justify\">Involucra el conocimiento de fen\u00f3menos f\u00edsicos derivados del campo gravitacional, del campo magn\u00e9tico y muy especialmente de las ondas s\u00edsmicas, proveyendo de informaci\u00f3n que tiene como meta la seguridad de los asentamientos humanos y de sus obras civiles ante eventuales terremotos.<\/p><\/p>\t\t\t\t\t<\/div>\n\t\t<\/div><div id=\"panel-50-0-0-2\" class=\"so-panel widget widget_circleicon-widget panel-last-child\" data-index=\"2\" >\t\t<div class=\"circle-icon-box circle-icon-position-top circle-icon-hide-box circle-icon-size-small\">\n\t\t\t<div class=\"circle-icon-wrapper\">\n\t\t\t\t\t\t\t\t<div class=\"circle-icon\" >\n\t\t\t\t\t<div class=\"fa fa-building-o\" ><\/div>\t\t\t\t<\/div>\n\t\t\t\t\t\t\t<\/div>\n\n\t\t\t\t\t\t<h4 style=\"color: #1e73be\">Salida Laboral<\/h4>\t\t\t\n\t\t\t<p class=\"text\" ><p style=\"text-align:left\">- Prospecci\u00f3n geof\u00edsica en todas sus formas y sistemas: s\u00edsmica, gravim\u00e9trica, magn\u00e9tica, geoel\u00e9ctrica, etc.<\/p><p style=\"text-align:left\">- Estudio e interpretaci\u00f3n de las manifestaciones f\u00edsicas de la tierra. Trabajos de oceanograf\u00eda f\u00edsica e hidrograf\u00eda.<\/p><p style=\"text-align:left\">- Levantamientos geod\u00e9sicos especiales.<\/p><p style=\"text-align:left\">- Levantamientos topogr\u00e1ficos.<\/p><p style=\"text-align:left\">- Fotogrametr\u00eda. Cartograf\u00eda, mediciones geod\u00e9sicas necesarias para las actividades anteriores. <\/p><\/p>\t\t\t\t\t<\/div>\n\t\t<\/div><\/div><\/div><\/div>","protected":false},"excerpt":{"rendered":"<p>Asignaturas A\u00f1o Cuatrimestre ALGEBRA Y GEOMETRIA ANALITICA 1 Primero CALCULO I 1 Primero FISICA I 1 Primero SISTEMAS DE REPRESENTACION 1 Primero FUNDAMENTOS DE QUIMICA GENERA 1 Segundo FISICA II 1 Segundo INFORMATICA 1 Segundo CALCULO II 1 Segundo ELEMENTOS DE ALGEBRA LINEAL 1 Segundo GEOGRAFIA FISICA Y GEOMORFOLOGIA 2 Primero CALCULO III 2 Primero [&hellip;]<\/p>\n","protected":false},"author":1,"featured_media":0,"parent":0,"menu_order":0,"comment_status":"closed","ping_status":"closed","template":"home-panels.php","meta":[],"_links":{"self":[{"href":"https:\/\/www.facet.unt.edu.ar\/geodesia-geofisica\/wp-json\/wp\/v2\/pages\/50"}],"collection":[{"href":"https:\/\/www.facet.unt.edu.ar\/geodesia-geofisica\/wp-json\/wp\/v2\/pages"}],"about":[{"href":"https:\/\/www.facet.unt.edu.ar\/geodesia-geofisica\/wp-json\/wp\/v2\/types\/page"}],"author":[{"embeddable":true,"href":"https:\/\/www.facet.unt.edu.ar\/geodesia-geofisica\/wp-json\/wp\/v2\/users\/1"}],"replies":[{"embeddable":true,"href":"https:\/\/www.facet.unt.edu.ar\/geodesia-geofisica\/wp-json\/wp\/v2\/comments?post=50"}],"version-history":[{"count":29,"href":"https:\/\/www.facet.unt.edu.ar\/geodesia-geofisica\/wp-json\/wp\/v2\/pages\/50\/revisions"}],"predecessor-version":[{"id":630,"href":"https:\/\/www.facet.unt.edu.ar\/geodesia-geofisica\/wp-json\/wp\/v2\/pages\/50\/revisions\/630"}],"wp:attachment":[{"href":"https:\/\/www.facet.unt.edu.ar\/geodesia-geofisica\/wp-json\/wp\/v2\/media?parent=50"}],"curies":[{"name":"wp","href":"https:\/\/api.w.org\/{rel}","templated":true}]}}