{"id":509,"date":"2022-10-10T17:40:52","date_gmt":"2022-10-10T20:40:52","guid":{"rendered":"https:\/\/www.facet.unt.edu.ar\/geodesia-geofisica\/?page_id=509"},"modified":"2024-09-14T12:12:16","modified_gmt":"2024-09-14T15:12:16","slug":"documentacion","status":"publish","type":"page","link":"https:\/\/www.facet.unt.edu.ar\/geodesia-geofisica\/documentacion\/","title":{"rendered":"Documentaci\u00f3n"},"content":{"rendered":"<div id=\"pl-509\"  class=\"panel-layout\" ><div id=\"pg-509-0\"  class=\"panel-grid panel-no-style\" ><div id=\"pgc-509-0-0\"  class=\"panel-grid-cell\" ><div id=\"panel-509-0-0-0\" class=\"so-panel widget widget_sow-editor panel-first-child\" data-index=\"0\" ><div\n\t\t\t\n\t\t\tclass=\"so-widget-sow-editor so-widget-sow-editor-base\"\n\t\t\t\n\t\t><h3 class=\"widget-title\">Calendario Acad\u00e9mico FACET - UNT<\/h3>\n<div class=\"siteorigin-widget-tinymce textwidget\">\n\t<p>Consulta las fechas de comienzo y finalizaci\u00f3n de clases, fechas de ex\u00e1menes y m\u00e1s haciendo en el siguiente documento <a href=\"https:\/\/www.facet.unt.edu.ar\/geodesia-geofisica\/wp-content\/uploads\/sites\/12\/2023\/12\/Calendario-2024_Resolucion_RES_FACET__DDAC_5348_2023.pdf\">Calendario-2024_Resolucion_RES_FACET__DDAC_5348_2023<\/a><\/p>\n<\/div>\n<\/div><\/div><div id=\"panel-509-0-0-1\" class=\"so-panel widget widget_sow-editor panel-last-child\" data-index=\"1\" ><div\n\t\t\t\n\t\t\tclass=\"so-widget-sow-editor so-widget-sow-editor-base\"\n\t\t\t\n\t\t><h3 class=\"widget-title\">Becas de posgrado FACET - UNT<\/h3>\n<div class=\"siteorigin-widget-tinymce textwidget\">\n\t<p>Consulta sobre becas de posgrado haciendo click <a href=\"https:\/\/www.facet.unt.edu.ar\/facetinforma\/category\/becas-de-posgrado\/\">Aqu\u00ed<\/a><\/p>\n<\/div>\n<\/div><\/div><\/div><div id=\"pgc-509-0-1\"  class=\"panel-grid-cell\" ><div id=\"panel-509-0-1-0\" class=\"so-panel widget widget_text panel-first-child\" data-index=\"2\" ><h3 class=\"widget-title\">Ley de Educaci\u00f3n Superior<\/h3>\t\t\t<div class=\"textwidget\"><p><a href=\"https:\/\/www.facet.unt.edu.ar\/geodesia-geofisica\/wp-content\/uploads\/sites\/12\/2022\/10\/Ley-24521-de-Educacion-Superior.pdf\">Ley N\u00b0 24521\/1995<\/a><\/p>\n<\/div>\n\t\t<\/div><div id=\"panel-509-0-1-1\" class=\"so-panel widget widget_text panel-last-child\" data-index=\"3\" ><h3 class=\"widget-title\">Estatuto de la Universidad Nacional de Tucum\u00e1n<\/h3>\t\t\t<div class=\"textwidget\"><p><a href=\"https:\/\/www.facet.unt.edu.ar\/geodesia-geofisica\/wp-content\/uploads\/sites\/12\/2022\/10\/estatuto_UNT.pdf\">Estatuto UNT &#8211; 1995<\/a><\/p>\n<\/div>\n\t\t<\/div><\/div><\/div><div id=\"pg-509-1\"  class=\"panel-grid panel-no-style\" ><div id=\"pgc-509-1-0\"  class=\"panel-grid-cell\" ><div id=\"panel-509-1-0-0\" class=\"so-panel widget widget_sow-editor panel-first-child panel-last-child\" data-index=\"4\" ><div\n\t\t\t\n\t\t\tclass=\"so-widget-sow-editor so-widget-sow-editor-base\"\n\t\t\t\n\t\t><h3 class=\"widget-title\">Resoluci\u00f3n N\u00b0 10979\/2024 mediante la cu\u00e1l se designan directores y miembros de la comisi\u00f3n acad\u00e9mica de la carrera Ingenier\u00eda Geod\u00e9sica y Geof\u00edsica<\/h3>\n<div class=\"siteorigin-widget-tinymce textwidget\">\n\t<p><a href=\"https:\/\/www.facet.unt.edu.ar\/geodesia-geofisica\/wp-content\/uploads\/sites\/12\/2024\/09\/RES-FACET-DGAD-10979-2024.pdf\">RES - FACET - DGAD - 10979 - 2024<\/a><\/p>\n<\/div>\n<\/div><\/div><\/div><div id=\"pgc-509-1-1\"  class=\"panel-grid-cell\" ><div id=\"panel-509-1-1-0\" class=\"so-panel widget widget_sow-editor panel-first-child panel-last-child\" data-index=\"5\" ><div\n\t\t\t\n\t\t\tclass=\"so-widget-sow-editor so-widget-sow-editor-base\"\n\t\t\t\n\t\t><h3 class=\"widget-title\">Buscador de Resoluciones de la FACET - UNT<\/h3>\n<div class=\"siteorigin-widget-tinymce textwidget\">\n\t<p>Podr\u00e1s buscar las resoluciones por n\u00famero o contenido haciendo click <a href=\"https:\/\/www.facet.unt.edu.ar\/resoluciones\/\">Aqu\u00ed<\/a><\/p>\n<\/div>\n<\/div><\/div><\/div><\/div><\/div>","protected":false},"excerpt":{"rendered":"<p>Consulta las fechas de comienzo y finalizaci\u00f3n de clases, fechas de ex\u00e1menes y m\u00e1s haciendo en el siguiente documento Calendario-2024_Resolucion_RES_FACET__DDAC_5348_2023 Consulta sobre becas de posgrado haciendo click Aqu\u00ed Ley N\u00b0 24521\/1995 Estatuto UNT &#8211; 1995 RES &#8211; FACET &#8211; DGAD &#8211; 10979 &#8211; 2024 Podr\u00e1s buscar las resoluciones por n\u00famero o contenido haciendo click Aqu\u00ed<\/p>\n","protected":false},"author":123491,"featured_media":0,"parent":0,"menu_order":0,"comment_status":"closed","ping_status":"closed","template":"home-panels.php","meta":[],"_links":{"self":[{"href":"https:\/\/www.facet.unt.edu.ar\/geodesia-geofisica\/wp-json\/wp\/v2\/pages\/509"}],"collection":[{"href":"https:\/\/www.facet.unt.edu.ar\/geodesia-geofisica\/wp-json\/wp\/v2\/pages"}],"about":[{"href":"https:\/\/www.facet.unt.edu.ar\/geodesia-geofisica\/wp-json\/wp\/v2\/types\/page"}],"author":[{"embeddable":true,"href":"https:\/\/www.facet.unt.edu.ar\/geodesia-geofisica\/wp-json\/wp\/v2\/users\/123491"}],"replies":[{"embeddable":true,"href":"https:\/\/www.facet.unt.edu.ar\/geodesia-geofisica\/wp-json\/wp\/v2\/comments?post=509"}],"version-history":[{"count":19,"href":"https:\/\/www.facet.unt.edu.ar\/geodesia-geofisica\/wp-json\/wp\/v2\/pages\/509\/revisions"}],"predecessor-version":[{"id":666,"href":"https:\/\/www.facet.unt.edu.ar\/geodesia-geofisica\/wp-json\/wp\/v2\/pages\/509\/revisions\/666"}],"wp:attachment":[{"href":"https:\/\/www.facet.unt.edu.ar\/geodesia-geofisica\/wp-json\/wp\/v2\/media?parent=509"}],"curies":[{"name":"wp","href":"https:\/\/api.w.org\/{rel}","templated":true}]}}