{"id":81,"date":"2014-06-25T17:52:52","date_gmt":"2014-06-25T20:52:52","guid":{"rendered":"https:\/\/www.facet.unt.edu.ar\/geodesia-geofisica\/?page_id=81"},"modified":"2024-09-14T09:56:45","modified_gmt":"2024-09-14T12:56:45","slug":"docentes","status":"publish","type":"page","link":"https:\/\/www.facet.unt.edu.ar\/geodesia-geofisica\/docentes\/","title":{"rendered":"Institucional"},"content":{"rendered":"<p align=\"justify\">Las carreras tienen un Director de Carrera, una Comisi\u00f3n Acad\u00e9mica y un Claustro de Carrera formado por los docentes que realizan actividad docente en el marco del plan de estudios de las mismas. El Director tiene la funci\u00f3n de coordinar el desarrollo del plan de estudio y las actividades conexas, adem\u00e1s de controlar la ejecuci\u00f3n del mismo. Preside la Comisi\u00f3n Acad\u00e9mica y el Claustro de Carrera e integra el Consejo de Directores de Carrera de la Facultad, que es un \u00f3rgano asesor del Consejo Directivo.<\/p>\n<p align=\"justify\">El Consejo de Directores de Carrera se encuentra org\u00e1nicamente comprendido en la Secretar\u00eda Acad\u00e9mica de la Facultad y tiene por finalidad informar sobre la marcha de las carreras, plantear las dificultades y las modificaciones reglamentarias que sean aconsejadas desde las Comisiones acad\u00e9micas.<\/p>\n<p align=\"justify\">La normativa de la instituci\u00f3n y la unidad acad\u00e9mica imponen el perfil que debe tener el decano, jefes de departamentos, Director de Carrera y miembros de la Comisi\u00f3n Acad\u00e9mica que aseguran que tengan antecedentes compatibles con las responsabilidades de los cargos que ejercen y las responsabilidades est\u00e9n claramente establecidas sin que haya exceso de las mismas que atente contra su normal cumplimiento.<\/p>\n<p align=\"justify\">La comisi\u00f3n est\u00e1 conformada, seg\u00fan <a href=\"https:\/\/www.facet.unt.edu.ar\/geodesia-geofisica\/wp-content\/uploads\/sites\/12\/2024\/09\/RES-FACET-DGAD-10979-2024.pdf\">Resol. N\u00b0 10979\/2024<\/a>, por:<\/p>\n<p style=\"color: #08116b;\"><strong style=\"font-style: inherit;\"><strong>Directores de la Carrera:<\/strong><\/strong><\/p>\n<p style=\"color: #373737;\">Directora: Ing. Sandra M\u00f3nica Corral &#8211; Correo: scorral@herrera.unt.edu.ar<\/p>\n<p>Director Alterno: Dr. Jos\u00e9 Luis Vacaflor &#8211; Correo: jvacaflor@herrera.unt.edu.ar<\/p>\n<p style=\"color: #08116b;\"><strong style=\"font-style: inherit;\"><strong>Comisi\u00f3n Acad\u00e9mica:<\/strong><\/strong><\/p>\n<p><span style=\"text-decoration: underline;\">Docentes por estamento de Titulares y Asociados<\/span><\/p>\n<p>Titulares: Dr. Jos\u00e9 Luis Vacaflor &#8211; Mg. Jos\u00e9 Rodolfo Golbach<\/p>\n<p>Suplentes: Ing. Federico Augusto Navarro<\/p>\n<p><span style=\"text-decoration: underline;\">Docentes por estamento Adjuntos<\/span><\/p>\n<p>Titulares: Ing. Guillermo Federico Odstrcil &#8211; Ing. Carlos Ernesto Valdez<\/p>\n<p>Suplentes: Dr. Jorge Marcelo Durand &#8211; Ing. Ra\u00fal Sebasti\u00e1n Guti\u00e9rrez<\/p>\n<p><span style=\"text-decoration: underline;\">Docentes por estamento Jefes de Trabajos Pr\u00e1cticos y Aux. Docentes Graduados<\/span><\/p>\n<p>Titulares: Ing. Roxana del Valle Villacorta &#8211; Ing. Mar\u00eda Fernanda Graneros<\/p>\n<p>Suplentes: Ing. Mar\u00eda Emlia \u00cd\u00f1igo Mart\u00ednez &#8211; Ing. Santiago Adolfo Baez<\/p>\n","protected":false},"excerpt":{"rendered":"<p>Las carreras tienen un Director de Carrera, una Comisi\u00f3n Acad\u00e9mica y un Claustro de Carrera formado por los docentes que realizan actividad docente en el marco del plan de estudios de las mismas. El Director tiene la funci\u00f3n de coordinar el desarrollo del plan de estudio y las actividades conexas, adem\u00e1s de controlar la ejecuci\u00f3n [&hellip;]<\/p>\n","protected":false},"author":9,"featured_media":0,"parent":0,"menu_order":0,"comment_status":"closed","ping_status":"closed","template":"home-panels.php","meta":[],"_links":{"self":[{"href":"https:\/\/www.facet.unt.edu.ar\/geodesia-geofisica\/wp-json\/wp\/v2\/pages\/81"}],"collection":[{"href":"https:\/\/www.facet.unt.edu.ar\/geodesia-geofisica\/wp-json\/wp\/v2\/pages"}],"about":[{"href":"https:\/\/www.facet.unt.edu.ar\/geodesia-geofisica\/wp-json\/wp\/v2\/types\/page"}],"author":[{"embeddable":true,"href":"https:\/\/www.facet.unt.edu.ar\/geodesia-geofisica\/wp-json\/wp\/v2\/users\/9"}],"replies":[{"embeddable":true,"href":"https:\/\/www.facet.unt.edu.ar\/geodesia-geofisica\/wp-json\/wp\/v2\/comments?post=81"}],"version-history":[{"count":31,"href":"https:\/\/www.facet.unt.edu.ar\/geodesia-geofisica\/wp-json\/wp\/v2\/pages\/81\/revisions"}],"predecessor-version":[{"id":665,"href":"https:\/\/www.facet.unt.edu.ar\/geodesia-geofisica\/wp-json\/wp\/v2\/pages\/81\/revisions\/665"}],"wp:attachment":[{"href":"https:\/\/www.facet.unt.edu.ar\/geodesia-geofisica\/wp-json\/wp\/v2\/media?parent=81"}],"curies":[{"name":"wp","href":"https:\/\/api.w.org\/{rel}","templated":true}]}}