{"id":93,"date":"2014-08-23T21:01:46","date_gmt":"2014-08-24T00:01:46","guid":{"rendered":"https:\/\/www.facet.unt.edu.ar\/geodesia-geofisica\/home\/"},"modified":"2023-05-29T12:13:21","modified_gmt":"2023-05-29T15:13:21","slug":"home","status":"publish","type":"page","link":"https:\/\/www.facet.unt.edu.ar\/geodesia-geofisica\/","title":{"rendered":"Inicio"},"content":{"rendered":"<div id=\"pl-93\"  class=\"panel-layout\" ><div id=\"pg-93-0\"  class=\"panel-grid panel-has-style\" ><div class=\"wide-grey panel-row-style panel-row-style-for-93-0\" ><div id=\"pgc-93-0-0\"  class=\"panel-grid-cell\" ><div id=\"panel-93-0-0-0\" class=\"so-panel widget widget_headline-widget panel-first-child panel-last-child\" data-index=\"0\" >\t\t<h1>Ingenier\u00eda Geod\u00e9sica y Geof\u00edsica<\/h1>\n\t\t<div class=\"decoration\"><div class=\"decoration-inside\"><\/div><\/div>\n\t\t<h3>Se pretende formar principalmente profesionales de la ingenier\u00eda que posean, con un nivel de excelencia, amplios conocimientos sobre dos geociencias fundamentales: La Geodesia y la Geof\u00edsica, y sus respectivas aplicaciones e interconexiones con otras ciencias.  Profesional no solo con conocimientos cient\u00edficos-t\u00e9cnicos espec\u00edficos sino adem\u00e1s poseedor de una \u00e9tica comprometida con las necesidades fundamentales de nuestro pueblo y de la humanidad toda.  Se busca que sea un agente activo de progreso y que favorezca al mejoramiento de la calidad de la vida humana, al uso racional de los recursos energ\u00e9ticos y a la preservaci\u00f3n del medio ambiente, y que instrumente sus conocimientos en forma l\u00facida y equilibrada ponderando adecuadamente todos los factores que est\u00e9n comprometidos en las actividades anteriormente descriptas.<\/h3>\n\t\t<\/div><\/div><\/div><\/div><div id=\"pg-93-1\"  class=\"panel-grid panel-no-style\" ><div id=\"pgc-93-1-0\"  class=\"panel-grid-cell\" ><div id=\"panel-93-1-0-0\" class=\"so-panel widget widget_circleicon-widget panel-first-child panel-last-child\" data-index=\"1\" >\t\t<div class=\"circle-icon-box circle-icon-position-top circle-icon-hide-box circle-icon-size-small\">\n\t\t\t<div class=\"circle-icon-wrapper\">\n\t\t\t\t\t\t\t\t<div class=\"circle-icon icon-style-set\" style=\"background-image: url(https:\/\/www.facet.unt.edu.ar\/ingreso-facet\/)\">\n\t\t\t\t\t<div class=\"fa fa-pencil-square-o icon-color-set\" ><\/div>\t\t\t\t<\/div>\n\t\t\t\t\t\t\t<\/div>\n\n\t\t\t\t\t\t<h4 >Ingreso e Inscripciones<\/h4>\t\t\t\n\t\t\t<p class=\"text\" >Aqu\u00ed encontrar\u00e1s informaci\u00f3n respecto al ingreso e inscripciones en la Facultad de Ciencias Exactas y Tecnolog\u00eda de la UNT. Si ten\u00e9s alguna duda sobre las instancias del ingreso, env\u00eda mail a ingresofacet@herrera.unt.edu.ar<\/p>\t\t\t\t\t\t\t<a href=\"https:\/\/www.facet.unt.edu.ar\/ingreso-facet\/\" class=\"more-button\" target=\"_blank\">Ingreso <i><\/i><\/a>\n\t\t\t\t\t<\/div>\n\t\t<\/div><\/div><div id=\"pgc-93-1-1\"  class=\"panel-grid-cell\" ><div id=\"panel-93-1-1-0\" class=\"so-panel widget widget_circleicon-widget panel-first-child panel-last-child\" data-index=\"2\" >\t\t<div class=\"circle-icon-box circle-icon-position-top circle-icon-hide-box circle-icon-size-small\">\n\t\t\t<div class=\"circle-icon-wrapper\">\n\t\t\t\t\t\t\t\t<div class=\"circle-icon icon-style-set\" style=\"background-image: url(https:\/\/www.facet.unt.edu.ar\/geodesia-geofisica\/plan-de-estudios\/)\">\n\t\t\t\t\t<div class=\"fa fa-check-circle-o icon-color-set\" ><\/div>\t\t\t\t<\/div>\n\t\t\t\t\t\t\t<\/div>\n\n\t\t\t\t\t\t<h4 >Plan de Estudios<\/h4>\t\t\t\n\t\t\t<p class=\"text\" >El plan de estudios se encuentra organizado en 5 (cinco) a\u00f1os y tiene estructura modular. Los m\u00f3dulos son de duraci\u00f3n cuatrimestral, con una extensi\u00f3n de 16 semanas, respondiendo a la reglamentaci\u00f3n aprobada por la Facultad para todas las carreras de ingenier\u00eda. Est\u00e1 compuesto por 44 asignaturas obligatorias, 1 asignatura electiva, 1 pr\u00e1ctica profesional supervisada y 1 proyecto final.<\/p>\t\t\t\t\t\t\t<a href=\"https:\/\/www.facet.unt.edu.ar\/geodesia-geofisica\/plan-de-estudios\/\" class=\"more-button\" target=\"_blank\">Ver Plan de Estudios <i><\/i><\/a>\n\t\t\t\t\t<\/div>\n\t\t<\/div><\/div><div id=\"pgc-93-1-2\"  class=\"panel-grid-cell\" ><div id=\"panel-93-1-2-0\" class=\"so-panel widget widget_circleicon-widget panel-first-child panel-last-child\" data-index=\"3\" >\t\t<div class=\"circle-icon-box circle-icon-position-top circle-icon-hide-box circle-icon-size-small\">\n\t\t\t<div class=\"circle-icon-wrapper\">\n\t\t\t\t\t\t\t\t<div class=\"circle-icon icon-style-set\" style=\"background-image: url(https:\/\/www.facet.unt.edu.ar\/calendario-academico-facet\/)\">\n\t\t\t\t\t<div class=\"fa fa-clock-o icon-color-set\" ><\/div>\t\t\t\t<\/div>\n\t\t\t\t\t\t\t<\/div>\n\n\t\t\t\t\t\t<h4 >Calendario Acad\u00e9mico FACET &#8211; UNT<\/h4>\t\t\t\n\t\t\t<p class=\"text\" >Consulta las fechas de comienzo y finalizaci\u00f3n de clases, fechas de ex\u00e1menes y m\u00e1s.<\/p>\t\t\t\t\t\t\t<a href=\"https:\/\/www.facet.unt.edu.ar\/calendario-academico-facet\/\" class=\"more-button\" target=\"_blank\">Ver Calendario Acad\u00e9mico <i><\/i><\/a>\n\t\t\t\t\t<\/div>\n\t\t<\/div><\/div><\/div><div id=\"pg-93-2\"  class=\"panel-grid panel-no-style\" ><div id=\"pgc-93-2-0\"  class=\"panel-grid-cell\" ><div id=\"panel-93-2-0-0\" class=\"so-panel widget widget_media_video panel-first-child panel-last-child\" data-index=\"4\" ><h3 class=\"widget-title\">Ing. Sergio Sosa, Docente de la carrera de Ingenier\u00eda en Geodesia y Geof\u00edsica<\/h3><div style=\"width:100%;\" class=\"wp-video\"><!--[if lt IE 9]><script>document.createElement('video');<\/script><![endif]-->\n<video class=\"wp-video-shortcode\" id=\"video-93-1\" preload=\"metadata\" controls=\"controls\"><source type=\"video\/youtube\" src=\"https:\/\/youtu.be\/QtdQXqPjke4?_=1\" \/><a href=\"https:\/\/youtu.be\/QtdQXqPjke4\">https:\/\/youtu.be\/QtdQXqPjke4<\/a><\/video><\/div><\/div><\/div><div id=\"pgc-93-2-1\"  class=\"panel-grid-cell\" ><div id=\"panel-93-2-1-0\" class=\"so-panel widget widget_text panel-first-child\" data-index=\"5\" ><h3 class=\"widget-title\">Global Geodetic Observing System<\/h3>\t\t\t<div class=\"textwidget\">GGOS is the Global Geodetic Observing System and was initiated in July 2003. It is a component of the International Association of Geodesy (IAG), which is the organization responsible for the advancement of Geodesy. The IAG and therefore GGOS are parts of the International Union of Geodesy and Geophysics (IUGG).<br \/>\n\n<p align=\"center\"><a href=\"https:\/\/ggos.org\/\" target=\"_blank\" rel=\"noopener\"><img src=\"https:\/\/www.facet.unt.edu.ar\/geodesia-geofisica\/wp-content\/uploads\/sites\/12\/2022\/07\/GGOS_Logo_Website_100dpi-1024x273-1.png\" width=\"230\" height=\"230\" \/><\/a><\/p><\/div>\n\t\t<\/div><div id=\"panel-93-2-1-1\" class=\"so-panel widget widget_text panel-last-child\" data-index=\"6\" >\t\t\t<div class=\"textwidget\">ASOCIACI\u00d3N ARGENTINA DE<br \/>GEOF\u00cdSICOS Y GEODESTAS (AAGG).<br \/>\n<p align=\"center\"><a href=\"http:\/\/www.aagg.org.ar\/\" target=\"_blank\" rel=\"noopener\"><img src=\"https:\/\/www.facet.unt.edu.ar\/geodesia-geofisica\/wp-content\/uploads\/sites\/12\/2019\/08\/aagg.jpg\"  \/><\/a><\/p>\n<\/div>\n\t\t<\/div><\/div><\/div><div id=\"pg-93-3\"  class=\"panel-grid panel-no-style\" ><div id=\"pgc-93-3-0\"  class=\"panel-grid-cell panel-grid-cell-empty\" ><\/div><div id=\"pgc-93-3-1\"  class=\"panel-grid-cell\" ><div id=\"panel-93-3-1-0\" class=\"so-panel widget widget_text panel-first-child panel-last-child\" data-index=\"7\" ><h3 class=\"widget-title\">The Society of Exploration Geophysicists<\/h3>\t\t\t<div class=\"textwidget\">The Society of Exploration Geophysicists (SEG) is a global not-for-profit organization with a mission of connecting the world of applied geophysics.<br \/>\n\n<p align=\"center\"><a href=\"https:\/\/seg.org\/Default.aspx?TabId=176&language=en-US\" target=\"_blank\" rel=\"noopener\"><img src=\"https:\/\/www.facet.unt.edu.ar\/geodesia-geofisica\/wp-content\/uploads\/sites\/12\/2022\/07\/SEG-logo-name.png\" width=\"230\" height=\"230\" \/><\/a><\/p><\/div>\n\t\t<\/div><\/div><\/div><div id=\"pg-93-4\"  class=\"panel-grid panel-no-style\" ><div id=\"pgc-93-4-0\"  class=\"panel-grid-cell\" ><div id=\"panel-93-4-0-0\" class=\"so-panel widget widget_text panel-first-child panel-last-child\" data-index=\"8\" ><h3 class=\"widget-title\">P\u00e1gina Relacionadas<\/h3>\t\t\t<div class=\"textwidget\"><p><b>Ingreso e inscripciones<\/b><\/p>\n<p>\n<a href=\"https:\/\/www.facet.unt.edu.ar\/ingreso-facet\/\" target=\"_blank\" rel=\"noopener\">Ingreso<\/a><\/p>\n<p><b>Sitios de la Facultad de Ciencias Exactas y Tecnolog\u00eda - UNT<\/b><\/p>\n<p>\n<a href=\"https:\/\/www.facet.unt.edu.ar\/dpto-geodesia-topografia\" target=\"_blank\" rel=\"noopener\">Departamento de Geodesia y Topograf\u00eda<\/a><br \/>\n<a href=\"https:\/\/www.facet.unt.edu.ar\/agrimensura\/\" target=\"_blank\" rel=\"noopener\">Ingeniero Agrimensor<\/a><br \/>\n<a href=\"http:\/\/catedras.facet.unt.edu.ar\/geofisica\" target=\"_blank\" rel=\"noopener\">C\u00e1tedra de Geof\u00edsica<\/a><\/p>\n<p><b>Sitios de Inter\u00e9s<\/b><\/p>\n<p>\n<a href=\"https:\/\/ggos.org\/\" target=\"_blank\" rel=\"noopener\">Global Geodetic Observing System (GGOS) of the International Association of Geodesy (IAG)<\/a><br \/>\n<a href=\"https:\/\/www.sirgas.org\/es\/sirgas-definition\/\" target=\"_blank\" rel=\"noopener\">Sistema de Referencia Geoc\u00e9ntrico para las Am\u00e9ricas (SIRGAS)<\/a><br \/>\n<a href=\"https:\/\/www.ign.gob.ar\/\" target=\"_blank\" rel=\"noopener\">Instituto Geogr\u00e1fico Nacional (IGN)<\/a><br \/>\n<a href=\"http:\/\/www.aagg.org.ar\/index.php\" target=\"_blank\" rel=\"noopener\">ASOCIACI\u00d3N ARGENTINA DE GEOF\u00cdSICOS Y GEODESTAS (AAGG)<\/a><br \/>\n<a href=\"https:\/\/seg.org\/\" target=\"_blank\" rel=\"noopener\">Society of Exploration Geophysicists (SEG)<\/a><br \/>\n<a href=\"https:\/\/wiki.seg.org\/wiki\/Cap%C3%ADtulo_estudiantil_de_la_Universidad_Nacional_de_Tucum%C3%A1n\" target=\"_blank\" rel=\"noopener\">The SEG Student Chapter UNT<\/a><br \/>\n<a href=\"https:\/\/es-la.facebook.com\/AsociacionArgentinaDeGeologosYGeofisicosPetroleros\/\" target=\"_blank\" rel=\"noopener\">Asociaci\u00f3n Argentina de Ge\u00f3logos y Geof\u00edsicos Petroleros (AAGGP)<\/a><\/p>\n<\/div>\n\t\t<\/div><\/div><\/div><\/div>","protected":false},"excerpt":{"rendered":"<p>Ingenier\u00eda Geod\u00e9sica y Geof\u00edsica Se pretende formar principalmente profesionales de la ingenier\u00eda que posean, con un nivel de excelencia, amplios conocimientos sobre dos geociencias fundamentales: La Geodesia y la Geof\u00edsica, y sus respectivas aplicaciones e interconexiones con otras ciencias. Profesional no solo con conocimientos cient\u00edficos-t\u00e9cnicos espec\u00edficos sino adem\u00e1s poseedor de una \u00e9tica comprometida con las [&hellip;]<\/p>\n","protected":false},"author":9,"featured_media":0,"parent":0,"menu_order":0,"comment_status":"closed","ping_status":"closed","template":"home-panels.php","meta":[],"_links":{"self":[{"href":"https:\/\/www.facet.unt.edu.ar\/geodesia-geofisica\/wp-json\/wp\/v2\/pages\/93"}],"collection":[{"href":"https:\/\/www.facet.unt.edu.ar\/geodesia-geofisica\/wp-json\/wp\/v2\/pages"}],"about":[{"href":"https:\/\/www.facet.unt.edu.ar\/geodesia-geofisica\/wp-json\/wp\/v2\/types\/page"}],"author":[{"embeddable":true,"href":"https:\/\/www.facet.unt.edu.ar\/geodesia-geofisica\/wp-json\/wp\/v2\/users\/9"}],"replies":[{"embeddable":true,"href":"https:\/\/www.facet.unt.edu.ar\/geodesia-geofisica\/wp-json\/wp\/v2\/comments?post=93"}],"version-history":[{"count":183,"href":"https:\/\/www.facet.unt.edu.ar\/geodesia-geofisica\/wp-json\/wp\/v2\/pages\/93\/revisions"}],"predecessor-version":[{"id":621,"href":"https:\/\/www.facet.unt.edu.ar\/geodesia-geofisica\/wp-json\/wp\/v2\/pages\/93\/revisions\/621"}],"wp:attachment":[{"href":"https:\/\/www.facet.unt.edu.ar\/geodesia-geofisica\/wp-json\/wp\/v2\/media?parent=93"}],"curies":[{"name":"wp","href":"https:\/\/api.w.org\/{rel}","templated":true}]}}