{"id":112,"date":"2025-10-01T18:45:28","date_gmt":"2025-10-01T21:45:28","guid":{"rendered":"https:\/\/www.facet.unt.edu.ar\/gipimo\/?page_id=112"},"modified":"2026-03-17T22:36:45","modified_gmt":"2026-03-18T01:36:45","slug":"distribucion-de-sitios-gipimo","status":"publish","type":"page","link":"https:\/\/www.facet.unt.edu.ar\/gipimo\/distribucion-de-sitios-gipimo\/","title":{"rendered":"Distribuci\u00f3n de Sitios de GIPIMO"},"content":{"rendered":"<p>Seleccione en el mapa el sitio que desea conocer<\/p>\n<div class=\"contenedor\">\n<img decoding=\"async\" loading=\"lazy\" class=\"alignnone size-full wp-image-220\" src=\"https:\/\/www.facet.unt.edu.ar\/gipimo\/wp-content\/uploads\/sites\/105\/2026\/01\/Mapa.jpeg\" alt=\"Mapa de distribuci\u00f3n de sitios del proyecto GIPIMO\" width=\"1152\" height=\"648\" \/><br \/>\n<a href=\"http:\/\/gipimo.ddns.net\/lavnet-zac\/\" target=\"_blank\" rel=\"noopener\"><\/p>\n<div class=\"recuadro-zac recuadros\" data-top=\"234\" data-right=\"550\"><\/div>\n<p><\/a><br \/>\n<a href=\"http:\/\/gipimo.ddns.net\/lavnet-unam\/\" target=\"_blank\" rel=\"noopener\"><\/p>\n<div class=\"recuadro-unam recuadros\"><\/div>\n<p><\/a><br \/>\n<a href=\"http:\/\/gipimo.ddns.net\/lavnet-arg\/\" target=\"_blank\" rel=\"noopener\"><\/p>\n<div class=\"recuadro-facet recuadros\"><\/div>\n<p><\/a><br \/>\n<a href=\"http:\/\/gipimo.ddns.net\/lavnet-chile\/\" target=\"_blank\" rel=\"noopener\"><\/p>\n<div class=\"recuadro-unach recuadros\"><\/div>\n<p><\/a>\n<\/div>\n<p><i>Mapa de distribuci\u00f3n de sitios del proyecto GIPIMO<\/i><\/p>\n<p><strong>Lista de distribuci\u00f3n de sitios del proyecto GIPIMO<\/strong><\/p>\n<ul>\n<li><a href=\"http:\/\/gipimo.ddns.net\/lavnet-arg\/\" target=\"_blank\" rel=\"noopener\">LAVNet-Ar<\/a><\/li>\n<li><a href=\"http:\/\/gipimo.ddns.net\/lavnet-zac\/\" target=\"_blank\" rel=\"noopener\">LAVNet-UAZ-Mx<\/a><\/li>\n<li><a href=\"http:\/\/gipimo.ddns.net\/lavnet-unam\/\" target=\"_blank\" rel=\"noopener\">LAVNet-CDM-Mx<\/a><\/li>\n<li><a href=\"http:\/\/gipimo.ddns.net\/lavnet-chile\/\" target=\"_blank\" rel=\"noopener\">LAVNet-Cl<\/a><\/li>\n<\/ul>\n<p><a href=\"https:\/\/www.facet.unt.edu.ar\/gipimo\/creditos\/\">Cr\u00e9ditos de p\u00e1gina principal y sitios web del grupo<\/a><\/p>\n","protected":false},"excerpt":{"rendered":"<p>Seleccione en el mapa el sitio que desea conocer Mapa de distribuci\u00f3n de sitios del proyecto GIPIMO Lista de distribuci\u00f3n de sitios del proyecto GIPIMO LAVNet-Ar LAVNet-UAZ-Mx LAVNet-CDM-Mx LAVNet-Cl Cr\u00e9ditos de p\u00e1gina principal y sitios web del grupo<\/p>\n","protected":false},"author":123530,"featured_media":0,"parent":0,"menu_order":0,"comment_status":"closed","ping_status":"closed","template":"","meta":[],"_links":{"self":[{"href":"https:\/\/www.facet.unt.edu.ar\/gipimo\/wp-json\/wp\/v2\/pages\/112"}],"collection":[{"href":"https:\/\/www.facet.unt.edu.ar\/gipimo\/wp-json\/wp\/v2\/pages"}],"about":[{"href":"https:\/\/www.facet.unt.edu.ar\/gipimo\/wp-json\/wp\/v2\/types\/page"}],"author":[{"embeddable":true,"href":"https:\/\/www.facet.unt.edu.ar\/gipimo\/wp-json\/wp\/v2\/users\/123530"}],"replies":[{"embeddable":true,"href":"https:\/\/www.facet.unt.edu.ar\/gipimo\/wp-json\/wp\/v2\/comments?post=112"}],"version-history":[{"count":57,"href":"https:\/\/www.facet.unt.edu.ar\/gipimo\/wp-json\/wp\/v2\/pages\/112\/revisions"}],"predecessor-version":[{"id":296,"href":"https:\/\/www.facet.unt.edu.ar\/gipimo\/wp-json\/wp\/v2\/pages\/112\/revisions\/296"}],"wp:attachment":[{"href":"https:\/\/www.facet.unt.edu.ar\/gipimo\/wp-json\/wp\/v2\/media?parent=112"}],"curies":[{"name":"wp","href":"https:\/\/api.w.org\/{rel}","templated":true}]}}