{"id":1036,"date":"2015-02-12T09:35:42","date_gmt":"2015-02-12T12:35:42","guid":{"rendered":"https:\/\/www.facet.unt.edu.ar\/iest\/?page_id=1036"},"modified":"2026-02-07T07:20:45","modified_gmt":"2026-02-07T10:20:45","slug":"gutierrez-sergio-e","status":"publish","type":"page","link":"https:\/\/www.facet.unt.edu.ar\/iest\/integrantes\/gutierrez-sergio-e\/","title":{"rendered":"GUTI\u00c9RREZ Sergio E."},"content":{"rendered":"<h2>Mg. Ing. GUTI\u00c9RREZ Sergio Eduardo<\/h2>\n<div>\n<table style=\"width: 750px; border-color: #ffffff;\">\n<tbody>\n<tr>\n<td style=\"width: 350px; height: 300px; border-color: #ffffff; text-align: center; vertical-align: middle;\"><img decoding=\"async\" loading=\"lazy\" class=\"alignnone wp-image-1912\" src=\"https:\/\/www.facet.unt.edu.ar\/iest\/wp-content\/uploads\/sites\/22\/2017\/12\/S-Gutierrez-814x1024.jpg\" alt=\"\" width=\"278\" height=\"350\" srcset=\"https:\/\/www.facet.unt.edu.ar\/iest\/wp-content\/uploads\/sites\/22\/2017\/12\/S-Gutierrez-814x1024.jpg 814w, https:\/\/www.facet.unt.edu.ar\/iest\/wp-content\/uploads\/sites\/22\/2017\/12\/S-Gutierrez-239x300.jpg 239w, https:\/\/www.facet.unt.edu.ar\/iest\/wp-content\/uploads\/sites\/22\/2017\/12\/S-Gutierrez-768x966.jpg 768w, https:\/\/www.facet.unt.edu.ar\/iest\/wp-content\/uploads\/sites\/22\/2017\/12\/S-Gutierrez.jpg 1591w\" sizes=\"(max-width: 278px) 100vw, 278px\" \/><\/td>\n<td style=\"width: 400px; height: 300px; border-color: #ffffff; vertical-align: top;\">\n<p style=\"padding-left: 30px;\"><span style=\"font-size: 12pt; font-family: 'times new roman', times;\">Instituto de Estructuras \u201cIng. Arturo M. Guzm\u00e1n\u201d<\/span><\/p>\n<p style=\"padding-left: 30px;\"><span style=\"font-size: 12pt; font-family: 'times new roman', times;\"><a href=\"https:\/\/www.facet.unt.edu.ar\/dcyoc\/\" target=\"_blank\" rel=\"noopener\">Dpto. de Construcciones y Obras Civiles<\/a><\/span><\/p>\n<p style=\"padding-left: 30px;\"><span style=\"font-size: 12pt; font-family: 'times new roman', times;\"><a href=\"https:\/\/www.facet.unt.edu.ar\/\" target=\"_blank\" rel=\"noopener\">Facultad de Ciencias Exactas y Tecnolog\u00eda<\/a><\/span><\/p>\n<p style=\"padding-left: 30px;\"><span style=\"font-size: 12pt; font-family: 'times new roman', times;\"><a href=\"http:\/\/www.unt.edu.ar\/\" target=\"_blank\" rel=\"noopener\">Universidad Nacional de Tucum\u00e1n<\/a><\/span><\/p>\n<p style=\"padding-left: 30px;\"><span style=\"font-size: 12pt; font-family: 'times new roman', times;\">Av. Independencia 1800 \u2013 CP 4000<\/span><\/p>\n<p style=\"padding-left: 30px;\"><span style=\"font-size: 12pt; font-family: 'times new roman', times;\">San Miguel de Tucum\u00e1n, Tucum\u00e1n, Argentina<\/span><\/p>\n<p style=\"padding-left: 30px;\"><span style=\"font-size: 12pt; font-family: 'times new roman', times;\">Tel\/Fax Lab.: +54 (0) 381 4364087<\/span><\/p>\n<p style=\"padding-left: 30px;\"><span style=\"font-size: 12pt; font-family: 'times new roman', times;\">e-mail: sgutierrez@herrera.unt.edu.ar<\/span><\/p>\n<\/td>\n<\/tr>\n<\/tbody>\n<\/table>\n<\/div>\n<div>\n<h2>T\u00edtulos<\/h2>\n<ul>\n<li style=\"text-align: justify;\">Ingeniero Civil (Orientaci\u00f3n Estructuras), A\u00f1o 1986, Facultad de Ciencias Exactas y Tecnolog\u00eda, Universidad Nacional de Tucum\u00e1n.<\/li>\n<li style=\"text-align: justify;\">Magister en Ingenier\u00eda Estructural, A\u00f1o 1994, Facultad de Ciencias Exactas y Tecnolog\u00eda, Universidad Nacional de Tucum\u00e1n.<\/li>\n<\/ul>\n<h2>Docencia<\/h2>\n<p><strong>Carrera de Grado<\/strong><\/p>\n<ul>\n<li style=\"text-align: justify;\">Profesor Titular Dedicaci\u00f3n Exclusiva, Designaci\u00f3n interina, en el \u00c1rea Teor\u00eda de la Estructuras, C\u00e1tedra \u201cEstabilidad IV\u201d de la Carrera de Ingenier\u00eda Civil. Resoluci\u00f3n N\u00ba RES-FACET-DDA-14908\/2025 , Facultad de Ciencias Exactas y Tecnolog\u00eda, UNT. A partir del 21 de Agosto de 2025.<\/li>\n<li style=\"text-align: justify;\">Profesor Asociado Dedicaci\u00f3n Exclusiva, Designaci\u00f3n por consurso, en el \u00c1rea Teor\u00eda de la Estructuras, C\u00e1tedra \u201cEstabilidad IV\u201d de la Carrera de Ingenier\u00eda Civil. Resoluci\u00f3n N\u00ba 977-2010, Facultad de Ciencias Exactas y Tecnolog\u00eda, UNT. Desde de Octubre de 2010 a Agosto 2025.<\/li>\n<li style=\"text-align: justify;\">Profesor Adjunto Dedicaci\u00f3n Exclusiva en el \u00c1rea Teor\u00eda de la Estructuras y \u00c1rea del Dimensionado con funciones en C\u00e1tedras \u201cEstabilidad IV\u201d y \u201cHormig\u00f3n III &#8211; Puentes\u201d. Plan de Estudios 1996 de la Carrera de Ingenier\u00eda Civil. Resoluci\u00f3n N\u00ba 1700-001 Rectorado. UNT. Facultad de Ciencias Exactas y Tecnolog\u00eda. Desde 01 de Marzo de 2000 a Octubre 2010.<\/li>\n<li style=\"text-align: justify;\">Jefe de Trabajos Pr\u00e1cticos Dedicaci\u00f3n Exclusiva. C\u00e1tedras &#8220;Ensayo de Estructuras&#8221; y &#8220;Elasticidad Aplicada&#8221;. Facultad de Ciencias Exactas y Tecnolog\u00eda &#8211; U.N.T. Desde Agosto de 1994 hasta Febrero 2000.<\/li>\n<li style=\"text-align: justify;\">Auxiliar Docente de 1ra. Categor\u00eda Semidedicaci\u00f3n. C\u00e1tedra &#8220;Ensayo de Estructuras&#8221;. Facultad de Ciencias Exactas y Tecnolog\u00eda &#8211; U.N.T. Desde Noviembre de 1987 hasta Diciembre de 1993.<\/li>\n<\/ul>\n<p><strong>Posgrado<\/strong><\/p>\n<ul>\n<li style=\"text-align: justify;\">Profesor del Curso de Posgrado \u201cAn\u00e1lisis Matricial de Estructuras\u201d en la Maestr\u00eda en Ingenier\u00eda Estructural. Instituto de Estructuras, UNT. A partir de 2005.<\/li>\n<\/ul>\n<p><strong>Programa de Categorizaci\u00f3n<\/strong><\/p>\n<ul>\n<li style=\"text-align: justify;\">Categor\u00eda 2, seg\u00fan el R\u00e9gimen Legal del Programa de Incentivos a docentes investigadores de Universidades Nacionales del Ministerio de Eduaci\u00f3n de la Naci\u00f3n, Secretar\u00eda de Pol\u00edticas Universitarias. Octubre 2012.<\/li>\n<\/ul>\n<h2>Proyectos de Investigaci\u00f3n<\/h2>\n<ul>\n<li style=\"text-align: justify;\">Efecto de la Redistribuci\u00f3n de Tensi\u00f3n producida por la Fluencia Lenta y la Retracci\u00f3n en el Estado L\u00edmite Ultimo de Columnas Esbeltas de Hormig\u00f3n Armado. Lehrstuhl f\u00fcr Massivbau, Technische Universit\u00e4t M\u00fcnchen, Alemania. Octubre 1991 &#8211; Septiembre 1993.<\/li>\n<li style=\"text-align: justify;\">An\u00e1lisis Tiempo Dependiente de Deformaci\u00f3n y Tensi\u00f3n en Secciones Parcialmente Pretensadas. Tesis para la obtenci\u00f3n del T\u00edtulo de Magister en Ingenier\u00eda Estructural. Lehrstuhl f\u00fcr Massivbau, Technische Universit\u00e4t M\u00fcnchen, Alemania. Octubre 1991 &#8211; Septiembre 1993. Laboratorio de Estructuras de la U.N.T. Desde Octubre 1993.<\/li>\n<li style=\"text-align: justify;\">Estructuras de Hormig\u00f3n Armado y Pretensado. Nro. 48. Director: Ing. Roberto O. Cudmani. Financiado por el CIUNT. Desde 1992 al 1997. Laboratorio de Estructuras. Facultad de Ciencias Exactas y Tecnolog\u00eda. U.N.T.<\/li>\n<li style=\"text-align: justify;\">An\u00e1lisis Te\u00f3rico Computacional y Experimental de Procesos de Falla en Materiales y Estructuras. C\u00f3digo 26\/E117. Director: Dr. Ing. Jos\u00e9 Guillermo Etse. Finaciado por el CIUNT. Per\u00edodo 1998-2000. Facultad de Ciencias Exactas y Tecnolog\u00eda. U.N.T. (Codirector de Proyecto).<\/li>\n<li style=\"text-align: justify;\">An\u00e1lisis y Modelaci\u00f3n Computacional Macromec\u00e1nica del Comportamiento de Materiales Ingenieriles. Desarrollado en el marco del Programa de Investigaci\u00f3n \u201cMECANICA\u201d (Mec\u00e1nica computacional para el An\u00e1lisis No lineal Inel\u00e1stcio de Materiales Cuasifr\u00e1giles y sus Aplicaciones Estructurales). C\u00f3digo 26\/E217. Director Dr. Ing. Jos\u00e9 Guillermo Etse. Finaciado por el CIUNT. Per\u00edodo 2001-2004. Facultad de Ciencias Exactas y Tecnolog\u00eda. U.N.T. (Director de Proyecto).<\/li>\n<li style=\"text-align: justify;\">Estudio Te\u00f3rico-Num\u00e9rico-Experimental de la Falla del Hormig\u00f3n en Modo Mixto. Finaciado por el CIUNT, C\u00f3digo 26\/E313. Per\u00edodo 2005-2007. Facultad de Ciencias Exactas y Tecnolog\u00eda. U.N.T. (Director de Proyecto).<\/li>\n<li style=\"text-align: justify;\">Estudio Te\u00f3rico Experimental y Num\u00e9rico del Comportamiento de Falla de Hormigones Reforzados con Fibras. Financiado por el CIUNT, C\u00f3digo 26\/E449. Per\u00edodo 2008-2012. Director: Dr. Domingo Sfer. Facultad de Ciencias Exactas y Tecnolog\u00eda. U.N.T. (Codirector de Proyecto).<\/li>\n<\/ul>\n<h2>Publicaciones<\/h2>\n<ul>\n<li style=\"text-align: justify;\">Estudio del Comportamiento de Vigas Parcialmente Pretensadas Sometidas a Cargas de Fatiga. Guti\u00e9rrez, Sergio E.; Cudmani, Roberto O. y Danesi, Rodolfo F. Publicado en las Memorias de las XXV Jornadas Sul-Americanas de Engenharia Estructural, Vol.3, Pag. 379-390. Noviembre de 1991. Porto Alegre. Brasil.<\/li>\n<li style=\"text-align: justify;\">Die Auswirkung kriech- und schwindbedingter Spannungsumlagerungen auf die Tragf\u00e4higkeit schlanker Stahlbetonst\u00fctzen (Efecto de la Redistribuci\u00f3n de Tensi\u00f3n producida por la Fluencia Lenta y la Retracci\u00f3n en el Estado L\u00edmite de Columnas Esbeltas de Hormig\u00f3n Armado). Guti\u00e9rrez, Sergio E. Bauingenieur, Band 69, Heft 4, Pag. 143-150. Abril 1994. Springer Verlag, Berlin, Alemania.<\/li>\n<li style=\"text-align: justify;\">Verificaci\u00f3n de Vigas Postesadas sobre la Base del Codigo Europeo EC2, Parte 1. Guti\u00e9rrez, Sergio E. y Cudmani, Roberto O. Publicado en las Memorias de las XXVII Jornadas Sudamericanas de Ingenier\u00eda Estructural, Vol.I, Pag.241-252, Septiembre de 1995. Tucum\u00e1n.<\/li>\n<li style=\"text-align: justify;\">Time-Dependent Analysis of Reinforce and Prestressed Concrete Members. Guti\u00e9rrez, Sergio E. Cudmani, Roberto O. y Danesi, Rodolfo F. ACI Structural Journal, Vol.93,Nro.4, Pag.420-427, Julio-Agosto 1996, Detroit, Michigan, E.E.U.U.<\/li>\n<li style=\"text-align: justify;\">Dise\u00f1o al Corte seg\u00fan ACI y EC2. Guti\u00e9rrez, Sergio E. y Cudmani, Roberto O. Ingenier\u00eda Estructural, Publicaci\u00f3n de la Asociaci\u00f3n de Ingenieros Estructurales. Nro. 9, Pag. 26-30. Septiembre 1996, Buenos Aires.<\/li>\n<li style=\"text-align: justify;\">An\u00e1lisis de Deformaciones Diferidas en Vigas de Hormig\u00f3n Pretensado. Guti\u00e9rrez, Sergio E.; Korn, Michael; Cudmani, Roberto O. Publicado en la Revista CET de Ciencias Exactas y Ingenier\u00eda, U.N.T. Nro. 14. Octubre de 1998.<\/li>\n<li style=\"text-align: justify;\">Elementos Finitos de Placa basados en la Teor\u00eda Micropolar de Cosserat, Guti\u00e9rrez, Sergio E.; Etse, Guillermo. Publicado en el VI Congreso Argentino de Mec\u00e1nica Computacional, MECOM 99, CD, Septiembre de 1999, Mendoza.<\/li>\n<li style=\"text-align: justify;\">Plate Finite Element Formulations based on the Cosserat Micropolar Theory, Guti\u00e9rrez, Sergio E.; Etse, Guillermo. Publicado en European Congress on Computational Methods in Applied Sciences and Engineering, ECCOMAS 2000, CD, Septiembre de 2000, Barcelona, Espa\u00f1a.<\/li>\n<li style=\"text-align: justify;\">Teor\u00eda micropolar para Elementos Finitos de Placa Multicapas, Guti\u00e9rrez, Sergio E.; Etse, Guillermo. Publicado en First South-American Congress on Computational Mechanics, VII Congreso Argentino de Mec\u00e1nica Computacional. MECOM 2002. Santa Fe-Paran\u00e1, Octubre 2002.<\/li>\n<li style=\"text-align: justify;\">Elemento Finito Isoparam\u00e9trico de Placa para Continuos Micropolares Cosserat. Publicado en XIV Congreso sobre m\u00e9todos num\u00e9ricos y sus aplicaciones. ENIEF 2004. San Carlos de Bariloche, Noviembre 2004.<\/li>\n<li style=\"text-align: justify;\">An\u00e1lisis Estructural del Punzonamiento de una Base de Hormig\u00f3n. Sfer, Domingo y Guti\u00e9rrez, Sergio. XIX Jornadas Argentinas de Ingenier\u00eda Estructural. Mar del Plata. 5 al 7 de Octubre 2006.<\/li>\n<li style=\"text-align: justify;\">An\u00e1lisis Te\u00f3rico-Num\u00e9rico de la Falla por Corte del Hormig\u00f3n a trav\u00e9s del Ensayo de Luong. S.E. Guti\u00e9rrez y D. Sfer. ENIEF 2006. XV Congreso sobre M\u00e9todos Num\u00e9ricos y sus Aplicaciones. Santa Fe. 7 al 10 de Noviembre 2006.<\/li>\n<li style=\"text-align: justify;\">Estudio te\u00f3rico experimental del Punzonado en Losas de H\u00baA\u00ba. F. Isla Calderon, D. Sfer y S.E. Gutierrez. XX Jornadas Argentinas de Ingenier\u00eda Estructural. Buenos Aires. 15 al 17 de Octubre de 2008.<\/li>\n<li style=\"text-align: justify;\">Caracterizaci\u00f3n del Hormig\u00f3n Reforzado con Fibras seg\u00fan el Ensayo de Luong. D. Sfer, S.E. Gutierrez, R. Altamirando, P. Diaz. Octavo Encuentro de Investigadores y Profesionales Argentinos de la Construcci\u00f3n, 8-EIPAC 2009, Mendoza. 01 al 04 de Septiembre de 2009.<\/li>\n<li style=\"text-align: justify;\">Evaluaci\u00f3n Num\u00e9rica de la Ductilidad de Pilas de Puentes reparadas con Hormig\u00f3n Reforzado con Fibras. A. Demagistri y S. E. Gutierrez. XXIII Jornadas Argentinas de Ingenier\u00eda Estructural. Buenos Aires. 17 al 19 de Septiembre de 2014.<\/li>\n<\/ul>\n<h2>Formaci\u00f3n de Recursos Humanos<\/h2>\n<p><strong>Tutor en Proyectos Finales en la Carrera de Ingenier\u00eda Civil<\/strong><\/p>\n<ul>\n<li style=\"text-align: justify;\">Dise\u00f1o y C\u00e1lculo de un Puente Carretero de 2 tramos en Hormig\u00f3n Pretensado. Alumno: Jos\u00e9 Ram\u00f3n Gim\u00e9nez. Abril 2002.<\/li>\n<li style=\"text-align: justify;\">Dise\u00f1o y C\u00e1lculo de un Puente de 5 vanos en Hormig\u00f3n Pretensado. Alumno: Ramiro Ignacio Saravia P\u00e9rez. Mayo 2002.<\/li>\n<li style=\"text-align: justify;\">Dise\u00f1o y C\u00e1lculo de un Puente de 2 vanos en Hormig\u00f3n Pretensado Vigas Artesa. Alumnos: Juan Pablo Grassetto y Juan Marcelo Sol\u00eds. Proyecto final para acceder al t\u00edtulo de Ingeniero Civil. FACET, UNT. Diciembre 2004.<\/li>\n<li style=\"text-align: justify;\">An\u00e1lisis te\u00f3rico computacional del comportamiento del hormig\u00f3n solicitado por esfuerzos de corte a trav\u00e9s del Ensayo de Luong. Alumno: Eduardo Mart\u00edn Cortez. Proyecto final para acceder al t\u00edtulo de Ingeniero Civil. FACET, UNT. Octubre 2006.<\/li>\n<li style=\"text-align: justify;\">Dise\u00f1o y C\u00e1lculo de un Puente Atirantado. Alumnos: Fernando L. Rodriguez y Alejandro J. Niklison. Proyecto final para acceder al t\u00edtulo de Ingeniero Civil. FACET, UNT. Noviembre 2006.<\/li>\n<li style=\"text-align: justify;\">An\u00e1lisis Experimental del punzonado en Losas de Hormig\u00f3n Armado. Alumno: Osman Ezequiel Villegas. Proyecto final para acceder al t\u00edtulo de Ingeniero Civil. FACET, UNT. Febrero 2009.<\/li>\n<li style=\"text-align: justify;\">M\u00e9todo de Dise\u00f1o por Capacidad aplicado a Pilas de Puentes Ubicados en Zona S\u00edsmica. Alumna: Mar\u00eda Florencia Daniel. Proyecto final para acceder al t\u00edtulo de Ingeniero Civil. FACET, UNT. Mayo 2012.<\/li>\n<li style=\"text-align: justify;\">Evaluaci\u00f3n Num\u00e9rica de la Ductilidad de Pilas de Puentes con Hormig\u00f3n Reforzado con Fibras. Alumno: Agut\u00edn Demagistri. Proyecto final para acceder al t\u00edtulo de Ingeniero Civil. FACET, UNT. Diciembre 2013.<\/li>\n<\/ul>\n<p><strong>Director de Beca<\/strong><\/p>\n<ul>\n<li style=\"text-align: justify;\">Estudio Te\u00f3rico-Num\u00e9rico de la Falla del Hormig\u00f3n en Modo Mixto. Alumno: Agust\u00edn Aramayo. Carrera de Ingenier\u00eda Civil. Becario Estudiantil de Invetigaci\u00f3n CIUNT. 2005-2006.<\/li>\n<\/ul>\n<h2>Gesti\u00f3n<\/h2>\n<ul>\n<li style=\"text-align: justify;\">Miembro titular de la COMISI\u00d3N ACAD\u00c9MICA de la Carrera de Ingenier\u00eda Civil en representaci\u00f3n de los Profesores. Desde Junio de 2000 a Diciembre de 2002. Resoluci\u00f3n 952\/00.<\/li>\n<li style=\"text-align: justify;\">Miembro de la Sub-Comisi\u00f3n de Estructura Curricular de la Carrera de Ingenier\u00eda Civil durante el proceso de Acreditaci\u00f3n de Carreras de Ingenier\u00eda de la FACET-UNT. Marzo 2003.<\/li>\n<li style=\"text-align: justify;\">Miembro Titular de la Comisi\u00f3n de Prioridades del Departamento de Construcciones y Obras Civiles de la FACET, por los profesores adjuntos a partir de Abril de 2009 a Abril 2011. Resoluci\u00f3n 183\/2009.<\/li>\n<li style=\"text-align: justify;\">Jefe del Departamento de Construcciones y Obras Civiles de la Facultad de Ciencias Exactas y Tecnolog\u00eda de la U.N.T. a partir del 25 de Abril 2011. Resoluci\u00f3n 274\/2011.<\/li>\n<\/ul>\n<h2>Extensi\u00f3n<\/h2>\n<ul>\n<li style=\"text-align: justify;\">Grupo de Colaboradores en la simulaci\u00f3n computacional tridimensional virtual de la mec\u00e1nica del suceso completo investigado en las actuaciones \u201cAtentado a la AMIA\u201d. Instituto de Estructuras \u201cIng. Arturo M. Guzm\u00e1n\u201d, UNT. 2001.<\/li>\n<li style=\"text-align: justify;\">Restauraci\u00f3n Edificio de Tribunales. Pje. Velez Sarsfield 450. San Miguel de Tucum\u00e1n. Convenio Poder Judicial de Tucum\u00e1n \u2013 Instituto de Estructuras de la Universidad Nacional de Tucum\u00e1n. 2002.<\/li>\n<li style=\"text-align: justify;\">Informe T\u00e9cnico &#8211; Estudios Metrol\u00f3gicos y Auscultaci\u00f3n de Patolog\u00edas presentes, en zona de Galer\u00eda Subterr\u00e1nea de Hormig\u00f3n Armado, Pluspetrol, El Bracho, Tucum\u00e1n. Servicio de Asistencia T\u00e9cnica realizado como asesoramiento en el Instituto de Estructuras &#8220;Ing. Arturo M. Guzm\u00e1n&#8221; de la FACET de la U.N.T. por los Ingenieros Carlos Rodriguez y Sergio Guti\u00e9rrez a solicitud de la empresa PLUSPETROL. Noviembre de 2004.<\/li>\n<li style=\"text-align: justify;\">Restauraci\u00f3n Edificio del Poder Judicial de la Provincia de Jujuy. Convenio Poder Judicial de Jujuy \u2013 Instituto de Estructuras de la Universidad Nacional de Tucum\u00e1n. 2004-2005.<\/li>\n<li style=\"text-align: justify;\">Miembro del Grupo Traductor del International Existing Building Code, First Printing: January 2003, traducci\u00f3n del ingl\u00e9s al espa\u00f1ol solicitada por el INTERNATIONAL CODE COUNCIL, INC. al Instituto de Estructuras de la U.N.T. Agosto de 2005 a Marzo 2006.<\/li>\n<li style=\"text-align: justify;\">An\u00e1lisis Computacional del Efecto de Retracci\u00f3n en la Fundaci\u00f3n de la Turbina SMTUVTV1, Planta Generadora de Energ\u00eda Pluspetrol Energy S.A., El Bracho &#8211; Provincia de Tucum\u00e1n. Instituto de Estructuras de la U.N.T. Diciembre 2006.<\/li>\n<\/ul>\n<\/div>\n","protected":false},"excerpt":{"rendered":"<p>Mg. Ing. GUTI\u00c9RREZ Sergio Eduardo Instituto de Estructuras \u201cIng. Arturo M. Guzm\u00e1n\u201d Dpto. de Construcciones y Obras Civiles Facultad de Ciencias Exactas y Tecnolog\u00eda Universidad Nacional de Tucum\u00e1n Av. Independencia 1800 \u2013 CP 4000 San Miguel de Tucum\u00e1n, Tucum\u00e1n, Argentina Tel\/Fax Lab.: +54 (0) 381 4364087 e-mail: sgutierrez@herrera.unt.edu.ar T\u00edtulos Ingeniero Civil (Orientaci\u00f3n Estructuras), A\u00f1o 1986, [&hellip;]<\/p>\n","protected":false},"author":20,"featured_media":0,"parent":142,"menu_order":8,"comment_status":"closed","ping_status":"closed","template":"","meta":[],"_links":{"self":[{"href":"https:\/\/www.facet.unt.edu.ar\/iest\/wp-json\/wp\/v2\/pages\/1036"}],"collection":[{"href":"https:\/\/www.facet.unt.edu.ar\/iest\/wp-json\/wp\/v2\/pages"}],"about":[{"href":"https:\/\/www.facet.unt.edu.ar\/iest\/wp-json\/wp\/v2\/types\/page"}],"author":[{"embeddable":true,"href":"https:\/\/www.facet.unt.edu.ar\/iest\/wp-json\/wp\/v2\/users\/20"}],"replies":[{"embeddable":true,"href":"https:\/\/www.facet.unt.edu.ar\/iest\/wp-json\/wp\/v2\/comments?post=1036"}],"version-history":[{"count":26,"href":"https:\/\/www.facet.unt.edu.ar\/iest\/wp-json\/wp\/v2\/pages\/1036\/revisions"}],"predecessor-version":[{"id":3174,"href":"https:\/\/www.facet.unt.edu.ar\/iest\/wp-json\/wp\/v2\/pages\/1036\/revisions\/3174"}],"up":[{"embeddable":true,"href":"https:\/\/www.facet.unt.edu.ar\/iest\/wp-json\/wp\/v2\/pages\/142"}],"wp:attachment":[{"href":"https:\/\/www.facet.unt.edu.ar\/iest\/wp-json\/wp\/v2\/media?parent=1036"}],"curies":[{"name":"wp","href":"https:\/\/api.w.org\/{rel}","templated":true}]}}