{"id":1052,"date":"2015-03-05T20:51:41","date_gmt":"2015-03-05T23:51:41","guid":{"rendered":"https:\/\/www.facet.unt.edu.ar\/iest\/?page_id=1052"},"modified":"2021-02-24T18:02:12","modified_gmt":"2021-02-24T21:02:12","slug":"benito-raul-damaso","status":"publish","type":"page","link":"https:\/\/www.facet.unt.edu.ar\/iest\/integrantes\/benito-raul-damaso\/","title":{"rendered":"BENITO Ra\u00fal D\u00e1maso (redirecciona)"},"content":{"rendered":"<p><META HTTP-EQUIV=\"REFRESH\" CONTENT=\"0;URL=https:\/\/www.facet.unt.edu.ar\/iest\/\"><\/p>\n<h2>Ing. BENITO Ra\u00fal D\u00e1maso<\/h2>\n<div>\n<table style=\"width: 800px; border-color: #ffffff;\">\n<tbody>\n<tr>\n<td style=\"width: 350px; height: 300px; border-color: #ffffff; vertical-align: middle;\">\u00a0<img decoding=\"async\" loading=\"lazy\" class=\"alignright wp-image-1056\" src=\"https:\/\/www.facet.unt.edu.ar\/iest\/wp-content\/uploads\/sites\/22\/2015\/03\/rbenito.jpg\" alt=\"rbenito\" width=\"300\" height=\"300\" srcset=\"https:\/\/www.facet.unt.edu.ar\/iest\/wp-content\/uploads\/sites\/22\/2015\/03\/rbenito.jpg 163w, https:\/\/www.facet.unt.edu.ar\/iest\/wp-content\/uploads\/sites\/22\/2015\/03\/rbenito-150x150.jpg 150w\" sizes=\"(max-width: 300px) 100vw, 300px\" \/><\/td>\n<td style=\"width: 400px; height: 300px; border-color: #ffffff; vertical-align: top;\">\n<p style=\"padding-left: 30px;\"><span style=\"font-size: 12pt; font-family: 'times new roman', times;\">Instituto de Estructuras \u201cIng. Arturo M. Guzm\u00e1n\u201d<\/span><\/p>\n<p style=\"padding-left: 30px;\"><span style=\"font-size: 12pt; font-family: 'times new roman', times;\"><a href=\"https:\/\/www.facet.unt.edu.ar\/dcyoc\/\" target=\"_blank\" rel=\"noopener noreferrer\">Dpto. de Construcciones y Obras Civiles<\/a><\/span><\/p>\n<p style=\"padding-left: 30px;\"><span style=\"font-size: 12pt; font-family: 'times new roman', times;\"><a href=\"https:\/\/www.facet.unt.edu.ar\/\" target=\"_blank\" rel=\"noopener noreferrer\">Facultad de Ciencias Exactas y Tecnolog\u00eda<\/a><\/span><\/p>\n<p style=\"padding-left: 30px;\"><span style=\"font-size: 12pt; font-family: 'times new roman', times;\"><a href=\"http:\/\/www.unt.edu.ar\/\" target=\"_blank\" rel=\"noopener noreferrer\">Universidad Nacional de Tucum\u00e1n<\/a><\/span><\/p>\n<p style=\"padding-left: 30px;\"><span style=\"font-size: 12pt; font-family: 'times new roman', times;\">Av. Independencia 1800 \u2013 CP 4000<\/span><\/p>\n<p style=\"padding-left: 30px;\"><span style=\"font-size: 12pt; font-family: 'times new roman', times;\">San Miguel de Tucum\u00e1n, Tucum\u00e1n, Argentina<\/span><\/p>\n<p style=\"padding-left: 30px;\"><span style=\"font-size: 12pt; font-family: 'times new roman', times;\">Tel\/Fax Lab.: +54 (0) 381 4364087<\/span><\/p>\n<p style=\"padding-left: 30px;\"><span style=\"font-size: 12pt; font-family: 'times new roman', times;\">e-mail: rbenito@herrera.unt.edu.ar;\u00a0<\/span><span style=\"font-size: 12pt; font-family: 'times new roman', times, serif;\">rbyasoc2@hotmail.com<\/span><\/p>\n<\/td>\n<\/tr>\n<\/tbody>\n<\/table>\n<h3>FORMACION Y DISTINCIONES ACADEMICAS<\/h3>\n<ul>\n<li style=\"text-align: justify;\">Formaci\u00f3n de grado: Ingeniero Civil orientaci\u00f3n Estructuras de la Facultad de Ciencias Exactas y Tecnolog\u00eda de la Universidad Nacional de Tucum\u00e1n.<\/li>\n<li style=\"text-align: justify;\">Formaci\u00f3n de posgrado: Especializaci\u00f3n en Patolog\u00eda de las Construcciones, Imperial College of Science, Technology and Medicine de Londres, a\u00f1os 1993 y 1994.<\/li>\n<li style=\"text-align: justify;\">Miembro del Instituto de Construcciones y Estructuras de la Academia Nacional de Ingenier\u00eda de la Rep\u00fablica Argentina.<\/li>\n<\/ul>\n<h3>DOCENCIA<\/h3>\n<ul>\n<li style=\"text-align: justify;\">Profesor Titular semidedicaci\u00f3n desde el 1 de noviembre de 2006 a la fecha.<\/li>\n<li style=\"text-align: justify;\">Profesor en la Carrera de Posgrado Magister y Doctorado en Ingenier\u00eda Estructural desde el a\u00f1o acad\u00e9mico 1986 a la fecha, en la disciplina An\u00e1lisis Experimental de Estructuras.<\/li>\n<li style=\"text-align: justify;\">Director de Tesis de Magister y Doctorado en Ingenier\u00eda Estructural desde el a\u00f1o 1986 a la fecha.<\/li>\n<\/ul>\n<h3>INVESTIGACION<\/h3>\n<ul>\n<li style=\"text-align: justify;\">Participaci\u00f3n en proyectos y\/o equipos de investigaci\u00f3n:<br \/>\nInvestigador del Programa N\u00b0 48 de Ciencia y T\u00e9cnica de la U.N.T. desde el a\u00f1o 1977 al 94. Investigador del CIUNT categor\u00eda III.<\/li>\n<li style=\"text-align: justify;\">Subsidios para investigaci\u00f3n recibidos:<br \/>\nDe la subsecretar\u00eda de Ciencia y T\u00e9cnica de la Naci\u00f3n y del Consejo Nacional de Investigaciones Cient\u00edficas y T\u00e9cnicas.<\/li>\n<li style=\"text-align: justify;\">Direcci\u00f3n de proyectos y\/o equipos de investigaci\u00f3n:<br \/>\nDirector del Proyecto CIUNT Corte en hormig\u00f3n pretensado, a\u00f1o 1977 a 1980. Director del Proyecto SECYT Estructuras de hormig\u00f3n pretensado con y sin adherencia posterior entre hormig\u00f3n y acero, a\u00f1o 1981 al 85.<br \/>\nDirector del Proyecto de Reparaci\u00f3n de nudos de p\u00f3rticos de edificios da\u00f1ados por sismos. 1985 al 87.<br \/>\nDirector del Proyecto de Uniones de estructuras prefabricadas bajo carga s\u00edsmica. 1987 al 94.<br \/>\nDirector de Proyecto de Patolog\u00eda Estructural (estructuras da\u00f1adas: auscultaci\u00f3n, diagn\u00f3stico y reparaci\u00f3n). 1995 al 2004.<br \/>\nPublicaciones en revistas nacionales e internacionales: 42 (cuarenta y dos).<br \/>\nDirector del Proyecto CIUNT Evaluaci\u00f3n y Rehabilitaci\u00f3n de Estructuras (2005-08).<\/li>\n<\/ul>\n<ul>\n<li style=\"text-align: justify;\">Coordinador del Laboratorio de Estructuras, del Instituto de Estructuras de la Universidad Nacional de Tucum\u00e1n, a partir de marzo del a\u00f1o 2001 hasta marzo 2007.<\/li>\n<\/ul>\n<h3>EXTENSI\u00d3N<\/h3>\n<p style=\"text-align: justify; padding-left: 60px;\">A trav\u00e9s de convenios entre el Instituto de Estructuras y Empresas constructoras y de prefabricaci\u00f3n de hormig\u00f3n armado y pretensado de la provincia de Tucum\u00e1n. Convenios firmados con la Direcci\u00f3n Nacional de Arquitectura de la Naci\u00f3n, el Poder Judicial de Tucum\u00e1n, el Poder Judicial de Jujuy, Secretar\u00eda de Obras y Servicios P\u00fablicos del Gobierno de la Provincia de Tucum\u00e1n, Gobierno de la Provincia de Catamarca, Instituto Nacional de Prevenci\u00f3n S\u00edsmica, etc..<br \/>\nSe destacan los trabajos encarados en materia de Patolog\u00eda Estructural, como Ingeniero Consultor del Instituto de Estructuras de la UNT. Se cuentan trabajos en esta \u00e1rea en los \u00faltimos 30 a\u00f1os, con equipo t\u00e9cnico e instrumental especialmente preparado a tal fin.<\/p>\n<h3>GESTI\u00d3N<\/h3>\n<ul>\n<li>Miembro del Consejo de Administraci\u00f3n del Laboratorio de Estructuras desde el a\u00f1o 1979 a marzo de 2007.<\/li>\n<li>Miembro del Tribunal evaluador de Concursos de Docentes Auxiliares Graduados, Jefes de Trabajos Pr\u00e1cticos, Profesores Adjuntos, Asociados y Titulares, en los \u00faltimos 35 a\u00f1os.<\/li>\n<li>Jefe del Laboratorio de Estructuras desde la creaci\u00f3n del Instituto de Estructuras (marzo 2001) a marzo de 2007.<\/li>\n<li>Miembro de la Comisi\u00f3n de Prioridades del Departamento de Construcciones y Obras Civiles de la Facultad de Ciencias Exactas y Tecnolog\u00eda, por los Profesores Asociados, per\u00edodo 2001 \u2013 2002.<\/li>\n<li>Miembro de la Comisi\u00f3n de Prioridades del Departamento de Construcciones y Obras Civiles de la Facultad de Ciencias Exactas y Tecnolog\u00eda, por los Profesores Asociados, elegido en Reuni\u00f3n de Claustro para el per\u00edodo 2002 \u2013 2004.<\/li>\n<li>Miembro de la Comisi\u00f3n Acad\u00e9mica del Departamento de Construcciones y Obras Civiles de la Facultad de Ciencias Exactas y Tecnolog\u00eda, por los Profesores Asociados y Titulares, elegido en Reuni\u00f3n de Claustro para el per\u00edodo 2005 \u2013 2007 y de Prioridades, 2012-2016.<\/li>\n<\/ul>\n<h3>ACTIVIDAD PROFESIONAL<\/h3>\n<ul>\n<li style=\"text-align: justify;\">Director de RB &amp; Asociados, Consultora de Ingenier\u00eda, desde el a\u00f1o 1979 hasta la fecha. Autor de numerosos proyectos y obras de ingenier\u00eda: edificios en altura, conjuntos habitacionales, puentes nacionales e internacionales, naves industriales, f\u00e1bricas llave en mano de prefabricaci\u00f3n, terminales de \u00f3mnibus, tanques de grandes dimensiones, t\u00faneles viales, etc..<br \/>\nTrabajos de consultor\u00eda especialmente dedicados a patolog\u00eda de estructuras.<\/li>\n<\/ul>\n<ul style=\"text-align: justify;\">\n<li>Asesor T\u00e9cnico de las siguientes f\u00e1bricas de prefabricaci\u00f3n y pretensado:<br \/>\nTensolite S.A. : F\u00e1brica N\u00b0 1, Tucum\u00e1n, Argentina.<br \/>\nTensolite S.A. : F\u00e1brica N\u00b0 2, Catamarca, Argentina.<br \/>\nTensolite S.A. : F\u00e1brica N\u00b0 3, C\u00f3rdoba, Argentina.<br \/>\nCaixa Construcoes, Cuiab\u00e1, Mato Grosso, Brasil.<\/li>\n<\/ul>\n<ul>\n<li style=\"text-align: justify;\">Asesor de diversas Industrias y F\u00e1bricas del Noroeste Argentino.<\/li>\n<\/ul>\n<\/div>\n","protected":false},"excerpt":{"rendered":"<p>Ing. BENITO Ra\u00fal D\u00e1maso \u00a0 Instituto de Estructuras \u201cIng. Arturo M. Guzm\u00e1n\u201d Dpto. de Construcciones y Obras Civiles Facultad de Ciencias Exactas y Tecnolog\u00eda Universidad Nacional de Tucum\u00e1n Av. Independencia 1800 \u2013 CP 4000 San Miguel de Tucum\u00e1n, Tucum\u00e1n, Argentina Tel\/Fax Lab.: +54 (0) 381 4364087 e-mail: rbenito@herrera.unt.edu.ar;\u00a0rbyasoc2@hotmail.com FORMACION Y DISTINCIONES ACADEMICAS Formaci\u00f3n de grado: [&hellip;]<\/p>\n","protected":false},"author":20,"featured_media":0,"parent":142,"menu_order":100,"comment_status":"closed","ping_status":"closed","template":"","meta":[],"_links":{"self":[{"href":"https:\/\/www.facet.unt.edu.ar\/iest\/wp-json\/wp\/v2\/pages\/1052"}],"collection":[{"href":"https:\/\/www.facet.unt.edu.ar\/iest\/wp-json\/wp\/v2\/pages"}],"about":[{"href":"https:\/\/www.facet.unt.edu.ar\/iest\/wp-json\/wp\/v2\/types\/page"}],"author":[{"embeddable":true,"href":"https:\/\/www.facet.unt.edu.ar\/iest\/wp-json\/wp\/v2\/users\/20"}],"replies":[{"embeddable":true,"href":"https:\/\/www.facet.unt.edu.ar\/iest\/wp-json\/wp\/v2\/comments?post=1052"}],"version-history":[{"count":16,"href":"https:\/\/www.facet.unt.edu.ar\/iest\/wp-json\/wp\/v2\/pages\/1052\/revisions"}],"predecessor-version":[{"id":2804,"href":"https:\/\/www.facet.unt.edu.ar\/iest\/wp-json\/wp\/v2\/pages\/1052\/revisions\/2804"}],"up":[{"embeddable":true,"href":"https:\/\/www.facet.unt.edu.ar\/iest\/wp-json\/wp\/v2\/pages\/142"}],"wp:attachment":[{"href":"https:\/\/www.facet.unt.edu.ar\/iest\/wp-json\/wp\/v2\/media?parent=1052"}],"curies":[{"name":"wp","href":"https:\/\/api.w.org\/{rel}","templated":true}]}}