{"id":1061,"date":"2015-03-10T18:26:14","date_gmt":"2015-03-10T21:26:14","guid":{"rendered":"https:\/\/www.facet.unt.edu.ar\/iest\/?page_id=1061"},"modified":"2018-03-09T00:43:44","modified_gmt":"2018-03-09T03:43:44","slug":"sfer-domingo","status":"publish","type":"page","link":"https:\/\/www.facet.unt.edu.ar\/iest\/integrantes\/sfer-domingo\/","title":{"rendered":"SFER Domingo"},"content":{"rendered":"<h2>Dr. Ing. SFER Domingo<\/h2>\n<div>\n<table style=\"width: 750px; border-color: #ffffff;\">\n<tbody>\n<tr>\n<td style=\"width: 350px; height: 300px; text-align: center; vertical-align: middle; background-color: #ffffff;\"><img decoding=\"async\" loading=\"lazy\" class=\" wp-image-511 alignnone\" src=\"https:\/\/www.facet.unt.edu.ar\/iest\/wp-content\/uploads\/sites\/23\/2015\/03\/foto_cv_1-300x300.jpg\" alt=\"foto_cv_1\" width=\"300\" height=\"300\" \/><\/td>\n<td style=\"width: 400px; height: 300px; border-color: #ffffff; vertical-align: top;\">\n<p style=\"padding-left: 30px;\"><span style=\"font-family: 'times new roman', times; font-size: 12pt;\">Instituto de Estructuras \u201cIng. Arturo M. Guzm\u00e1n\u201d<\/span><\/p>\n<p style=\"padding-left: 30px;\"><a href=\"https:\/\/www.facet.unt.edu.ar\/dcyoc\/\" target=\"_blank\" rel=\"noopener\"><span style=\"font-family: times new roman,times;\">Dpto. de Construcciones y Obras Civiles<\/span><\/a><\/p>\n<p style=\"padding-left: 30px;\"><span style=\"font-family: 'times new roman', times; font-size: 12pt;\"><a href=\"https:\/\/www.facet.unt.edu.ar\/\" target=\"_blank\" rel=\"noopener\">Facultad de Ciencias Exactas y Tecnolog\u00eda<\/a><\/span><\/p>\n<p style=\"padding-left: 30px;\"><span style=\"font-family: 'times new roman', times; font-size: 12pt;\"><a href=\"http:\/\/www.unt.edu.ar\/\" target=\"_blank\" rel=\"noopener\">Universidad Nacional de Tucum\u00e1n<\/a><\/span><\/p>\n<p style=\"padding-left: 30px;\"><span style=\"font-family: 'times new roman', times; font-size: 12pt;\">Av. Independencia 1800 \u2013 CP 4000<\/span><\/p>\n<p style=\"padding-left: 30px;\"><span style=\"font-family: 'times new roman', times; font-size: 12pt;\">San Miguel de Tucum\u00e1n, Tucum\u00e1n, Argentina<\/span><\/p>\n<p style=\"padding-left: 30px;\"><span style=\"font-family: 'times new roman', times; font-size: 12pt;\">Tel\/Fax Lab.: +54 (0) 381 4364087<\/span><\/p>\n<p style=\"padding-left: 30px;\"><span style=\"font-family: 'times new roman', times; font-size: 12pt;\">e-mail: dsfer@herrera.unt.edu.ar<\/span><\/p>\n<\/td>\n<\/tr>\n<\/tbody>\n<\/table>\n<\/div>\n<p>&nbsp;<\/p>\n<h4>T\u00edtulos<\/h4>\n<ul>\n<li>Ingeniero Civil<\/li>\n<li>Doctor en Ingenier\u00eda Estructural<\/li>\n<\/ul>\n<h4>Especialidad<\/h4>\n<ul>\n<li>Teor\u00eda de las Estructuras \/ Hormig\u00f3n<\/li>\n<\/ul>\n<h4>Docencia de Grado<\/h4>\n<ul>\n<li>Profesor Adjunto con Dedicaci\u00f3n Exclusiva en Estabilidad II (Ingenier\u00eda Civil)-Estabilidad de las Construcciones II (Ingenier\u00eda Mec\u00e1nica).<\/li>\n<\/ul>\n<h4>Docencia dePosgrado<\/h4>\n<ul>\n<li>Mec\u00e1nica de los S\u00f3lidos (Mag\u00edster en Ing. Estructural)<\/li>\n<\/ul>\n<h4>Proyectos<\/h4>\n<ul>\n<li>Codirector de un Proyecto de Investigaci\u00f3n del CIUNT<\/li>\n<li>Integrante del grupo responsables de Proyectos de la Agencia (Proyecto PICTO\/ PME\/ PICT)<\/li>\n<\/ul>\n<h4>Investigaci\u00f3n<\/h4>\n<h4>Formaci\u00f3n de Recursos Humanos<\/h4>\n<p><em>Tutor de Proyecto Final de la Carrera de Ingenier\u00eda Civil<\/em><\/p>\n<ul>\n<li>Lucero, Javier Bernardo. An\u00e1lisis Te\u00f3rico Computacional del Comportamiento del Hormig\u00f3n Armado Solicitado por Esfuerzos de Punzonado. Agosto 2010. FACET-UNT.<\/li>\n<li>Isla Calder\u00f3n, Facundo Andres. Estudio Analitico y Experimental de Punzonado. Marzo 2008. FACET-UNT.<\/li>\n<\/ul>\n<p><em>Director de Tesis de Posgrado<\/em><\/p>\n<ul>\n<li>Isas Pedraza, Daniel Rodrigo. En desarrollo.<\/li>\n<\/ul>\n<h4>Transferencias<\/h4>\n<h4>Gesti\u00f3n<\/h4>\n<ul>\n<li>Miembro de Comisi\u00f3n Acad\u00e9mica de la Carrera de Ingenier\u00eda Civil.<\/li>\n<\/ul>\n","protected":false},"excerpt":{"rendered":"<p>Dr. Ing. SFER Domingo Instituto de Estructuras \u201cIng. Arturo M. Guzm\u00e1n\u201d Dpto. de Construcciones y Obras Civiles Facultad de Ciencias Exactas y Tecnolog\u00eda Universidad Nacional de Tucum\u00e1n Av. Independencia 1800 \u2013 CP 4000 San Miguel de Tucum\u00e1n, Tucum\u00e1n, Argentina Tel\/Fax Lab.: +54 (0) 381 4364087 e-mail: dsfer@herrera.unt.edu.ar &nbsp; T\u00edtulos Ingeniero Civil Doctor en Ingenier\u00eda Estructural [&hellip;]<\/p>\n","protected":false},"author":20,"featured_media":0,"parent":142,"menu_order":11,"comment_status":"closed","ping_status":"closed","template":"","meta":[],"_links":{"self":[{"href":"https:\/\/www.facet.unt.edu.ar\/iest\/wp-json\/wp\/v2\/pages\/1061"}],"collection":[{"href":"https:\/\/www.facet.unt.edu.ar\/iest\/wp-json\/wp\/v2\/pages"}],"about":[{"href":"https:\/\/www.facet.unt.edu.ar\/iest\/wp-json\/wp\/v2\/types\/page"}],"author":[{"embeddable":true,"href":"https:\/\/www.facet.unt.edu.ar\/iest\/wp-json\/wp\/v2\/users\/20"}],"replies":[{"embeddable":true,"href":"https:\/\/www.facet.unt.edu.ar\/iest\/wp-json\/wp\/v2\/comments?post=1061"}],"version-history":[{"count":4,"href":"https:\/\/www.facet.unt.edu.ar\/iest\/wp-json\/wp\/v2\/pages\/1061\/revisions"}],"predecessor-version":[{"id":2087,"href":"https:\/\/www.facet.unt.edu.ar\/iest\/wp-json\/wp\/v2\/pages\/1061\/revisions\/2087"}],"up":[{"embeddable":true,"href":"https:\/\/www.facet.unt.edu.ar\/iest\/wp-json\/wp\/v2\/pages\/142"}],"wp:attachment":[{"href":"https:\/\/www.facet.unt.edu.ar\/iest\/wp-json\/wp\/v2\/media?parent=1061"}],"curies":[{"name":"wp","href":"https:\/\/api.w.org\/{rel}","templated":true}]}}