{"id":1064,"date":"2015-03-10T18:32:56","date_gmt":"2015-03-10T21:32:56","guid":{"rendered":"https:\/\/www.facet.unt.edu.ar\/iest\/?page_id=1064"},"modified":"2018-03-09T00:43:06","modified_gmt":"2018-03-09T03:43:06","slug":"perez-gustavo-ariel","status":"publish","type":"page","link":"https:\/\/www.facet.unt.edu.ar\/iest\/integrantes\/perez-gustavo-ariel\/","title":{"rendered":"PEREZ Gustavo Ariel"},"content":{"rendered":"<h2>Dr. Ing. P\u00c9REZ Gustavo Ariel<\/h2>\n<div>\n<table style=\"width: 750px; border-color: #ffffff;\">\n<tbody>\n<tr>\n<td style=\"width: 350px; height: 300px; border-color: #ffffff; text-align: center; vertical-align: middle;\"><img decoding=\"async\" loading=\"lazy\" class=\"alignnone size-medium wp-image-1264\" src=\"https:\/\/www.facet.unt.edu.ar\/iest\/wp-content\/uploads\/sites\/22\/2015\/03\/gperez-300x300.jpg\" alt=\"gperez\" width=\"300\" height=\"300\" srcset=\"https:\/\/www.facet.unt.edu.ar\/iest\/wp-content\/uploads\/sites\/22\/2015\/03\/gperez.jpg 300w, https:\/\/www.facet.unt.edu.ar\/iest\/wp-content\/uploads\/sites\/22\/2015\/03\/gperez-150x150.jpg 150w\" sizes=\"(max-width: 300px) 100vw, 300px\" \/><\/td>\n<td style=\"width: 400px; height: 300px; border-color: #ffffff; vertical-align: top;\">\n<p style=\"padding-left: 30px;\"><span style=\"font-family: 'times new roman', times; font-size: 12pt;\">Instituto de Estructuras \u201cIng. Arturo M. Guzm\u00e1n\u201d<\/span><\/p>\n<p style=\"padding-left: 30px;\"><a href=\"https:\/\/www.facet.unt.edu.ar\/dcyoc\/\" target=\"_blank\" rel=\"noopener\"><span style=\"font-family: times new roman,times;\">Dpto. de Construcciones y Obras Civiles<\/span><\/a><\/p>\n<p style=\"padding-left: 30px;\"><span style=\"font-family: 'times new roman', times; font-size: 12pt;\"><a href=\"https:\/\/www.facet.unt.edu.ar\/\" target=\"_blank\" rel=\"noopener\">Facultad de Ciencias Exactas y Tecnolog\u00eda<\/a><\/span><\/p>\n<p style=\"padding-left: 30px;\"><span style=\"font-family: 'times new roman', times; font-size: 12pt;\"><a href=\"http:\/\/www.unt.edu.ar\/\" target=\"_blank\" rel=\"noopener\">Universidad Nacional de Tucum\u00e1n<\/a><\/span><\/p>\n<p style=\"padding-left: 30px;\"><span style=\"font-family: 'times new roman', times; font-size: 12pt;\">Av. Independencia 1800 \u2013 CP 4000<\/span><\/p>\n<p style=\"padding-left: 30px;\"><span style=\"font-family: 'times new roman', times; font-size: 12pt;\">San Miguel de Tucum\u00e1n, Tucum\u00e1n, Argentina<\/span><\/p>\n<p style=\"padding-left: 30px;\"><span style=\"font-family: 'times new roman', times; font-size: 12pt;\">Tel\/Fax Lab.: +54 (0) 381 4364087<\/span><\/p>\n<p style=\"padding-left: 30px;\"><span style=\"font-family: 'times new roman', times; font-size: 12pt;\">e-mail: gperez@herrera.unt.edu.ar<\/span><\/p>\n<\/td>\n<\/tr>\n<\/tbody>\n<\/table>\n<\/div>\n<p>&nbsp;<\/p>\n<h4>T\u00edtulos<\/h4>\n<ul>\n<li>Ingeniero Civil.<\/li>\n<li>Magister en Ingenier\u00eda Estructural.<\/li>\n<li>Doctor en Ingenier\u00eda.<\/li>\n<li>Ingeniero de Caminos Canales y Puertos.<\/li>\n<li>Doctor Ingeniero de Caminos Canales y Puertos.<\/li>\n<\/ul>\n<h4>Especialidad<\/h4>\n<ul>\n<li>Estructuras de Hormig\u00f3n.<\/li>\n<li>Puentes de Hormig\u00f3n.<\/li>\n<li>An\u00e1lisis No-Lineal.<\/li>\n<\/ul>\n<h4>Docencia de Grado<\/h4>\n<ul>\n<li>Profesor Asociado con dedicaci\u00f3n exclusiva en \u201cHormig\u00f3n II\u201d de la Carrera de Ingenier\u00eda Civi.<\/li>\n<\/ul>\n<h4>Docencia de Posgrado<\/h4>\n<ul>\n<li>Curso \u201cTemas Especiales de Hormig\u00f3n Armado y Pretensado\u201d de la Maestr\u00eda en Ingenier\u00eda Estructural y Doctorado en Ingenier\u00eda.<\/li>\n<\/ul>\n","protected":false},"excerpt":{"rendered":"<p>Dr. Ing. P\u00c9REZ Gustavo Ariel Instituto de Estructuras \u201cIng. Arturo M. Guzm\u00e1n\u201d Dpto. de Construcciones y Obras Civiles Facultad de Ciencias Exactas y Tecnolog\u00eda Universidad Nacional de Tucum\u00e1n Av. Independencia 1800 \u2013 CP 4000 San Miguel de Tucum\u00e1n, Tucum\u00e1n, Argentina Tel\/Fax Lab.: +54 (0) 381 4364087 e-mail: gperez@herrera.unt.edu.ar &nbsp; T\u00edtulos Ingeniero Civil. Magister en Ingenier\u00eda [&hellip;]<\/p>\n","protected":false},"author":20,"featured_media":0,"parent":142,"menu_order":10,"comment_status":"closed","ping_status":"closed","template":"","meta":[],"_links":{"self":[{"href":"https:\/\/www.facet.unt.edu.ar\/iest\/wp-json\/wp\/v2\/pages\/1064"}],"collection":[{"href":"https:\/\/www.facet.unt.edu.ar\/iest\/wp-json\/wp\/v2\/pages"}],"about":[{"href":"https:\/\/www.facet.unt.edu.ar\/iest\/wp-json\/wp\/v2\/types\/page"}],"author":[{"embeddable":true,"href":"https:\/\/www.facet.unt.edu.ar\/iest\/wp-json\/wp\/v2\/users\/20"}],"replies":[{"embeddable":true,"href":"https:\/\/www.facet.unt.edu.ar\/iest\/wp-json\/wp\/v2\/comments?post=1064"}],"version-history":[{"count":4,"href":"https:\/\/www.facet.unt.edu.ar\/iest\/wp-json\/wp\/v2\/pages\/1064\/revisions"}],"predecessor-version":[{"id":2093,"href":"https:\/\/www.facet.unt.edu.ar\/iest\/wp-json\/wp\/v2\/pages\/1064\/revisions\/2093"}],"up":[{"embeddable":true,"href":"https:\/\/www.facet.unt.edu.ar\/iest\/wp-json\/wp\/v2\/pages\/142"}],"wp:attachment":[{"href":"https:\/\/www.facet.unt.edu.ar\/iest\/wp-json\/wp\/v2\/media?parent=1064"}],"curies":[{"name":"wp","href":"https:\/\/api.w.org\/{rel}","templated":true}]}}