{"id":1112,"date":"2015-03-10T20:31:01","date_gmt":"2015-03-10T23:31:01","guid":{"rendered":"https:\/\/www.facet.unt.edu.ar\/iest\/?page_id=1112"},"modified":"2023-09-18T11:48:48","modified_gmt":"2023-09-18T14:48:48","slug":"daziano-maria-alejandra","status":"publish","type":"page","link":"https:\/\/www.facet.unt.edu.ar\/iest\/integrantes\/daziano-maria-alejandra\/","title":{"rendered":"DAZIANO Mar\u00eda Alejandra"},"content":{"rendered":"<h2>Dr. Ing. DAZIANO Mar\u00eda Alejandra<\/h2>\n<div>\n<table style=\"width: 750px; border-color: #ffffff;\">\n<tbody>\n<tr>\n<td style=\"width: 350px; height: 300px; border-color: #ffffff; text-align: center; vertical-align: middle;\"><img decoding=\"async\" loading=\"lazy\" class=\"alignnone size-medium wp-image-1280\" src=\"https:\/\/www.facet.unt.edu.ar\/iest\/wp-content\/uploads\/sites\/22\/2015\/03\/adaziano-300x300.jpg\" alt=\"adaziano\" width=\"300\" height=\"300\" srcset=\"https:\/\/www.facet.unt.edu.ar\/iest\/wp-content\/uploads\/sites\/22\/2015\/03\/adaziano-300x300.jpg 300w, https:\/\/www.facet.unt.edu.ar\/iest\/wp-content\/uploads\/sites\/22\/2015\/03\/adaziano-150x150.jpg 150w, https:\/\/www.facet.unt.edu.ar\/iest\/wp-content\/uploads\/sites\/22\/2015\/03\/adaziano.jpg 336w\" sizes=\"(max-width: 300px) 100vw, 300px\" \/><\/td>\n<td style=\"width: 400px; height: 300px; border-color: #ffffff; vertical-align: top;\">\n<p style=\"padding-left: 30px;\"><span style=\"font-family: 'times new roman', times; font-size: 12pt;\">Instituto de Estructuras \u201cIng. Arturo M. Guzm\u00e1n\u201d<\/span><\/p>\n<p style=\"padding-left: 30px;\"><a href=\"https:\/\/www.facet.unt.edu.ar\/dcyoc\/\" target=\"_blank\" rel=\"noopener\"><span style=\"font-family: times new roman,times;\">Dpto. de Construcciones y Obras Civiles<\/span><\/a><\/p>\n<p style=\"padding-left: 30px;\"><span style=\"font-family: 'times new roman', times; font-size: 12pt;\"><a href=\"https:\/\/www.facet.unt.edu.ar\/\" target=\"_blank\" rel=\"noopener\">Facultad de Ciencias Exactas y Tecnolog\u00eda<\/a><\/span><\/p>\n<p style=\"padding-left: 30px;\"><span style=\"font-family: 'times new roman', times; font-size: 12pt;\"><a href=\"http:\/\/www.unt.edu.ar\/\" target=\"_blank\" rel=\"noopener\">Universidad Nacional de Tucum\u00e1n<\/a><\/span><\/p>\n<p style=\"padding-left: 30px;\"><span style=\"font-family: 'times new roman', times; font-size: 12pt;\">Av. Independencia 1800 \u2013 CP 4000<\/span><\/p>\n<p style=\"padding-left: 30px;\"><span style=\"font-family: 'times new roman', times; font-size: 12pt;\">San Miguel de Tucum\u00e1n, Tucum\u00e1n, Argentina<\/span><\/p>\n<p style=\"padding-left: 30px;\"><span style=\"font-family: 'times new roman', times; font-size: 12pt;\">Tel\/Fax Lab.: +54 (0) 381 4364087<\/span><\/p>\n<p style=\"padding-left: 30px;\"><span style=\"font-family: 'times new roman', times; font-size: 12pt;\">e-mail: madaziano@herrera.unt.edu.ar<\/span><\/p>\n<\/td>\n<\/tr>\n<\/tbody>\n<\/table>\n<\/div>\n<p>&nbsp;<\/p>\n<ol>\n<li style=\"text-align: justify;\"><strong>EDUCACI\u00d3N <\/strong><\/li>\n<\/ol>\n<p style=\"text-align: justify;\">2018 -2020<\/p>\n<p style=\"text-align: justify;\"><strong>POSDOCTORADO <\/strong><\/p>\n<p style=\"text-align: justify;\"><em>Instituto de Estructuras \u201cIng. A. Guzm\u00e1n\u201d. Facultad de Ciencias Exactas y Tecnolog\u00eda &#8211; UNT <\/em><\/p>\n<p style=\"text-align: justify;\">2012 &#8211; 2018<\/p>\n<p style=\"text-align: justify;\"><strong>DOCTORADO EN INGENIER\u00cdA <\/strong><\/p>\n<p style=\"text-align: justify;\"><em>Instituto de Estructuras \u201cIng. A. Guzm\u00e1n\u201d. Facultad de Ciencias Exactas y Tecnolog\u00eda &#8211; UNT <\/em><\/p>\n<p style=\"text-align: justify;\">2003 &#8211; 2010<\/p>\n<p style=\"text-align: justify;\"><strong>INGENIER\u00cdA CIVIL <\/strong><\/p>\n<p style=\"text-align: justify;\"><em>Facultad de Ciencias Exactas y Tecnolog\u00eda. Universidad Nacional de Tucum\u00e1n (UNT) <\/em><\/p>\n<p style=\"text-align: justify;\">1997 &#8211; 2002<\/p>\n<p style=\"text-align: justify;\"><strong>BACHILLER INTERNACIONAL BILINGUE <\/strong><\/p>\n<p style=\"text-align: justify;\"><em>Colegio San Patricio &#8211; F71. International Baccalaureate Organization <\/em><\/p>\n<ol style=\"text-align: justify;\" start=\"2\">\n<li><strong>DOCENCIA <\/strong><\/li>\n<\/ol>\n<p style=\"text-align: justify;\">JUNIO 2022 &#8211; Al presente<\/p>\n<p style=\"text-align: justify;\"><strong>Profesora Adjunta | ORGANIZACI\u00d3N Y CONDUCCI\u00d3N DE OBRAS <\/strong><\/p>\n<p style=\"text-align: justify;\"><em>Departamento de Construcciones y Obras Civiles. <\/em><\/p>\n<p style=\"text-align: justify;\"><em>\u00a0Res. N\u00b0553\/2022 y Res. N\u00b0643\/2022<\/em><\/p>\n<p style=\"text-align: justify;\">DICIEMBRE 2012 &#8211; JUNIO 2022<\/p>\n<p style=\"text-align: justify;\"><strong>Auxiliar Docente Graduado | ORGANIZACI\u00d3N Y CONDUCCI\u00d3N DE OBRAS <\/strong><\/p>\n<p style=\"text-align: justify;\"><em>Departamento de Construcciones y Obras Civiles. <\/em><\/p>\n<p style=\"text-align: justify;\"><em>Por concurso s\/Exp. N\u00b061.386\/2012 y Res. N\u00b01561\/2013 y Res. N\u00b0206\/ <\/em><\/p>\n<p style=\"text-align: justify;\">SEPTIEMBRE 2017 &#8211; Al presente<\/p>\n<p style=\"text-align: justify;\"><strong>Auxiliar Docente Graduado | ECONOM\u00cdA Y EVALUACI\u00d3N DE PROYECTOS <\/strong><\/p>\n<p style=\"text-align: justify;\"><strong>OPTIMIZACI\u00d3N SISTEMAS DE GESTI\u00d3N <\/strong><\/p>\n<p style=\"text-align: justify;\"><em>Departamento de Construcciones y Obras Civiles, Ingenier\u00eda Civil e Ingenier\u00eda Industrial <\/em><\/p>\n<p style=\"text-align: justify;\"><em>Por concurso s\/Exp. N\u00b060.766\/2017 y Res. N\u00b01361\/2017. <\/em><\/p>\n<p style=\"text-align: justify;\">JUNIO 2020 &#8211; JUNIO 2022<\/p>\n<p style=\"text-align: justify;\"><strong>Auxiliar Docente Graduado | HORMIG\u00d3N II (PUENTES Y PRETENSADO)<\/strong><\/p>\n<p style=\"text-align: justify;\"><em>Departamento de Construcciones y Obras Civiles<\/em><\/p>\n<p style=\"text-align: justify;\"><em>Por \u00a0concurso Res. N\u00b00329\/2022 y 0417\/2022.<\/em><\/p>\n<p style=\"text-align: justify;\"><strong>Prof. Colaborador | TEMAS ESPECIALES H\u00b0 ARMADO Y PRETENSADO<\/strong><\/p>\n<p style=\"text-align: justify;\"><em>\u00a0Maestr\u00eda en Ingenier\u00eda Estructural y Doctorado en Ingenier\u00eda. Instituto de Estructuras, Universidad Nacional de Tucum\u00e1n. <\/em><\/p>\n<p style=\"text-align: justify;\"><strong>Prof. Encargado de Asignatura | INGENIERIA DE PRESAS Y TALUDES<\/strong><\/p>\n<p style=\"text-align: justify;\"><em>\u00a0Maestr\u00eda Binacional en Ingenier\u00eda Geot\u00e9cnica Universidad Nacional de Tucum\u00e1n &#8211; Universidad T\u00e9cnica de M\u00fanich.<\/em><\/p>\n<ol style=\"text-align: justify;\" start=\"3\">\n<li><strong>INVESTIGACI\u00d3N<\/strong><\/li>\n<\/ol>\n<p style=\"text-align: justify;\">Categor\u00eda V &#8211; Comisi\u00f3n Regional de Categorizaci\u00f3n. Resoluci\u00f3n N\u00ba 1143<\/p>\n<p style=\"text-align: justify;\">2023 \u2013 Al presente. INVESTIGADORA | Evaluaci\u00f3n, Rehabilitaci\u00f3n y Monitoreo de Obras de Ingenier\u00eda Civil. Proyecto PIUNT Presentado.<\/p>\n<p style=\"text-align: justify;\">2018 &#8211; 2022. INVESTIGADORA | Vulnerabilidad y riesgo de Grandes Obras de Ingenier\u00eda: Aplicaci\u00f3n a Presas de Embalse y Puentes. Proyecto CIUNT 26\/E622<\/p>\n<p style=\"text-align: justify;\">2014 &#8211; 2017. BECARIO I+D | Evaluaci\u00f3n de la Vulnerabilidad S\u00edsmica de Estructuras: Aplicaci\u00f3n a Puentes y Presas del NOA. Proyecto CIUNT 26\/E545<\/p>\n<p style=\"text-align: justify;\">2013 &#8211; 2014. BECARIO I+D | Evaluaci\u00f3n de la vulnerabilidad y rehabilitaci\u00f3n s\u00edsmica de puentes existentes. Pr\u00e9stamo BID-PICTO 2007 N\u00b0 00251.<\/p>\n<ol style=\"text-align: justify;\" start=\"4\">\n<li><strong>IDIOMAS <\/strong><\/li>\n<\/ol>\n<p style=\"text-align: justify;\">INGL\u00c9S. First Certificate Examination &#8211; IB Diplom<\/p>\n<p style=\"text-align: justify;\">ALEM\u00c1N. TU Braunschweig, Alemania (B2)<\/p>\n<p style=\"text-align: justify;\">ITALIANO. Edmondo D\u2019Amicis della Dante Alighieri.<\/p>\n<ol style=\"text-align: justify;\" start=\"5\">\n<li><strong>PUBLICACIONES<\/strong><\/li>\n<\/ol>\n<ol style=\"text-align: justify;\">\n<li>\n<ul>\n<li><strong>LIBROS <\/strong><\/li>\n<\/ul>\n<\/li>\n<\/ol>\n<p style=\"text-align: justify;\">\u201cDispositivos de Control de Fondo en Cauces de Fuerte Pendiente: Estudio Experimental en Modelo F\u00edsico\u201d. Paz, H.R., Daziano, M.A., Editorial Acad\u00e9mica Espa\u00f1ola (Julio 2012). ISBN-13: 978-3659022111<\/p>\n<ul style=\"text-align: justify;\">\n<li><strong>ART\u00cdCULOS<\/strong><\/li>\n<\/ul>\n<p style=\"text-align: justify;\">&#8220;Verificaci\u00f3n de las losas de una pileta de aquietamiento al levantamiento debido a presiones fluctuantes&#8221; Daziano, M.A, Correa Medina, P. X Congreso Argentino de Presas y Aprovechamientos Hidroel\u00e9ctricos, Neuqu\u00e9n, Octubre 2022.<\/p>\n<p style=\"text-align: justify;\">&#8220;Restablecimiento de la protecci\u00f3n aguas abajo de la pileta de aquietamiento de la presa R\u00edo Hondo&#8221; Puig, O., Daziano, M.A, Correa Medina, P. X Congreso Argentino de Presas y Aprovechamientos Hidroel\u00e9ctricos, Neuqu\u00e9n, Octubre 2022.<\/p>\n<p style=\"text-align: justify;\">&#8220;An\u00e1lisis de los movimientos relativos entre contrafuertes en una presa de hormig\u00f3n aligerada&#8221; Correa Medina, P., Daziano, M.A. X Congreso Argentino de Presas y Aprovechamientos Hidroel\u00e9ctricos, Neuqu\u00e9n, Octubre 2022.<\/p>\n<p style=\"text-align: justify;\">&#8220;Evaluaci\u00f3n del estado actual del rip-rap de protecci\u00f3n del talud aguas arriba de la presa El Cadillal&#8221; Daziano, M.A., Jacinto, A.C, Bernardo, N. X Jornadas de Ciencia y Tecnolog\u00eda de Facultades del NOA, Salta, Septiembre 2022.<\/p>\n<p style=\"text-align: justify;\">&#8220;Verificaci\u00f3n del dise\u00f1o del rip-rap de protecci\u00f3n del talud aguas arriba de presas de materiales sueltos&#8221; Daziano, M.A., Jacinto, A.C, P\u00e9rez, G.A. Encuentro Cient\u00edfico de Investigadores de la FACET &#8211; ECIFACET, Septiembre 2021.<\/p>\n<p style=\"text-align: justify;\">&#8220;Capacidad de carga residual de las vigas de hormig\u00f3n armado de un puente afectado por R.A.S&#8221; Caro, M. P.; Correa Medina, P.; Daziano, M. A.; P\u00e9rez, G. A. 26\u00b0 Jornadas Argentinas de Ingenier\u00eda Estructural, Rosario, Mayo 2021.<\/p>\n<p style=\"text-align: justify;\">&#8220;Verificaci\u00f3n Estructural y evaluaci\u00f3n del da\u00f1o del soporte de una compuerta Tainter&#8221; Correa Medina, P.; Daziano, M. A. 26\u00b0 Jornadas Argentinas de Ingenier\u00eda Estructural, Rosario, Mayo 2021.<\/p>\n<p style=\"text-align: justify;\">&#8220;On faster transient analysis of structural systems against earthquakes: case study of an earth dam&#8221;. Daziano, M.A.; Soroushian, A. 8th International Conference on Seismology and Earthquake Engineering (SEE8), Tehran, Iran, November 2019.<\/p>\n<p style=\"text-align: justify;\">&#8220;Evaluaci\u00f3n del da\u00f1o s\u00edsmico para presas de materiales sueltos&#8221; Daziano, M.A., P\u00e9rez, G.A. XIV Jornadas de Ciencia y Tecnolog\u00eda de Facultades de Ingenier\u00eda del NOA, Tucum\u00e1n, 5 y 6 de Septiembre de 2019.<\/p>\n<p style=\"text-align: justify;\">&#8220;Intensity measure selection for dynamic analysis of earth dams&#8221;. Daziano, M.A., P\u00e9rez, G.A. (2017) Electronic Journal of Geotechnical Engineering, (22.09), 3751-3771. Disponible en ejge.com.<\/p>\n<p style=\"text-align: justify;\">&#8220;Selecci\u00f3n de acelerogramas para el an\u00e1lisis no lineal de presas de materiales sueltos&#8221;, Daziano, M.A., P\u00e9rez, G.A, Danna, J. Publicado en las memorias del VIII Congreso Argentino de Presas y Aprovechamientos Hidroel\u00e9ctricos, Santa Fe, 18 al 22 de Abril de 2015.<\/p>\n<p style=\"text-align: justify;\">&#8220;Riesgo s\u00edsmico de Grandes Presas del Noroeste Argentino&#8221; , Daziano, M.A., P\u00e9rez, G.A. Publicado en las memorias de las 23\u00b0 Jornadas Argentinas de Ingenier\u00eda Estructural, 17 al 19 de Septiembre de 2014.<\/p>\n<p style=\"text-align: justify;\">&#8220;Metodolog\u00eda para el an\u00e1lisis preliminar del riesgo s\u00edsmico de Grandes Presas&#8221;, Daziano, M.A., P\u00e9rez, G.A. Publicado en las memorias del II CADI, Tucum\u00e1n, 17 al 19 de Septiembre de 2014. ISBN 978-987-1662-51-7.<\/p>\n<p style=\"text-align: justify;\">&#8220;Evaluaci\u00f3n de la vulnerabilidad s\u00edsmica de presas&#8221;, Daziano, M.A., P\u00e9rez, G.A. Publicado en las memorias del VII Congreso Argentino de Presas y Aprovechamientos Hidroel\u00e9ctricos, San Juan, 13 al 16 de Noviembre de 2013.<\/p>\n<p style=\"text-align: justify;\">&#8220;An\u00e1lisis num\u00e9rico de la influencia de una construcci\u00f3n sobre propiedades vecinas&#8221;, Daziano, M.A., P\u00e9rez, G.A., Jacinto, A.C. Publicado en las Memorias de las IX Jornadas de Ciencia y Tecnolog\u00eda \u2013 CODINOA, Santiago del Estero, 3 y 4 Octubre 2013.<\/p>\n<p style=\"text-align: justify;\">&#8220;Evaluaci\u00f3n de Vulnerabilidad s\u00edsmica de un puente rehabilitado&#8221;, Danna, J., Daziano, M.A., P\u00e9rez, G.A., X Jornadas de Ciencia y Tecnolog\u00eda de Facultades de Ingenier\u00eda del NOA, Salta, Argentina, Mayo de 2015.<\/p>\n<p style=\"text-align: justify;\">&#8220;Estudio experimental para el dise\u00f1o de estructuras de control de fondo en cauces de fuerte pendiente&#8221;. Daziano, M.A., Paz, H.R. Publicado en las memorias del XXIII Congreso Nacional del Agua (CONAGUA), Resistencia, Chaco, 15 al 19 de Junio de 2011.<\/p>\n<ol style=\"text-align: justify;\" start=\"6\">\n<li><strong>FORMACI\u00d3N Y PERFECCIONAMIENTO<\/strong><\/li>\n<\/ol>\n<ul style=\"text-align: justify;\">\n<li><strong>PASANT\u00cdAS Y BECAS<\/strong><\/li>\n<\/ul>\n<ol style=\"text-align: justify;\" start=\"2018\">\n<li>Becaria Interna Postdoctoral del Consejo Nacional de Investigaciones Cient\u00edficas y T\u00e9cnicas (CONICET): Abril 2018 &#8211; Abril 2020. Tema: Estudio del comportamiento mec\u00e1nico y modelaci\u00f3n constitutiva de relaves mineros.<\/li>\n<li>Becaria Interna Doctoral del Consejo Nacional de Investigaciones Cient\u00edficas y T\u00e9cnicas (CONICET): Abril 2012 &#8211; Marzo 2018. Tema: Evaluaci\u00f3n de vulnerabilidad s\u00edsmica de presas. Aplicaci\u00f3n a presas del noroeste argentino.<\/li>\n<li>Becaria Internacional del DAAD (Deutscher Akademischer Aunstausch Dienst \u2013 Servicio Alem\u00e1n de Intercambio Acad\u00e9mico): Septiembre 2008- Febrero 2009. Universidad T\u00e9cnica de Braunschweig, Alemania. Investigaci\u00f3n en el laboratorio del Leichtwei\u03b2 Institut f\u00fcr Wasserbau.<\/li>\n<li>Pasant\u00eda Gobierno de San Juan, Energ\u00eda Provincial Seguridad del Estado (EPSE) &#8211; Complejo Hidroel\u00e9ctrico \u201cLOS CARACOLES\u201d (etapa de construcci\u00f3n del aprovechamiento). Participaci\u00f3n en las tareas de la inspecci\u00f3n a la UTE Techint \u2013 Panedille.<\/li>\n<\/ol>\n<ul style=\"text-align: justify;\">\n<li><strong>CURSOS Y CAPACITACIONES<\/strong><\/li>\n<\/ul>\n<p style=\"text-align: justify;\"><strong>Seguridad de Presas LATAM Rehabilitaci\u00f3n y Modernizaci\u00f3n<\/strong>. M\u00f3dulo II- GIRA T\u00c9CNICA presencial, Concordia, Entre R\u00edos. Septiembre 2023. ICH (International Centre for Hydropower)<\/p>\n<p style=\"text-align: justify;\">Cursos de Posgrado dictados en el Instituto de Estructuras de la FACET, UNT. 760 horas.<\/p>\n<p style=\"text-align: justify;\"><strong>Modelado Hidrol\u00f3gico con HEC-HMS<\/strong>. 72hs. A\u00f1o 2021. Centro REDES &#8211; CONICET.<\/p>\n<p style=\"text-align: justify;\"><strong>Experto Universitario en Gesti\u00f3n de Costos en la Construcci\u00f3n<\/strong>. 90 hs. A\u00f1o 2019. UTN, Regional Buenos Aires.<\/p>\n<p style=\"text-align: justify;\">https:\/\/sigead.online\/alumnos\/validar_certificado, c\u00f3digo: CER-474V0458-326519.<\/p>\n<p style=\"text-align: justify;\"><strong>Lean Construction<\/strong>. 30 hs. A\u00f1o 2019. UTN, Regional Buenos Aires.<\/p>\n<p style=\"text-align: justify;\">https:\/\/sigead.online\/alumnos\/validar_certificado, c\u00f3digo: CER-J1Z0QO1K-363049<\/p>\n<p style=\"text-align: justify;\"><strong>Neurosugerencias pedag\u00f3gicas para favorecer el aprendizaje en el aula<\/strong>. A\u00f1o 2019<\/p>\n<p style=\"text-align: justify;\">https:\/\/learny.online\/cursos\/, c\u00f3digo: 0006-00003234<\/p>\n<p style=\"text-align: justify;\"><strong>Redacci\u00f3n de Art\u00edculos Cient\u00edficos en Ingl\u00e9s<\/strong>. 20 hs. A\u00f1o 2017<\/p>\n<p style=\"text-align: justify;\"><strong>Capacitaci\u00f3n en ingenier\u00eda de presas<\/strong>. 120 hs. A\u00f1o 2013. Organismo Regulador de Seguridad de Presas (ORSEP) y Universidad Tres de Febrero<\/p>\n<p style=\"text-align: justify;\"><strong>Introducci\u00f3n a la Metodolog\u00eda de Investigaci\u00f3n Cient\u00edfica<\/strong>, 20 hrs. 2013, Calificaci\u00f3n: 10. Instituto de investigaciones estad\u00edsticas, Fac. Cs. Econ\u00f3micas, UNT.<\/p>\n<p style=\"text-align: justify;\"><strong>Auditor Interno de Medio Ambiente ISO 14001<\/strong>. A\u00f1o 2011. Bureau Veritas<\/p>\n<p style=\"text-align: justify;\"><strong>Evaluaci\u00f3n de Impacto Ambiental<\/strong>. A\u00f1o 2009. Fundaci\u00f3n Centro de producci\u00f3n Limpia, UNT.<\/p>\n<ol style=\"text-align: justify;\" start=\"7\">\n<li><strong>GESTI\u00d3N <\/strong><\/li>\n<\/ol>\n<p style=\"text-align: justify;\">Integrante de la <strong>Comisi\u00f3n de Prioridades<\/strong> del Departamento de Construcciones y Obras Civiles por el estamento de Docentes Auxiliares de la Facultad de Ciencias Exactas y Tecnolog\u00eda, per\u00edodo 2018-2022. Res. 893\/18. Miembro suplente desde 2022.<\/p>\n<p style=\"text-align: justify;\">Integrante de la <strong>Comisi\u00f3n Acad\u00e9mica<\/strong> de la Carrera de Ingenier\u00eda Civil por el estamento de Docentes Auxiliares de la Facultad de Ciencias Exactas y Tecnolog\u00eda UNT, durante los per\u00edodos 2014-2016 y 2016-2018. Res. 1027\/14 y 0932\/16. Miembro suplente desde 2022.<\/p>\n<p style=\"text-align: justify;\">Miembro del Comit\u00e9 Argentino de Presas (CAP) desde el a\u00f1o 2011. Miembro de la <strong>Comisi\u00f3n directiva<\/strong> desde octubre 2022.<\/p>\n<p style=\"text-align: justify;\">Miembro del <strong>Comit\u00e9 Acad\u00e9mico<\/strong> de la Maestr\u00eda Binacional en Ingenier\u00eda Geot\u00e9cnica desde 2021.<\/p>\n<p style=\"text-align: justify;\">Miembro del Comit\u00e9 T\u00e9cnico M del ICOLD (International Commission on Large Dams): <strong>Technical Committee M &#8211; Operation, Maintenance and Rehabilitation of Dams<\/strong>, desde 2023.<\/p>\n<ol style=\"text-align: justify;\" start=\"8\">\n<li><strong>FORMACI\u00d3N DE RECURSOS HUMANOS<\/strong><\/li>\n<\/ol>\n<p style=\"text-align: justify;\">Direcci\u00f3n de Tesis de Maestr\u00eda: 1 en desarrollo (presentado \u2013 a la espera de la defensa oral)<\/p>\n<p style=\"text-align: justify;\">Proyectos Finales. Direcci\u00f3n: 3 finalizados, 1 en desarrollo. Co-direcci\u00f3n: 3 finalizados.<\/p>\n<p style=\"text-align: justify;\">Direcci\u00f3n Pr\u00e1ctica Profesional Supervisada: 5 finalizadas.<\/p>\n<p style=\"text-align: justify;\">Co-Direcci\u00f3n Becas CIUNT: 2.<\/p>\n<p style=\"text-align: justify;\">Capacitadora en el curso Seguridad de Presas en Am\u00e9rica Latina III organizado por el\u00a0 International Centre for Hydropower (ICH) del 25 al 29 de junio del 2018 en Salta, Argentina.<\/p>\n<ol style=\"text-align: justify;\" start=\"9\">\n<li><strong>EXTENSI\u00d3N Y TRANSFERENCIA<\/strong><\/li>\n<\/ol>\n<p style=\"text-align: justify;\"><strong>A\u00f1o 2020. <\/strong>Organizaci\u00f3n del Webinar \u201cDiferentes visiones sobre los vertiginosos cambios en el fascinante mundo de los negocios\u201d, Canal de YouTube de la FACET. https:\/\/youtu.be\/55Ss9XL6kXk<\/p>\n<p style=\"text-align: justify;\"><strong>A\u00f1os 2018 &#8211; 2019. <\/strong>Proyecto de Rehabilitaci\u00f3n Asistencia P\u00fablica, Municipalidad San Miguel de Tucum\u00e1n. Servicios a terceros. Instituto de Estructuras, FACET, UNT.<\/p>\n<p style=\"text-align: justify;\"><strong>A\u00f1o 2018<\/strong>. Proyecto de Reparaci\u00f3n y sujeci\u00f3n de la fachada del edificio ubicado en San Mart\u00edn 730, perteneciente a la caja popular de ahorros de la provincia de Tucum\u00e1n. Servicios a Terceros. Instituto de Estructuras, FACET, UNT<\/p>\n<p style=\"text-align: justify;\"><strong>A\u00f1o 2016. <\/strong>Mesa de trabajo interdisciplinario e interinstitucional realizado por la Secretar\u00eda de Estado de Miner\u00eda a trav\u00e9s de la Direcci\u00f3n Provincial de Gesti\u00f3n Ambiental Minera (DiPGAM) de Catamarca como representante del Comit\u00e9 Argentino de Presas.<\/p>\n<p style=\"text-align: justify;\"><strong>A\u00f1os 2014 &#8211; 2015. <\/strong>Asistencia T\u00e9cnica a Terceros Laboratorio de Construcciones Hidr\u00e1ulicas de la FACET &#8211; UNT, en el \u00e1rea de dise\u00f1o hidr\u00e1ulico y estructural en el \u201cEstudio del Complejo H\u00eddrico Multiprop\u00f3sito de los R\u00edos Las Ca\u00f1as \u2013 Gastona \u2013 Medina\u201d, mediante proyecto CAF 6567.<\/p>\n<ol style=\"text-align: justify;\" start=\"10\">\n<li><strong>EXPERIENCIA LABORAL<\/strong><\/li>\n<\/ol>\n<ul style=\"text-align: justify;\">\n<li style=\"list-style-type: none;\">\n<ul>\n<li><strong>Consultora en ingenier\u00eda para PCM Ingenier\u00eda (ACTUAL)<\/strong><\/li>\n<\/ul>\n<\/li>\n<\/ul>\n<p style=\"text-align: justify;\">Dentro de los trabajos m\u00e1s relevantes, se encuentran:<\/p>\n<p style=\"text-align: justify;\">Actualizaci\u00f3n hidrol\u00f3gica y estudio del per\u00edodo mayo-diciembre para las presas de Escaba (Tucum\u00e1n) y R\u00edo Hondo (Santiago del Estero).<\/p>\n<p style=\"text-align: justify;\">Revisi\u00f3n de normas de operaci\u00f3n de la presa Escaba luego de la creciente de abril de 2015.<\/p>\n<p style=\"text-align: justify;\">Estudio de antecedentes e intervenciones en el vertedero de la presa El Cadillal, Tucum\u00e1n.<\/p>\n<p style=\"text-align: justify;\">Efecto de las fisuras principales sobre la estabilidad de los contrafuertes de la presa de hormig\u00f3n, Aprovechamiento Hidroel\u00e9ctrico R\u00edo Hondo, Santiago del Estero.<\/p>\n<p style=\"text-align: justify;\">Actualizaci\u00f3n de los Manuales de Auscultaci\u00f3n del Aprovechamiento Hidroel\u00e9ctrico R\u00edo Hondo y Complejo Los Quiroga, Santiago del Estero.<\/p>\n<p style=\"text-align: justify;\">Actualizaci\u00f3n de los Manuales de Auscultaci\u00f3n de los Aprovechamientos Hidroel\u00e9ctricos Cadillal, Escaba y Complejo Pueblo Viejo, Tucum\u00e1n.<\/p>\n<p style=\"text-align: justify;\">Verificaci\u00f3n hidr\u00e1ulica y estructural de la pileta de aquietamiento de la Presa R\u00edo Hondo, Santiago del Estero.<\/p>\n<p style=\"text-align: justify;\">Restablecimiento de la protecci\u00f3n aguas abajo de la pileta de aquietamiento de la presa R\u00edo Hondo, Santiago del Estero.<\/p>\n<p style=\"text-align: justify;\">Estudio de los movimientos de los contrafuertes C7, C16 y C19 y de la junta entre los contrafuertes C6 y C7 mediante un modelo num\u00e9rico estructural de la presa de Escaba.<\/p>\n<p style=\"text-align: justify;\">Verificaci\u00f3n de la pertinencia del dise\u00f1o del rip-rap de protecci\u00f3n del talud aguas arriba de la Presa R\u00edo Hondo, Santiago del Estero.<\/p>\n<p style=\"text-align: justify;\">Elaboraci\u00f3n del Manual de Auscultaci\u00f3n de la presa Las Maderas, provincia de Jujuy.<\/p>\n<p style=\"text-align: justify;\">Proyecto Ejecutivo del Terrapl\u00e9n del viaducto de la Terminal de Puerto Rosales, para carga y descarga de petr\u00f3leo crudo, operado por Oiltanking Ebytem S.A. Bah\u00eda Blanca, Argentina.<\/p>\n<ul style=\"text-align: justify;\">\n<li><strong>&#8220;SAXUM S.R.L&#8221; (ex PENTA SUR), 2011-2012. Ingeniera proyectista.<\/strong><\/li>\n<\/ul>\n<ul style=\"text-align: justify;\">\n<li><strong>&#8220;COBA S.R.L.&#8221;, 2010-2011. Ingeniera de proyectos.<\/strong><\/li>\n<\/ul>\n<ul>\n<li style=\"text-align: justify;\"><strong>\u201cHidroel\u00e9ctrica Tucum\u00e1n \u2013 R\u00edo Hondo S.A.\u201d, 2009-2012. <\/strong>Asistencia a la Gerencia de Operaciones.<\/li>\n<\/ul>\n","protected":false},"excerpt":{"rendered":"<p>Dr. Ing. DAZIANO Mar\u00eda Alejandra Instituto de Estructuras \u201cIng. Arturo M. Guzm\u00e1n\u201d Dpto. de Construcciones y Obras Civiles Facultad de Ciencias Exactas y Tecnolog\u00eda Universidad Nacional de Tucum\u00e1n Av. Independencia 1800 \u2013 CP 4000 San Miguel de Tucum\u00e1n, Tucum\u00e1n, Argentina Tel\/Fax Lab.: +54 (0) 381 4364087 e-mail: madaziano@herrera.unt.edu.ar &nbsp; EDUCACI\u00d3N 2018 -2020 POSDOCTORADO Instituto de [&hellip;]<\/p>\n","protected":false},"author":20,"featured_media":0,"parent":142,"menu_order":20,"comment_status":"closed","ping_status":"closed","template":"","meta":[],"_links":{"self":[{"href":"https:\/\/www.facet.unt.edu.ar\/iest\/wp-json\/wp\/v2\/pages\/1112"}],"collection":[{"href":"https:\/\/www.facet.unt.edu.ar\/iest\/wp-json\/wp\/v2\/pages"}],"about":[{"href":"https:\/\/www.facet.unt.edu.ar\/iest\/wp-json\/wp\/v2\/types\/page"}],"author":[{"embeddable":true,"href":"https:\/\/www.facet.unt.edu.ar\/iest\/wp-json\/wp\/v2\/users\/20"}],"replies":[{"embeddable":true,"href":"https:\/\/www.facet.unt.edu.ar\/iest\/wp-json\/wp\/v2\/comments?post=1112"}],"version-history":[{"count":12,"href":"https:\/\/www.facet.unt.edu.ar\/iest\/wp-json\/wp\/v2\/pages\/1112\/revisions"}],"predecessor-version":[{"id":3035,"href":"https:\/\/www.facet.unt.edu.ar\/iest\/wp-json\/wp\/v2\/pages\/1112\/revisions\/3035"}],"up":[{"embeddable":true,"href":"https:\/\/www.facet.unt.edu.ar\/iest\/wp-json\/wp\/v2\/pages\/142"}],"wp:attachment":[{"href":"https:\/\/www.facet.unt.edu.ar\/iest\/wp-json\/wp\/v2\/media?parent=1112"}],"curies":[{"name":"wp","href":"https:\/\/api.w.org\/{rel}","templated":true}]}}