{"id":1137,"date":"2015-03-10T21:02:24","date_gmt":"2015-03-11T00:02:24","guid":{"rendered":"https:\/\/www.facet.unt.edu.ar\/iest\/?page_id=1137"},"modified":"2018-03-09T00:42:58","modified_gmt":"2018-03-09T03:42:58","slug":"dip-oscar","status":"publish","type":"page","link":"https:\/\/www.facet.unt.edu.ar\/iest\/integrantes\/dip-oscar\/","title":{"rendered":"DIP Oscar"},"content":{"rendered":"<h2>Mg. Ing. DIP Oscar<\/h2>\n<div>\n<table style=\"width: 750px; border-color: #ffffff;\">\n<tbody>\n<tr>\n<td style=\"width: 350px; height: 300px; text-align: center; vertical-align: middle; background-color: #ffffff;\"><img decoding=\"async\" loading=\"lazy\" class=\" wp-image-511 alignnone\" src=\"https:\/\/www.facet.unt.edu.ar\/iest\/wp-content\/uploads\/sites\/23\/2015\/03\/foto_cv_1-300x300.jpg\" alt=\"foto_cv_1\" width=\"300\" height=\"300\" \/><\/td>\n<td style=\"width: 400px; height: 300px; border-color: #ffffff; vertical-align: top;\">\n<p style=\"padding-left: 30px;\"><span style=\"font-size: 12pt; font-family: 'times new roman', times;\">Instituto de Estructuras \u201cIng. Arturo M. Guzm\u00e1n\u201d<\/span><\/p>\n<p style=\"padding-left: 30px;\"><span style=\"font-size: 12pt; font-family: 'times new roman', times;\"><a href=\"https:\/\/www.facet.unt.edu.ar\/dcyoc\/\" target=\"_blank\" rel=\"noopener\">Dpto. de Construcciones y Obras Civiles<\/a><\/span><\/p>\n<p style=\"padding-left: 30px;\"><span style=\"font-size: 12pt; font-family: 'times new roman', times;\"><a href=\"https:\/\/www.facet.unt.edu.ar\/\" target=\"_blank\" rel=\"noopener\">Facultad de Ciencias Exactas y Tecnolog\u00eda<\/a><\/span><\/p>\n<p style=\"padding-left: 30px;\"><span style=\"font-size: 12pt; font-family: 'times new roman', times;\"><a href=\"http:\/\/www.unt.edu.ar\/\" target=\"_blank\" rel=\"noopener\">Universidad Nacional de Tucum\u00e1n<\/a><\/span><\/p>\n<p style=\"padding-left: 30px;\"><span style=\"font-size: 12pt; font-family: 'times new roman', times;\">Av. Independencia 1800 \u2013 CP 4000<\/span><\/p>\n<p style=\"padding-left: 30px;\"><span style=\"font-size: 12pt; font-family: 'times new roman', times;\">San Miguel de Tucum\u00e1n, Tucum\u00e1n, Argentina<\/span><\/p>\n<p style=\"padding-left: 30px;\"><span style=\"font-size: 12pt; font-family: 'times new roman', times;\">Tel\/Fax Lab.: +54 (0) 381 4364087<\/span><\/p>\n<p style=\"padding-left: 30px;\">e-mail: odip@herrera.unt.edu.ar<\/p>\n<\/td>\n<\/tr>\n<\/tbody>\n<\/table>\n<\/div>\n<p>&nbsp;<\/p>\n<h4>T\u00edtulos<\/h4>\n<ul>\n<li>Ingeniero Civil (Orientaci\u00f3n V\u00edas de Comunicaci\u00f3n).<\/li>\n<li>Mag\u00edster en Ingenier\u00eda Estructural.<\/li>\n<\/ul>\n<h4>Especialidad<\/h4>\n<ul>\n<li>Ingenier\u00eda Estructural.<\/li>\n<li>Ingenier\u00eda Sismorresistente.<\/li>\n<\/ul>\n<h4>Docencia de Grado<\/h4>\n<ul>\n<li>Profesor Adjunto con Dedicaci\u00f3n Exclusiva en\u00a0Estabilidad I, Ingenier\u00eda Civil e Ingenier\u00eda Mec\u00e1nica.<\/li>\n<\/ul>\n<h4>Docencia de Posgrado<\/h4>\n<ul>\n<li>Dise\u00f1o Sismorresistente, Maestr\u00eda en Ingenier\u00eda Estructural.<\/li>\n<li>Mec\u00e1nica Experimental, Maestr\u00eda en Ingenier\u00eda Estructural.<\/li>\n<li>Din\u00e1mica Estructural I, Maestr\u00eda en Ingenier\u00eda Estructural.<\/li>\n<\/ul>\n<h4>Investigaci\u00f3n<\/h4>\n<ul>\n<li>Investigaci\u00f3n en el Instituto de Estructuras \u201cIng. Arturo M. Guzm\u00e1n\u201d en temas de sismorresitencia de estructuras de puentes.<\/li>\n<\/ul>\n<h4>Transferencias<\/h4>\n<ul>\n<li>Actividades de Transferencia y Servicios de Consultor\u00eda y Asistencia T\u00e9cnica en el Instituto de Estructuras \u201cIng. Arturo M. Guzm\u00e1n\u201d, sobre temas de An\u00e1lisis y Evaluaci\u00f3n S\u00edsmica de Estructuras y Patolog\u00eda Estructural.<\/li>\n<\/ul>\n","protected":false},"excerpt":{"rendered":"<p>Mg. Ing. DIP Oscar Instituto de Estructuras \u201cIng. Arturo M. Guzm\u00e1n\u201d Dpto. de Construcciones y Obras Civiles Facultad de Ciencias Exactas y Tecnolog\u00eda Universidad Nacional de Tucum\u00e1n Av. Independencia 1800 \u2013 CP 4000 San Miguel de Tucum\u00e1n, Tucum\u00e1n, Argentina Tel\/Fax Lab.: +54 (0) 381 4364087 e-mail: odip@herrera.unt.edu.ar &nbsp; T\u00edtulos Ingeniero Civil (Orientaci\u00f3n V\u00edas de Comunicaci\u00f3n). [&hellip;]<\/p>\n","protected":false},"author":20,"featured_media":0,"parent":142,"menu_order":10,"comment_status":"closed","ping_status":"closed","template":"","meta":[],"_links":{"self":[{"href":"https:\/\/www.facet.unt.edu.ar\/iest\/wp-json\/wp\/v2\/pages\/1137"}],"collection":[{"href":"https:\/\/www.facet.unt.edu.ar\/iest\/wp-json\/wp\/v2\/pages"}],"about":[{"href":"https:\/\/www.facet.unt.edu.ar\/iest\/wp-json\/wp\/v2\/types\/page"}],"author":[{"embeddable":true,"href":"https:\/\/www.facet.unt.edu.ar\/iest\/wp-json\/wp\/v2\/users\/20"}],"replies":[{"embeddable":true,"href":"https:\/\/www.facet.unt.edu.ar\/iest\/wp-json\/wp\/v2\/comments?post=1137"}],"version-history":[{"count":7,"href":"https:\/\/www.facet.unt.edu.ar\/iest\/wp-json\/wp\/v2\/pages\/1137\/revisions"}],"predecessor-version":[{"id":2092,"href":"https:\/\/www.facet.unt.edu.ar\/iest\/wp-json\/wp\/v2\/pages\/1137\/revisions\/2092"}],"up":[{"embeddable":true,"href":"https:\/\/www.facet.unt.edu.ar\/iest\/wp-json\/wp\/v2\/pages\/142"}],"wp:attachment":[{"href":"https:\/\/www.facet.unt.edu.ar\/iest\/wp-json\/wp\/v2\/media?parent=1137"}],"curies":[{"name":"wp","href":"https:\/\/api.w.org\/{rel}","templated":true}]}}