{"id":1144,"date":"2015-03-10T21:17:34","date_gmt":"2015-03-11T00:17:34","guid":{"rendered":"https:\/\/www.facet.unt.edu.ar\/iest\/?page_id=1144"},"modified":"2021-02-24T18:02:44","modified_gmt":"2021-02-24T21:02:44","slug":"rodriguez-carlos","status":"publish","type":"page","link":"https:\/\/www.facet.unt.edu.ar\/iest\/integrantes\/rodriguez-carlos\/","title":{"rendered":"RODRIGUEZ Carlos (redirecciona)"},"content":{"rendered":"<p><META HTTP-EQUIV=\"REFRESH\" CONTENT=\"0;URL=https:\/\/www.facet.unt.edu.ar\/iest\/\"><\/p>\n<h2>Mg. Ing. RODR\u00cdGUEZ Carlos Alberto<\/h2>\n<div>\n<table style=\"width: 750px; border-color: #ffffff;\">\n<tbody>\n<tr>\n<td style=\"width: 350px; height: 300px; text-align: center; vertical-align: middle; background-color: #ffffff;\"><img decoding=\"async\" loading=\"lazy\" class=\" wp-image-511 alignnone\" src=\"https:\/\/www.facet.unt.edu.ar\/iest\/wp-content\/uploads\/sites\/23\/2015\/03\/foto_cv_1-300x300.jpg\" alt=\"foto_cv_1\" width=\"300\" height=\"300\" \/><\/td>\n<td style=\"width: 400px; height: 300px; border-color: #ffffff; vertical-align: top;\">\n<p style=\"padding-left: 30px;\"><span style=\"font-family: 'times new roman', times; font-size: 12pt;\">Instituto de Estructuras \u201cIng. Arturo M. Guzm\u00e1n\u201d<\/span><\/p>\n<p style=\"padding-left: 30px;\"><a href=\"https:\/\/www.facet.unt.edu.ar\/dcyoc\/\" target=\"_blank\" rel=\"noopener noreferrer\"><span style=\"font-family: times new roman,times;\">Dpto. de Construcciones y Obras Civiles<\/span><\/a><\/p>\n<p style=\"padding-left: 30px;\"><a href=\"https:\/\/www.facet.unt.edu.ar\/\" target=\"_blank\" rel=\"noopener noreferrer\">Facultad de Ciencias Exactas y Tecnolog\u00eda<\/a><\/p>\n<p style=\"padding-left: 30px;\"><span style=\"font-family: 'times new roman', times; font-size: 12pt;\"><a href=\"http:\/\/www.unt.edu.ar\/\" target=\"_blank\" rel=\"noopener noreferrer\">Universidad Nacional de Tucum\u00e1n<\/a><\/span><\/p>\n<p style=\"padding-left: 30px;\"><span style=\"font-family: 'times new roman', times; font-size: 12pt;\">Av. Independencia 1800 \u2013 CP 4000<\/span><\/p>\n<p style=\"padding-left: 30px;\"><span style=\"font-family: 'times new roman', times; font-size: 12pt;\">San Miguel de Tucum\u00e1n, Tucum\u00e1n, Argentina<\/span><\/p>\n<p style=\"padding-left: 30px;\"><span style=\"font-family: 'times new roman', times; font-size: 12pt;\">Tel\/Fax Lab.: +54 (0) 381 4364087<\/span><\/p>\n<p style=\"padding-left: 30px;\"><span style=\"font-family: 'times new roman', times; font-size: 12pt;\">e-mail: crodriguez@herrera.unt.edu.ar<\/span><\/p>\n<\/td>\n<\/tr>\n<\/tbody>\n<\/table>\n<\/div>\n<p>&nbsp;<\/p>\n<h4>T\u00edtulos<\/h4>\n<ul>\n<li>Ingeniero Civil (UNT).<\/li>\n<li>Magister en Ingenier\u00eda Estructural (UNT).<\/li>\n<li>Master Ejecutivo en Direcci\u00f3n Estrat\u00e9gica (PUCV,Chile).<\/li>\n<li>Master Ejecutico en Direcci\u00f3n Estrat\u00e9gica (Fundaci\u00f3n del tucum\u00e1n).<\/li>\n<\/ul>\n<h4>Especialidad<\/h4>\n<ul>\n<li>Mec\u00e1nica Estructural.<\/li>\n<li>Patolog\u00eda de las Construcciones.<\/li>\n<li>Dise\u00f1o Sismorresistente.<\/li>\n<li>Direcci\u00f3n Estrat\u00e9gica.<\/li>\n<\/ul>\n<h4>Docencia de Grado<\/h4>\n<ul>\n<li>Profesor Asociado con Dedicaci\u00f3n Exclusiva en Econom\u00eda y Evaluaci\u00f3n de Proyectos (Ing. Civil) y Optimizaci\u00f3n de Sistemas de Gesti\u00f3n (Ing. Industrial).<\/li>\n<\/ul>\n<h4>Investigaci\u00f3n<\/h4>\n<ul>\n<li>Investigador del Instituto de Estructuras &#8220;Ing. Arturo M. Guzm\u00e1n&#8221;.<\/li>\n<li>Integrante de Programas de Investigaci\u00f3n del Consejo de Investigadores de la UNT.<\/li>\n<\/ul>\n<h4>Gesti\u00f3n<\/h4>\n<ul>\n<li>Gerenciador de Servicios a Terceros del Instituto de Estructuras &#8220;Ing. Arturo M. Guzm\u00e1n&#8221;.<\/li>\n<li>Evaluador de Carreras de Postgrado de la CONEAU.<\/li>\n<\/ul>\n","protected":false},"excerpt":{"rendered":"<p>Mg. Ing. RODR\u00cdGUEZ Carlos Alberto Instituto de Estructuras \u201cIng. Arturo M. Guzm\u00e1n\u201d Dpto. de Construcciones y Obras Civiles Facultad de Ciencias Exactas y Tecnolog\u00eda Universidad Nacional de Tucum\u00e1n Av. Independencia 1800 \u2013 CP 4000 San Miguel de Tucum\u00e1n, Tucum\u00e1n, Argentina Tel\/Fax Lab.: +54 (0) 381 4364087 e-mail: crodriguez@herrera.unt.edu.ar &nbsp; T\u00edtulos Ingeniero Civil (UNT). Magister en [&hellip;]<\/p>\n","protected":false},"author":20,"featured_media":0,"parent":142,"menu_order":100,"comment_status":"closed","ping_status":"closed","template":"","meta":[],"_links":{"self":[{"href":"https:\/\/www.facet.unt.edu.ar\/iest\/wp-json\/wp\/v2\/pages\/1144"}],"collection":[{"href":"https:\/\/www.facet.unt.edu.ar\/iest\/wp-json\/wp\/v2\/pages"}],"about":[{"href":"https:\/\/www.facet.unt.edu.ar\/iest\/wp-json\/wp\/v2\/types\/page"}],"author":[{"embeddable":true,"href":"https:\/\/www.facet.unt.edu.ar\/iest\/wp-json\/wp\/v2\/users\/20"}],"replies":[{"embeddable":true,"href":"https:\/\/www.facet.unt.edu.ar\/iest\/wp-json\/wp\/v2\/comments?post=1144"}],"version-history":[{"count":5,"href":"https:\/\/www.facet.unt.edu.ar\/iest\/wp-json\/wp\/v2\/pages\/1144\/revisions"}],"predecessor-version":[{"id":2807,"href":"https:\/\/www.facet.unt.edu.ar\/iest\/wp-json\/wp\/v2\/pages\/1144\/revisions\/2807"}],"up":[{"embeddable":true,"href":"https:\/\/www.facet.unt.edu.ar\/iest\/wp-json\/wp\/v2\/pages\/142"}],"wp:attachment":[{"href":"https:\/\/www.facet.unt.edu.ar\/iest\/wp-json\/wp\/v2\/media?parent=1144"}],"curies":[{"name":"wp","href":"https:\/\/api.w.org\/{rel}","templated":true}]}}