{"id":1150,"date":"2015-03-10T21:38:56","date_gmt":"2015-03-11T00:38:56","guid":{"rendered":"https:\/\/www.facet.unt.edu.ar\/iest\/?page_id=1150"},"modified":"2018-03-09T00:44:02","modified_gmt":"2018-03-09T03:44:02","slug":"molina-analia","status":"publish","type":"page","link":"https:\/\/www.facet.unt.edu.ar\/iest\/integrantes\/molina-analia\/","title":{"rendered":"MOLINA Anal\u00eda"},"content":{"rendered":"<h2>Ing. MOLINA TRIVI\u00d1O Anal\u00eda de los \u00c1ngeles<\/h2>\n<div>\n<table style=\"width: 750px; border-color: #ffffff;\">\n<tbody>\n<tr>\n<td style=\"width: 350px; height: 300px; vertical-align: middle;\">\u00a0<img decoding=\"async\" loading=\"lazy\" class=\"aligncenter wp-image-1153\" src=\"https:\/\/www.facet.unt.edu.ar\/iest\/wp-content\/uploads\/sites\/22\/2015\/03\/MolinaTrivinio.jpg\" alt=\"MolinaTrivinio\" width=\"150\" height=\"150\" \/><\/td>\n<td style=\"width: 400px; height: 300px; border-color: #ffffff; vertical-align: top;\">\n<p style=\"padding-left: 30px;\"><span style=\"font-family: 'times new roman', times; font-size: 12pt;\">Instituto de Estructuras \u201cIng. Arturo M. Guzm\u00e1n\u201d<\/span><\/p>\n<p style=\"padding-left: 30px;\"><span style=\"font-size: 12pt; font-family: 'times new roman', times;\"><a href=\"https:\/\/www.facet.unt.edu.ar\/dcyoc\/\" target=\"_blank\" rel=\"noopener\">Dpto. de Construcciones y Obras Civiles<\/a><\/span><\/p>\n<p style=\"padding-left: 30px;\"><span style=\"font-size: 12pt; font-family: 'times new roman', times;\"><a href=\"https:\/\/www.facet.unt.edu.ar\/\" target=\"_blank\" rel=\"noopener\">Facultad de Ciencias Exactas y Tecnolog\u00eda<\/a><\/span><\/p>\n<p style=\"padding-left: 30px;\"><span style=\"font-family: 'times new roman', times; font-size: 12pt;\"><a href=\"http:\/\/www.unt.edu.ar\/\" target=\"_blank\" rel=\"noopener\">Universidad Nacional de Tucum\u00e1n<\/a><\/span><\/p>\n<p style=\"padding-left: 30px;\"><span style=\"font-family: 'times new roman', times; font-size: 12pt;\">Av. Independencia 1800 \u2013 CP 4000<\/span><\/p>\n<p style=\"padding-left: 30px;\"><span style=\"font-family: 'times new roman', times; font-size: 12pt;\">San Miguel de Tucum\u00e1n, Tucum\u00e1n, Argentina<\/span><\/p>\n<p style=\"padding-left: 30px;\"><span style=\"font-family: 'times new roman', times; font-size: 12pt;\">Tel Lab.: +54 (0) 381 4364093 Int. 7762<\/span><\/p>\n<p style=\"padding-left: 30px;\"><span style=\"font-family: 'times new roman', times; font-size: 12pt;\">e-mail:\u00a0amolina@herrera.unt.edu.ar<\/span><\/p>\n<\/td>\n<\/tr>\n<\/tbody>\n<\/table>\n<\/div>\n<p>&nbsp;<\/p>\n<h4>T\u00edtulos<\/h4>\n<ul>\n<li>Ingeniera Civil \u2013 Orientaci\u00f3n Estructuras.<\/li>\n<\/ul>\n<h4>Especialidad<\/h4>\n<ul>\n<li>Educaci\u00f3n y Nuevas Tecnolog\u00edas.<\/li>\n<li>Teor\u00eda de las Estructuras<\/li>\n<li>Ingenier\u00eda Sismorresistente.<\/li>\n<\/ul>\n<h4>Docencia de Grado<\/h4>\n<ul>\n<li>Profesor Adjunto con\u00a0Dedicaci\u00f3n Exclusiva en Estabilidad I &#8211; Ingenier\u00edas Civil y Mec\u00e1nica.<\/li>\n<\/ul>\n<h4>Investigaci\u00f3n<\/h4>\n<ul>\n<li>Investigadora Categor\u00eda IV del Programa de Incentivos.<\/li>\n<li>Desarrollo tareas de investigaci\u00f3n en el Instituto de Estructuras de la UNT en el \u00e1rea de ingenier\u00eda sismorresistente.<\/li>\n<li>Integrante actualmente del Proyecto de Investigaci\u00f3n del CIUNT: \u201dEvaluaci\u00f3n y rehabilitaci\u00f3n de estructuras de hormig\u00f3n y mamposter\u00eda\u201d.<\/li>\n<\/ul>\n<h4>Gesti\u00f3n<\/h4>\n<ul>\n<li>Diversas instancias de gesti\u00f3n universitaria hasta el 2009, como integrante de comisiones acad\u00e9micas, en tareas de acreditaci\u00f3n universitaria y como tutora en la Carrera de Ingenier\u00eda Civil.<\/li>\n<li>Administraci\u00f3n del Aula Extendida de Estabilidad I, para Ing. Civil y Mec\u00e1nica, a trav\u00e9s de la Plataforma Moodle de la FACET VIRTUAL.<\/li>\n<\/ul>\n","protected":false},"excerpt":{"rendered":"<p>Ing. MOLINA TRIVI\u00d1O Anal\u00eda de los \u00c1ngeles \u00a0 Instituto de Estructuras \u201cIng. Arturo M. Guzm\u00e1n\u201d Dpto. de Construcciones y Obras Civiles Facultad de Ciencias Exactas y Tecnolog\u00eda Universidad Nacional de Tucum\u00e1n Av. Independencia 1800 \u2013 CP 4000 San Miguel de Tucum\u00e1n, Tucum\u00e1n, Argentina Tel Lab.: +54 (0) 381 4364093 Int. 7762 e-mail:\u00a0amolina@herrera.unt.edu.ar &nbsp; T\u00edtulos Ingeniera [&hellip;]<\/p>\n","protected":false},"author":20,"featured_media":0,"parent":142,"menu_order":19,"comment_status":"closed","ping_status":"closed","template":"","meta":[],"_links":{"self":[{"href":"https:\/\/www.facet.unt.edu.ar\/iest\/wp-json\/wp\/v2\/pages\/1150"}],"collection":[{"href":"https:\/\/www.facet.unt.edu.ar\/iest\/wp-json\/wp\/v2\/pages"}],"about":[{"href":"https:\/\/www.facet.unt.edu.ar\/iest\/wp-json\/wp\/v2\/types\/page"}],"author":[{"embeddable":true,"href":"https:\/\/www.facet.unt.edu.ar\/iest\/wp-json\/wp\/v2\/users\/20"}],"replies":[{"embeddable":true,"href":"https:\/\/www.facet.unt.edu.ar\/iest\/wp-json\/wp\/v2\/comments?post=1150"}],"version-history":[{"count":5,"href":"https:\/\/www.facet.unt.edu.ar\/iest\/wp-json\/wp\/v2\/pages\/1150\/revisions"}],"predecessor-version":[{"id":2085,"href":"https:\/\/www.facet.unt.edu.ar\/iest\/wp-json\/wp\/v2\/pages\/1150\/revisions\/2085"}],"up":[{"embeddable":true,"href":"https:\/\/www.facet.unt.edu.ar\/iest\/wp-json\/wp\/v2\/pages\/142"}],"wp:attachment":[{"href":"https:\/\/www.facet.unt.edu.ar\/iest\/wp-json\/wp\/v2\/media?parent=1150"}],"curies":[{"name":"wp","href":"https:\/\/api.w.org\/{rel}","templated":true}]}}