{"id":1200,"date":"2015-03-14T00:18:40","date_gmt":"2015-03-14T03:18:40","guid":{"rendered":"https:\/\/www.facet.unt.edu.ar\/iest\/?page_id=1200"},"modified":"2022-09-14T12:23:27","modified_gmt":"2022-09-14T15:23:27","slug":"almenar-martin","status":"publish","type":"page","link":"https:\/\/www.facet.unt.edu.ar\/iest\/integrantes\/almenar-martin\/","title":{"rendered":"ALMENAR Mart\u00edn"},"content":{"rendered":"<h2>Dr. Ing. ALMENAR Mart\u00edn Ernesto<\/h2>\n<div>\n<table style=\"width: 750px; border-color: #ffffff;\">\n<tbody>\n<tr>\n<td style=\"width: 350px; height: 300px; border-color: #ffffff; text-align: center; vertical-align: middle; background-color: #ffffff;\"><a href=\"https:\/\/www.facet.unt.edu.ar\/iest\/wp-content\/uploads\/sites\/22\/2015\/03\/FES_2043a.jpg\"><img decoding=\"async\" loading=\"lazy\" class=\"alignnone wp-image-1869 size-medium\" src=\"https:\/\/www.facet.unt.edu.ar\/iest\/wp-content\/uploads\/sites\/22\/2015\/03\/FES_2043a-300x300.jpg\" alt=\"\" width=\"300\" height=\"300\" srcset=\"https:\/\/www.facet.unt.edu.ar\/iest\/wp-content\/uploads\/sites\/22\/2015\/03\/FES_2043a-300x300.jpg 300w, https:\/\/www.facet.unt.edu.ar\/iest\/wp-content\/uploads\/sites\/22\/2015\/03\/FES_2043a-150x150.jpg 150w, https:\/\/www.facet.unt.edu.ar\/iest\/wp-content\/uploads\/sites\/22\/2015\/03\/FES_2043a.jpg 472w\" sizes=\"(max-width: 300px) 100vw, 300px\" \/><\/a><\/td>\n<td style=\"width: 400px; height: 300px; border-color: #ffffff; vertical-align: top;\">\n<p style=\"padding-left: 30px;\"><span style=\"font-size: 12pt; font-family: 'times new roman', times;\">Instituto de Estructuras \u201cIng. Arturo M. Guzm\u00e1n\u201d<\/span><\/p>\n<p style=\"padding-left: 30px;\"><span style=\"font-size: 12pt; font-family: 'times new roman', times;\"><a href=\"https:\/\/www.facet.unt.edu.ar\/\" target=\"_blank\" rel=\"noopener noreferrer\">Facultad de Ciencias Exactas y Tecnolog\u00eda<\/a><\/span><\/p>\n<p style=\"padding-left: 30px;\"><span style=\"font-size: 12pt; font-family: 'times new roman', times;\"><a href=\"http:\/\/www.unt.edu.ar\/\" target=\"_blank\" rel=\"noopener noreferrer\">Universidad Nacional de Tucum\u00e1n<\/a><\/span><\/p>\n<p style=\"padding-left: 30px;\"><span style=\"font-size: 12pt; font-family: 'times new roman', times;\">Av. Independencia 1800 \u2013 CP 4000<\/span><\/p>\n<p style=\"padding-left: 30px;\"><span style=\"font-size: 12pt; font-family: 'times new roman', times;\">San Miguel de Tucum\u00e1n, Tucum\u00e1n, Argentina<\/span><\/p>\n<p style=\"padding-left: 30px;\"><span style=\"font-size: 12pt; font-family: 'times new roman', times;\">Tel\/Fax Lab.: +54 (0) 381 4364087<\/span><\/p>\n<p style=\"padding-left: 30px;\"><span style=\"font-size: 12pt; font-family: 'times new roman', times;\">e-mail: malmenar@herrera.unt.edu.ar<\/span><\/p>\n<\/td>\n<\/tr>\n<\/tbody>\n<\/table>\n<\/div>\n<div>\n<h2 style=\"text-align: justify;\">T\u00cdTULOS<\/h2>\n<ul style=\"text-align: justify;\">\n<li>Doctor en Ingenier\u00eda: Instituto de Estructuras. Facultad de Ciencias Exactas y Tecnolog\u00eda. UNT. 01\/04\/2012 al 02\/05\/2017.<\/li>\n<li>Ingeniero civil: Facultad de Ciencias Exactas y Tecnolog\u00eda. UNT. 01\/04\/2006 al 01\/12\/2011.<\/li>\n<li>T\u00e9cnico constructor: Instituto T\u00e9cnico. UNT. 01\/04\/2000 al 01\/12\/2005.<\/li>\n<\/ul>\n<h2 style=\"text-align: justify;\">DOCENCIA<\/h2>\n<p><strong>Carreras de grado<\/strong><\/p>\n<ul>\n<li>Jefe de Trabajos Pr\u00e1cticos; Materia: <a href=\"https:\/\/catedras.facet.unt.edu.ar\/estabilidadiv\/\" target=\"_blank\" rel=\"noopener noreferrer\">Estabilidad IV<\/a> (Ing. Civil) ; Lugar: Facultad de Ciencias Exactas y Tecnolog\u00eda. UNT; 06\/09\/2017 &#8211; actual.<\/li>\n<li>Auxiliar Docente Graduando; Materia: Estabilidad y Resistencia de Materiales (Ing. Industrial);\u00a0 Lugar: Facultad de Ciencias Exactas y Tecnolog\u00eda. UNT; 19\/04\/2019 &#8211; actual.<\/li>\n<li>Ayudante estudiantil:\u00a0 Materia: Estabilidad II (materia de ingenier\u00eda civil y mec\u00e1nica). Lugar: Facultad de Ciencias Exactas y Tecnolog\u00eda. UNT.\u00a0 01\/12\/2009 al 01\/04\/2013.<\/li>\n<\/ul>\n<p><strong>Carreras de posgrado<\/strong><\/p>\n<ul>\n<li>An\u00e1lisis Matricial de Estructuras; Posgrado: Maestr\u00eda en Ingenier\u00eda estructural y doctorado en ingenier\u00eda; Facultad de Ciencias Exactas y Tecnolog\u00eda. UNT; 2016 \u2013 actual.<\/li>\n<\/ul>\n<ul>\n<li>Modelaci\u00f3n Constituttiva; Posgrado: Maestr\u00eda en Ingenier\u00eda estructural y doctorado en ingenier\u00eda; Facultad de Ciencias Exactas y Tecnolog\u00eda. UNT; 2022 \u2013 actual.<\/li>\n<\/ul>\n<ul>\n<li>Materia: Matem\u00e1tica para Ingenieros,\u00a0 Posgrado: Maestr\u00eda en Ingenier\u00eda estructural y doctorado en ingenier\u00eda; Facultad de Ciencias Exactas y Tecnolog\u00eda. UNT; 2016\u00a0 .<\/li>\n<\/ul>\n<h2 style=\"text-align: justify;\">INVESTIGACI\u00d3N<\/h2>\n<h5 style=\"text-align: justify;\">Trabajos publicados en revistas indexadas.<\/h5>\n<ul>\n<li>Luege M, Orlando A, Almenar M.E, Pilota E..; <a href=\"https:\/\/www.sciencedirect.com\/science\/article\/pii\/S0020768318303007\">An energetic formulation of a gradient damage model for concrete and its numerical implementation<\/a>; I<a href=\"https:\/\/www.sciencedirect.com\/science\/journal\/00207683\">nternational Journal of Solids and Structures<\/a> (2018)<\/li>\n<\/ul>\n<h5 style=\"text-align: justify;\">Trabajos publicados en congresos.<\/h5>\n<ul>\n<li>Garay, S.; Almenar, M.E. MUROS DE SOSTENIMIENTO PREFABRICADOS CON HORMIG\u00d3N REFORZADO CON FIBRAS; Jornadas Argentinas de Ingenier\u00eda Estructural, 2022.<\/li>\n<li>D\u00edas Fondevilla, A.; Almenar, M.E. <a href=\"https:\/\/www.researchgate.net\/publication\/363539642_DISENO_A_CORTE_DE_ELEMENTOS_DE_HORMIGON_ARMADO_CON_FIBRAS_DE_ACERO\" target=\"_blank\" rel=\"noopener\">DISE\u00d1O A CORTE DE ELEMENTOS DE HORMIG\u00d3N ARMADO CON FIBRAS DE ACERO<\/a> ; Jornadas Argentinas de Ingenier\u00eda Estructural, 2021.<\/li>\n<li>Siles M.; Almenar, M.E.; Isla, F.; Luccioni, B. <a href=\"https:\/\/www.researchgate.net\/publication\/363539463_Estudio_del_comportamiento_de_vigas_de_hormigon_pretensado_reforzado_con_fbras_de_acero_HPRF\" target=\"_blank\" rel=\"noopener\">Estudio del comportamiento de vigas de hormig\u00f3n pretensado reforzado con fbras de acero (HPRF)<\/a>; XIV Jornadas de ciencia y tecnolog\u00eda de facultades de ingenier\u00eda del NOA CODINOA, 2021.<\/li>\n<li>Frediani, M.R.; Almenar, M.E.; Luccioni, B. <a href=\"https:\/\/www.researchgate.net\/publication\/363539467_Refuerzo_de_estructuras_de_hormigon_con_hormigon_de_altas_prestaciones_reforzado_con_fibras_HAPRF\" target=\"_blank\" rel=\"noopener\">Refuerzo de estructuras de hormig\u00f3n con hormig\u00f3n de altas prestaciones reforzado con fibras (HAPRF)<\/a>; XIV Jornadas de ciencia y tecnolog\u00eda de facultades de ingenier\u00eda del NOA CODINOA, 2019.<\/li>\n<li>Almenar, M.E.; Isla Calder\u00f3n, F.A.; Gutierrez, S.; Luege, M. <a href=\"https:\/\/cimec.org.ar\/~mstorti\/MECOM2018\/paper-6031.pdf\">Desarrollo de un programa de elementos finitos de c\u00f3digo abierto para la resoluci\u00f3n de problemas mec\u00e1nicos en estado plano;<\/a> VII Congreso Argentino de Mec\u00e1nica Computacional, 2018.<\/li>\n<li>Almenar, M.E., Luege, M., Orlando, A.; <a href=\"https:\/\/www.researchgate.net\/publication\/321048888_Modelo_termo_quimico_mecanico_para_simular_la_respuesta_de_un_dique_de_gravedad_sujeto_a_reaccion_alcalis-silice\">Modelo termo qu\u00edmico mec\u00e1nico para simular la respuesta de un dique de gravedad sujeto a reacci\u00f3n \u00e1lcalis-s\u00edlice<\/a>; XXIII Congreso sobre M\u00e9todos Num\u00e9ricos y sus Aplicaciones, 2017.<\/li>\n<li>Almenar, M.E., Labanda, N., Lopez Rivarola, F., Etse, G.; <a href=\"https:\/\/www.researchgate.net\/publication\/319964316_AN_RVE-BASED_MULTI-SCALE_APPROACH_FOR_CONCRETE_AFFECTED_BY_ALKALI-SILICA_REACTION\">An RVE-based multi-scale approach for concrete affected by alkali\u2013silica reaction<\/a>; XXIII Congreso sobre M\u00e9todos Num\u00e9ricos y sus Aplicaciones, 2017.<\/li>\n<li>Almenar, M.E., Luege, M., Orlando, A.; <a href=\"https:\/\/www.researchgate.net\/publication\/317414713_METODO_ARC-LENGTH_BASADO_EN_EL_CONTROL_DE_DISIPACION_DE_ENERGIA_EN_UN_MODELO_DE_DANO_NO_LOCAL\" target=\"_blank\" rel=\"noopener noreferrer\">M\u00e9todo arc-length basado en el control de disipaci\u00f3n de energ\u00eda en un modelo de da\u00f1o no local<\/a>; VI Congreso de Matem\u00e1tica Aplicada, Computacional e Industrial, 2017.<\/li>\n<li>Almenar, M.E., Luege, M., Orlando, A.; <a href=\"https:\/\/www.researchgate.net\/publication\/317414943_ANALISIS_TERMO-QUIMICO_DE_UNA_PRESA_DE_GRAVEDAD_DE_HORMIGON?ev=prf_high\" target=\"_blank\" rel=\"noopener noreferrer\">An\u00e1lisis termo-qu\u00edmico de una presa de gravedad de hormig\u00f3n<\/a>; VI Congreso de Matem\u00e1tica Aplicada, Computacional e Industrial, 2017<\/li>\n<li>Almenar, M.E., Luege, M., Orlando, A.; <a href=\"https:\/\/www.researchgate.net\/publication\/310626910_MODELO_NO_LOCAL_DE_DANO_PARA_SIMULAR_EL_COMPORTAMIENTO_DEL_HORMIGON?ev=prf_high\" target=\"_blank\" rel=\"noopener noreferrer\">Modelo no local de da\u00f1o escalar para simular el comportamiento del hormig\u00f3n<\/a>; XXII Congreso sobre M\u00e9todos Num\u00e9ricos y sus Aplicaciones, 2016.<\/li>\n<li>Almenar, M.E., Luege, M., Orlando, A.; <a href=\"https:\/\/www.researchgate.net\/publication\/310627007_MODELO_NO_LOCAL_DE_DANO_PARA_SIMULAR_EL_COMPORTAMIENTO_DEL_HORMIGON_AFECTADO_POR_REACCION_ALCALI_SILICE?ev=prf_high\" target=\"_blank\" rel=\"noopener noreferrer\">Modelo no local de da\u00f1o para simular el comportamiento del hormig\u00f3n afectado por reacci\u00f3n \u00e1lcali s\u00edlice<\/a>; XXII Congreso sobre M\u00e9todos Num\u00e9ricos y sus Aplicaciones, 2016.<\/li>\n<li>Almenar, M.E., Luege, M., Orlando, A.; <a href=\"https:\/\/www.researchgate.net\/publication\/309416305_REVISION_DE_MODELOS_CONSTITUTIVOS_MACROSCOPICOS_PARA_HORMIGON_AFECTADO_POR_REACCION_ALCALI_SILICE_RASREVISION_DE_MODELOS_CONSTITUTIVOS_MACROSCOPICOS_PARA_HORMIGON_AFECTADO_POR_REACCION_ALCALI_SILICE_R\" target=\"_blank\" rel=\"noopener noreferrer\">Revisi\u00f3n de modelos constitutivos macrosc\u00f3picos para hormig\u00f3n afectado por reacci\u00f3n \u00e1lcali s\u00edlice (RAS)<\/a>; VII de la Asociaci\u00f3n Argentina de Tecnolog\u00eda del Hormig\u00f3n , 2016.<\/li>\n<li>Almenar, M.E., Luege, M., Orlando, A.; <a href=\"https:\/\/www.researchgate.net\/publication\/283722248_MODELO_NO_LOCAL_DE_DANO_PARA_HORMIGON_AFECTADO_POR_REACCION_ALCALI_SILICE_RAS?ev=prf_high\" target=\"_blank\" rel=\"noopener noreferrer\">Modelo no local de da\u00f1o para hormig\u00f3n afectado por reacci\u00f3n \u00e1lcali s\u00edlice (RAS)<\/a>; XXI Congreso sobre M\u00e9todos Num\u00e9ricos y sus Aplicaciones, 2014.<\/li>\n<li>Almenar, M.E., Luege, M., Orlando, A.; <a href=\"https:\/\/www.researchgate.net\/publication\/283722254_MODELO_DE_DANO_ESCALAR_PARA_HORMIGON_AFECTADO_POR_REACCION_ALCALI_SILICE?ev=prf_high\" target=\"_blank\" rel=\"noopener noreferrer\">Modelo de da\u00f1o escalar para hormig\u00f3n afectado por reacci\u00f3n \u00e1lcali s\u00edlice<\/a>; XX Congreso sobre M\u00e9todos Num\u00e9ricos y sus Aplicaciones, 2013.<\/li>\n<\/ul>\n<h5>Tesis.<\/h5>\n<ul>\n<li>Tesis de Doctorado:\u00a0<a href=\"https:\/\/www.facet.unt.edu.ar\/iest\/wp-content\/uploads\/sites\/22\/2017\/05\/Tesis-Doctoral-Mart\u00edn-Ernesto-Almenar.pdf\">Modelo de da\u00f1o no local para hormig\u00f3n afectado por reacci\u00f3n \u00e1lcali-s\u00edlice<\/a><\/li>\n<li>Tesis de Grado: <a href=\"https:\/\/www.facet.unt.edu.ar\/cic\/wp-content\/uploads\/sites\/25\/2015\/03\/Proyecto-Almenar-Santucho-2011.pdf\">Caraterizaci\u00f3n mec\u00e1nica del hormig\u00f3n reforzado con fibras<\/a><\/li>\n<\/ul>\n<p><strong>Participaci\u00f3n en proyectos de Investigaci\u00f3n.\u00a0<\/strong><\/p>\n<ul>\n<li>Proyecto PICT 2017-1313 \u201cRefuerzo de estructuras frente a cargas extremas con hormigones de altas y ultra altas prestaciones reforzados con fibras\u201d. (Directora: Dra. Bibiana Mar\u00eda Luccioni). Universidad Nacional de Tucum\u00e1n. Participaci\u00f3n: Investigador del Grupo. Per\u00edodo: 6\/2018-actual.<\/li>\n<li>Proyecto PIUNT E623 \u201cMateriales compuestos bajo acciones din\u00e1micas\u201d. (Directora: Dra. Bibiana Mar\u00eda Luccioni). Universidad Nacional de Tucum\u00e1n. Participaci\u00f3n: Investigador del Grupo. Per\u00edodo: 6\/2018-actual.<\/li>\n<li>Proyecto PIUNT CX E527 \u201cModelaci\u00f3n energ\u00e9tica de la fractura d\u00factil: simulaciones num\u00e9ricas y experimentales\u201d. (Director: Dr. Antonio Orlando). Universidad Nacional de Tucum\u00e1n. Participaci\u00f3n: Investigador del\u00a0Grupo Colaborador. Per\u00edodo: 01\/2015-12\/2017.<\/li>\n<li>Proyecto PICT PRH 30 N94 \u201cModelaci\u00f3n Variacional de la Fractura en Materiales Cuasi-Fr\u00e1giles\u201d. Participaci\u00f3n: Investigador del Grupo Colaborador. Universidad Nacional de Tucum\u00e1n. Per\u00edodo: 06\/2011&#8211;05\/2015.<\/li>\n<li>Proyecto 26E\/427 \u201cCOMPORTAMIENTO DE NUEVOS MATERIALES ESTRUCTURALES\u201d. ( Director Dra. Bibiana Mar\u00eda Luccioni). Universidad Nacional de Tucum\u00e1n. Participaci\u00f3n: Investigador del Grupo Colaborador. Per\u00edodo: 01\/2008-12\/2013.<\/li>\n<\/ul>\n<\/div>\n","protected":false},"excerpt":{"rendered":"<p>Dr. Ing. ALMENAR Mart\u00edn Ernesto Instituto de Estructuras \u201cIng. Arturo M. Guzm\u00e1n\u201d Facultad de Ciencias Exactas y Tecnolog\u00eda Universidad Nacional de Tucum\u00e1n Av. Independencia 1800 \u2013 CP 4000 San Miguel de Tucum\u00e1n, Tucum\u00e1n, Argentina Tel\/Fax Lab.: +54 (0) 381 4364087 e-mail: malmenar@herrera.unt.edu.ar T\u00cdTULOS Doctor en Ingenier\u00eda: Instituto de Estructuras. Facultad de Ciencias Exactas y Tecnolog\u00eda. [&hellip;]<\/p>\n","protected":false},"author":20,"featured_media":0,"parent":142,"menu_order":32,"comment_status":"closed","ping_status":"closed","template":"","meta":[],"_links":{"self":[{"href":"https:\/\/www.facet.unt.edu.ar\/iest\/wp-json\/wp\/v2\/pages\/1200"}],"collection":[{"href":"https:\/\/www.facet.unt.edu.ar\/iest\/wp-json\/wp\/v2\/pages"}],"about":[{"href":"https:\/\/www.facet.unt.edu.ar\/iest\/wp-json\/wp\/v2\/types\/page"}],"author":[{"embeddable":true,"href":"https:\/\/www.facet.unt.edu.ar\/iest\/wp-json\/wp\/v2\/users\/20"}],"replies":[{"embeddable":true,"href":"https:\/\/www.facet.unt.edu.ar\/iest\/wp-json\/wp\/v2\/comments?post=1200"}],"version-history":[{"count":21,"href":"https:\/\/www.facet.unt.edu.ar\/iest\/wp-json\/wp\/v2\/pages\/1200\/revisions"}],"predecessor-version":[{"id":2945,"href":"https:\/\/www.facet.unt.edu.ar\/iest\/wp-json\/wp\/v2\/pages\/1200\/revisions\/2945"}],"up":[{"embeddable":true,"href":"https:\/\/www.facet.unt.edu.ar\/iest\/wp-json\/wp\/v2\/pages\/142"}],"wp:attachment":[{"href":"https:\/\/www.facet.unt.edu.ar\/iest\/wp-json\/wp\/v2\/media?parent=1200"}],"curies":[{"name":"wp","href":"https:\/\/api.w.org\/{rel}","templated":true}]}}