{"id":1312,"date":"2015-04-09T19:32:56","date_gmt":"2015-04-09T22:32:56","guid":{"rendered":"https:\/\/www.facet.unt.edu.ar\/iest\/?page_id=1312"},"modified":"2018-03-09T01:02:16","modified_gmt":"2018-03-09T04:02:16","slug":"evaluacion-y-rehabilitacion-de-puentes-ciunt-26-e502","status":"publish","type":"page","link":"https:\/\/www.facet.unt.edu.ar\/iest\/proyectos\/evaluacion-y-rehabilitacion-de-puentes-ciunt-26-e502\/","title":{"rendered":"Evaluaci\u00f3n y Rehabilitaci\u00f3n de Puentes (CIUNT 26\/E502)"},"content":{"rendered":"<h3>EVALUACION Y REHABILITACION DE PUENTES (CIUNT 26\/E502)<\/h3>\n<p><strong>Director:<\/strong> <a title=\"BARLEK Jose\" href=\"https:\/\/www.facet.unt.edu.ar\/iest\/integrantes\/barlek-jose\/\">BARLEK, Jos\u00e9 Rodolfo<\/a><\/p>\n<p><strong>Periodo de Ejecuci\u00f3n:<\/strong> Inicio 01\/01\/2014 \u2013 Finalizaci\u00f3n 31\/12\/2017<\/p>\n<p><a href=\"#GRUPO%20DE INVESTIGACI\u00d3N\">Ver Grupo de investigaci\u00f3n<\/a><\/p>\n<h4>Resumen<\/h4>\n<p style=\"text-align: justify;\">Actualmente se reconoce la necesidad de mantener operativas las v\u00edas de comunicaciones, tanto por cuestiones econ\u00f3mico-sociales en tiempos normales, como por razones de seguridad ante la ocurrencia de cat\u00e1strofes. Sin embargo, en las \u00faltimas d\u00e9cadas se ha podido observar un alto grado de deterioro en estructuras de puentes. Las causas de tal degradaci\u00f3n estructural se pueden encontrar en: dise\u00f1os no adecuados a la durabilidad esperada, falta de control de calidad durante la construcci\u00f3n, aumento de niveles de contaminaci\u00f3n, falta de mantenimiento, imprevisiones de acciones tales como sismos, riadas, etc. Adem\u00e1s, muchos de los puentes actualmente en servicio se construyeron con anterioridad a la aparici\u00f3n de la normativa sismorresistente, o en base a prescripciones de normas caducas anteriores a las vigentes. Pese a este creciente deterioro y a la importancia estrat\u00e9gica de este tipo de estructuras, los presupuestos para mantener, reparar y\/o rehabilitar puentes existentes son siempre limitados. Un uso eficiente de los recursos, requiere de estudios previos tales como inspecci\u00f3n, evaluaci\u00f3n de da\u00f1o estructural y aptitud s\u00edsmica, en base a los cuales se han de desarrollar proyectos de de rehabilitaci\u00f3n integrales y por \u00faltimo de un an\u00e1lisis econ\u00f3mico comparativo entre las opciones rehabilitaci\u00f3n vs. Construcci\u00f3n de puentes nuevos. En la actualidad hay una tendencia consistente en la priorizaci\u00f3n de recursos basada \u00fanicamente en la condici\u00f3n de la estructura. Sin embargo y aunque el deterioro constituye un factor importante en relaci\u00f3n a la pol\u00edtica de acci\u00f3n, tambi\u00e9n se imponen consideraciones de riesgo y confiabilidad. Es decir que el objetivo b\u00e1sico es identificar las estructuras cr\u00edticas de la red de puentes y mantener la confiabilidad de las mismas en un nivel \u00f3ptimo.<\/p>\n<p style=\"text-align: justify;\">Cabe destacar la importancia que este tema tiene para Organismos Nacionales y Provinciales responsables de mantenimiento de las Redes Viales y sus Puentes: Inter\u00e9s que dio origen a Convenios de Asistencia T\u00e9cnica entre este grupo de investigaci\u00f3n y algunos Organismos Oficiales en lo referente a Evaluaci\u00f3n y Rehabilitaci\u00f3n de Estructuras de Puentes (ver antecedentes del grupo). Se espera que los resultados de este proyecto contin\u00faen siendo transferidos a profesionales, Organismos P\u00fablicos y Privados e interesados esta tem\u00e1tica.<\/p>\n<p style=\"text-align: justify;\">El objetivo general de este proyecto es proponer metodolog\u00edas para la evaluaci\u00f3n estructural y s\u00edsmica de puentes y analizar t\u00e9cnicas de rehabilitaci\u00f3n integrales que puedan ser aplicadas en nuestro pa\u00eds e incorporadas como pr\u00e1cticas usuales.<\/p>\n<p style=\"text-align: justify;\">Son objetivos espec\u00edficos:<\/p>\n<ul style=\"text-align: justify;\">\n<li>Optimizar metodolog\u00edas experimentales no destructivas, para la obtenci\u00f3n de datos representativos de las caracter\u00edsticas mec\u00e1nicas de los materiales constitutivos de puentes, con el objeto de poder evaluar el comportamiento de estas estructuras ante acciones est\u00e1ticas y din\u00e1micas usuales.<\/li>\n<li>Desarrollar e implementar modelos capaces de predecir la evoluci\u00f3n de da\u00f1os en el tiempo.<\/li>\n<li>Elaborar una propuesta de manual de inspecci\u00f3n y evaluaci\u00f3n de puentes para la regi\u00f3n.<\/li>\n<li>Elaborar un \u00edndice de condici\u00f3n de puentes que refleje el cambio de condiciones entre las sucesivas inspecciones.<\/li>\n<li>Proponer un \u00edndice de da\u00f1o s\u00edsmico que represente claramente el estado de da\u00f1o de este tipo de estructuras frente la acci\u00f3n s\u00edsmica, y que pueda ser utilizado parar evaluar posibles da\u00f1os existentes en puentes de la red vial primaria, o para cuantificar da\u00f1o potencial futuro en base a t\u00e9cnicas de simulaci\u00f3n.<\/li>\n<li>Proponer un m\u00e9todo simplificado para la evaluaci\u00f3n de vulnerabilidad s\u00edsmica de tipolog\u00edas de puentes comunes en la regi\u00f3n, utilizando el \u00edndice de da\u00f1o propuesto.<\/li>\n<li>Evaluar posibles da\u00f1os debidos a acciones s\u00edsmicas, o identificados como potenciales en base a simulaci\u00f3n, en puentes de la red vial primara y proponer metodolog\u00edas tipos de rehabilitaci\u00f3n s\u00edsmica de puentes en servicio.<\/li>\n<li>Verificar el comportamiento estructural de reparaciones y\/o refuerzos adoptados para puentes tipos de la regi\u00f3n.<\/li>\n<\/ul>\n<p style=\"text-align: justify;\">Proponer cambios de dise\u00f1o que ayuden a mitigar patolog\u00edas frecuentes observadas en puentes de la regi\u00f3n.<\/p>\n<p>&nbsp;<\/p>\n<p style=\"text-align: justify;\"><a id=\"GRUPO DE INVESTIGACI\u00d3N\"><\/a><span style=\"color: #ffffff;\">facu<\/span><\/p>\n<table>\n<tbody>\n<tr>\n<td style=\"width: 270px; height: 40px; background-color: #343538; text-align: left; vertical-align: middle;\" colspan=\"4\">\n<h3 style=\"padding-left: 30px;\"><span style=\"color: #ffffff;\">GRUPO DE INVESTIGACI\u00d3N<\/span><\/h3>\n<\/td>\n<\/tr>\n<tr>\n<td style=\"width: 1080px; height: 20px; border-color: #ffffff; text-align: center; vertical-align: middle;\" colspan=\"4\"><\/td>\n<\/tr>\n<tr>\n<td style=\"width: 270px; height: 40px; background-color: #343538; text-align: center; vertical-align: middle;\"><span style=\"color: #ffffff;\">Apellido y Nombre<\/span><\/td>\n<td style=\"width: 270px; height: 40px; background-color: #343538; text-align: center; vertical-align: middle;\"><span style=\"color: #ffffff;\">Rol<\/span><\/td>\n<td style=\"width: 270px; height: 40px; background-color: #343538; text-align: center; vertical-align: middle;\"><span style=\"color: #ffffff;\">Horas<\/span><\/td>\n<td style=\"width: 270px; height: 40px; background-color: #343538; text-align: center; vertical-align: middle;\"><span style=\"color: #ffffff;\">Lugar de trabajo<\/span><\/td>\n<\/tr>\n<tr>\n<td style=\"width: 270px; height: 40px; text-align: left; vertical-align: middle;\"><a title=\"BARLEK Jose\" href=\"https:\/\/www.facet.unt.edu.ar\/iest\/integrantes\/barlek-jose\/\">BARLEK, Jos\u00e9 Rodolfo<\/a><\/td>\n<td style=\"width: 270px; height: 40px; vertical-align: middle; text-align: center;\">Titular<\/td>\n<td style=\"width: 270px; height: 40px; vertical-align: middle; text-align: center;\">20<\/td>\n<td style=\"width: 270px; height: 40px; vertical-align: middle; text-align: center;\">UNT-FACET<\/td>\n<\/tr>\n<tr>\n<td style=\"width: 270px; height: 40px; text-align: left; vertical-align: middle;\"><a title=\"Mg. Ing. Saracho Jose Anibal\" href=\"https:\/\/www.facet.unt.edu.ar\/iest\/integrantes\/saracho-jose-a\/\">SARACHO, Jos\u00e9 Anibal<\/a><\/td>\n<td style=\"width: 270px; height: 40px; vertical-align: middle; text-align: center;\">Investigador<\/td>\n<td style=\"width: 270px; height: 40px; vertical-align: middle; text-align: center;\">20<\/td>\n<td style=\"width: 270px; height: 40px; vertical-align: middle; text-align: center;\">UNT-FACET-IEST<\/td>\n<\/tr>\n<tr>\n<td style=\"width: 270px; height: 40px; text-align: left; vertical-align: middle;\"><a title=\"DIP Oscar\" href=\"https:\/\/www.facet.unt.edu.ar\/iest\/integrantes\/dip-oscar\/\">DIP, Oscar<\/a><\/td>\n<td style=\"width: 270px; height: 40px; vertical-align: middle; text-align: center;\">Investigador<\/td>\n<td style=\"width: 270px; height: 40px; vertical-align: middle; text-align: center;\">20<\/td>\n<td style=\"width: 270px; height: 40px; vertical-align: middle; text-align: center;\">UNT-FACET<\/td>\n<\/tr>\n<tr>\n<td style=\"width: 270px; height: 40px; text-align: left; vertical-align: middle;\"><a title=\"RAMALLO Carlos\" href=\"https:\/\/www.facet.unt.edu.ar\/iest\/integrantes\/ramallo-carlos\/\">RAMALLO, Juan Carlos<\/a><\/td>\n<td style=\"width: 270px; height: 40px; vertical-align: middle; text-align: center;\">Investigador<\/td>\n<td style=\"width: 270px; height: 40px; vertical-align: middle; text-align: center;\">20<\/td>\n<td style=\"width: 270px; height: 40px; vertical-align: middle; text-align: center;\">UNT-FACET<\/td>\n<\/tr>\n<tr>\n<td style=\"width: 270px; height: 40px; text-align: left; vertical-align: middle;\"><a title=\"PASCUAL Alberto\" href=\"https:\/\/www.facet.unt.edu.ar\/iest\/integrantes\/pascual-alberto\/\">PASCUAL, Pedro Alberto<\/a><\/td>\n<td style=\"width: 270px; height: 40px; vertical-align: middle; text-align: center;\">Investigador<\/td>\n<td style=\"width: 270px; height: 40px; vertical-align: middle; text-align: center;\">20<\/td>\n<td style=\"width: 270px; height: 40px; vertical-align: middle; text-align: center;\">UNT-FACET<\/td>\n<\/tr>\n<tr>\n<td style=\"width: 270px; height: 40px; text-align: left; vertical-align: middle;\"><a title=\"CONTINO Sergio\" href=\"https:\/\/www.facet.unt.edu.ar\/iest\/integrantes\/contino-sergio\/\">CONTINO, Sergio Rene<\/a><\/td>\n<td style=\"width: 270px; height: 40px; vertical-align: middle; text-align: center;\">Investigador<\/td>\n<td style=\"width: 270px; height: 40px; vertical-align: middle; text-align: center;\">10<\/td>\n<td style=\"width: 270px; height: 40px; vertical-align: middle; text-align: center;\">UNT-FACET<\/td>\n<\/tr>\n<tr>\n<td style=\"width: 270px; height: 40px; text-align: left; vertical-align: middle;\">TORIELLI, Daniel Jos\u00e9<\/td>\n<td style=\"width: 270px; height: 40px; vertical-align: middle; text-align: center;\">Colaborador<\/td>\n<td style=\"width: 270px; height: 40px; vertical-align: middle; text-align: center;\">10<\/td>\n<td style=\"width: 270px; height: 40px; vertical-align: middle; text-align: center;\">UNT-FACET-IEST<\/td>\n<\/tr>\n<\/tbody>\n<\/table>\n<p>&nbsp;<\/p>\n","protected":false},"excerpt":{"rendered":"<p>EVALUACION Y REHABILITACION DE PUENTES (CIUNT 26\/E502) Director: BARLEK, Jos\u00e9 Rodolfo Periodo de Ejecuci\u00f3n: Inicio 01\/01\/2014 \u2013 Finalizaci\u00f3n 31\/12\/2017 Ver Grupo de investigaci\u00f3n Resumen Actualmente se reconoce la necesidad de mantener operativas las v\u00edas de comunicaciones, tanto por cuestiones econ\u00f3mico-sociales en tiempos normales, como por razones de seguridad ante la ocurrencia de cat\u00e1strofes. Sin embargo, [&hellip;]<\/p>\n","protected":false},"author":20,"featured_media":0,"parent":151,"menu_order":17,"comment_status":"closed","ping_status":"closed","template":"","meta":[],"_links":{"self":[{"href":"https:\/\/www.facet.unt.edu.ar\/iest\/wp-json\/wp\/v2\/pages\/1312"}],"collection":[{"href":"https:\/\/www.facet.unt.edu.ar\/iest\/wp-json\/wp\/v2\/pages"}],"about":[{"href":"https:\/\/www.facet.unt.edu.ar\/iest\/wp-json\/wp\/v2\/types\/page"}],"author":[{"embeddable":true,"href":"https:\/\/www.facet.unt.edu.ar\/iest\/wp-json\/wp\/v2\/users\/20"}],"replies":[{"embeddable":true,"href":"https:\/\/www.facet.unt.edu.ar\/iest\/wp-json\/wp\/v2\/comments?post=1312"}],"version-history":[{"count":2,"href":"https:\/\/www.facet.unt.edu.ar\/iest\/wp-json\/wp\/v2\/pages\/1312\/revisions"}],"predecessor-version":[{"id":2051,"href":"https:\/\/www.facet.unt.edu.ar\/iest\/wp-json\/wp\/v2\/pages\/1312\/revisions\/2051"}],"up":[{"embeddable":true,"href":"https:\/\/www.facet.unt.edu.ar\/iest\/wp-json\/wp\/v2\/pages\/151"}],"wp:attachment":[{"href":"https:\/\/www.facet.unt.edu.ar\/iest\/wp-json\/wp\/v2\/media?parent=1312"}],"curies":[{"name":"wp","href":"https:\/\/api.w.org\/{rel}","templated":true}]}}