{"id":138,"date":"2015-01-18T00:11:53","date_gmt":"2015-01-18T03:11:53","guid":{"rendered":"https:\/\/www.facet.unt.edu.ar\/iest\/?page_id=138"},"modified":"2018-03-09T00:41:17","modified_gmt":"2018-03-09T03:41:17","slug":"institucional","status":"publish","type":"page","link":"https:\/\/www.facet.unt.edu.ar\/iest\/institucional\/","title":{"rendered":"Institucional"},"content":{"rendered":"<p style=\"text-align: justify;\">El Instituto de Estructuras de la Facultad de Ciencias Exactas y Tecnolog\u00eda de la Universidad Nacional de Tucum\u00e1n, es un Centro de Investigaci\u00f3n Universitario. Se halla integrado por docentes, investigadores, estudiantes y personal administrativo y t\u00e9cnico con un elevado grado de capacitaci\u00f3n cient\u00edfico \u2013 tecnol\u00f3gica.<\/p>\n<ul>\n<li><a href=\"#Or\u00edgenes\">Or\u00edgenes<\/a><\/li>\n<li><a href=\"#Tareas que se desarrollan\">Tareas que se desarrollan<\/a><\/li>\n<\/ul>\n<p>Docentes que tuvieron a cargo la direcci\u00f3n de este\u00a0Centro de Investigaci\u00f3n Universitario.<\/p>\n<table style=\"border-color: #ffffff; height: 332px;\" width=\"838\">\n<tbody>\n<tr>\n<td style=\"border-color: #ffffff; width: 222.266px;\">\n<div id=\"attachment_708\" style=\"width: 232px\" class=\"wp-caption aligncenter\"><img aria-describedby=\"caption-attachment-708\" decoding=\"async\" loading=\"lazy\" class=\"wp-image-708 size-medium\" src=\"https:\/\/www.facet.unt.edu.ar\/iest\/wp-content\/uploads\/sites\/22\/2015\/01\/Ing.-Arturo-M.-Guzman-222x300.gif\" alt=\"\" width=\"222\" height=\"300\" \/><p id=\"caption-attachment-708\" class=\"wp-caption-text\">Ing. Arturo M. Guzm\u00e1n<\/p><\/div>\n<p>&nbsp;<\/td>\n<td style=\"border-color: #ffffff; width: 299.766px;\">\n<div id=\"attachment_714\" style=\"width: 310px\" class=\"wp-caption aligncenter\"><img aria-describedby=\"caption-attachment-714\" decoding=\"async\" loading=\"lazy\" class=\"wp-image-714 size-medium\" src=\"https:\/\/www.facet.unt.edu.ar\/iest\/wp-content\/uploads\/sites\/22\/2015\/01\/Dr.-Ing.-Rodolfo-F.-Danesi-300x300.gif\" alt=\"\" width=\"300\" height=\"300\" \/><p id=\"caption-attachment-714\" class=\"wp-caption-text\">Dr. Ing. Rogolfo F. Danesi<\/p><\/div>\n<p>&nbsp;<\/td>\n<td style=\"border-color: #ffffff;\">\n<div id=\"attachment_712\" style=\"width: 220px\" class=\"wp-caption alignnone\"><img aria-describedby=\"caption-attachment-712\" decoding=\"async\" loading=\"lazy\" class=\"alignnone wp-image-1890 size-medium\" src=\"https:\/\/www.facet.unt.edu.ar\/iest\/wp-content\/uploads\/sites\/22\/2015\/01\/FotoQuique-208x300.jpg\" width=\"210\" height=\"300\" \/><p id=\"caption-attachment-712\" class=\"wp-caption-text\">Mg. Ing. Enrique Emilio Gal\u00edndez<\/p><\/div>\n<p>&nbsp;<\/td>\n<\/tr>\n<\/tbody>\n<\/table>\n<p style=\"text-align: justify;\"><a name=\"Or\u00edgenes\"><\/a><strong>Or\u00edgenes<\/strong><\/p>\n<p style=\"text-align: justify;\">Los or\u00edgenes del Instituto de Estructuras se remontan a comienzos del a\u00f1o 1960, cuando gracias a la iniciativa del prestigioso ingeniero e investigador Profesor Arturo M. Guzm\u00e1n, se funda el \u201cLaboratorio de Estructuras\u201d en el entonces Departamento de Construcciones de la Facultad de Ingenier\u00eda de la Universidad Nacional de Tucum\u00e1n, que en aquella \u00e9poca estaba ubicado en dependencias del Rectorado.<\/p>\n<p style=\"text-align: justify;\">En el a\u00f1o de 1972, el Laboratorio de Estructuras se traslada a las nuevas instalaciones que por entonces inauguraba la UNT, en la Quinta Agron\u00f3mica, hoy Centro Herrera, ubicada en Avenida Independencia\u00a0al 1800 de la ciudad de San Miguel de Tucum\u00e1n. Lo que permiti\u00f3 incorporar personal e importantes equipamientos.<\/p>\n<p style=\"text-align: justify;\"><div id=\"metaslider-id-593\" style=\"width: 100%; margin: 0 auto;\" class=\"ml-slider-3-27-5 metaslider metaslider-flex metaslider-593 ml-slider nav-hidden\">\n    <div id=\"metaslider_container_593\">\n        <div id=\"metaslider_593\">\n            <ul aria-live=\"polite\" class=\"slides\">\n                <li style=\"display: none; width: 100%;\" class=\"slide-563 ms-image\"><img src=\"https:\/\/www.facet.unt.edu.ar\/iest\/wp-content\/uploads\/sites\/22\/2015\/01\/Nueva-imagen-7-400x300.png\" height=\"300\" width=\"400\" alt=\"\" class=\"slider-593 slide-563\" \/><\/li>\n                <li style=\"display: none; width: 100%;\" class=\"slide-102 ms-image\"><img src=\"https:\/\/www.facet.unt.edu.ar\/iest\/wp-content\/uploads\/sites\/22\/2014\/12\/docen_001-250x187.jpg\" height=\"300\" width=\"400\" alt=\"\" class=\"slider-593 slide-102\" \/><\/li>\n                <li style=\"display: none; width: 100%;\" class=\"slide-594 ms-image\"><img src=\"https:\/\/www.facet.unt.edu.ar\/iest\/wp-content\/uploads\/sites\/22\/2015\/01\/Nueva-imagen-81-400x300.png\" height=\"300\" width=\"400\" alt=\"\" class=\"slider-593 slide-594\" \/><\/li>\n                <li style=\"display: none; width: 100%;\" class=\"slide-565 ms-image\"><img src=\"https:\/\/www.facet.unt.edu.ar\/iest\/wp-content\/uploads\/sites\/22\/2015\/01\/Nueva-imagen-9-400x300.png\" height=\"300\" width=\"400\" alt=\"\" class=\"slider-593 slide-565\" \/><\/li>\n                <li style=\"display: none; width: 100%;\" class=\"slide-570 ms-image\"><img src=\"https:\/\/www.facet.unt.edu.ar\/iest\/wp-content\/uploads\/sites\/22\/2015\/01\/Nueva-imagen-24-400x300.png\" height=\"300\" width=\"400\" alt=\"\" class=\"slider-593 slide-570\" \/><\/li>\n            <\/ul>\n        <\/div>\n        \n    <\/div>\n<\/div><\/p>\n<p style=\"text-align: justify;\">A partir del a\u00f1o 1977, y bajo la direcci\u00f3n del Dr. Rodolfo F. Danesi, la instituci\u00f3n adquiere un marcado crecimiento no solo en su actividad de investigaci\u00f3n y servicios a terceros, sino tambi\u00e9n en la formaci\u00f3n sistem\u00e1tica de recursos humanos para la investigaci\u00f3n cient\u00edfica y la docencia universitaria nacional, a trav\u00e9s de la creaci\u00f3n de las carreras Maestr\u00eda en Ingenier\u00eda Estructural y Doctorado en Ingenier\u00eda.<\/p>\n<p style=\"text-align: justify;\">Transformado en \u201cInstituto de Estructuras\u201d desde Octubre de 2000, es reconocido internacionalmente como un centro de excelencia del pa\u00eds en el campo de la Ingenier\u00eda Estructural, habiendo sido acreditado con la m\u00e1xima categor\u00eda como escuela de posgrado por el Ministerio de Cultura y Educaci\u00f3n de la Naci\u00f3n.<\/p>\n<p style=\"text-align: justify;\"><div id=\"metaslider-id-595\" style=\"width: 100%; margin: 0 auto;\" class=\"ml-slider-3-27-5 metaslider metaslider-flex metaslider-595 ml-slider nav-hidden nav-hidden\">\n    <div id=\"metaslider_container_595\">\n        <div id=\"metaslider_595\">\n            <ul aria-live=\"polite\" class=\"slides\">\n                <li style=\"display: none; width: 100%;\" class=\"slide-569 ms-image\"><img src=\"https:\/\/www.facet.unt.edu.ar\/iest\/wp-content\/uploads\/sites\/22\/2015\/01\/Nueva-imagen-22-265x199.png\" height=\"300\" width=\"400\" alt=\"\" class=\"slider-595 slide-569\" \/><\/li>\n                <li style=\"display: none; width: 100%;\" class=\"slide-568 ms-image\"><img src=\"https:\/\/www.facet.unt.edu.ar\/iest\/wp-content\/uploads\/sites\/22\/2015\/01\/Nueva-imagen-21-262x197.png\" height=\"300\" width=\"400\" alt=\"\" class=\"slider-595 slide-568\" \/><\/li>\n                <li style=\"display: none; width: 100%;\" class=\"slide-567 ms-image\"><img src=\"https:\/\/www.facet.unt.edu.ar\/iest\/wp-content\/uploads\/sites\/22\/2015\/01\/Nueva-imagen-15-388x291.png\" height=\"300\" width=\"400\" alt=\"\" class=\"slider-595 slide-567\" \/><\/li>\n                <li style=\"display: none; width: 100%;\" class=\"slide-123 ms-image\"><img src=\"https:\/\/www.facet.unt.edu.ar\/iest\/wp-content\/uploads\/sites\/22\/2014\/12\/lab_004-237x178.jpg\" height=\"300\" width=\"400\" alt=\"\" class=\"slider-595 slide-123\" \/><\/li>\n                <li style=\"display: none; width: 100%;\" class=\"slide-112 ms-image\"><img src=\"https:\/\/www.facet.unt.edu.ar\/iest\/wp-content\/uploads\/sites\/22\/2014\/12\/inst_laboratorio01-250x187.jpg\" height=\"300\" width=\"400\" alt=\"\" class=\"slider-595 slide-112\" \/><div class=\"caption-wrap\"><div class=\"caption\">Ensayo de arco<\/div><\/div><\/li>\n            <\/ul>\n        <\/div>\n        \n    <\/div>\n<\/div><\/p>\n<p style=\"text-align: justify;\">Desde\u00a0Agosto de 2003 a\u00a0noviembre de 2015, el Mg. Ing. Enrique E. Gal\u00edndez ejerci\u00f3\u00a0la direcci\u00f3n de la Instituci\u00f3n.<\/p>\n<p style=\"text-align: justify;\"><div id=\"metaslider-id-596\" style=\"width: 100%; margin: 0 auto;\" class=\"ml-slider-3-27-5 metaslider metaslider-flex metaslider-596 ml-slider nav-hidden nav-hidden nav-hidden\">\n    <div id=\"metaslider_container_596\">\n        <div id=\"metaslider_596\">\n            <ul aria-live=\"polite\" class=\"slides\">\n                <li style=\"display: none; width: 100%;\" class=\"slide-509 ms-image\"><img src=\"https:\/\/www.facet.unt.edu.ar\/iest\/wp-content\/uploads\/sites\/22\/2015\/01\/100_0818-e1421597349283-150x112.jpg\" height=\"300\" width=\"400\" alt=\"\" class=\"slider-596 slide-509\" \/><\/li>\n                <li style=\"display: none; width: 100%;\" class=\"slide-576 ms-image\"><img src=\"https:\/\/www.facet.unt.edu.ar\/iest\/wp-content\/uploads\/sites\/22\/2015\/01\/016-Instituto-de-Estructuras-Ensayo-de-Punzonado-400x300.jpg\" height=\"300\" width=\"400\" alt=\"\" class=\"slider-596 slide-576\" \/><\/li>\n                <li style=\"display: none; width: 100%;\" class=\"slide-118 ms-image\"><img src=\"https:\/\/www.facet.unt.edu.ar\/iest\/wp-content\/uploads\/sites\/22\/2014\/12\/inv_02_operario-250x187.jpg\" height=\"300\" width=\"400\" alt=\"\" class=\"slider-596 slide-118\" \/><\/li>\n                <li style=\"display: none; width: 100%;\" class=\"slide-508 ms-image\"><img src=\"https:\/\/www.facet.unt.edu.ar\/iest\/wp-content\/uploads\/sites\/22\/2015\/01\/100_1823-e1421597358194-266x200.jpg\" height=\"300\" width=\"400\" alt=\"\" class=\"slider-596 slide-508\" \/><\/li>\n                <li style=\"display: none; width: 100%;\" class=\"slide-557 ms-image\"><img src=\"https:\/\/www.facet.unt.edu.ar\/iest\/wp-content\/uploads\/sites\/22\/2015\/01\/100_1065-400x300.jpg\" height=\"300\" width=\"400\" alt=\"\" class=\"slider-596 slide-557\" title=\"Posgrado - Asignatura Mecanica Experimental - Viga de hormig\u00f3n pretensado\" \/><\/li>\n                <li style=\"display: none; width: 100%;\" class=\"slide-510 ms-image\"><img src=\"https:\/\/www.facet.unt.edu.ar\/iest\/wp-content\/uploads\/sites\/22\/2015\/01\/100_2034-e1421597334772-266x200.jpg\" height=\"300\" width=\"400\" alt=\"\" class=\"slider-596 slide-510\" \/><\/li>\n                <li style=\"display: none; width: 100%;\" class=\"slide-577 ms-image\"><img src=\"https:\/\/www.facet.unt.edu.ar\/iest\/wp-content\/uploads\/sites\/22\/2015\/01\/021-Modelaci\u00f3n-num\u00e9rica-computacional-250x187.jpg\" height=\"300\" width=\"400\" alt=\"\" class=\"slider-596 slide-577\" \/><\/li>\n            <\/ul>\n        <\/div>\n        \n    <\/div>\n<\/div><\/p>\n<p style=\"text-align: justify;\">A partir de noviembre de 2015 la direcci\u00f3n esta a cargo del Mg. Ing. Sergio E. Gutierrez.<\/p>\n<p style=\"text-align: justify;\"><a name=\"Tareas que se desarrollan\"><\/a><strong>Tareas que se desarrollan<\/strong><\/p>\n<p style=\"text-align: justify;\">Las tareas que se desarrollan en el Instituto de Estructuras abarcan tres grandes \u00e1reas fuertemente relacionadas entre s\u00ed:<\/p>\n<ul style=\"text-align: justify;\">\n<li style=\"text-align: left;\"><a title=\"Docencia\" href=\"https:\/\/www.facet.unt.edu.ar\/iest\/docencia\/\">Docencia<\/a><\/li>\n<li style=\"text-align: left;\"><a title=\"Investigaci\u00f3n\" href=\"https:\/\/www.facet.unt.edu.ar\/iest\/investigacion\/\">Investigaci\u00f3n<\/a><\/li>\n<li style=\"text-align: left;\"><a title=\"Servicios a Terceros\" href=\"https:\/\/www.facet.unt.edu.ar\/iest\/servicios-a-terceros\/\">Servicios a Terceros<\/a><\/li>\n<\/ul>\n<p style=\"text-align: justify;\">Las tareas de <strong>Docencia<\/strong> incluyen el apoyo a <strong>Carreras de Grado<\/strong> de Ingenier\u00eda Civil, Ingenier\u00eda Mec\u00e1nica, Ingenier\u00eda Industrial y Arquitectura y la formaci\u00f3n de Recursos Humanos para la Investigaci\u00f3n Cient\u00edfico &#8211; Tecnol\u00f3gica y la Docencia Universitaria en el \u00e1rea de la Ingenier\u00eda Estructural, por medio de las <strong>Carreras de Posgrado:<\/strong> <a title=\"Maestr\u00eda en Ingenier\u00eda Estructural\" href=\"https:\/\/www.facet.unt.edu.ar\/iest\/docencia\/maestria\/\">Maestr\u00eda en Ingenier\u00eda Estructural<\/a> y <a title=\"Doctorado en Ingenier\u00eda\" href=\"https:\/\/www.facet.unt.edu.ar\/iest\/docencia\/doctorado\/\">Doctorado en Ingenier\u00eda<\/a><strong>,<\/strong> ambas acreditadas con la m\u00e1xima Categor\u00eda A (Excelente) por la Comisi\u00f3n Nacional de Evaluaci\u00f3n y Acreditaci\u00f3n Universitaria (CONEAU).<\/p>\n<p style=\"text-align: justify;\">Las tareas de <strong>Investigaci\u00f3n<\/strong> consisten en la planificaci\u00f3n, promoci\u00f3n, realizaci\u00f3n y difusi\u00f3n de actividades de investigaci\u00f3n, desarrollo e innovaci\u00f3n tecnol\u00f3gica necesarias en el \u00e1mbito de la ingenier\u00eda estructural. Esto ha dado lugar a la publicaci\u00f3n de numerosos trabajos cient\u00edficos y tecnol\u00f3gicos en Congresos y revistas de la especialidad, tanto en el \u00e1mbito nacional como internacional.<\/p>\n<p style=\"text-align: justify;\">Los <strong>Servicios a Terceros<\/strong> incluyen prestaciones de consultor\u00eda integral, con enfoque multidisciplinario, destinados a satisfacer problemas de ingenier\u00eda de alta complejidad, confiriendo los niveles de seguridad establecidos en los C\u00f3digos de Aplicaci\u00f3n, orientados a brindar soluciones a problemas de inter\u00e9s para personas, instituciones p\u00fablicas y privadas y a los diversos requerimientos sociales en el \u00e1mbito nacional.<\/p>\n","protected":false},"excerpt":{"rendered":"<p>El Instituto de Estructuras de la Facultad de Ciencias Exactas y Tecnolog\u00eda de la Universidad Nacional de Tucum\u00e1n, es un Centro de Investigaci\u00f3n Universitario. Se halla integrado por docentes, investigadores, estudiantes y personal administrativo y t\u00e9cnico con un elevado grado de capacitaci\u00f3n cient\u00edfico \u2013 tecnol\u00f3gica. Or\u00edgenes Tareas que se desarrollan Docentes que tuvieron a cargo [&hellip;]<\/p>\n","protected":false},"author":20,"featured_media":0,"parent":0,"menu_order":1,"comment_status":"closed","ping_status":"closed","template":"","meta":[],"_links":{"self":[{"href":"https:\/\/www.facet.unt.edu.ar\/iest\/wp-json\/wp\/v2\/pages\/138"}],"collection":[{"href":"https:\/\/www.facet.unt.edu.ar\/iest\/wp-json\/wp\/v2\/pages"}],"about":[{"href":"https:\/\/www.facet.unt.edu.ar\/iest\/wp-json\/wp\/v2\/types\/page"}],"author":[{"embeddable":true,"href":"https:\/\/www.facet.unt.edu.ar\/iest\/wp-json\/wp\/v2\/users\/20"}],"replies":[{"embeddable":true,"href":"https:\/\/www.facet.unt.edu.ar\/iest\/wp-json\/wp\/v2\/comments?post=138"}],"version-history":[{"count":73,"href":"https:\/\/www.facet.unt.edu.ar\/iest\/wp-json\/wp\/v2\/pages\/138\/revisions"}],"predecessor-version":[{"id":2006,"href":"https:\/\/www.facet.unt.edu.ar\/iest\/wp-json\/wp\/v2\/pages\/138\/revisions\/2006"}],"wp:attachment":[{"href":"https:\/\/www.facet.unt.edu.ar\/iest\/wp-json\/wp\/v2\/media?parent=138"}],"curies":[{"name":"wp","href":"https:\/\/api.w.org\/{rel}","templated":true}]}}