{"id":1392,"date":"2015-05-26T19:09:00","date_gmt":"2015-05-26T22:09:00","guid":{"rendered":"https:\/\/www.facet.unt.edu.ar\/iest\/?page_id=1392"},"modified":"2018-03-09T01:02:42","modified_gmt":"2018-03-09T04:02:42","slug":"programas","status":"publish","type":"page","link":"https:\/\/www.facet.unt.edu.ar\/iest\/programas\/","title":{"rendered":"Programas"},"content":{"rendered":"<table style=\"width: 1080px; height: 40px; background-color: #343538;\">\n<tbody>\n<tr>\n<td style=\"width: 1080px; vertical-align: middle;\">\n<h3 style=\"text-align: left;\"><span style=\"color: #ffffff;\">\u00a0 PROGRAMA CIUNT 2013<\/span><\/h3>\n<\/td>\n<\/tr>\n<\/tbody>\n<\/table>\n<p>T\u00edtulo:\u00a0<span style=\"font-size: 14pt;\"><strong>Evaluaci\u00f3n, Rehabilitaci\u00f3n y Refuerzo de Construcciones<\/strong><\/span><\/p>\n<p>Director: <a href=\"https:\/\/www.facet.unt.edu.ar\/iest\/integrantes\/galindez-enrique\/\">GAL\u00cdNDEZ, Enrique Emilio<\/a><\/p>\n<p>Co-Director: <a href=\"https:\/\/www.facet.unt.edu.ar\/iest\/integrantes\/gutierrez-sergio-e\/\">GUTI\u00c9RREZ, Sergio Eduardo<\/a><\/p>\n<p>Unidad Acad\u00e9mica: <span style=\"font-size: 14pt;\"><strong>Facultad de Ciencias Exactas y Tecnolog\u00eda<\/strong><\/span><\/p>\n<h3>C\u00f3digo: 26\/E545<\/h3>\n<p>&nbsp;<\/p>\n<table width=\"1080\">\n<tbody>\n<tr>\n<td style=\"width: 1080px; height: 40px; text-align: left; vertical-align: middle; background-color: #343538;\" colspan=\"3\" width=\"91\">\n<h3><span style=\"color: #ffffff;\">\u00a0 PROYECTOS QUE INTEGRAN EL PROGRAMA<\/span><\/h3>\n<\/td>\n<\/tr>\n<tr>\n<td style=\"width: 1080px; height: 20px; border-color: #ffffff; text-align: center;\" colspan=\"3\" width=\"91\"><\/td>\n<\/tr>\n<tr>\n<td style=\"width: 100px; height: 40px; text-align: center; vertical-align: middle; background-color: #343538;\" width=\"91\"><span style=\"color: #ffffff;\">C\u00f3digo<\/span><\/td>\n<td style=\"width: 100px; height: 40px; text-align: center; vertical-align: middle; background-color: #343538;\" width=\"144\"><span style=\"color: #ffffff;\">Director<\/span><\/td>\n<td style=\"width: 100px; height: 40px; text-align: center; vertical-align: middle; background-color: #343538;\" width=\"396\"><span style=\"color: #ffffff;\">\u00a0T\u00edtulo<\/span><\/td>\n<\/tr>\n<tr>\n<td style=\"width: 100px; height: 40px; text-align: center; vertical-align: middle;\" width=\"91\">26\/E545\/1<\/td>\n<td style=\"width: 250px; height: 40px; text-align: left; vertical-align: middle;\" width=\"144\"><a href=\"https:\/\/www.facet.unt.edu.ar\/iest\/integrantes\/galindez-enrique\/\">GAL\u00cdNDEZ, Enrique Emilio<\/a><\/td>\n<td style=\"width: 730px; height: 40px; text-align: left; vertical-align: middle;\" width=\"396\"><a href=\"https:\/\/www.facet.unt.edu.ar\/iest\/proyectos\/evaluacion-post-sismo-basada-en-el-indice-de-capacidad-residual-ciunt-26-e545-1\/\">Evaluaci\u00f3n Post-Sismo Basada en el \u00cdndice de Capacidad Residual<\/a><\/td>\n<\/tr>\n<tr>\n<td style=\"width: 100px; height: 40px; text-align: center; vertical-align: middle;\" width=\"91\">26\/E545\/2<\/td>\n<td style=\"width: 250px; height: 40px; text-align: left; vertical-align: middle;\" width=\"144\"><a href=\"https:\/\/www.facet.unt.edu.ar\/lms\/integrantes\/pagani-sergio\/\" target=\"_blank\" rel=\"noopener\">PAGANI, Sergio Jos\u00e9<\/a><\/td>\n<td style=\"width: 730px; height: 40px; text-align: left; vertical-align: middle;\" width=\"396\"><a href=\"https:\/\/www.facet.unt.edu.ar\/lms\/proyectos\/estudio-del-potencial-de-licuefaccion-de-los-suelos-de-san-miguel-de-tucuman-ciunt-26-e545-2\/\" target=\"_blank\" rel=\"noopener\">Estudio del Potencial de Licuefacci\u00f3n de los Suelos de San Miguel de Tucum\u00e1n<\/a><\/td>\n<\/tr>\n<tr>\n<td style=\"width: 100px; height: 40px; text-align: center; vertical-align: middle;\" width=\"91\">26\/E545\/3<\/td>\n<td style=\"width: 250px; height: 40px; text-align: left; vertical-align: middle;\" width=\"144\"><a href=\"https:\/\/www.facet.unt.edu.ar\/iest\/integrantes\/perez-gustavo-ariel\/\">PEREZ, Gustavo Ariel<\/a><\/td>\n<td style=\"width: 730px; height: 40px; text-align: left; vertical-align: middle;\" width=\"396\"><a href=\"https:\/\/www.facet.unt.edu.ar\/iest\/proyectos\/evaluacion-de-la-vulnerabilidad-sismica-de-estructuras-aplicacion-a-puentes-y-presas-del-noa-ciunt-26-e545-3\/\">Evaluaci\u00f3n de la Vulnerabilidad S\u00edsmica de Estructuras: Aplicaci\u00f3n a Puentes y Presas del NOA<\/a><\/td>\n<\/tr>\n<tr>\n<td style=\"width: 100px; height: 40px; text-align: center; vertical-align: middle;\" width=\"91\">26\/E545\/4<\/td>\n<td style=\"width: 250px; height: 40px; text-align: left; vertical-align: middle;\" width=\"144\"><a href=\"https:\/\/www.facet.unt.edu.ar\/iest\/integrantes\/sfer-domingo\/\">SFER, Domingo<\/a><\/td>\n<td style=\"width: 730px; height: 40px; text-align: left; vertical-align: middle;\" width=\"396\"><a href=\"https:\/\/www.facet.unt.edu.ar\/iest\/proyectos\/estudio-experimental-y-numerico-de-la-reparacion-estructural-con-hormigon-reforzado-con-fibras-ciunt-26-e545-4\/\">Estudio Experimental y Num\u00e9rico de la Reparaci\u00f3n Estructural con Hormig\u00f3n Reforzado con Fibras<\/a><\/td>\n<\/tr>\n<\/tbody>\n<\/table>\n<p>&nbsp;<\/p>\n<h4>Coherencia y articulaci\u00f3n entre los proyectos que componen el Programa:<\/h4>\n<p style=\"text-align: justify;\">En los \u00faltimos a\u00f1os ha crecido el inter\u00e9s por la evaluaci\u00f3n del riesgo s\u00edsmico potencial de las construcciones ejecutadas antes del advenimiento de los c\u00f3digos de dise\u00f1o sismorresistente y el de la evaluaci\u00f3n y cuantificaci\u00f3n del da\u00f1o producido en las construcciones despu\u00e9s de la ocurrencia de sismos.<\/p>\n<p style=\"text-align: justify;\">Los objetivos generales de este programa son los de estudiar distintas metodolog\u00edas para la evaluaci\u00f3n pre y post terremoto de construcciones y proponer t\u00e9cnicas de rehabilitaci\u00f3n adecuadas que garanticen su durabilidad,\u00a0 un comportamiento apropiado y una soluci\u00f3n econ\u00f3micamente viable.<\/p>\n<p style=\"text-align: justify;\">Uno de los pasos fundamentales en la evaluaci\u00f3n de la vulnerabilidad s\u00edsmica de estructuras es la definici\u00f3n del llamado riesgo geol\u00f3gico y dentro del mismo se destaca el peligro de licuefacci\u00f3n de los suelos. De esta manera se evidencia el v\u00ednculo del proyecto \u201cEvaluaci\u00f3n de la Vulnerabilidad S\u00edsmica de Estructuras: Aplicaci\u00f3n a Puentes y Presas del NOA\u201d con el proyecto \u201cEstudio del Potencial de Licuefacci\u00f3n de los Suelos de San Miguel de Tucum\u00e1n\u201d.<\/p>\n<p style=\"text-align: justify;\">Por otro lado, la definici\u00f3n de \u00edndices de vulnerabilidad conduce a una clasificaci\u00f3n de las construcciones que permiten identificar deficiencias, tanto en su capacidad resistente como en su capacidad de disipaci\u00f3n de energ\u00eda, y de esta manera plantear estrategias apropiadas para su rehabilitaci\u00f3n, readecuaci\u00f3n y\/o refuerzo. Entre las t\u00e9cnicas de reparaci\u00f3n y refuerzo de estructuras de hormig\u00f3n se destaca el uso del hormig\u00f3n reforzado con fibras con lo que queda claro la vinculaci\u00f3n del proyecto \u201cEvaluaci\u00f3n de la Vulnerabilidad S\u00edsmica de Estructuras: Aplicaci\u00f3n a Puentes y Presas del NOA\u201d con el proyecto \u201cEstudio Experimental y Num\u00e9rico de la Reparaci\u00f3n Estructural con Hormig\u00f3n Reforzado con Fibras\u201d.<\/p>\n<p style=\"text-align: justify;\">En caso de estructuras de hormig\u00f3n da\u00f1adas\u00a0 por sismos, luego de definida la capacidad residual, es posible plantear las estrategias de recuperaci\u00f3n para restablecer su puesta en servicio. Tambi\u00e9n en este caso, las t\u00e9cnicas de reparaci\u00f3n que utilizan hormigones reforzados con fibras resultan adecuadas para determinados niveles de da\u00f1os, lo que muestra la vinculaci\u00f3n entre el proyecto \u201cEvaluaci\u00f3n Post-Sismo Basada en el \u00cdndice de Capacidad Residual\u201d y el proyecto \u201cEstudio Experimental y Num\u00e9rico de la Reparaci\u00f3n Estructural con Hormig\u00f3n Reforzado con Fibras\u201d. En este caso tambi\u00e9n es esencial evaluar los da\u00f1os que se puedan haber producido por licuefacci\u00f3n del suelo de fundaci\u00f3n, el cual puede llegar a ser determinante para decidir la recuperaci\u00f3n o no de la estructura da\u00f1ada. Este aspecto relaciona al proyecto \u201cEvaluaci\u00f3n Post-Sismo Basada en el \u00cdndice de Capacidad Residual\u201d con el proyecto \u201cEstudio del Potencial de Licuefacci\u00f3n de los Suelos de San Miguel de Tucum\u00e1n\u201d.<\/p>\n","protected":false},"excerpt":{"rendered":"<p>\u00a0 PROGRAMA CIUNT 2013 T\u00edtulo:\u00a0Evaluaci\u00f3n, Rehabilitaci\u00f3n y Refuerzo de Construcciones Director: GAL\u00cdNDEZ, Enrique Emilio Co-Director: GUTI\u00c9RREZ, Sergio Eduardo Unidad Acad\u00e9mica: Facultad de Ciencias Exactas y Tecnolog\u00eda C\u00f3digo: 26\/E545 &nbsp; \u00a0 PROYECTOS QUE INTEGRAN EL PROGRAMA C\u00f3digo Director \u00a0T\u00edtulo 26\/E545\/1 GAL\u00cdNDEZ, Enrique Emilio Evaluaci\u00f3n Post-Sismo Basada en el \u00cdndice de Capacidad Residual 26\/E545\/2 PAGANI, Sergio Jos\u00e9 [&hellip;]<\/p>\n","protected":false},"author":20,"featured_media":0,"parent":0,"menu_order":5,"comment_status":"closed","ping_status":"closed","template":"","meta":[],"_links":{"self":[{"href":"https:\/\/www.facet.unt.edu.ar\/iest\/wp-json\/wp\/v2\/pages\/1392"}],"collection":[{"href":"https:\/\/www.facet.unt.edu.ar\/iest\/wp-json\/wp\/v2\/pages"}],"about":[{"href":"https:\/\/www.facet.unt.edu.ar\/iest\/wp-json\/wp\/v2\/types\/page"}],"author":[{"embeddable":true,"href":"https:\/\/www.facet.unt.edu.ar\/iest\/wp-json\/wp\/v2\/users\/20"}],"replies":[{"embeddable":true,"href":"https:\/\/www.facet.unt.edu.ar\/iest\/wp-json\/wp\/v2\/comments?post=1392"}],"version-history":[{"count":13,"href":"https:\/\/www.facet.unt.edu.ar\/iest\/wp-json\/wp\/v2\/pages\/1392\/revisions"}],"predecessor-version":[{"id":2045,"href":"https:\/\/www.facet.unt.edu.ar\/iest\/wp-json\/wp\/v2\/pages\/1392\/revisions\/2045"}],"wp:attachment":[{"href":"https:\/\/www.facet.unt.edu.ar\/iest\/wp-json\/wp\/v2\/media?parent=1392"}],"curies":[{"name":"wp","href":"https:\/\/api.w.org\/{rel}","templated":true}]}}