{"id":142,"date":"2015-01-18T00:21:04","date_gmt":"2015-01-18T03:21:04","guid":{"rendered":"https:\/\/www.facet.unt.edu.ar\/iest\/?page_id=142"},"modified":"2026-02-07T07:27:36","modified_gmt":"2026-02-07T10:27:36","slug":"integrantes","status":"publish","type":"page","link":"https:\/\/www.facet.unt.edu.ar\/iest\/integrantes\/","title":{"rendered":"Integrantes"},"content":{"rendered":"<p><strong>Director<\/strong><br \/>\n<a title=\"PEREZ Gustavo Ariel\" href=\"https:\/\/www.facet.unt.edu.ar\/iest\/integrantes\/perez-gustavo-ariel\/\">P\u00c9REZ Gustavo Ariel (Dr. Ing.)<\/a><\/p>\n<p><strong>Docentes \/ Investigadores<\/strong><br \/>\n<a title=\"ALMENAR Mart\u00edn\" href=\"https:\/\/www.facet.unt.edu.ar\/iest\/integrantes\/almenar-martin\/\">ALMENAR Mart\u00edn (Dr. Ing.)\u00a0<\/a><br \/>\n<a title=\"ARAOZ Gabriel\" href=\"https:\/\/www.facet.unt.edu.ar\/iest\/integrantes\/araoz-gabriel\/\">AR\u00c1OZ Gabriel (Dr. Ing.).<\/a><br \/>\n<a title=\"CONTINO Sergio\" href=\"https:\/\/www.facet.unt.edu.ar\/iest\/integrantes\/contino-sergio\/\">CONTINO Sergio Ren\u00e9 (Ing.)<\/a><br \/>\n<a title=\"DIP Oscar\" href=\"https:\/\/www.facet.unt.edu.ar\/iest\/integrantes\/dip-oscar\/\">DIP Oscar (Mg. Ing.)<\/a><br \/>\n<a title=\"Mg. Ing. Guti\u00e9rrez Sergio E.\" href=\"https:\/\/www.facet.unt.edu.ar\/iest\/integrantes\/gutierrez-sergio-e\/\">GUTI\u00c9RREZ Sergio Eduardo (Mg. Ing.)\u00a0<\/a><br \/>\n<a title=\"Dr. Ing. Isla Facundo\" href=\"https:\/\/www.facet.unt.edu.ar\/iest\/integrantes\/isla-facundo\/\">ISLA Facundo (Dr. Ing.)<\/a>,\u00a0<a href=\"http:\/\/www.conicet.gov.ar\/\" target=\"_blank\" rel=\"noopener noreferrer\">CONICET\u00a0<\/a><br \/>\n<a title=\"Dr. Ing. Jacinto Abel C.\" href=\"https:\/\/www.facet.unt.edu.ar\/iest\/integrantes\/jacinto-abel-c\/\">JACINTO Abel Carlos (Dr. Ing.)<\/a><br \/>\n<a title=\"Dr. Ing. Luccioni Bibiana Maria\" href=\"https:\/\/www.facet.unt.edu.ar\/iest\/integrantes\/luccioni-bibiana-maria\/\">LUCCIONI Bibiana Maria (Dr. Ing.)<\/a>, <a href=\"http:\/\/www.conicet.gov.ar\/\" target=\"_blank\" rel=\"noopener noreferrer\">CONICET<\/a><br \/>\n<a href=\"https:\/\/catedras.facet.unt.edu.ar\/compsci\/mluege\/\" target=\"_blank\" rel=\"noopener noreferrer\">LUEGE Mariela (Dr. Ing.)<\/a>, <a href=\"http:\/\/www.conicet.gov.ar\/\" target=\"_blank\" rel=\"noopener noreferrer\">CONICET<\/a><br \/>\n<a title=\"MOLINA Anal\u00eda\" href=\"https:\/\/www.facet.unt.edu.ar\/iest\/integrantes\/molina-analia\/\">MOLINA TRIVI\u00d1O Anal\u00eda de los Angeles (Ing.)<\/a><br \/>\n<a title=\"PASCUAL Alberto\" href=\"https:\/\/www.facet.unt.edu.ar\/iest\/integrantes\/pascual-alberto\/\">PASCUAL Pedro Alberto (Ing.)<\/a><br \/>\n<a title=\"PEREZ Gustavo Ariel\" href=\"https:\/\/www.facet.unt.edu.ar\/iest\/integrantes\/perez-gustavo-ariel\/\">P\u00c9REZ Gustavo Ariel (Dr. Ing.)<\/a><br \/>\n<a title=\"RAMALLO Carlos\" href=\"https:\/\/www.facet.unt.edu.ar\/iest\/integrantes\/ramallo-carlos\/\">RAMALLO Juan Carlos (Dr. Ing. )<\/a><br \/>\n<a title=\"SFER Domingo\" href=\"https:\/\/www.facet.unt.edu.ar\/iest\/integrantes\/sfer-domingo\/\">SFER Domingo (Dr. Ing.)<\/a><\/p>\n<p><strong>Estudiantes de Posgrado<\/strong><br \/>\n<a href=\"https:\/\/www.facet.unt.edu.ar\/iest\/integrantes\/arganaraz-luciana\/\">ARGA\u00d1ARAZ SAENZ Paula Luciana (Ing. Civil)<\/a><br \/>\nBENITO Augusto (Ing.civil), Becario PICT<br \/>\nBIANCHI Sebasti\u00e1n (Ing.Mec)<br \/>\nCAMPRA AGUSTINA (Ing.Civil), Becaria Doctoral de <a href=\"http:\/\/www.conicet.gov.ar\/\" target=\"_blank\" rel=\"noopener noreferrer\">CONICET<\/a><br \/>\nD\u00cdAZ FONTDEVILA Mar\u00eda Alejandra (Ing. Civil), Becaria Doctoral de <a href=\"http:\/\/www.conicet.gov.ar\/\" target=\"_blank\" rel=\"noopener noreferrer\">CONICET<\/a><br \/>\nRODRIGUEZ SALINAS F\u00e1tima (Ing.Civil)<br \/>\nVILLALBA Diego (Ing. Mec)<\/p>\n<p><strong>Secretaria<\/strong><br \/>\nZAPELLA Sof\u00eda<\/p>\n<p><strong>Personal de Apoyo T\u00e9cnico<\/strong><br \/>\nBATALLA\u00a0Eduardo Javier<br \/>\nVACA Isa\u00edas<\/p>\n","protected":false},"excerpt":{"rendered":"<p>Director P\u00c9REZ Gustavo Ariel (Dr. Ing.) Docentes \/ Investigadores ALMENAR Mart\u00edn (Dr. Ing.)\u00a0 AR\u00c1OZ Gabriel (Dr. Ing.). CONTINO Sergio Ren\u00e9 (Ing.) DIP Oscar (Mg. Ing.) GUTI\u00c9RREZ Sergio Eduardo (Mg. Ing.)\u00a0 ISLA Facundo (Dr. Ing.),\u00a0CONICET\u00a0 JACINTO Abel Carlos (Dr. Ing.) LUCCIONI Bibiana Maria (Dr. Ing.), CONICET LUEGE Mariela (Dr. Ing.), CONICET MOLINA TRIVI\u00d1O Anal\u00eda de los [&hellip;]<\/p>\n","protected":false},"author":20,"featured_media":0,"parent":0,"menu_order":2,"comment_status":"closed","ping_status":"closed","template":"","meta":[],"_links":{"self":[{"href":"https:\/\/www.facet.unt.edu.ar\/iest\/wp-json\/wp\/v2\/pages\/142"}],"collection":[{"href":"https:\/\/www.facet.unt.edu.ar\/iest\/wp-json\/wp\/v2\/pages"}],"about":[{"href":"https:\/\/www.facet.unt.edu.ar\/iest\/wp-json\/wp\/v2\/types\/page"}],"author":[{"embeddable":true,"href":"https:\/\/www.facet.unt.edu.ar\/iest\/wp-json\/wp\/v2\/users\/20"}],"replies":[{"embeddable":true,"href":"https:\/\/www.facet.unt.edu.ar\/iest\/wp-json\/wp\/v2\/comments?post=142"}],"version-history":[{"count":106,"href":"https:\/\/www.facet.unt.edu.ar\/iest\/wp-json\/wp\/v2\/pages\/142\/revisions"}],"predecessor-version":[{"id":3176,"href":"https:\/\/www.facet.unt.edu.ar\/iest\/wp-json\/wp\/v2\/pages\/142\/revisions\/3176"}],"wp:attachment":[{"href":"https:\/\/www.facet.unt.edu.ar\/iest\/wp-json\/wp\/v2\/media?parent=142"}],"curies":[{"name":"wp","href":"https:\/\/api.w.org\/{rel}","templated":true}]}}