{"id":145,"date":"2015-01-18T00:25:08","date_gmt":"2015-01-18T03:25:08","guid":{"rendered":"https:\/\/www.facet.unt.edu.ar\/iest\/?page_id=145"},"modified":"2018-06-28T12:21:40","modified_gmt":"2018-06-28T15:21:40","slug":"docencia","status":"publish","type":"page","link":"https:\/\/www.facet.unt.edu.ar\/iest\/docencia\/","title":{"rendered":"Docencia"},"content":{"rendered":"<p>Las tareas docentes del Instituto de Estructuras pueden resumirse a trav\u00e9s de las siguientes funciones:<\/p>\n<ul>\n<li>Apoyo docente al dictado de asignaturas de grado correspondientes a las carreras de Ingenier\u00eda Civil, Ingenier\u00eda Mec\u00e1nica, Ingenier\u00eda Industrial y Arquitectura.<\/li>\n<li>Coordinaci\u00f3n de propuestas de Proyectos Finales de la <a title=\"Grado\" href=\"https:\/\/www.facet.unt.edu.ar\/iest\/docencia\/grado\/\">Carrera de Ingenier\u00eda Civil<\/a>.<\/li>\n<li>Coordinaci\u00f3n del dictado de cursos de posgrado.<\/li>\n<li>Coordinaci\u00f3n de propuestas de temas de Tesis de la <a class=\"texto\" title=\"Maestr\u00eda en Ingenier\u00eda Estructural\" href=\"https:\/\/www.facet.unt.edu.ar\/iest\/docencia\/maestria\/\">Maestr\u00eda en Ingenier\u00eda Estructural<\/a> y del <a class=\"texto\" title=\"Doctorado en Ingenier\u00eda\" href=\"https:\/\/www.facet.unt.edu.ar\/iest\/docencia\/doctorado\/\">Doctorado en Ingenier\u00eda<\/a>. (Egresados y Tesis)<\/li>\n<li>Formaci\u00f3n de comisiones para la actualizaci\u00f3n de los contenidos de las materias y cursos de posgrado y\/o creaci\u00f3n de nuevas carreras de posgrado<\/li>\n<li>Actualizaci\u00f3n de la reglamentaci\u00f3n de posgrado.<\/li>\n<li>Elaboraci\u00f3n de las presentaciones ante la CONEAU (acreditaci\u00f3n y categorizaci\u00f3n).<\/li>\n<\/ul>\n<p>&nbsp;<\/p>\n<p><span style=\"text-decoration: underline;\"><strong>Ensayo a Perfil IPN &#8211; Alumnos de Estabilidad IV &#8211; A\u00f1o 2018<\/strong><\/span><\/p>\n<div id=\"metaslider-id-2149\" style=\"width: 100%; margin: 0 auto;\" class=\"ml-slider-3-27-5 metaslider metaslider-flex metaslider-2149 ml-slider nav-hidden\">\n    <div id=\"metaslider_container_2149\">\n        <div id=\"metaslider_2149\">\n            <ul aria-live=\"polite\" class=\"slides\">\n                <li style=\"display: none; width: 100%;\" class=\"slide-2167 ms-image\"><img src=\"https:\/\/www.facet.unt.edu.ar\/iest\/wp-content\/uploads\/sites\/22\/2018\/06\/Pascual1-250x250.jpg\" height=\"250\" width=\"250\" alt=\"\" class=\"slider-2149 slide-2167\" \/><div class=\"caption-wrap\"><div class=\"caption\">Clase Prof. Pacual 1<\/div><\/div><\/li>\n                <li style=\"display: none; width: 100%;\" class=\"slide-2168 ms-image\"><img src=\"https:\/\/www.facet.unt.edu.ar\/iest\/wp-content\/uploads\/sites\/22\/2018\/06\/pascual2-250x250.jpg\" height=\"250\" width=\"250\" alt=\"\" class=\"slider-2149 slide-2168\" \/><div class=\"caption-wrap\"><div class=\"caption\">Clase Prof. Pacual 2<\/div><\/div><\/li>\n                <li style=\"display: none; width: 100%;\" class=\"slide-2174 ms-image\"><img src=\"https:\/\/www.facet.unt.edu.ar\/iest\/wp-content\/uploads\/sites\/22\/2018\/06\/vigaAlumnos1-250x250.jpg\" height=\"250\" width=\"250\" alt=\"\" class=\"slider-2149 slide-2174\" \/><div class=\"caption-wrap\"><div class=\"caption\">Alumnos 1<\/div><\/div><\/li>\n                <li style=\"display: none; width: 100%;\" class=\"slide-2175 ms-image\"><img src=\"https:\/\/www.facet.unt.edu.ar\/iest\/wp-content\/uploads\/sites\/22\/2018\/06\/vigaalumnos2-250x250.jpg\" height=\"250\" width=\"250\" alt=\"\" class=\"slider-2149 slide-2175\" \/><div class=\"caption-wrap\"><div class=\"caption\">Alumnos 2<\/div><\/div><\/li>\n                <li style=\"display: none; width: 100%;\" class=\"slide-2176 ms-image\"><img src=\"https:\/\/www.facet.unt.edu.ar\/iest\/wp-content\/uploads\/sites\/22\/2018\/06\/vigaalumnos3-250x250.jpg\" height=\"250\" width=\"250\" alt=\"\" class=\"slider-2149 slide-2176\" \/><div class=\"caption-wrap\"><div class=\"caption\">Alumnos 3<\/div><\/div><\/li>\n                <li style=\"display: none; width: 100%;\" class=\"slide-2177 ms-image\"><img src=\"https:\/\/www.facet.unt.edu.ar\/iest\/wp-content\/uploads\/sites\/22\/2018\/06\/vigaalumnos4-250x250.jpg\" height=\"250\" width=\"250\" alt=\"\" class=\"slider-2149 slide-2177\" \/><div class=\"caption-wrap\"><div class=\"caption\">Prof. Luccioni y Alumnos<\/div><\/div><\/li>\n                <li style=\"display: none; width: 100%;\" class=\"slide-2178 ms-image\"><img src=\"https:\/\/www.facet.unt.edu.ar\/iest\/wp-content\/uploads\/sites\/22\/2018\/06\/vigaalumnos5-250x250.jpg\" height=\"250\" width=\"250\" alt=\"\" class=\"slider-2149 slide-2178\" \/><div class=\"caption-wrap\"><div class=\"caption\">Alumnos 4<\/div><\/div><\/li>\n                <li style=\"display: none; width: 100%;\" class=\"slide-2179 ms-image\"><img src=\"https:\/\/www.facet.unt.edu.ar\/iest\/wp-content\/uploads\/sites\/22\/2018\/06\/vigaalumnos6-250x250.jpg\" height=\"250\" width=\"250\" alt=\"\" class=\"slider-2149 slide-2179\" \/><div class=\"caption-wrap\"><div class=\"caption\">Alumnos 5<\/div><\/div><\/li>\n                <li style=\"display: none; width: 100%;\" class=\"slide-2180 ms-image\"><img src=\"https:\/\/www.facet.unt.edu.ar\/iest\/wp-content\/uploads\/sites\/22\/2018\/06\/vigaalumnos7-250x250.jpg\" height=\"250\" width=\"250\" alt=\"\" class=\"slider-2149 slide-2180\" \/><div class=\"caption-wrap\"><div class=\"caption\">Alumnos 6<\/div><\/div><\/li>\n                <li style=\"display: none; width: 100%;\" class=\"slide-2181 ms-image\"><img src=\"https:\/\/www.facet.unt.edu.ar\/iest\/wp-content\/uploads\/sites\/22\/2018\/06\/VigaSergio-250x250.jpg\" height=\"250\" width=\"250\" alt=\"\" class=\"slider-2149 slide-2181\" \/><div class=\"caption-wrap\"><div class=\"caption\">Prof. Gutierrez<\/div><\/div><\/li>\n                <li style=\"display: none; width: 100%;\" class=\"slide-2166 ms-image\"><img src=\"https:\/\/www.facet.unt.edu.ar\/iest\/wp-content\/uploads\/sites\/22\/2018\/06\/galgasAlas-250x250.jpg\" height=\"250\" width=\"250\" alt=\"\" class=\"slider-2149 slide-2166\" title=\"galgas en Alas\" \/><div class=\"caption-wrap\"><div class=\"caption\">Instrumentaci\u00f3n - disposici\u00f3n 1<\/div><\/div><\/li>\n                <li style=\"display: none; width: 100%;\" class=\"slide-2169 ms-image\"><img src=\"https:\/\/www.facet.unt.edu.ar\/iest\/wp-content\/uploads\/sites\/22\/2018\/06\/roseta-250x250.jpg\" height=\"250\" width=\"250\" alt=\"\" class=\"slider-2149 slide-2169\" title=\"Roseta\" \/><div class=\"caption-wrap\"><div class=\"caption\">Instrumentaci\u00f3n - disposici\u00f3n 2<\/div><\/div><\/li>\n                <li style=\"display: none; width: 100%;\" class=\"slide-2170 ms-image\"><img src=\"https:\/\/www.facet.unt.edu.ar\/iest\/wp-content\/uploads\/sites\/22\/2018\/06\/Viga1-250x250.jpg\" height=\"250\" width=\"250\" alt=\"\" class=\"slider-2149 slide-2170\" title=\"Viga1\" \/><div class=\"caption-wrap\"><div class=\"caption\">Instrumentaci\u00f3n - disposici\u00f3n 3<\/div><\/div><\/li>\n                <li style=\"display: none; width: 100%;\" class=\"slide-2171 ms-image\"><img src=\"https:\/\/www.facet.unt.edu.ar\/iest\/wp-content\/uploads\/sites\/22\/2018\/06\/viga2-250x250.jpg\" height=\"250\" width=\"250\" alt=\"\" class=\"slider-2149 slide-2171\" title=\"viga2\" \/><div class=\"caption-wrap\"><div class=\"caption\">Instrumentaci\u00f3n - disposici\u00f3n 4<\/div><\/div><\/li>\n                <li style=\"display: none; width: 100%;\" class=\"slide-2172 ms-image\"><img src=\"https:\/\/www.facet.unt.edu.ar\/iest\/wp-content\/uploads\/sites\/22\/2018\/06\/viga3-250x250.jpg\" height=\"250\" width=\"250\" alt=\"\" class=\"slider-2149 slide-2172\" title=\"viga3\" \/><div class=\"caption-wrap\"><div class=\"caption\">Instrumentaci\u00f3n - disposici\u00f3n 5<\/div><\/div><\/li>\n                <li style=\"display: none; width: 100%;\" class=\"slide-2173 ms-image\"><img src=\"https:\/\/www.facet.unt.edu.ar\/iest\/wp-content\/uploads\/sites\/22\/2018\/06\/viga4-250x250.jpg\" height=\"250\" width=\"250\" alt=\"\" class=\"slider-2149 slide-2173\" title=\"viga4\" \/><div class=\"caption-wrap\"><div class=\"caption\">Instrumentaci\u00f3n - disposici\u00f3n 6<\/div><\/div><\/li>\n            <\/ul>\n        <\/div>\n        \n    <\/div>\n<\/div>\n<p>&nbsp;<\/p>\n<p><span style=\"text-decoration: underline;\"><strong>Ensayo y Clases<\/strong><\/span><\/p>\n<div id=\"metaslider-id-137\" style=\"width: 100%; margin: 0 auto;\" class=\"ml-slider-3-27-5 metaslider metaslider-flex metaslider-137 ml-slider nav-hidden nav-hidden\">\n    <div id=\"metaslider_container_137\">\n        <div id=\"metaslider_137\">\n            <ul aria-live=\"polite\" class=\"slides\">\n                <li style=\"display: none; width: 100%;\" class=\"slide-105 ms-image\"><img src=\"https:\/\/www.facet.unt.edu.ar\/iest\/wp-content\/uploads\/sites\/22\/2014\/12\/docen_004-200x150.jpg\" height=\"150\" width=\"200\" alt=\"\" class=\"slider-137 slide-105\" title=\"Banco de Fotoelasticidad\" \/><\/li>\n                <li style=\"display: none; width: 100%;\" class=\"slide-102 ms-image\"><img src=\"https:\/\/www.facet.unt.edu.ar\/iest\/wp-content\/uploads\/sites\/22\/2014\/12\/docen_001-200x150.jpg\" height=\"150\" width=\"200\" alt=\"\" class=\"slider-137 slide-102\" \/><\/li>\n                <li style=\"display: none; width: 100%;\" class=\"slide-104 ms-image\"><img src=\"https:\/\/www.facet.unt.edu.ar\/iest\/wp-content\/uploads\/sites\/22\/2014\/12\/docen_003-200x150.jpg\" height=\"150\" width=\"200\" alt=\"\" class=\"slider-137 slide-104\" title=\"Carrera de Ingenieria Civil - Asignatura Mecanica Experimental - Fabricaci\u00f3n de armadura para viga\" \/><\/li>\n                <li style=\"display: none; width: 100%;\" class=\"slide-106 ms-image\"><img src=\"https:\/\/www.facet.unt.edu.ar\/iest\/wp-content\/uploads\/sites\/22\/2014\/12\/docen_005-177x133.jpg\" height=\"150\" width=\"200\" alt=\"\" class=\"slider-137 slide-106\" title=\"Ensayo\" \/><\/li>\n                <li style=\"display: none; width: 100%;\" class=\"slide-103 ms-image\"><img src=\"https:\/\/www.facet.unt.edu.ar\/iest\/wp-content\/uploads\/sites\/22\/2014\/12\/docen_002-200x150.jpg\" height=\"150\" width=\"200\" alt=\"\" class=\"slider-137 slide-103\" title=\"Carrera de Ingenieria Civil - Asignatura Mecanica Experimental - Clase en aula\" \/><\/li>\n                <li style=\"display: none; width: 100%;\" class=\"slide-557 ms-image\"><img src=\"https:\/\/www.facet.unt.edu.ar\/iest\/wp-content\/uploads\/sites\/22\/2015\/01\/100_1065-200x150.jpg\" height=\"150\" width=\"200\" alt=\"\" class=\"slider-137 slide-557\" title=\"Posgrado - Asignatura Mecanica Experimental - Viga de hormig\u00f3n pretensado\" \/><\/li>\n                <li style=\"display: none; width: 100%;\" class=\"slide-555 ms-image\"><img src=\"https:\/\/www.facet.unt.edu.ar\/iest\/wp-content\/uploads\/sites\/22\/2015\/01\/P4010035-200x150.jpg\" height=\"150\" width=\"200\" alt=\"\" class=\"slider-137 slide-555\" title=\"Posgrado - Asignatura Mecanica Experimental - Ensayo a tracci\u00f3n de barra de acero\" \/><\/li>\n                <li style=\"display: none; width: 100%;\" class=\"slide-556 ms-image\"><img src=\"https:\/\/www.facet.unt.edu.ar\/iest\/wp-content\/uploads\/sites\/22\/2015\/01\/P4180074-200x150.jpg\" height=\"150\" width=\"200\" alt=\"\" class=\"slider-137 slide-556\" title=\"Posgrado - Asignatura Mecanica Experimental \" \/><\/li>\n                <li style=\"display: none; width: 100%;\" class=\"slide-554 ms-image\"><img src=\"https:\/\/www.facet.unt.edu.ar\/iest\/wp-content\/uploads\/sites\/22\/2015\/01\/EnsayoVigaRuano-Estabilidad4-200x150.jpg\" height=\"150\" width=\"200\" alt=\"\" class=\"slider-137 slide-554\" title=\"Carrera de Ingenieria Civil - Asignatura Estabilidad IV - Visita a ensayo de flexi\u00f3n de viga\" \/><\/li>\n                <li style=\"display: none; width: 100%;\" class=\"slide-558 ms-image\"><img src=\"https:\/\/www.facet.unt.edu.ar\/iest\/wp-content\/uploads\/sites\/22\/2015\/01\/100_1694-200x150.jpg\" height=\"150\" width=\"200\" alt=\"\" class=\"slider-137 slide-558\" title=\"Carrera de Ingenieria Civil - Asignatura Estabilidad IV - Visita a ensayo de flexi\u00f3n de viga\" \/><\/li>\n            <\/ul>\n        <\/div>\n        \n    <\/div>\n<\/div>\n<p>&nbsp;<\/p>\n","protected":false},"excerpt":{"rendered":"<p>Las tareas docentes del Instituto de Estructuras pueden resumirse a trav\u00e9s de las siguientes funciones: Apoyo docente al dictado de asignaturas de grado correspondientes a las carreras de Ingenier\u00eda Civil, Ingenier\u00eda Mec\u00e1nica, Ingenier\u00eda Industrial y Arquitectura. Coordinaci\u00f3n de propuestas de Proyectos Finales de la Carrera de Ingenier\u00eda Civil. Coordinaci\u00f3n del dictado de cursos de posgrado. [&hellip;]<\/p>\n","protected":false},"author":20,"featured_media":0,"parent":0,"menu_order":3,"comment_status":"closed","ping_status":"closed","template":"","meta":[],"_links":{"self":[{"href":"https:\/\/www.facet.unt.edu.ar\/iest\/wp-json\/wp\/v2\/pages\/145"}],"collection":[{"href":"https:\/\/www.facet.unt.edu.ar\/iest\/wp-json\/wp\/v2\/pages"}],"about":[{"href":"https:\/\/www.facet.unt.edu.ar\/iest\/wp-json\/wp\/v2\/types\/page"}],"author":[{"embeddable":true,"href":"https:\/\/www.facet.unt.edu.ar\/iest\/wp-json\/wp\/v2\/users\/20"}],"replies":[{"embeddable":true,"href":"https:\/\/www.facet.unt.edu.ar\/iest\/wp-json\/wp\/v2\/comments?post=145"}],"version-history":[{"count":14,"href":"https:\/\/www.facet.unt.edu.ar\/iest\/wp-json\/wp\/v2\/pages\/145\/revisions"}],"predecessor-version":[{"id":2187,"href":"https:\/\/www.facet.unt.edu.ar\/iest\/wp-json\/wp\/v2\/pages\/145\/revisions\/2187"}],"wp:attachment":[{"href":"https:\/\/www.facet.unt.edu.ar\/iest\/wp-json\/wp\/v2\/media?parent=145"}],"curies":[{"name":"wp","href":"https:\/\/api.w.org\/{rel}","templated":true}]}}