{"id":151,"date":"2015-01-18T00:41:31","date_gmt":"2015-01-18T03:41:31","guid":{"rendered":"https:\/\/www.facet.unt.edu.ar\/iest\/?page_id=151"},"modified":"2025-09-23T22:12:14","modified_gmt":"2025-09-24T01:12:14","slug":"proyectos","status":"publish","type":"page","link":"https:\/\/www.facet.unt.edu.ar\/iest\/proyectos\/","title":{"rendered":"Proyectos"},"content":{"rendered":"<div class=\"texto\">\n<p>El Instituto de Estructura constituye un centro de investigaci\u00f3n que tiene por fines la planificaci\u00f3n, promoci\u00f3n, realizaci\u00f3n y difusi\u00f3n de actividades de investigaci\u00f3n, desarrollo e innovaci\u00f3n tecnol\u00f3gica necesarias en el \u00e1mbito de la ingenier\u00eda estructural.<\/p>\n<p>Actualmente en el Instituto de Estructuras se est\u00e1n desarrollando los siguientes proyectos de investigaci\u00f3n:<\/p>\n<ul>\n<li><a href=\"https:\/\/www.facet.unt.edu.ar\/iest\/proyectos\/estudio-de-patologias\/\">Estudio de patolog\u00edas, reparaci\u00f3n y rehabilitaci\u00f3n de estructuras y edificios (PIUNT)<\/a><br \/>\n<em>Study of pathologies, repair and rehabilitation of structures and buildings<\/em><br \/>\nDirector: <a href=\"https:\/\/www.facet.unt.edu.ar\/iest\/integrantes\/sfer-domingo\/\">SFER, Domingo<\/a><br \/>\nCo-Director: <a href=\"https:\/\/www.facet.unt.edu.ar\/iest\/integrantes\/gutierrez-sergio-e\/\">GUTI\u00c9RREZ, Sergio<\/a><\/li>\n<li><a href=\"https:\/\/www.facet.unt.edu.ar\/iest\/proyectos\/evaluacion-rehabilitacion-y-monitoreo\/\">Evaluaci\u00f3n, Rehabilitaci\u00f3n y Monitoreo de Obras de Ingenier\u00eda Civil (PIUNT)<\/a><br \/>\n<em>Evaluation, Rehabilitation and Monitoring of Civil Engineering Works<\/em><br \/>\nDirector: <a href=\"https:\/\/www.facet.unt.edu.ar\/iest\/integrantes\/perez-gustavo-ariel\/\">P\u00c9REZ, Gustavo<\/a><\/li>\n<li><a href=\"https:\/\/www.facet.unt.edu.ar\/iest\/formulacion-energetica\/\">Formulaci\u00f3n energ\u00e9tica y simulaci\u00f3n num\u00e9rica de procesos multi-f\u00edsicos en la fractura hidr\u00e1ulica de materiales porosos saturados (PIUNT)<\/a><br \/>\n<em>Energy formulation and numerical simulation of multi-physics processes in hydraulic fracture of saturated porous materials<\/em><br \/>\nDirector: <a href=\"https:\/\/catedras.facet.unt.edu.ar\/compsci\/mluege\/\">LUEGE, Mariela<\/a><br \/>\nCo-Director: ORLANDO, Antonio<\/li>\n<li><a href=\"https:\/\/www.facet.unt.edu.ar\/iest\/proyectos\/proteccion-de-estructuras\/\">Protecci\u00f3n de estructuras frente a cargas extremas (PIUNT)<\/a><br \/>\n<em>Protection of structures against extreme loads<\/em><br \/>\nDirector: <a href=\"https:\/\/www.facet.unt.edu.ar\/iest\/integrantes\/luccioni-bibiana-maria\/\">LUCCIONI, Bibiana Mar\u00eda<\/a><\/li>\n<li><a href=\"https:\/\/www.facet.unt.edu.ar\/iest\/modelos-para-simular-el-comportamiento-de-nuevos-materiales\/\">Modelos para simular el comportamiento de nuevos materiales compuestos (PIP CONICET)<\/a><br \/>\n<em>Models to simulate the behavior of new composite materials<\/em><br \/>\nDirector: <a href=\"https:\/\/www.facet.unt.edu.ar\/iest\/integrantes\/luccioni-bibiana-maria\/\">LUCCIONI, Bibiana Mar\u00eda<\/a><\/li>\n<\/ul>\n<p style=\"text-align: justify;\">Trabajos de investigaci\u00f3n llevados a cabo:<\/p>\n<ul>\n<li>Estudio Experimental y Num\u00e9rico de la Reparaci\u00f3n Estructural con Hormig\u00f3n Reforzado con Fibras (CIUNT 26\/E636)<br \/>\n<em>Experimental and Numerical Study of Structural repairing with Fiber Reinforced Concrete.<\/em><br \/>\nDirector: SFER, Domingo \u2013 Co-Director: GUTI\u00c9RREZ, Sergio<\/li>\n<li>Vulnerabilidad y Riesgo de Grandes Obras de Ingenier\u00eda: Aplicaci\u00f3n a Presas de Embalse y Puentes (CIUNT 26\/E622)<br \/>\n<em>Vulnerability and Risk of Large Engineering Works: Application to Dams and Bridges.<\/em><br \/>\nDirector: JACINTO, Abel Carlos \u2013 Co-Director: P\u00c9REZ, Gustavo Ariel<\/li>\n<li>Tomograf\u00eda de Impedancia El\u00e9ctrica en la identificaci\u00f3n de defectos en el hormig\u00f3n<br \/>\nDirector: LUEGE, Mariela<\/li>\n<li>Materiales Compuestos Bajo Acciones Din\u00e1micas (CIUNT 26\/E623)<br \/>\n<em>Composite Materials Under Dynamic Loads.<\/em><br \/>\nDirector: LUCCIONI, Bibiana Mar\u00eda<\/li>\n<li>Refuerzo de estructuras frente a cargas extremas con hormigones de altas y ultra altas prestaciones reforzados con fibras (PICT 2017 1313)<br \/>\nDirector: LUCCIONI, Bibiana Mar\u00eda<\/li>\n<li>Aplicaci\u00f3n de hormig\u00f3n de alta resistencia reforzado con fibras (PICT 2020 01810)<br \/>\nDirector: LUCCIONI, Bibiana Mar\u00eda<\/li>\n<li>Modelos para simular el comportamiento de nuevos materiales compuestos, PIP CONICET 2020 (11220200101621CO)<br \/>\nDirector: OLLER, Sergio \u2013 Co-Director: LUCCIONI, Bibiana Mar\u00eda<\/li>\n<li>Dise\u00f1o y evaluaci\u00f3n de da\u00f1os e integridad de tanques para almacenamiento de petr\u00f3leo frente a acciones extremas, PICTO-2021-YPF-CUENCA<br \/>\nDirectores: LUCCIONI, Bibiana Mar\u00eda y DODOY, Luis Augusto<\/li>\n<\/ul>\n<\/div>\n","protected":false},"excerpt":{"rendered":"<p>El Instituto de Estructura constituye un centro de investigaci\u00f3n que tiene por fines la planificaci\u00f3n, promoci\u00f3n, realizaci\u00f3n y difusi\u00f3n de actividades de investigaci\u00f3n, desarrollo e innovaci\u00f3n tecnol\u00f3gica necesarias en el \u00e1mbito de la ingenier\u00eda estructural. Actualmente en el Instituto de Estructuras se est\u00e1n desarrollando los siguientes proyectos de investigaci\u00f3n: Estudio de patolog\u00edas, reparaci\u00f3n y rehabilitaci\u00f3n [&hellip;]<\/p>\n","protected":false},"author":20,"featured_media":0,"parent":0,"menu_order":4,"comment_status":"closed","ping_status":"closed","template":"","meta":[],"_links":{"self":[{"href":"https:\/\/www.facet.unt.edu.ar\/iest\/wp-json\/wp\/v2\/pages\/151"}],"collection":[{"href":"https:\/\/www.facet.unt.edu.ar\/iest\/wp-json\/wp\/v2\/pages"}],"about":[{"href":"https:\/\/www.facet.unt.edu.ar\/iest\/wp-json\/wp\/v2\/types\/page"}],"author":[{"embeddable":true,"href":"https:\/\/www.facet.unt.edu.ar\/iest\/wp-json\/wp\/v2\/users\/20"}],"replies":[{"embeddable":true,"href":"https:\/\/www.facet.unt.edu.ar\/iest\/wp-json\/wp\/v2\/comments?post=151"}],"version-history":[{"count":79,"href":"https:\/\/www.facet.unt.edu.ar\/iest\/wp-json\/wp\/v2\/pages\/151\/revisions"}],"predecessor-version":[{"id":3115,"href":"https:\/\/www.facet.unt.edu.ar\/iest\/wp-json\/wp\/v2\/pages\/151\/revisions\/3115"}],"wp:attachment":[{"href":"https:\/\/www.facet.unt.edu.ar\/iest\/wp-json\/wp\/v2\/media?parent=151"}],"curies":[{"name":"wp","href":"https:\/\/api.w.org\/{rel}","templated":true}]}}