{"id":1541,"date":"2016-05-02T18:21:39","date_gmt":"2016-05-02T21:21:39","guid":{"rendered":"https:\/\/www.facet.unt.edu.ar\/iest\/?page_id=1541"},"modified":"2018-03-09T00:46:26","modified_gmt":"2018-03-09T03:46:26","slug":"barlek-pablo","status":"publish","type":"page","link":"https:\/\/www.facet.unt.edu.ar\/iest\/integrantes\/barlek-pablo\/","title":{"rendered":"BARLEK Pablo"},"content":{"rendered":"<h2>Mg. Ing. BARLEK MENDOZA Pablo Mariano<\/h2>\n<div>\n<table style=\"width: 750px; border-color: #ffffff;\">\n<tbody>\n<tr>\n<td style=\"width: 350px; height: 300px; border-color: #ffffff; text-align: center; vertical-align: middle; background-color: #ffffff;\"><img decoding=\"async\" loading=\"lazy\" class=\"alignnone wp-image-1543\" src=\"https:\/\/www.facet.unt.edu.ar\/iest\/wp-content\/uploads\/sites\/22\/2016\/05\/pbarlek.jpg\" alt=\"pbarlek\" width=\"300\" height=\"279\" srcset=\"https:\/\/www.facet.unt.edu.ar\/iest\/wp-content\/uploads\/sites\/22\/2016\/05\/pbarlek.jpg 408w, https:\/\/www.facet.unt.edu.ar\/iest\/wp-content\/uploads\/sites\/22\/2016\/05\/pbarlek-300x279.jpg 300w\" sizes=\"(max-width: 300px) 100vw, 300px\" \/><\/td>\n<td style=\"width: 400px; height: 300px; border-color: #ffffff; vertical-align: top;\">\n<p style=\"padding-left: 30px;\"><span style=\"font-size: 12pt; font-family: 'times new roman', times;\">Instituto de Estructuras \u201cIng. Arturo M. Guzm\u00e1n\u201d<\/span><\/p>\n<p style=\"padding-left: 30px;\"><span style=\"font-size: 12pt; font-family: 'times new roman', times;\"><a href=\"https:\/\/www.facet.unt.edu.ar\/\" target=\"_blank\" rel=\"noopener\">Facultad de Ciencias Exactas y Tecnolog\u00eda<\/a><\/span><\/p>\n<p style=\"padding-left: 30px;\"><span style=\"font-size: 12pt; font-family: 'times new roman', times;\"><a href=\"http:\/\/www.unt.edu.ar\/\" target=\"_blank\" rel=\"noopener\">Universidad Nacional de Tucum\u00e1n<\/a><\/span><\/p>\n<p style=\"padding-left: 30px;\"><span style=\"font-size: 12pt; font-family: 'times new roman', times;\">Av. Independencia 1800 \u2013 CP 4000<\/span><\/p>\n<p style=\"padding-left: 30px;\"><span style=\"font-size: 12pt; font-family: 'times new roman', times;\">San Miguel de Tucum\u00e1n, Tucum\u00e1n, Argentina<\/span><\/p>\n<p style=\"padding-left: 30px;\"><span style=\"font-size: 12pt; font-family: 'times new roman', times;\">Tel\/Fax Lab.: +54 (0) 381 4364087<\/span><\/p>\n<p style=\"padding-left: 30px;\"><span style=\"font-size: 12pt; font-family: 'times new roman', times;\">e-mail: pbarlek@gmail.com<\/span><\/p>\n<\/td>\n<\/tr>\n<\/tbody>\n<\/table>\n<\/div>\n<div>\n<h2 style=\"text-align: justify;\">T\u00edtulos<\/h2>\n<ul style=\"text-align: justify;\">\n<li><strong>Mag\u00edster en Ingenier\u00eda Estructural<\/strong> \u2013 Instituto de Estructuras \u201cIng. Arturo M. Guzm\u00e1n\u201d &#8211; UNT.\u00a0T\u00edtulo Tesis: Capacidad S\u00edsmica Residual de Columnas de Hormig\u00f3n Armado.\u00a0Director: Mg. Ing. Enrique E. Gal\u00edndez.<\/li>\n<li><strong>Ingeniero Civil<\/strong> \u2013 Facultad de Ciencias Exactas y Tecnolog\u00eda &#8211; UNT.<\/li>\n<li><strong>Bachiller Nacional Biling\u00fce<\/strong><strong> \u00a0<\/strong>&#8211; Colegio Nueva Concepci\u00f3n, Tucum\u00e1n, Argentina.<\/li>\n<\/ul>\n<h2 style=\"text-align: justify;\">Formaci\u00f3n y Perfeccionamiento<\/h2>\n<ul style=\"text-align: justify;\">\n<li><strong>Cursos de Posgrado Aprobados<\/strong><\/li>\n<\/ul>\n<p style=\"padding-left: 60px; text-align: justify;\">An\u00e1lisis Matricial de Estructuras. Matem\u00e1tica Para Ingenieros. \u00a0C\u00e1lculo Num\u00e9rico. \u00a0Mec\u00e1nica de los S\u00f3lidos. \u00a0M\u00e9todos Num\u00e9ricos-Computacionales I.\u00a0Din\u00e1mica Estructural \u00a0I. Mec\u00e1nica Experimental. Modelaci\u00f3n Constitutiva I. Ondas El\u00e1sticas y Emisi\u00f3n Ac\u00fastica. Sistemas de Protecci\u00f3n S\u00edsmica.\u00a0Estructuras Sismorresistentes de Edificios I.<\/p>\n<ul style=\"text-align: justify;\">\n<li><strong>Idiomas<\/strong><\/li>\n<\/ul>\n<p style=\"padding-left: 60px; text-align: justify;\">Ingl\u00e9s, nivel Avanzado.<\/p>\n<h2 style=\"text-align: justify;\">Publicaciones<\/h2>\n<ul style=\"text-align: justify;\">\n<li>\u201c<strong>Modelaci\u00f3n Num\u00e9rica de Columnas de Hormig\u00f3n Armado Sometidas a Cargas C\u00edclicas<\/strong>\u201d.\u00a0Autores: P.M. Barlek Mendoza, E.E. Gal\u00edndez y S.B. Pavoni.\u00a0Evento: 23\u00ba Jornadas Argentinas de Ingenier\u00eda Estructural.\u00a0Fecha: Septiembre de 2014.\u00a0Lugar: Buenos Aires, Rep\u00fablica Argentina.<\/li>\n<\/ul>\n<ul style=\"text-align: justify;\">\n<li>\u201c<strong>Factores de Reducci\u00f3n de la Capacidad S\u00edsmica para Columnas de Hormig\u00f3n Armado Da\u00f1adas por Sismos<\/strong>\u201d.\u00a0Autores: P.M. Barlek Mendoza, E.E. Gal\u00edndez y S.B. Pavoni.\u00a0Evento: XXXVI Jornadas Sudamericanas de Ingenier\u00eda Estructural.\u00a0Fecha: Noviembre de 2014.\u00a0Lugar: Montevideo, Rep\u00fablica Oriental del Uruguay.<\/li>\n<\/ul>\n<h2 style=\"text-align: justify;\">Proyectos de Investigacion<strong>\u00a0<\/strong><\/h2>\n<ul style=\"text-align: justify;\">\n<li>Diciembre de 2012 \u2013 Diciembre de 2014: Becario de Proyecto <strong>PICTO Riesgo S\u00edsmico 2007 N\u00ba 236 \u201cEstudio de la Capacidad S\u00edsmica Residual de P\u00f3rticos de Hormig\u00f3n Armado Rellenos de Mamposter\u00eda\u201d<\/strong>. Instituto de Investigaciones Antis\u00edsmicas \u201cIng. Aldo Bruschi\u201d, Universidad Nacional de San Juan.<\/li>\n<\/ul>\n<ul style=\"text-align: justify;\">\n<li>Enero de 2014 \u2013 Actualidad: miembro del Proyecto <strong>PIUNT 26\/E545\/1 \u201cEvaluaci\u00f3n Post-Sismo Basada en el \u00cdndice de Capacidad Residual\u201d<\/strong>. Instituto de Estructuras \u201cIng. Arturo M. Guzm\u00e1n\u201d, Universidad Nacional de Tucum\u00e1n.<\/li>\n<\/ul>\n<h2 style=\"text-align: justify;\"><strong>Exposici\u00f3n en Seminarios<\/strong><\/h2>\n<ul style=\"text-align: justify;\">\n<li style=\"text-align: justify;\"><strong>\u201cModelaci\u00f3n Num\u00e9rica de Columnas de Hormig\u00f3n Armado Sometidas a Cargas C\u00edclicas\u201d.\u00a0<\/strong>Fecha: Viernes 12 de Septiembre de 2014.\u00a0Lugar: Instituto de Investigaciones Antis\u00edsmicas \u201cIng. Aldo Bruschi\u201d, San Juan.<\/li>\n<li style=\"text-align: justify;\"><strong>\u201cRespuesta S\u00edsmica de Aisladores Friccionales a Nivel de Base de un Edificio\u201d.\u00a0<\/strong>Fecha: Viernes 7 de Agosto de 2015.\u00a0Lugar: Instituto de Estructuras \u201cIng. Arturo M. Guzm\u00e1n\u201d, S. M. de Tucum\u00e1n.<\/li>\n<\/ul>\n<h2 style=\"text-align: justify;\">Temas de Inter\u00e9s<\/h2>\n<ul>\n<li style=\"text-align: justify;\">Construcciones Sismorresistentes.<\/li>\n<li style=\"text-align: justify;\">Din\u00e1mica de Estructuras.<\/li>\n<li style=\"text-align: justify;\">Hormig\u00f3n Armado.<\/li>\n<li style=\"text-align: justify;\">Sistemas de Protecci\u00f3n S\u00edsmica<\/li>\n<\/ul>\n<\/div>\n","protected":false},"excerpt":{"rendered":"<p>Mg. Ing. BARLEK MENDOZA Pablo Mariano Instituto de Estructuras \u201cIng. Arturo M. Guzm\u00e1n\u201d Facultad de Ciencias Exactas y Tecnolog\u00eda Universidad Nacional de Tucum\u00e1n Av. Independencia 1800 \u2013 CP 4000 San Miguel de Tucum\u00e1n, Tucum\u00e1n, Argentina Tel\/Fax Lab.: +54 (0) 381 4364087 e-mail: pbarlek@gmail.com T\u00edtulos Mag\u00edster en Ingenier\u00eda Estructural \u2013 Instituto de Estructuras \u201cIng. Arturo M. [&hellip;]<\/p>\n","protected":false},"author":20,"featured_media":0,"parent":142,"menu_order":33,"comment_status":"closed","ping_status":"closed","template":"","meta":[],"_links":{"self":[{"href":"https:\/\/www.facet.unt.edu.ar\/iest\/wp-json\/wp\/v2\/pages\/1541"}],"collection":[{"href":"https:\/\/www.facet.unt.edu.ar\/iest\/wp-json\/wp\/v2\/pages"}],"about":[{"href":"https:\/\/www.facet.unt.edu.ar\/iest\/wp-json\/wp\/v2\/types\/page"}],"author":[{"embeddable":true,"href":"https:\/\/www.facet.unt.edu.ar\/iest\/wp-json\/wp\/v2\/users\/20"}],"replies":[{"embeddable":true,"href":"https:\/\/www.facet.unt.edu.ar\/iest\/wp-json\/wp\/v2\/comments?post=1541"}],"version-history":[{"count":13,"href":"https:\/\/www.facet.unt.edu.ar\/iest\/wp-json\/wp\/v2\/pages\/1541\/revisions"}],"predecessor-version":[{"id":2074,"href":"https:\/\/www.facet.unt.edu.ar\/iest\/wp-json\/wp\/v2\/pages\/1541\/revisions\/2074"}],"up":[{"embeddable":true,"href":"https:\/\/www.facet.unt.edu.ar\/iest\/wp-json\/wp\/v2\/pages\/142"}],"wp:attachment":[{"href":"https:\/\/www.facet.unt.edu.ar\/iest\/wp-json\/wp\/v2\/media?parent=1541"}],"curies":[{"name":"wp","href":"https:\/\/api.w.org\/{rel}","templated":true}]}}