{"id":1559,"date":"2016-05-02T19:02:14","date_gmt":"2016-05-02T22:02:14","guid":{"rendered":"https:\/\/www.facet.unt.edu.ar\/iest\/?page_id=1559"},"modified":"2019-03-12T16:18:26","modified_gmt":"2019-03-12T19:18:26","slug":"arganaraz-luciana","status":"publish","type":"page","link":"https:\/\/www.facet.unt.edu.ar\/iest\/integrantes\/arganaraz-luciana\/","title":{"rendered":"ARGA\u00d1ARAZ Luciana"},"content":{"rendered":"<h2>Ing. ARGA\u00d1ARAZ SAENZ Paula Luciana<\/h2>\n<div>\n<table style=\"width: 750px; border-color: #ffffff;\">\n<tbody>\n<tr>\n<td style=\"width: 350px; height: 300px; border-color: #ffffff; text-align: center; vertical-align: middle; background-color: #ffffff;\"><img decoding=\"async\" loading=\"lazy\" class=\"alignnone wp-image-1665\" src=\"https:\/\/www.facet.unt.edu.ar\/iest\/wp-content\/uploads\/sites\/22\/2016\/05\/LucianaArgara\u00f1az.jpg\" alt=\"LucianaArgara\u00f1az\" width=\"210\" height=\"280\" srcset=\"https:\/\/www.facet.unt.edu.ar\/iest\/wp-content\/uploads\/sites\/22\/2016\/05\/LucianaArgara\u00f1az.jpg 247w, https:\/\/www.facet.unt.edu.ar\/iest\/wp-content\/uploads\/sites\/22\/2016\/05\/LucianaArgara\u00f1az-225x300.jpg 225w\" sizes=\"(max-width: 210px) 100vw, 210px\" \/><\/td>\n<td style=\"width: 400px; height: 300px; border-color: #ffffff; vertical-align: top;\">\n<p style=\"padding-left: 30px;\"><span style=\"font-family: 'times new roman', times; font-size: 12pt;\">Instituto de Estructuras \u201cIng. Arturo M. Guzm\u00e1n\u201d<\/span><\/p>\n<p style=\"padding-left: 30px;\"><a href=\"https:\/\/www.facet.unt.edu.ar\/\" target=\"_blank\" rel=\"noopener noreferrer\">Facultad de Ciencias Exactas y Tecnolog\u00eda<\/a><\/p>\n<p style=\"padding-left: 30px;\"><span style=\"font-family: 'times new roman', times; font-size: 12pt;\"><a href=\"http:\/\/www.unt.edu.ar\/\" target=\"_blank\" rel=\"noopener noreferrer\">Universidad Nacional de Tucum\u00e1n<\/a><\/span><\/p>\n<p style=\"padding-left: 30px;\"><span style=\"font-family: 'times new roman', times; font-size: 12pt;\">Av. Independencia 1800 \u2013 CP 4000<\/span><\/p>\n<p style=\"padding-left: 30px;\"><span style=\"font-family: 'times new roman', times; font-size: 12pt;\">San Miguel de Tucum\u00e1n, Tucum\u00e1n, Argentina<\/span><\/p>\n<p style=\"padding-left: 30px;\"><span style=\"font-family: 'times new roman', times; font-size: 12pt;\">Tel\/Fax Lab.: +54 (0) 381 4364087<\/span><\/p>\n<p style=\"padding-left: 30px;\"><span style=\"font-family: 'times new roman', times; font-size: 12pt;\">e-mail: lulieba@hotmail.com<\/span><\/p>\n<\/td>\n<\/tr>\n<\/tbody>\n<\/table>\n<h3>T\u00edtulos<\/h3>\n<ul>\n<li style=\"text-align: justify;\">Bachiller con Orientaci\u00f3n en Artes Pl\u00e1sticas y Visuales.\u00a0Escuela de Bellas Artes, Artes Decorativas e Industriales Maestro Atilio Terragni. (2003-2008)\u00a0Universidad Nacional de Tucum\u00e1n.\u00a0Promedio: EGB III: 9,06\u00a0POLIMODAL: 9,03<\/li>\n<li style=\"text-align: justify;\">Ingeniero Civil. Universidad Nacional de Tucum\u00e1n. 2016.\u00a0Promedio: 8,182<\/li>\n<\/ul>\n<h3>Formaci\u00f3n y Perfeccionamiento<\/h3>\n<p style=\"padding-left: 30px;\"><strong>Cursos de Posgrado<\/strong><\/p>\n<ul>\n<li style=\"text-align: justify;\">An\u00e1lisis Matricial de Estructuras. Matem\u00e1tica Para Ingenieros. C\u00e1lculo Num\u00e9rico. 2016<\/li>\n<\/ul>\n<p style=\"padding-left: 30px;\"><strong>Cursos de Extensi\u00f3n<\/strong><\/p>\n<ul>\n<li style=\"text-align: justify;\">Tecnolog\u00eda de hormigones de altas prestaciones (2015).<\/li>\n<li style=\"text-align: justify;\">Tratamiento de Aguas Residuales Urbanas. M\u00e9todos de Lodos Activados y M\u00e9todos Alternativos con Bajos Costos de Operaci\u00f3n (2014).<\/li>\n<\/ul>\n<h3>Idiomas<\/h3>\n<ul>\n<li style=\"text-align: justify;\">Portugu\u00e9s. Curso de Idioma Portugu\u00e9s. 1\u00b0 Nivel. 2008<\/li>\n<li style=\"text-align: justify;\">Ingl\u00e9s. Grade 4 (Elementary stage). CEFR Level A2.2 with Merit. Trinity College London. 2015<\/li>\n<\/ul>\n<h3>Docencia<\/h3>\n<ul>\n<li style=\"text-align: justify;\">Auxiliar Docente de 2da Categor\u00eda en la c\u00e1tedra \u201cEstabilidad I\u201d de la carrera de Ing. Civil y Mec\u00e1nica.\u00a0Facultad de Ciencias Exactas y Tecnolog\u00eda. Universidad Nacional de Tucum\u00e1n.\u00a0Periodo: 2012-hasta la actualidad.<\/li>\n<li style=\"text-align: justify;\">Auxiliar Docente de 2da Categor\u00eda en la c\u00e1tedra \u201cGeolog\u00eda B\u00e1sica\u201d de la carrera de Ing. Civil.\u00a0Facultad de Ciencias Exactas y Tecnolog\u00eda. Universidad Nacional de Tucum\u00e1n.\u00a0Periodo: 2011-2012.<\/li>\n<\/ul>\n<h3>Becas<\/h3>\n<ul>\n<li style=\"text-align: justify;\">Programa \u201cMERCOSUR Educativo-Intercambio de Directivos, Docentes y Alumnos de la UNT con la ETEVI, de Blumenau &#8211; Brasil\u201d.\u00a0Junio-Julio 2008.<\/li>\n<li style=\"text-align: justify;\">Entidad otorgante: CONICET. Tipo de beca: Beca interna doctoral. Per\u00edodo: Desde 01\/04\/2016 al 01\/04\/2021.<\/li>\n<\/ul>\n<h3>Asistencia a Congresos<\/h3>\n<ul>\n<li>IV Congreso Nacional de Estudiantes de Ingenier\u00eda Civil. Bah\u00eda Blanca. Octubre 2011.<\/li>\n<li>XVI CEIC Congreso Nacional de Estudiantes de Ingenier\u00eda Civil. Concepci\u00f3n, Chile. Octubre 2012.<\/li>\n<li>1\u00b0 JOREIC Jornadas Regionales de Estudiantes de Ingenier\u00eda Civil. San Juan.\u00a0Junio 2013.<\/li>\n<li>VI Congreso Nacional de Estudiantes de Ingenier\u00eda Civil. Santa Fe. Septiembre 2013.<\/li>\n<li>II Congreso Argentino de Ingenier\u00eda. Tucum\u00e1n. Septiembre 2014.<\/li>\n<li>VII Congreso Nacional de Estudiantes de Ingenier\u00eda Civil. Olavarr\u00eda. Octubre 2014.<\/li>\n<li>2\u00b0 JOREIC Jornadas Regionales de Estudiantes de Ingenier\u00eda Civil. Salta.\u00a0Mayo 2015.<\/li>\n<\/ul>\n<\/div>\n","protected":false},"excerpt":{"rendered":"<p>Ing. ARGA\u00d1ARAZ SAENZ Paula Luciana Instituto de Estructuras \u201cIng. Arturo M. Guzm\u00e1n\u201d Facultad de Ciencias Exactas y Tecnolog\u00eda Universidad Nacional de Tucum\u00e1n Av. Independencia 1800 \u2013 CP 4000 San Miguel de Tucum\u00e1n, Tucum\u00e1n, Argentina Tel\/Fax Lab.: +54 (0) 381 4364087 e-mail: lulieba@hotmail.com T\u00edtulos Bachiller con Orientaci\u00f3n en Artes Pl\u00e1sticas y Visuales.\u00a0Escuela de Bellas Artes, Artes [&hellip;]<\/p>\n","protected":false},"author":20,"featured_media":0,"parent":142,"menu_order":35,"comment_status":"closed","ping_status":"closed","template":"","meta":[],"_links":{"self":[{"href":"https:\/\/www.facet.unt.edu.ar\/iest\/wp-json\/wp\/v2\/pages\/1559"}],"collection":[{"href":"https:\/\/www.facet.unt.edu.ar\/iest\/wp-json\/wp\/v2\/pages"}],"about":[{"href":"https:\/\/www.facet.unt.edu.ar\/iest\/wp-json\/wp\/v2\/types\/page"}],"author":[{"embeddable":true,"href":"https:\/\/www.facet.unt.edu.ar\/iest\/wp-json\/wp\/v2\/users\/20"}],"replies":[{"embeddable":true,"href":"https:\/\/www.facet.unt.edu.ar\/iest\/wp-json\/wp\/v2\/comments?post=1559"}],"version-history":[{"count":7,"href":"https:\/\/www.facet.unt.edu.ar\/iest\/wp-json\/wp\/v2\/pages\/1559\/revisions"}],"predecessor-version":[{"id":2270,"href":"https:\/\/www.facet.unt.edu.ar\/iest\/wp-json\/wp\/v2\/pages\/1559\/revisions\/2270"}],"up":[{"embeddable":true,"href":"https:\/\/www.facet.unt.edu.ar\/iest\/wp-json\/wp\/v2\/pages\/142"}],"wp:attachment":[{"href":"https:\/\/www.facet.unt.edu.ar\/iest\/wp-json\/wp\/v2\/media?parent=1559"}],"curies":[{"name":"wp","href":"https:\/\/api.w.org\/{rel}","templated":true}]}}