{"id":157,"date":"2015-01-18T00:49:06","date_gmt":"2015-01-18T03:49:06","guid":{"rendered":"https:\/\/www.facet.unt.edu.ar\/iest\/?page_id=157"},"modified":"2019-03-12T16:29:23","modified_gmt":"2019-03-12T19:29:23","slug":"laboratorio-experimental","status":"publish","type":"page","link":"https:\/\/www.facet.unt.edu.ar\/iest\/laboratorio-experimental\/","title":{"rendered":"Laboratorio Experimental"},"content":{"rendered":"<h1 style=\"text-align: left;\">LABORATORIO EXPERIMENTAL<\/h1>\n<p style=\"text-align: justify;\">El Laboratorio de Estructuras forma parte del Instituto de Estructuras. Es un laboratorio de Investigaci\u00f3n aplicada en el que se realizan estudios experimentales del comportamiento de estructuras y de sus componentes. Dentro del laboratorio se desarrollan proyectos financiados tanto por instituciones p\u00fablicas como por empresas privadas relacionadas a la industria de la construcci\u00f3n.<\/p>\n<p style=\"text-align: justify;\">El laboratorio posee diversos dispositivos de aplicaci\u00f3n de cargas para la simulaci\u00f3n de acciones est\u00e1ticas y din\u00e1micas tanto verticales como horizontales sobre modelos y elementos estructurales de dimensiones reales y\/o reducidas. Este equipamiento permite dar respuesta real y precisa a la gran mayor\u00eda de los problemas que se plantean a diario en la Ingenier\u00eda Estructural.<\/p>\n<p style=\"text-align: justify;\"><img decoding=\"async\" loading=\"lazy\" class=\"aligncenter wp-image-932 size-large\" src=\"https:\/\/www.facet.unt.edu.ar\/iest\/wp-content\/uploads\/sites\/22\/2015\/01\/Lab00-1024x768.jpg\" alt=\"Lab00\" width=\"720\" height=\"540\" srcset=\"https:\/\/www.facet.unt.edu.ar\/iest\/wp-content\/uploads\/sites\/22\/2015\/01\/Lab00.jpg 1024w, https:\/\/www.facet.unt.edu.ar\/iest\/wp-content\/uploads\/sites\/22\/2015\/01\/Lab00-300x225.jpg 300w\" sizes=\"(max-width: 720px) 100vw, 720px\" \/><\/p>\n<p>&nbsp;<\/p>\n<p><em><strong>FUNCIONES<\/strong><\/em><\/p>\n<p><strong>Asistir<\/strong> a las \u00c1reas Docencia, Investigaci\u00f3n y Servicios a Terceros en la ejecuci\u00f3n de trabajos experimentales sobre problemas estructurales.<\/p>\n<p><strong>Capacitar<\/strong> y aconsejar a docentes e investigadores en el manejo de t\u00e9cnicas experimentales.<\/p>\n<p><strong>Actualizar<\/strong> equipos y personal en el manejo de nuevas t\u00e9cnicas experimentales.<\/p>\n<p><strong>Desarrollar<\/strong> nuevos m\u00e9todos de experimentaci\u00f3n que permitan profundizar en el conocimiento de los problemas de la ingenier\u00eda.<\/p>\n<p><strong>Formar<\/strong> Recursos Humanos que permitan la evoluci\u00f3n institucional del Laboratorio.<\/p>\n<p><strong>Intercambiar<\/strong> informaci\u00f3n y experiencias con Laboratorios de otras partes del mundo, para fomentar el desarrollo de las t\u00e9cnicas experimentales.<\/p>\n<p><img decoding=\"async\" loading=\"lazy\" class=\"alignnone wp-image-121\" src=\"https:\/\/www.facet.unt.edu.ar\/iest\/wp-content\/uploads\/sites\/22\/2014\/12\/lab_006.jpg\" alt=\"Servicios a terceros - Ensayo no destructivo mediante ultrasonido\" width=\"267\" height=\"200\" \/>\u00a0<img decoding=\"async\" loading=\"lazy\" class=\"alignnone wp-image-123\" src=\"https:\/\/www.facet.unt.edu.ar\/iest\/wp-content\/uploads\/sites\/22\/2014\/12\/lab_004.jpg\" alt=\"lab_004\" width=\"292\" height=\"200\" \/>\u00a0<img decoding=\"async\" loading=\"lazy\" class=\"alignnone wp-image-819\" src=\"https:\/\/www.facet.unt.edu.ar\/iest\/wp-content\/uploads\/sites\/22\/2015\/01\/Lab11.jpg\" alt=\"Lab11\" width=\"224\" height=\"200\" \/><\/p>\n<p>&nbsp;<\/p>\n<p><em><strong>INFRAESTRUCTURA Y EQUIPAMIENTO<\/strong><\/em><\/p>\n<p>Losa reactiva de 10&#215;15 m. con puntos de anclaje cada 50 cm. en dos direcciones.<\/p>\n<p>Puente gr\u00faa de 7 t. de capacidad<\/p>\n<p>1 (un) p\u00f3rtico de carga de 100 t. en r\u00e9gimen din\u00e1mico.<\/p>\n<p>2 (dos) p\u00f3rticos de carga de 100 t. en r\u00e9gimen est\u00e1tico y 50 t. en r\u00e9gimen din\u00e1mico.<\/p>\n<p>2 (dos) p\u00f3rticos de carga de 25 t. en r\u00e9gimen est\u00e1tico.<\/p>\n<p>1 (un) laboratorio de fotoelasticidad.<\/p>\n<p>1 (un) laboratorio de ensayos de modelos reducidos<\/p>\n<p>&nbsp;<\/p>\n<p><strong><em>Equipamiento especial<\/em><\/strong><\/p>\n<blockquote><p>1 equipo KYOWA para registros din\u00e1micos, compuesto por :<br \/>\n1 oscil\u00f3grafo registrador de 6 canales,<br \/>\n5 aceler\u00f3metros AS-5GB,<br \/>\n5 aceler\u00f3metros AS-10B,<br \/>\n1 aceler\u00f3metro triaxial AS-10TB,<br \/>\n2 celdas de carga tracci\u00f3n\/compresi\u00f3n LU20Te para 20 t.,<br \/>\n2 celdas de cargas de compresi\u00f3n LC100TYE para 100 t.,<br \/>\n1 m\u00f3dulo amplificador de 8 canales DPM612B, y<br \/>\n1 caja convertidora de puente DPB120A.<br \/>\n10 sensores de presi\u00f3n marca Honeywell de capacidad m\u00e1xima 35 KPa.<br \/>\n1 equipo AMSLER, aplicaci\u00f3n y medici\u00f3n de cargas est\u00e1ticas, compuesto por<br \/>\ndinam\u00f3metro a resorte modelo FM 1033 de escala variable, cabezal distribuidor y bomba de recuperaci\u00f3n.<\/p><\/blockquote>\n<p>1 equipo AMSLER, aplicaci\u00f3n y medici\u00f3n de carga din\u00e1micas, compuesto por<br \/>\npulsador modelo P-960, pupitre de control, tuber\u00eda de presi\u00f3n y medici\u00f3n, acumulador.<\/p>\n<p>1 equipo IBERTEST-GIB aplicaci\u00f3n y medici\u00f3n de cargas est\u00e1t. y din\u00e1m.,<br \/>\ncompuesto por un pupitre de 4 v\u00edas, electr\u00f3nico, con lectura anal\u00f3gica de fuerza y digital de la informaci\u00f3n.<\/p>\n<p>2 gatos hidr\u00e1ulicos AMSLER de 20 t. en r\u00e9gimen est\u00e1tico y 10 t. en r\u00e9gimen din\u00e1mico, con placas de vinculaci\u00f3n a p\u00f3rticos de cargas.<\/p>\n<p>2 gatos hidr\u00e1ulicos IBERTEST-GIB de 20 t y 60 t. cada uno en r\u00e9gimen est\u00e1tico<br \/>\ny 10 t. y 30 t. en r\u00e9gimen din\u00e1mico.<\/p>\n<p>2 gatos hidr\u00e1ulicos SIMPLEX de 60 t. con placas de vinculaci\u00f3n a p\u00f3rticos de carga.<\/p>\n<p>1 gato hidr\u00e1ulico SIMPLEX de 100 t. con placas de vinculaci\u00f3n a p\u00f3rticos de carga.<\/p>\n<p>2 bombas manuales SIMPLEX.<\/p>\n<p>3.cilindros hidr\u00e1ulicos 5.10&#215;25 t. de capacidad.<\/p>\n<p>1 equipo INSTRON para aplicaci\u00f3n de cargas est\u00e1ticas, variables y con control de deformaciones con gesti\u00f3n asistida mediante computadora y software al efecto, compuesto por:<\/p>\n<p style=\"padding-left: 30px;\">Consola de control serie 2180,<br \/>\nCelda de carga serie 2518-100,<br \/>\nActuador hidr\u00e1ulico serie 3375 y<br \/>\nSubestaci\u00f3n hidr\u00e1ulica serie 3460.<\/p>\n<p>1 central extensom\u00e9trica automatica HBM de 20 canales para el registro de deformaciones est\u00e1ticas y din\u00e1micas.<\/p>\n<p>1 Extractor de testigos de Hormig\u00f3n a combusti\u00f3n<\/p>\n<p>1 Extractor de testigos de Hormig\u00f3n el\u00e9ctrico<\/p>\n<p>COVERMASTER, Palpador o sensor , central de medici\u00f3n<br \/>\nMedidor Resistividad RMMK II C\/ Manual, Puntas de Pruebas, Cargador de Bater\u00edas<\/p>\n<p>PUNDIT C\/ Manual<\/p>\n<p>Medidor de Ultrasonido MASTRAD<\/p>\n<p>Escler\u00f3metro SCHMIDT<\/p>\n<p>Equipo Capo \u2013 Test MASTRAD<\/p>\n<p>Media Celda HALF-CELL P\/ Medir capacidad Distribuida en el Hormig\u00f3n<\/p>\n<p><img decoding=\"async\" loading=\"lazy\" class=\"alignnone wp-image-820\" src=\"https:\/\/www.facet.unt.edu.ar\/iest\/wp-content\/uploads\/sites\/22\/2015\/01\/Lab10.jpg\" alt=\"Lab10\" width=\"198\" height=\"150\" \/>\u00a0<img decoding=\"async\" loading=\"lazy\" class=\"alignnone wp-image-780\" src=\"https:\/\/www.facet.unt.edu.ar\/iest\/wp-content\/uploads\/sites\/22\/2015\/01\/sat_08.jpg\" alt=\"sat_08\" width=\"225\" height=\"150\" \/>\u00a0<img decoding=\"async\" loading=\"lazy\" class=\"alignnone wp-image-817\" src=\"https:\/\/www.facet.unt.edu.ar\/iest\/wp-content\/uploads\/sites\/22\/2015\/01\/Lab13.jpg\" alt=\"Lab13\" width=\"245\" height=\"150\" \/>\u00a0<img decoding=\"async\" loading=\"lazy\" class=\"alignnone wp-image-816\" src=\"https:\/\/www.facet.unt.edu.ar\/iest\/wp-content\/uploads\/sites\/22\/2015\/01\/Lab14.jpg\" alt=\"Lab14\" width=\"196\" height=\"150\" \/><\/p>\n","protected":false},"excerpt":{"rendered":"<p>LABORATORIO EXPERIMENTAL El Laboratorio de Estructuras forma parte del Instituto de Estructuras. Es un laboratorio de Investigaci\u00f3n aplicada en el que se realizan estudios experimentales del comportamiento de estructuras y de sus componentes. Dentro del laboratorio se desarrollan proyectos financiados tanto por instituciones p\u00fablicas como por empresas privadas relacionadas a la industria de la construcci\u00f3n. [&hellip;]<\/p>\n","protected":false},"author":20,"featured_media":0,"parent":0,"menu_order":6,"comment_status":"closed","ping_status":"closed","template":"","meta":[],"_links":{"self":[{"href":"https:\/\/www.facet.unt.edu.ar\/iest\/wp-json\/wp\/v2\/pages\/157"}],"collection":[{"href":"https:\/\/www.facet.unt.edu.ar\/iest\/wp-json\/wp\/v2\/pages"}],"about":[{"href":"https:\/\/www.facet.unt.edu.ar\/iest\/wp-json\/wp\/v2\/types\/page"}],"author":[{"embeddable":true,"href":"https:\/\/www.facet.unt.edu.ar\/iest\/wp-json\/wp\/v2\/users\/20"}],"replies":[{"embeddable":true,"href":"https:\/\/www.facet.unt.edu.ar\/iest\/wp-json\/wp\/v2\/comments?post=157"}],"version-history":[{"count":16,"href":"https:\/\/www.facet.unt.edu.ar\/iest\/wp-json\/wp\/v2\/pages\/157\/revisions"}],"predecessor-version":[{"id":2273,"href":"https:\/\/www.facet.unt.edu.ar\/iest\/wp-json\/wp\/v2\/pages\/157\/revisions\/2273"}],"wp:attachment":[{"href":"https:\/\/www.facet.unt.edu.ar\/iest\/wp-json\/wp\/v2\/media?parent=157"}],"curies":[{"name":"wp","href":"https:\/\/api.w.org\/{rel}","templated":true}]}}