{"id":159,"date":"2015-01-18T00:50:23","date_gmt":"2015-01-18T03:50:23","guid":{"rendered":"https:\/\/www.facet.unt.edu.ar\/iest\/?page_id=159"},"modified":"2019-03-12T16:34:15","modified_gmt":"2019-03-12T19:34:15","slug":"laboratorio-numerico","status":"publish","type":"page","link":"https:\/\/www.facet.unt.edu.ar\/iest\/laboratorio-numerico\/","title":{"rendered":"Laboratorio Computacional"},"content":{"rendered":"<h1 style=\"text-align: left;\">LABORATORIO COMPUTACIONAL<\/h1>\n<p><a href=\"#Comportamiento Mec\u00e1nico de Materiales Compuestos No-Lineales\">Comportamiento Mec\u00e1nico de Materiales Compuestos No-Lineales<\/a><\/p>\n<p><a href=\"#alcali-silice\">Modelos para Hormig\u00f3n afectado por Reacci\u00f3n \u00c1lcali-S\u00edlice<\/a><\/p>\n<p><a href=\"#Equipos%20de Computo\">Equipos de Computo<\/a><\/p>\n<p><a href=\"#Software%20Desarrollados y Software con Licencia\">Software\u00a0Desarrollados y Software con Licencia<\/a><\/p>\n<hr \/>\n<p><span style=\"color: #ffffff;\"><a id=\"Comportamiento Mec\u00e1nico de Materiales Compuestos No-Lineales\"><\/a>\u00a0facu<\/span><\/p>\n<table style=\"height: 84px;\" width=\"1084\">\n<tbody>\n<tr>\n<td style=\"width: 1074px; height: 50px; vertical-align: middle; background-color: #343538;\">\n<h2><span style=\"color: #ffffff;\">\u00a0Comportamiento Mec\u00e1nico de Materiales Compuestos No-Lineales<\/span><\/h2>\n<\/td>\n<\/tr>\n<\/tbody>\n<\/table>\n<h3 style=\"text-align: left;\">Modelos Multiescala<\/h3>\n<p style=\"text-align: left;\">Desarrollos de <a href=\"https:\/\/www.researchgate.net\/profile\/Nicolas_Labanda\" target=\"_blank\" rel=\"noopener noreferrer\">Nicolas Labanda<\/a> y <a href=\"https:\/\/www.facet.unt.edu.ar\/iest\/integrantes\/luccioni-bibiana-maria\/\" target=\"_blank\" rel=\"noopener noreferrer\">Bibiana Luccioni<\/a><\/p>\n<p style=\"text-align: left;\">\u00a0 \u00a0 \u00a0 \u00a0 \u00a0 \u00a0 \u00a0 \u00a0 \u00a0 \u00a0 \u00a0 \u00a0 \u00a0 \u00a0 \u00a0 \u00a0 \u00a0 \u00a0 \u00a0 \u00a0 \u00a0 \u00a0 \u00a0 \u00a0 \u00a0 \u00a0 \u00a0 \u00a0 \u00a0 \u00a0 \u00a0 \u00a0 \u00a0 \u00a0 \u00a0 \u00a0 \u00a0 \u00a0 \u00a0 \u00a0 \u00a0 \u00a0 \u00a0 \u00a0 \u00a0 \u00a0 \u00a0 \u00a0 \u00a0 \u00a0 \u00a0 \u00a0 \u00a0 \u00a0Fractura de Matriz (<a href=\"https:\/\/www.youtube.com\/watch?v=0UCuaqOrAIM\" target=\"_blank\" rel=\"noopener noreferrer\">ver animaci\u00f3n<\/a>)<\/p>\n<p style=\"text-align: left;\">\u00a0 \u00a0 \u00a0 \u00a0 \u00a0 \u00a0 \u00a0 \u00a0 \u00a0 \u00a0 \u00a0 \u00a0 \u00a0 \u00a0 \u00a0 \u00a0 \u00a0 \u00a0 \u00a0 \u00a0 \u00a0 \u00a0 \u00a0 \u00a0 \u00a0 \u00a0 \u00a0 \u00a0 \u00a0 \u00a0 \u00a0 \u00a0 \u00a0 \u00a0 \u00a0 \u00a0 \u00a0 \u00a0 \u00a0 \u00a0 \u00a0 \u00a0 <a href=\"https:\/\/www.youtube.com\/watch?v=0UCuaqOrAIM\" target=\"_blank\" rel=\"noopener noreferrer\"><img decoding=\"async\" loading=\"lazy\" class=\"alignnone wp-image-1325\" src=\"https:\/\/www.facet.unt.edu.ar\/iest\/wp-content\/uploads\/sites\/22\/2015\/04\/FracturaMatriz-300x165.jpg\" alt=\"FracturaMatriz\" width=\"477\" height=\"264\" srcset=\"https:\/\/www.facet.unt.edu.ar\/iest\/wp-content\/uploads\/sites\/22\/2015\/04\/FracturaMatriz-300x165.jpg 300w, https:\/\/www.facet.unt.edu.ar\/iest\/wp-content\/uploads\/sites\/22\/2015\/04\/FracturaMatriz.jpg 448w\" sizes=\"(max-width: 477px) 100vw, 477px\" \/><\/a><\/p>\n<hr \/>\n<p><span style=\"color: #ffffff;\"><a id=\"alcali-silice\"><\/a>\u00a0facu<\/span><\/p>\n<table style=\"height: 84px;\" width=\"1084\">\n<tbody>\n<tr>\n<td style=\"width: 1074px; height: 50px; vertical-align: middle; background-color: #343538;\">\n<h2><span style=\"color: #ffffff;\">\u00a0Modelos para Hormig\u00f3n afectado por Reacci\u00f3n \u00c1lcali-S\u00edlice<\/span><\/h2>\n<\/td>\n<\/tr>\n<\/tbody>\n<\/table>\n<h3>Modelo Macrosc\u00f3pico Aplicado al An\u00e1lisis de una Presa de Hormig\u00f3n<\/h3>\n<p>Desarrollo de <a href=\"https:\/\/www.facet.unt.edu.ar\/iest\/integrantes\/almenar-martin\/\" target=\"_blank\" rel=\"noopener noreferrer\">Mart\u00edn Almenar<\/a> y <a href=\"https:\/\/catedras.facet.unt.edu.ar\/compsci\/mluege\/\" target=\"_blank\" rel=\"noopener noreferrer\">Mariela Luege<\/a><\/p>\n<p><a href=\"https:\/\/catedras.facet.unt.edu.ar\/compsci\/mluege\/\" target=\"_blank\" rel=\"noopener noreferrer\">\u00a0 \u00a0 \u00a0 \u00a0 \u00a0 \u00a0 \u00a0 \u00a0 \u00a0 \u00a0 \u00a0 \u00a0 \u00a0 \u00a0 \u00a0 \u00a0 \u00a0 \u00a0 \u00a0 \u00a0 \u00a0 \u00a0 \u00a0 \u00a0<\/a>\u00a0\u00a0<a href=\"https:\/\/www.facet.unt.edu.ar\/iest\/wp-content\/uploads\/sites\/22\/2015\/01\/Sin-t\u00edtulo.png\" target=\"_blank\" rel=\"noopener noreferrer\"><img decoding=\"async\" loading=\"lazy\" class=\"alignnone wp-image-1880 size-large\" src=\"https:\/\/www.facet.unt.edu.ar\/iest\/wp-content\/uploads\/sites\/22\/2015\/01\/Sin-t\u00edtulo-1024x606.png\" alt=\"\" width=\"720\" height=\"426\" srcset=\"https:\/\/www.facet.unt.edu.ar\/iest\/wp-content\/uploads\/sites\/22\/2015\/01\/Sin-t\u00edtulo-1024x606.png 1024w, https:\/\/www.facet.unt.edu.ar\/iest\/wp-content\/uploads\/sites\/22\/2015\/01\/Sin-t\u00edtulo-300x177.png 300w, https:\/\/www.facet.unt.edu.ar\/iest\/wp-content\/uploads\/sites\/22\/2015\/01\/Sin-t\u00edtulo-768x454.png 768w, https:\/\/www.facet.unt.edu.ar\/iest\/wp-content\/uploads\/sites\/22\/2015\/01\/Sin-t\u00edtulo.png 1084w\" sizes=\"(max-width: 720px) 100vw, 720px\" \/><\/a><\/p>\n<p><a href=\"https:\/\/www.youtube.com\/watch?v=yQmffD_bGu0\" target=\"_blank\" rel=\"noopener noreferrer\">\u00a0 \u00a0 \u00a0 \u00a0 \u00a0 \u00a0 \u00a0 \u00a0 \u00a0 \u00a0 \u00a0 \u00a0 \u00a0 \u00a0 \u00a0 \u00a0 \u00a0 \u00a0 \u00a0 \u00a0 \u00a0 \u00a0 \u00a0 \u00a0 \u00a0 \u00a0 \u00a0 \u00a0 \u00a0 \u00a0 \u00a0 \u00a0 \u00a0 \u00a0 \u00a0 \u00a0 \u00a0 \u00a0 \u00a0 \u00a0 \u00a0 \u00a0 \u00a0 \u00a0 \u00a0 \u00a0 \u00a0 \u00a0 \u00a0 \u00a0 \u00a0 \u00a0 \u00a0 \u00a0 \u00a0 \u00a0 \u00a0\u00a0<\/a>An\u00e1lisis Overtopping (<a href=\"https:\/\/www.youtube.com\/watch?v=yQmffD_bGu0\" target=\"_blank\" rel=\"noopener noreferrer\">ver animaci\u00f3n<\/a>)<\/p>\n<p><a href=\"https:\/\/www.youtube.com\/watch?v=yQmffD_bGu0\" target=\"_blank\" rel=\"noopener noreferrer\">\u00a0 \u00a0 \u00a0 \u00a0 \u00a0 \u00a0 \u00a0 \u00a0 \u00a0 \u00a0 \u00a0 \u00a0 \u00a0 \u00a0 \u00a0 \u00a0 \u00a0 \u00a0 \u00a0 \u00a0 \u00a0 \u00a0 \u00a0 \u00a0 \u00a0 \u00a0 \u00a0 \u00a0 \u00a0 \u00a0 \u00a0 \u00a0 \u00a0 \u00a0 \u00a0 \u00a0 \u00a0 \u00a0 \u00a0 \u00a0 \u00a0 \u00a0 \u00a0 \u00a0 <\/a><a href=\"https:\/\/www.youtube.com\/watch?v=yQmffD_bGu0\" target=\"_blank\" rel=\"noopener noreferrer\"><img decoding=\"async\" loading=\"lazy\" class=\"alignnone wp-image-1875 \" src=\"https:\/\/www.facet.unt.edu.ar\/iest\/wp-content\/uploads\/sites\/22\/2015\/01\/25-300x99.png\" alt=\"\" width=\"455\" height=\"151\" srcset=\"https:\/\/www.facet.unt.edu.ar\/iest\/wp-content\/uploads\/sites\/22\/2015\/01\/25-300x99.png 300w, https:\/\/www.facet.unt.edu.ar\/iest\/wp-content\/uploads\/sites\/22\/2015\/01\/25-768x255.png 768w, https:\/\/www.facet.unt.edu.ar\/iest\/wp-content\/uploads\/sites\/22\/2015\/01\/25-1024x339.png 1024w, https:\/\/www.facet.unt.edu.ar\/iest\/wp-content\/uploads\/sites\/22\/2015\/01\/25.png 1572w\" sizes=\"(max-width: 455px) 100vw, 455px\" \/><\/a><\/p>\n<p>An\u00e1lisis en Qu\u00edmico (<a href=\"https:\/\/www.youtube.com\/watch?v=C-QyLwAWCu4\" target=\"_blank\" rel=\"noopener noreferrer\">ver animaci\u00f3n<\/a>)\u00a0 \u00a0 \u00a0 \u00a0 \u00a0 \u00a0 \u00a0 \u00a0 \u00a0 \u00a0 \u00a0 \u00a0 \u00a0 \u00a0 \u00a0 \u00a0 \u00a0 \u00a0 \u00a0 \u00a0 \u00a0 \u00a0An\u00e1lisis en T\u00e9rmico (<a href=\"https:\/\/www.youtube.com\/watch?v=OzK3u-Zh8f0\" target=\"_blank\" rel=\"noopener noreferrer\">ver animaci\u00f3n<\/a>)\u00a0 \u00a0 \u00a0 \u00a0 \u00a0 \u00a0 \u00a0 \u00a0 \u00a0 \u00a0 \u00a0 \u00a0 \u00a0 \u00a0 \u00a0 \u00a0 \u00a0 \u00a0An\u00e1lisis en Servicio (<a href=\"https:\/\/www.youtube.com\/watch?v=cmtDiLlqPzE\" target=\"_blank\" rel=\"noopener noreferrer\">ver animaci\u00f3n<\/a>)<\/p>\n<p><a href=\"https:\/\/www.youtube.com\/watch?v=C-QyLwAWCu4\" target=\"_blank\" rel=\"noopener noreferrer\">\u00a0<\/a><a href=\"https:\/\/www.youtube.com\/watch?v=C-QyLwAWCu4\" target=\"_blank\" rel=\"noopener noreferrer\">\u00a0<\/a><a href=\"https:\/\/www.youtube.com\/watch?v=C-QyLwAWCu4\" target=\"_blank\" rel=\"noopener noreferrer\">\u00a0<\/a><a href=\"https:\/\/www.youtube.com\/watch?v=C-QyLwAWCu4\" target=\"_blank\" rel=\"noopener noreferrer\">\u00a0<\/a><a href=\"https:\/\/www.youtube.com\/watch?v=C-QyLwAWCu4\" target=\"_blank\" rel=\"noopener noreferrer\">\u00a0<\/a><a href=\"https:\/\/www.youtube.com\/watch?v=C-QyLwAWCu4\" target=\"_blank\" rel=\"noopener noreferrer\">\u00a0<\/a><a href=\"https:\/\/www.youtube.com\/watch?v=C-QyLwAWCu4\" target=\"_blank\" rel=\"noopener noreferrer\">\u00a0<\/a><a href=\"https:\/\/www.youtube.com\/watch?v=C-QyLwAWCu4\" target=\"_blank\" rel=\"noopener noreferrer\">\u00a0<\/a><a href=\"https:\/\/www.youtube.com\/watch?v=C-QyLwAWCu4\" target=\"_blank\" rel=\"noopener noreferrer\">\u00a0<\/a><a href=\"https:\/\/www.youtube.com\/watch?v=C-QyLwAWCu4\" target=\"_blank\" rel=\"noopener noreferrer\">\u00a0<\/a><a href=\"https:\/\/www.youtube.com\/watch?v=C-QyLwAWCu4\" target=\"_blank\" rel=\"noopener noreferrer\">\u00a0<\/a><a href=\"https:\/\/www.youtube.com\/watch?v=C-QyLwAWCu4\" target=\"_blank\" rel=\"noopener noreferrer\">\u00a0<\/a><a href=\"https:\/\/www.youtube.com\/watch?v=C-QyLwAWCu4\" target=\"_blank\" rel=\"noopener noreferrer\">\u00a0<\/a><a href=\"https:\/\/www.youtube.com\/watch?v=C-QyLwAWCu4\" target=\"_blank\" rel=\"noopener noreferrer\">\u00a0<\/a><a href=\"https:\/\/www.youtube.com\/watch?v=C-QyLwAWCu4\" target=\"_blank\" rel=\"noopener noreferrer\">\u00a0<\/a><a href=\"https:\/\/www.youtube.com\/watch?v=C-QyLwAWCu4\" target=\"_blank\" rel=\"noopener noreferrer\">\u00a0<\/a><a href=\"https:\/\/www.youtube.com\/watch?v=C-QyLwAWCu4\" target=\"_blank\" rel=\"noopener noreferrer\">\u00a0<\/a><a href=\"https:\/\/www.youtube.com\/watch?v=C-QyLwAWCu4\" target=\"_blank\" rel=\"noopener noreferrer\">\u00a0<\/a><a href=\"https:\/\/www.youtube.com\/watch?v=C-QyLwAWCu4\" target=\"_blank\" rel=\"noopener noreferrer\">\u00a0<\/a><a href=\"https:\/\/www.youtube.com\/watch?v=C-QyLwAWCu4\" target=\"_blank\" rel=\"noopener noreferrer\">\u00a0<\/a><a href=\"https:\/\/www.youtube.com\/watch?v=C-QyLwAWCu4\" target=\"_blank\" rel=\"noopener noreferrer\">\u00a0<\/a><a href=\"https:\/\/www.youtube.com\/watch?v=C-QyLwAWCu4\" target=\"_blank\" rel=\"noopener noreferrer\">\u00a0<\/a><a href=\"https:\/\/www.youtube.com\/watch?v=C-QyLwAWCu4\" target=\"_blank\" rel=\"noopener noreferrer\">\u00a0\u00a0\u00a0<\/a><a href=\"https:\/\/www.youtube.com\/watch?v=C-QyLwAWCu4\" target=\"_blank\" rel=\"noopener noreferrer\"><img decoding=\"async\" loading=\"lazy\" class=\"alignnone wp-image-1882 \" src=\"https:\/\/www.facet.unt.edu.ar\/iest\/wp-content\/uploads\/sites\/22\/2015\/01\/Captura222-196x300.png\" alt=\"\" width=\"129\" height=\"198\" srcset=\"https:\/\/www.facet.unt.edu.ar\/iest\/wp-content\/uploads\/sites\/22\/2015\/01\/Captura222-196x300.png 196w, https:\/\/www.facet.unt.edu.ar\/iest\/wp-content\/uploads\/sites\/22\/2015\/01\/Captura222.png 266w\" sizes=\"(max-width: 129px) 100vw, 129px\" \/>\u00a0\u00a0\u00a0\u00a0\u00a0\u00a0\u00a0\u00a0\u00a0\u00a0\u00a0\u00a0\u00a0\u00a0\u00a0\u00a0\u00a0\u00a0\u00a0\u00a0\u00a0\u00a0\u00a0\u00a0\u00a0\u00a0\u00a0\u00a0\u00a0\u00a0\u00a0\u00a0\u00a0\u00a0\u00a0\u00a0\u00a0\u00a0\u00a0\u00a0\u00a0\u00a0\u00a0\u00a0\u00a0\u00a0\u00a0\u00a0\u00a0\u00a0\u00a0\u00a0\u00a0\u00a0\u00a0\u00a0\u00a0\u00a0\u00a0\u00a0\u00a0\u00a0\u00a0<\/a><a href=\"https:\/\/www.youtube.com\/watch?v=OzK3u-Zh8f0\" target=\"_blank\" rel=\"noopener noreferrer\"><img decoding=\"async\" loading=\"lazy\" class=\"alignnone wp-image-1883 \" src=\"https:\/\/www.facet.unt.edu.ar\/iest\/wp-content\/uploads\/sites\/22\/2015\/01\/Captura33-238x300.png\" alt=\"\" width=\"163\" height=\"205\" srcset=\"https:\/\/www.facet.unt.edu.ar\/iest\/wp-content\/uploads\/sites\/22\/2015\/01\/Captura33-238x300.png 238w, https:\/\/www.facet.unt.edu.ar\/iest\/wp-content\/uploads\/sites\/22\/2015\/01\/Captura33.png 389w\" sizes=\"(max-width: 163px) 100vw, 163px\" \/>\u00a0\u00a0\u00a0\u00a0\u00a0\u00a0\u00a0\u00a0\u00a0\u00a0\u00a0\u00a0\u00a0\u00a0\u00a0\u00a0\u00a0\u00a0\u00a0\u00a0\u00a0\u00a0\u00a0\u00a0\u00a0\u00a0\u00a0\u00a0\u00a0\u00a0\u00a0\u00a0\u00a0\u00a0\u00a0\u00a0\u00a0\u00a0\u00a0\u00a0\u00a0\u00a0\u00a0\u00a0\u00a0\u00a0\u00a0\u00a0\u00a0\u00a0\u00a0\u00a0\u00a0\u00a0\u00a0\u00a0\u00a0\u00a0\u00a0<\/a><a href=\"https:\/\/www.youtube.com\/watch?v=cmtDiLlqPzE\" target=\"_blank\" rel=\"noopener noreferrer\"><img decoding=\"async\" loading=\"lazy\" class=\"alignnone wp-image-1881 \" src=\"https:\/\/www.facet.unt.edu.ar\/iest\/wp-content\/uploads\/sites\/22\/2015\/01\/Sin-t\u00edtulo2-246x300.png\" alt=\"\" width=\"162\" height=\"197\" srcset=\"https:\/\/www.facet.unt.edu.ar\/iest\/wp-content\/uploads\/sites\/22\/2015\/01\/Sin-t\u00edtulo2-246x300.png 246w, https:\/\/www.facet.unt.edu.ar\/iest\/wp-content\/uploads\/sites\/22\/2015\/01\/Sin-t\u00edtulo2.png 322w\" sizes=\"(max-width: 162px) 100vw, 162px\" \/><\/a><\/p>\n<h3>Modelo Modelo Multiescala<\/h3>\n<p><a href=\"https:\/\/www.youtube.com\/watch?v=jgsWhjk-6Z4\" target=\"_blank\" rel=\"noopener noreferrer\">\u00a0 \u00a0 \u00a0 \u00a0 \u00a0 \u00a0 \u00a0 \u00a0 \u00a0 \u00a0 \u00a0 \u00a0 \u00a0 \u00a0 \u00a0 \u00a0 \u00a0 \u00a0 \u00a0 \u00a0 \u00a0 \u00a0 \u00a0 \u00a0 \u00a0 \u00a0 \u00a0 \u00a0 \u00a0 \u00a0 \u00a0 \u00a0 \u00a0 \u00a0 \u00a0 \u00a0 \u00a0 \u00a0 \u00a0 \u00a0 \u00a0 \u00a0 \u00a0 \u00a0 \u00a0 \u00a0 \u00a0 \u00a0 \u00a0 \u00a0 \u00a0 \u00a0 \u00a0 <\/a>Evoluci\u00f3n del da\u00f1o en un RVE (<a href=\"https:\/\/www.youtube.com\/watch?v=jgsWhjk-6Z4\" target=\"_blank\" rel=\"noopener noreferrer\">ver animaci\u00f3n<\/a>)<\/p>\n<p><a href=\"https:\/\/www.youtube.com\/watch?v=jgsWhjk-6Z4\" target=\"_blank\" rel=\"noopener noreferrer\">\u00a0 \u00a0 \u00a0 \u00a0 \u00a0 \u00a0 \u00a0 \u00a0 \u00a0 \u00a0 \u00a0 \u00a0 \u00a0 \u00a0 \u00a0 \u00a0 \u00a0 \u00a0 \u00a0 \u00a0 \u00a0 \u00a0 \u00a0 \u00a0 \u00a0 \u00a0 \u00a0 \u00a0 \u00a0 \u00a0 \u00a0 \u00a0 \u00a0 \u00a0 \u00a0 \u00a0 \u00a0 \u00a0 \u00a0 \u00a0 \u00a0 \u00a0 \u00a0 \u00a0 \u00a0 \u00a0 \u00a0 \u00a0 \u00a0 \u00a0 \u00a0 \u00a0 \u00a0\u00a0\u00a0\u00a0<\/a><a href=\"https:\/\/www.youtube.com\/watch?v=jgsWhjk-6Z4\" target=\"_blank\" rel=\"noopener noreferrer\"><img decoding=\"async\" loading=\"lazy\" class=\"alignnone wp-image-1876 size-medium\" src=\"https:\/\/www.facet.unt.edu.ar\/iest\/wp-content\/uploads\/sites\/22\/2015\/01\/Captura-300x271.png\" alt=\"\" width=\"300\" height=\"271\" srcset=\"https:\/\/www.facet.unt.edu.ar\/iest\/wp-content\/uploads\/sites\/22\/2015\/01\/Captura-300x271.png 300w, https:\/\/www.facet.unt.edu.ar\/iest\/wp-content\/uploads\/sites\/22\/2015\/01\/Captura.png 476w\" sizes=\"(max-width: 300px) 100vw, 300px\" \/><\/a><\/p>\n<p>&nbsp;<\/p>\n<hr \/>\n<p><span style=\"color: #ffffff;\"><a id=\"Equipos de Computo\"><\/a>\u00a0facu<\/span><\/p>\n<table>\n<tbody>\n<tr>\n<td style=\"width: 1080px; height: 50px; vertical-align: middle; background-color: #343538;\">\n<h2><span style=\"color: #ffffff;\">\u00a0<\/span><span style=\"color: #ffffff;\">Equipos de Computo<\/span><\/h2>\n<\/td>\n<\/tr>\n<\/tbody>\n<\/table>\n<h3>\u00a0Computadoras de Escritorio<\/h3>\n<ul>\n<li>Procesadores i7 de 3.4 a 3.6GHz<\/li>\n<li>Memoria RAM de 8 a 16GB de 1333-1600-1866MHz<\/li>\n<li>Discos rigidos de 7200rpm<\/li>\n<\/ul>\n<h3>Cl\u00faster (en desarrollo)<\/h3>\n<hr \/>\n<p><span style=\"color: #ffffff;\"><a id=\"Software Desarrollados y Software con Licencia\"><\/a>\u00a0 facu\u00a0<\/span><\/p>\n<table>\n<tbody>\n<tr>\n<td style=\"width: 1080px; height: 50px; vertical-align: middle; background-color: #343538;\">\n<h2><span style=\"color: #ffffff;\">\u00a0Software Desarrollados y Software con Licencia<\/span><\/h2>\n<\/td>\n<\/tr>\n<\/tbody>\n<\/table>\n<h3><\/h3>\n","protected":false},"excerpt":{"rendered":"<p>LABORATORIO COMPUTACIONAL Comportamiento Mec\u00e1nico de Materiales Compuestos No-Lineales Modelos para Hormig\u00f3n afectado por Reacci\u00f3n \u00c1lcali-S\u00edlice Equipos de Computo Software\u00a0Desarrollados y Software con Licencia \u00a0facu \u00a0Comportamiento Mec\u00e1nico de Materiales Compuestos No-Lineales Modelos Multiescala Desarrollos de Nicolas Labanda y Bibiana Luccioni \u00a0 \u00a0 \u00a0 \u00a0 \u00a0 \u00a0 \u00a0 \u00a0 \u00a0 \u00a0 \u00a0 \u00a0 \u00a0 \u00a0 \u00a0 \u00a0 [&hellip;]<\/p>\n","protected":false},"author":20,"featured_media":0,"parent":0,"menu_order":7,"comment_status":"closed","ping_status":"closed","template":"","meta":[],"_links":{"self":[{"href":"https:\/\/www.facet.unt.edu.ar\/iest\/wp-json\/wp\/v2\/pages\/159"}],"collection":[{"href":"https:\/\/www.facet.unt.edu.ar\/iest\/wp-json\/wp\/v2\/pages"}],"about":[{"href":"https:\/\/www.facet.unt.edu.ar\/iest\/wp-json\/wp\/v2\/types\/page"}],"author":[{"embeddable":true,"href":"https:\/\/www.facet.unt.edu.ar\/iest\/wp-json\/wp\/v2\/users\/20"}],"replies":[{"embeddable":true,"href":"https:\/\/www.facet.unt.edu.ar\/iest\/wp-json\/wp\/v2\/comments?post=159"}],"version-history":[{"count":25,"href":"https:\/\/www.facet.unt.edu.ar\/iest\/wp-json\/wp\/v2\/pages\/159\/revisions"}],"predecessor-version":[{"id":2276,"href":"https:\/\/www.facet.unt.edu.ar\/iest\/wp-json\/wp\/v2\/pages\/159\/revisions\/2276"}],"wp:attachment":[{"href":"https:\/\/www.facet.unt.edu.ar\/iest\/wp-json\/wp\/v2\/media?parent=159"}],"curies":[{"name":"wp","href":"https:\/\/api.w.org\/{rel}","templated":true}]}}