{"id":1603,"date":"2016-05-03T15:37:11","date_gmt":"2016-05-03T18:37:11","guid":{"rendered":"https:\/\/www.facet.unt.edu.ar\/iest\/?page_id=1603"},"modified":"2018-03-09T00:47:59","modified_gmt":"2018-03-09T03:47:59","slug":"abdelhamid-sado","status":"publish","type":"page","link":"https:\/\/www.facet.unt.edu.ar\/iest\/integrantes\/abdelhamid-sado\/","title":{"rendered":"ABDELHAMID Sado"},"content":{"rendered":"<h2>Ing. ABDELHAMID Sado<\/h2>\n<div>\n<table style=\"width: 750px; border-color: #ffffff;\">\n<tbody>\n<tr>\n<td style=\"width: 350px; height: 300px; border-color: #ffffff; text-align: center; vertical-align: middle; background-color: #ffffff;\"><img decoding=\"async\" loading=\"lazy\" class=\"alignnone wp-image-1670\" src=\"https:\/\/www.facet.unt.edu.ar\/iest\/wp-content\/uploads\/sites\/22\/2016\/05\/abdelhamid-215x300.jpg\" alt=\"abdelhamid\" width=\"201\" height=\"280\" srcset=\"https:\/\/www.facet.unt.edu.ar\/iest\/wp-content\/uploads\/sites\/22\/2016\/05\/abdelhamid-215x300.jpg 215w, https:\/\/www.facet.unt.edu.ar\/iest\/wp-content\/uploads\/sites\/22\/2016\/05\/abdelhamid.jpg 312w\" sizes=\"(max-width: 201px) 100vw, 201px\" \/><\/td>\n<td style=\"width: 400px; height: 300px; border-color: #ffffff; vertical-align: top;\">\n<p style=\"padding-left: 30px;\"><span style=\"font-size: 12pt; font-family: 'times new roman', times;\">Instituto de Estructuras \u201cIng. Arturo M. Guzm\u00e1n\u201d<\/span><\/p>\n<p style=\"padding-left: 30px;\"><span style=\"font-size: 12pt; font-family: 'times new roman', times;\"><a href=\"https:\/\/www.facet.unt.edu.ar\/\" target=\"_blank\" rel=\"noopener\">Facultad de Ciencias Exactas y Tecnolog\u00eda<\/a><\/span><\/p>\n<p style=\"padding-left: 30px;\"><span style=\"font-size: 12pt; font-family: 'times new roman', times;\"><a href=\"http:\/\/www.unt.edu.ar\/\" target=\"_blank\" rel=\"noopener\">Universidad Nacional de Tucum\u00e1n<\/a><\/span><\/p>\n<p style=\"padding-left: 30px;\"><span style=\"font-size: 12pt; font-family: 'times new roman', times;\">Av. Independencia 1800 \u2013 CP 4000<\/span><\/p>\n<p style=\"padding-left: 30px;\"><span style=\"font-size: 12pt; font-family: 'times new roman', times;\">San Miguel de Tucum\u00e1n, Tucum\u00e1n, Argentina<\/span><\/p>\n<p style=\"padding-left: 30px;\"><span style=\"font-size: 12pt; font-family: 'times new roman', times;\">Tel\/Fax Lab.: +54 (0) 381 4364087<\/span><\/p>\n<p style=\"padding-left: 30px;\"><span style=\"font-size: 12pt; font-family: 'times new roman', times;\">e-mail: sado_88_1@hotmail.com<\/span><\/p>\n<\/td>\n<\/tr>\n<\/tbody>\n<\/table>\n<h3>T\u00edtulos<\/h3>\n<ul>\n<li style=\"text-align: justify;\">Ingeniero Mec\u00e1nico, en la Universidad Tecnol\u00f3gica Nacional- Facultad Regional Tucum\u00e1n (2014).<\/li>\n<li style=\"text-align: justify;\">T\u00e9cnico en Automotor en la Escuela Nacional de Educaci\u00f3n T\u00e9cnica N\u00b0 2 &#8211; Obispo Colombres, S.M. de Tucum\u00e1n(2005).<\/li>\n<\/ul>\n<h3>Perfil Adquirido<\/h3>\n<ul>\n<li style=\"text-align: justify;\">Experto en SolidWorks aplicado al dise\u00f1o mec\u00e1nico, desarrollo de estructuras, piping, simulaci\u00f3n y verificaci\u00f3n de componentes, disertado de cursos de CAD (SolidWorks) orientado al dise\u00f1o mec\u00e1nico.<\/li>\n<\/ul>\n<h3>Becas<\/h3>\n<ul>\n<li style=\"text-align: justify;\">Becario del BID(Banco Interamericano de Desarrollo) en el desarrollo del Norte Grande en : Infraestructura, Emprendedor ismo, energ\u00eda, Medio Ambiente, social e institucional.<\/li>\n<\/ul>\n<h3>Idiomas<\/h3>\n<ul>\n<li style=\"text-align: justify;\">Ingl\u00e9s : escrito y hablado nivel medio.<\/li>\n<\/ul>\n<h3>Curso de capacitaci\u00f3n realizados<\/h3>\n<ul>\n<li style=\"text-align: justify;\">Curso de idiomas: Ingl\u00e9s nivel II, III y IV realizados en la Universidad Tecnol\u00f3gica Nacional- Facultad Regional Tucum\u00e1n.<\/li>\n<li style=\"text-align: justify;\">Curso de CAD: SolidWorks e Inventor realizados en la Universidad Tecnol\u00f3gica Nacional- Facultad Regional Tucum\u00e1n.<\/li>\n<li style=\"text-align: justify;\">Curso de Especializaci\u00f3n dictados por la UE(uni\u00f3n Europea):\u00a0Dise\u00f1o Mec\u00e1nico de Maquinas Industriales realizado en INTI (Instituto Nacional de Tecnolog\u00eda Industrial).\u00a0Nuevas Tecnologias de Fundici\u00f3n, realizado en INTI (Instituto Nacional de Tecnolog\u00eda Industrial).\u00a0Tecnolog\u00edas de mecanizado, realizado en INTI (Instituto Nacional de Tecnolog\u00eda Industrial)<\/li>\n<\/ul>\n<h3>Experiencia Laboral<\/h3>\n<p style=\"padding-left: 30px;\">1) Responsable de Dise\u00f1o y Nacionalizaci\u00f3n de tecnolog\u00edas de energ\u00eda renovable en el proyecto entre el INTI (Instituto Nacional de Tecnolog\u00eda Industrial) y el MINISTERIO DE DEFENSA, en la convocatoria del Programa de Investigaci\u00f3n y Desarrollo para la Defensa (PIDDEF); Con tres personas a cargo.<\/p>\n<p style=\"padding-left: 30px;\">2) Dise\u00f1ador a cargo del proyecto de dise\u00f1o de un auto, elevador agr\u00edcola de peque\u00f1a y mediana escala en el INTI (Instituto Nacional de Tecnolog\u00eda Industrial). Proyecto de 800 horas de dise\u00f1o y desarrollo; una persona a cargo directa y dos indirectamente.<\/p>\n<p style=\"padding-left: 30px;\">3) Dise\u00f1ador Mec\u00e1nico- proyecto de una cosechador de ca\u00f1a de peque\u00f1o porte, para \u00e9l INTI (Instituto Nacional de Tecnolog\u00eda Industrial) comienzo, 02-01-2013 en la cual sigo me sigo desempe\u00f1ando. En donde se realiza las tareas de<\/p>\n<ul>\n<li>Estandarizaci\u00f3n y verificacion de componentes mec\u00e1nicos bajo normas AGMA (American Gear Manufacturers Association) y DIN (Deutsches Institut f\u00fcr Normung)<\/li>\n<li>Relevamiento y estandarizaci\u00f3n de los componentes de la cosechadora bajo normas IRAM y ASA (American Standards Association).<\/li>\n<li>Dise\u00f1os de los planos de construcci\u00f3n y montaje de la maquina de la cosechadora con seg\u00fan norma IRAM norma de soldadura ASW.<\/li>\n<li>Codificaci\u00f3n de planos y de archivos de la cosechadora<\/li>\n<\/ul>\n<p style=\"padding-left: 30px;\">4) Oficial en oficina t\u00e9cnica de Mec\u00e1nica Y Mecanizado Mes\u00f3n. Emilio Castelar 950 &#8211; San Miguel de Tucum\u00e1n &#8211; Tucum\u00e1n (0381)427-9264.<br \/>\nRelevamiento y creaci\u00f3n de planos de montaje y de construcci\u00f3n de una matriz de ladrillos huecos (italiana) para sustituir las importaciones de componentes. Realizado en Febrero 2013.<\/p>\n<p style=\"padding-left: 30px;\">5) Disertado de curso de nivel B\u00e1sico y Medio de SolidWorks en Universidad Tecnol\u00f3gica Nacional- Facultad Regional Tucum\u00e1n Realizado desde Mayo a junio 2013<\/p>\n<\/div>\n<p>&nbsp;<\/p>\n","protected":false},"excerpt":{"rendered":"<p>Ing. ABDELHAMID Sado Instituto de Estructuras \u201cIng. Arturo M. Guzm\u00e1n\u201d Facultad de Ciencias Exactas y Tecnolog\u00eda Universidad Nacional de Tucum\u00e1n Av. Independencia 1800 \u2013 CP 4000 San Miguel de Tucum\u00e1n, Tucum\u00e1n, Argentina Tel\/Fax Lab.: +54 (0) 381 4364087 e-mail: sado_88_1@hotmail.com T\u00edtulos Ingeniero Mec\u00e1nico, en la Universidad Tecnol\u00f3gica Nacional- Facultad Regional Tucum\u00e1n (2014). T\u00e9cnico en Automotor [&hellip;]<\/p>\n","protected":false},"author":20,"featured_media":0,"parent":142,"menu_order":40,"comment_status":"closed","ping_status":"closed","template":"","meta":[],"_links":{"self":[{"href":"https:\/\/www.facet.unt.edu.ar\/iest\/wp-json\/wp\/v2\/pages\/1603"}],"collection":[{"href":"https:\/\/www.facet.unt.edu.ar\/iest\/wp-json\/wp\/v2\/pages"}],"about":[{"href":"https:\/\/www.facet.unt.edu.ar\/iest\/wp-json\/wp\/v2\/types\/page"}],"author":[{"embeddable":true,"href":"https:\/\/www.facet.unt.edu.ar\/iest\/wp-json\/wp\/v2\/users\/20"}],"replies":[{"embeddable":true,"href":"https:\/\/www.facet.unt.edu.ar\/iest\/wp-json\/wp\/v2\/comments?post=1603"}],"version-history":[{"count":6,"href":"https:\/\/www.facet.unt.edu.ar\/iest\/wp-json\/wp\/v2\/pages\/1603\/revisions"}],"predecessor-version":[{"id":2067,"href":"https:\/\/www.facet.unt.edu.ar\/iest\/wp-json\/wp\/v2\/pages\/1603\/revisions\/2067"}],"up":[{"embeddable":true,"href":"https:\/\/www.facet.unt.edu.ar\/iest\/wp-json\/wp\/v2\/pages\/142"}],"wp:attachment":[{"href":"https:\/\/www.facet.unt.edu.ar\/iest\/wp-json\/wp\/v2\/media?parent=1603"}],"curies":[{"name":"wp","href":"https:\/\/api.w.org\/{rel}","templated":true}]}}