{"id":163,"date":"2015-01-18T00:52:08","date_gmt":"2015-01-18T03:52:08","guid":{"rendered":"https:\/\/www.facet.unt.edu.ar\/iest\/?page_id=163"},"modified":"2022-04-20T09:03:03","modified_gmt":"2022-04-20T12:03:03","slug":"contacto","status":"publish","type":"page","link":"https:\/\/www.facet.unt.edu.ar\/iest\/contacto\/","title":{"rendered":"Contacto"},"content":{"rendered":"<p align=\"center\">INSTITUTO DE ESTRUCTURAS <strong>\u201cING. ARTURO M. GUZM\u00c1N\u201d<\/strong><\/p>\n<p align=\"center\">Localizaciones Universitarias \u2013 Centro Ing. Herrera<\/p>\n<p align=\"center\">Facultad de Ciencias Exactas y Tecnolog\u00eda &#8211; Universidad Nacional de Tucum\u00e1n<\/p>\n<p align=\"center\">Av. Independencia 1800<br \/>\nCP 4000 &#8211; S. M. de Tucum\u00e1n \u2013 Rep\u00fablica Argentina<br \/>\nlabest@herrera.unt.edu.ar<\/p>\n","protected":false},"excerpt":{"rendered":"<p>INSTITUTO DE ESTRUCTURAS \u201cING. ARTURO M. GUZM\u00c1N\u201d Localizaciones Universitarias \u2013 Centro Ing. Herrera Facultad de Ciencias Exactas y Tecnolog\u00eda &#8211; Universidad Nacional de Tucum\u00e1n Av. Independencia 1800 CP 4000 &#8211; S. M. de Tucum\u00e1n \u2013 Rep\u00fablica Argentina labest@herrera.unt.edu.ar<\/p>\n","protected":false},"author":20,"featured_media":0,"parent":0,"menu_order":9,"comment_status":"closed","ping_status":"closed","template":"","meta":[],"_links":{"self":[{"href":"https:\/\/www.facet.unt.edu.ar\/iest\/wp-json\/wp\/v2\/pages\/163"}],"collection":[{"href":"https:\/\/www.facet.unt.edu.ar\/iest\/wp-json\/wp\/v2\/pages"}],"about":[{"href":"https:\/\/www.facet.unt.edu.ar\/iest\/wp-json\/wp\/v2\/types\/page"}],"author":[{"embeddable":true,"href":"https:\/\/www.facet.unt.edu.ar\/iest\/wp-json\/wp\/v2\/users\/20"}],"replies":[{"embeddable":true,"href":"https:\/\/www.facet.unt.edu.ar\/iest\/wp-json\/wp\/v2\/comments?post=163"}],"version-history":[{"count":2,"href":"https:\/\/www.facet.unt.edu.ar\/iest\/wp-json\/wp\/v2\/pages\/163\/revisions"}],"predecessor-version":[{"id":2869,"href":"https:\/\/www.facet.unt.edu.ar\/iest\/wp-json\/wp\/v2\/pages\/163\/revisions\/2869"}],"wp:attachment":[{"href":"https:\/\/www.facet.unt.edu.ar\/iest\/wp-json\/wp\/v2\/media?parent=163"}],"curies":[{"name":"wp","href":"https:\/\/api.w.org\/{rel}","templated":true}]}}