{"id":1696,"date":"2016-06-15T21:14:31","date_gmt":"2016-06-16T00:14:31","guid":{"rendered":"https:\/\/www.facet.unt.edu.ar\/iest\/?page_id=1696"},"modified":"2021-02-24T17:58:46","modified_gmt":"2021-02-24T20:58:46","slug":"workshop_01","status":"publish","type":"page","link":"https:\/\/www.facet.unt.edu.ar\/iest\/workshop_01\/","title":{"rendered":"workshop_01"},"content":{"rendered":"<p style=\"text-align: center;\"><em>Workshop 2016<\/em><\/p>\n<h3 style=\"text-align: center;\"><strong><em>DYNAMIC BEHAVIOR OF MATERIALS.\u00a0<\/em><\/strong><br \/>\n<strong><em>EXPERIMENTAL TESTS AND MODELLING OF MATERIALS UNDER HIGH STRAIN RATES<\/em><\/strong><\/h3>\n<p style=\"text-align: justify;\">Se tratar\u00e1n aspectos experimentales, num\u00e9ricos y aplicados del comportamiento mec\u00e1nico y f\u00edsico de materiales bajo cargas din\u00e1micas. Este comportamiento es relevante para m\u00faltiples aplicaciones que incluyen problemas de procesos industriales, seguridad de veh\u00edculos y aeronaves, problemas de bal\u00edstica y seguridad de construcciones frente a impacto o explosiones accidentales o intencionales.<\/p>\n<p style=\"text-align: justify;\">Este workshop forma parte de un proyecto de cooperaci\u00f3n suizo-argentino, \u201c<em>Latin America &#8211; Exploratory Mandate &#8211; Seed money grants<\/em>\u201d titulado \u201c<em>Experimental and numerical characterization of the mechanical behavior of Ultra High Performance Fibre-Reinforced Concrete under high loading rate (impact, explosion, earthquake, hurricane)<\/em>\u201d entre el Instituto de Estructuras de la UNT y el Laboratorio DynaMat de la University of Applied Sciences of Southern Switzerland, Lugano (Suiza).<\/p>\n<p style=\"text-align: justify;\">Se\u00a0contar\u00e1 con la participaci\u00f3n especial del <strong>Prof. Dr. Ezio Cadoni<\/strong>, quien, en dicha oportunidad y como parte del mencionado convenio, visitar\u00e1 el Instituto de Estructuras junto con uno de sus asistentes. El Prof. Ezio Cadoni es Director del DynaMat (<a href=\"http:\/\/www.supsi.ch\/dynamat_en\/laboratory.html\" target=\"_blank\" rel=\"noopener noreferrer\">sitio web<\/a>) y Presidente de Dymat (European Association for the Promotion of Research into the Dynamic Behaviour of Materials and its Applications). Tendr\u00e1 a su cargo una conferencia sobre los \u00faltimos avances en la evaluaci\u00f3n del comportamiento din\u00e1mico de materiales bajo altas velocidades de carga.<\/p>\n<p style=\"text-align: justify;\"><div id=\"metaslider-id-1664\" style=\"width: 100%; margin: 0 auto;\" class=\"ml-slider-3-27-5 metaslider metaslider-flex metaslider-1664 ml-slider nav-hidden\">\n    <div id=\"metaslider_container_1664\">\n        <div id=\"metaslider_1664\">\n            <ul aria-live=\"polite\" class=\"slides\">\n                <li style=\"display: none; width: 100%;\" class=\"slide-1709 ms-image\"><img src=\"https:\/\/www.facet.unt.edu.ar\/iest\/wp-content\/uploads\/sites\/22\/2016\/06\/ezio3-119x119.jpg\" height=\"250\" width=\"250\" alt=\"\" class=\"slider-1664 slide-1709\" \/><div class=\"caption-wrap\"><div class=\"caption\">Prof. Dr. Ezio Cadoni<\/div><\/div><\/li>\n                <li style=\"display: none; width: 100%;\" class=\"slide-1708 ms-image\"><img src=\"https:\/\/www.facet.unt.edu.ar\/iest\/wp-content\/uploads\/sites\/22\/2016\/06\/ezio2-209x209.jpg\" height=\"250\" width=\"250\" alt=\"\" class=\"slider-1664 slide-1708\" \/><div class=\"caption-wrap\"><div class=\"caption\">DynaMat Staff: Nicoletta Tesio, Daniele Forni and Ezio Cadoni.<\/div><\/div><\/li>\n                <li style=\"display: none; width: 100%;\" class=\"slide-1712 ms-image\"><img src=\"https:\/\/www.facet.unt.edu.ar\/iest\/wp-content\/uploads\/sites\/22\/2016\/06\/staff-242x242.jpg\" height=\"250\" width=\"250\" alt=\"\" class=\"slider-1664 slide-1712\" \/><div class=\"caption-wrap\"><div class=\"caption\">DynaMat Staff: Matteo Dotta, Nicoletta Tesio, Gianmario Riganti, Ezio Cadoni and Daniele Forni.<\/div><\/div><\/li>\n                <li style=\"display: none; width: 100%;\" class=\"slide-1707 ms-image\"><img src=\"https:\/\/www.facet.unt.edu.ar\/iest\/wp-content\/uploads\/sites\/22\/2016\/06\/dynamat07-180x180.png\" height=\"250\" width=\"250\" alt=\"\" class=\"slider-1664 slide-1707\" \/><div class=\"caption-wrap\"><div class=\"caption\">DynaMat<\/div><\/div><\/li>\n                <li style=\"display: none; width: 100%;\" class=\"slide-1706 ms-image\"><img src=\"https:\/\/www.facet.unt.edu.ar\/iest\/wp-content\/uploads\/sites\/22\/2016\/06\/dynamat06-180x180.png\" height=\"250\" width=\"250\" alt=\"\" class=\"slider-1664 slide-1706\" \/><div class=\"caption-wrap\"><div class=\"caption\">DynaMat<\/div><\/div><\/li>\n                <li style=\"display: none; width: 100%;\" class=\"slide-1705 ms-image\"><img src=\"https:\/\/www.facet.unt.edu.ar\/iest\/wp-content\/uploads\/sites\/22\/2016\/06\/dynamat05-180x180.png\" height=\"250\" width=\"250\" alt=\"\" class=\"slider-1664 slide-1705\" \/><div class=\"caption-wrap\"><div class=\"caption\">DynaMat<\/div><\/div><\/li>\n                <li style=\"display: none; width: 100%;\" class=\"slide-1704 ms-image\"><img src=\"https:\/\/www.facet.unt.edu.ar\/iest\/wp-content\/uploads\/sites\/22\/2016\/06\/dynamat03-180x180.png\" height=\"250\" width=\"250\" alt=\"\" class=\"slider-1664 slide-1704\" \/><div class=\"caption-wrap\"><div class=\"caption\">DynaMat<\/div><\/div><\/li>\n                <li style=\"display: none; width: 100%;\" class=\"slide-1703 ms-image\"><img src=\"https:\/\/www.facet.unt.edu.ar\/iest\/wp-content\/uploads\/sites\/22\/2016\/06\/dynamat02-180x180.png\" height=\"250\" width=\"250\" alt=\"\" class=\"slider-1664 slide-1703\" \/><div class=\"caption-wrap\"><div class=\"caption\">DynaMat<\/div><\/div><\/li>\n            <\/ul>\n        <\/div>\n        \n    <\/div>\n<\/div><\/p>\n<p>&nbsp;<\/p>\n<p>Est\u00e1 prevista, adem\u00e1s la participaci\u00f3n de grupos de investigaci\u00f3n (Lemit, UNCu e Instituto de Estructuras) de distintas universidades que expongan sus principales desarrollos en la tem\u00e1tica. Ser\u00e1 una oportunidad propicia para establecer futuras colaboraciones entre los grupos de investigaci\u00f3n locales y con el grupo el Prof. Ezio Cadoni.<\/p>\n<div id=\"metaslider-id-1722\" style=\"width: 100%; margin: 0 auto;\" class=\"ml-slider-3-27-5 metaslider metaslider-flex metaslider-1722 ml-slider nav-hidden nav-hidden\">\n    <div id=\"metaslider_container_1722\">\n        <div id=\"metaslider_1722\">\n            <ul aria-live=\"polite\" class=\"slides\">\n                <li style=\"display: none; width: 100%;\" class=\"slide-1733 ms-image\"><img src=\"https:\/\/www.facet.unt.edu.ar\/iest\/wp-content\/uploads\/sites\/22\/2016\/06\/LEMIT01-250x250.jpg\" height=\"250\" width=\"250\" alt=\"\" class=\"slider-1722 slide-1733\" \/><div class=\"caption-wrap\"><div class=\"caption\">LEMIT<\/div><\/div><\/li>\n                <li style=\"display: none; width: 100%;\" class=\"slide-1725 ms-image\"><img src=\"https:\/\/www.facet.unt.edu.ar\/iest\/wp-content\/uploads\/sites\/22\/2016\/06\/DSCN1277-250x250.jpg\" height=\"250\" width=\"250\" alt=\"\" class=\"slider-1722 slide-1725\" \/><div class=\"caption-wrap\"><div class=\"caption\">UNCu<\/div><\/div><\/li>\n                <li style=\"display: none; width: 100%;\" class=\"slide-1724 ms-image\"><img src=\"https:\/\/www.facet.unt.edu.ar\/iest\/wp-content\/uploads\/sites\/22\/2016\/06\/DSCN1276-250x250.jpg\" height=\"250\" width=\"250\" alt=\"\" class=\"slider-1722 slide-1724\" \/><div class=\"caption-wrap\"><div class=\"caption\">UNCu<\/div><\/div><\/li>\n                <li style=\"display: none; width: 100%;\" class=\"slide-1723 ms-image\"><img src=\"https:\/\/www.facet.unt.edu.ar\/iest\/wp-content\/uploads\/sites\/22\/2016\/06\/DSCN1274-250x250.jpg\" height=\"250\" width=\"250\" alt=\"\" class=\"slider-1722 slide-1723\" \/><div class=\"caption-wrap\"><div class=\"caption\">UNCu<\/div><\/div><\/li>\n                <li style=\"display: none; width: 100%;\" class=\"slide-1732 ms-image\"><img src=\"https:\/\/www.facet.unt.edu.ar\/iest\/wp-content\/uploads\/sites\/22\/2016\/06\/Simulacion01-250x250.jpg\" height=\"250\" width=\"250\" alt=\"\" class=\"slider-1722 slide-1732\" \/><div class=\"caption-wrap\"><div class=\"caption\">UNT<\/div><\/div><\/li>\n                <li style=\"display: none; width: 100%;\" class=\"slide-1734 ms-image\"><img src=\"https:\/\/www.facet.unt.edu.ar\/iest\/wp-content\/uploads\/sites\/22\/2016\/06\/UNT01-250x250.jpg\" height=\"250\" width=\"250\" alt=\"\" class=\"slider-1722 slide-1734\" \/><div class=\"caption-wrap\"><div class=\"caption\">UNT<\/div><\/div><\/li>\n                <li style=\"display: none; width: 100%;\" class=\"slide-1735 ms-image\"><img src=\"https:\/\/www.facet.unt.edu.ar\/iest\/wp-content\/uploads\/sites\/22\/2016\/06\/UNT02-250x250.jpg\" height=\"250\" width=\"250\" alt=\"\" class=\"slider-1722 slide-1735\" \/><div class=\"caption-wrap\"><div class=\"caption\">UNT<\/div><\/div><\/li>\n                <li style=\"display: none; width: 100%;\" class=\"slide-1736 ms-image\"><img src=\"https:\/\/www.facet.unt.edu.ar\/iest\/wp-content\/uploads\/sites\/22\/2016\/06\/UNT03-250x250.jpg\" height=\"250\" width=\"250\" alt=\"\" class=\"slider-1722 slide-1736\" \/><div class=\"caption-wrap\"><div class=\"caption\">UNT-LEMIT<\/div><\/div><\/li>\n            <\/ul>\n        <\/div>\n        \n    <\/div>\n<\/div>\n<p>&nbsp;<\/p>\n<p><strong>Fecha<\/strong> : 6 y 7 de Julio &#8211; 9 a 13hs<\/p>\n<p><strong>Lugar<\/strong>: Instituto de Estructuras \u201cArturo M. Guzm\u00e1n\u201d<\/p>\n<p><strong>Entrada libre<\/strong><\/p>\n<p><strong>Destinatarios: <\/strong>Investigadores, docentes, profesionales, alumnos de posgrado y alumnos avanzados de carreras de Ingenier\u00eda Civil y Mec\u00e1nica<\/p>\n<p><strong>Se entregar\u00e1n certificados de asistencia a los participantes registrados.<\/strong><\/p>\n<p><strong>\u00a0<\/strong><strong><img decoding=\"async\" loading=\"lazy\" class=\"size-large wp-image-1742 aligncenter\" src=\"https:\/\/www.facet.unt.edu.ar\/iest\/wp-content\/uploads\/sites\/22\/2016\/07\/Workshop-program-draft-717x1024.jpg\" alt=\"Workshop program (draft)\" width=\"717\" height=\"1024\" srcset=\"https:\/\/www.facet.unt.edu.ar\/iest\/wp-content\/uploads\/sites\/22\/2016\/07\/Workshop-program-draft-717x1024.jpg 717w, https:\/\/www.facet.unt.edu.ar\/iest\/wp-content\/uploads\/sites\/22\/2016\/07\/Workshop-program-draft-210x300.jpg 210w, https:\/\/www.facet.unt.edu.ar\/iest\/wp-content\/uploads\/sites\/22\/2016\/07\/Workshop-program-draft-768x1097.jpg 768w, https:\/\/www.facet.unt.edu.ar\/iest\/wp-content\/uploads\/sites\/22\/2016\/07\/Workshop-program-draft.jpg 1638w\" sizes=\"(max-width: 717px) 100vw, 717px\" \/><\/strong><\/p>\n<p><strong>Organiza:<\/strong><\/p>\n<p style=\"text-align: left; padding-left: 30px;\"><strong>INSTITUTO DE ESTRUCTURAS \u201cARTURO M. GUZM\u00c1N\u201d<\/strong><\/p>\n<p style=\"text-align: left; padding-left: 30px;\">Facultad de Ciencias Exactas y Tecnolog\u00eda<\/p>\n<p style=\"text-align: left; padding-left: 30px;\">Universidad Nacional de Tucum\u00e1n<\/p>\n<p style=\"text-align: left; padding-left: 30px;\">Av. Independencia 1800 &#8211; San Miguel de Tucum\u00e1n<\/p>\n<p>&nbsp;<\/p>\n<p><strong>Informes e inscripci\u00f3n:<\/strong><\/p>\n<p style=\"padding-left: 30px;\"><a href=\"https:\/\/www.facet.unt.edu.ar\/iest\/integrantes\/luccioni-bibiana-maria\/\">Dr. Bibiana Luccioni<\/a><\/p>\n<p style=\"padding-left: 30px;\"><a href=\"mailto:bluccioni@herrera.unt.edu.ar\">bluccioni@herrera.unt.edu.ar<\/a><\/p>\n<p style=\"padding-left: 30px;\">Tel.: 0381-4364087. Instituto de Estructuras \u201cArturo M. Guzm\u00e1n\u201d<\/p>\n","protected":false},"excerpt":{"rendered":"<p>Workshop 2016 DYNAMIC BEHAVIOR OF MATERIALS.\u00a0 EXPERIMENTAL TESTS AND MODELLING OF MATERIALS UNDER HIGH STRAIN RATES Se tratar\u00e1n aspectos experimentales, num\u00e9ricos y aplicados del comportamiento mec\u00e1nico y f\u00edsico de materiales bajo cargas din\u00e1micas. Este comportamiento es relevante para m\u00faltiples aplicaciones que incluyen problemas de procesos industriales, seguridad de veh\u00edculos y aeronaves, problemas de bal\u00edstica y [&hellip;]<\/p>\n","protected":false},"author":20,"featured_media":0,"parent":0,"menu_order":9,"comment_status":"closed","ping_status":"closed","template":"","meta":[],"_links":{"self":[{"href":"https:\/\/www.facet.unt.edu.ar\/iest\/wp-json\/wp\/v2\/pages\/1696"}],"collection":[{"href":"https:\/\/www.facet.unt.edu.ar\/iest\/wp-json\/wp\/v2\/pages"}],"about":[{"href":"https:\/\/www.facet.unt.edu.ar\/iest\/wp-json\/wp\/v2\/types\/page"}],"author":[{"embeddable":true,"href":"https:\/\/www.facet.unt.edu.ar\/iest\/wp-json\/wp\/v2\/users\/20"}],"replies":[{"embeddable":true,"href":"https:\/\/www.facet.unt.edu.ar\/iest\/wp-json\/wp\/v2\/comments?post=1696"}],"version-history":[{"count":25,"href":"https:\/\/www.facet.unt.edu.ar\/iest\/wp-json\/wp\/v2\/pages\/1696\/revisions"}],"predecessor-version":[{"id":2823,"href":"https:\/\/www.facet.unt.edu.ar\/iest\/wp-json\/wp\/v2\/pages\/1696\/revisions\/2823"}],"wp:attachment":[{"href":"https:\/\/www.facet.unt.edu.ar\/iest\/wp-json\/wp\/v2\/media?parent=1696"}],"curies":[{"name":"wp","href":"https:\/\/api.w.org\/{rel}","templated":true}]}}