{"id":191,"date":"2015-01-18T01:20:10","date_gmt":"2015-01-18T04:20:10","guid":{"rendered":"https:\/\/www.facet.unt.edu.ar\/iest\/?page_id=191"},"modified":"2019-04-18T17:25:51","modified_gmt":"2019-04-18T20:25:51","slug":"grado","status":"publish","type":"page","link":"https:\/\/www.facet.unt.edu.ar\/iest\/docencia\/grado\/","title":{"rendered":"Grado"},"content":{"rendered":"<p><strong>Ensayo a flexi\u00f3n de perfil met\u00e1lico doble T \u2013 2019<\/strong><\/p>\n<div id=\"metaslider-id-2305\" style=\"width: 100%; margin: 0 auto;\" class=\"ml-slider-3-27-5 metaslider metaslider-flex metaslider-2305 ml-slider ms-theme-radix nav-hidden has-carousel-mode\">\n    <div id=\"metaslider_container_2305\">\n        <div id=\"metaslider_2305\">\n            <ul aria-live=\"polite\" class=\"slides\">\n                <li style=\"display: none; width: 100%;\" class=\"slide-2341 ms-image\"><img src=\"https:\/\/www.facet.unt.edu.ar\/iest\/wp-content\/uploads\/sites\/22\/2019\/04\/WP_20190409_10_46_51_Pro-250x250.jpg\" height=\"250\" width=\"250\" alt=\"\" class=\"slider-2305 slide-2341\" title=\"WP_20190409_10_46_51_Pro\" \/><\/li>\n                <li style=\"display: none; width: 100%;\" class=\"slide-2342 ms-image\"><img src=\"https:\/\/www.facet.unt.edu.ar\/iest\/wp-content\/uploads\/sites\/22\/2019\/04\/WP_20190409_10_47_13_Pro-250x250.jpg\" height=\"250\" width=\"250\" alt=\"\" class=\"slider-2305 slide-2342\" title=\"WP_20190409_10_47_13_Pro\" \/><\/li>\n                <li style=\"display: none; width: 100%;\" class=\"slide-2343 ms-image\"><img src=\"https:\/\/www.facet.unt.edu.ar\/iest\/wp-content\/uploads\/sites\/22\/2019\/04\/WP_20190409_10_58_26_Pro-250x250.jpg\" height=\"250\" width=\"250\" alt=\"\" class=\"slider-2305 slide-2343\" title=\"WP_20190409_10_58_26_Pro\" \/><\/li>\n                <li style=\"display: none; width: 100%;\" class=\"slide-2344 ms-image\"><img src=\"https:\/\/www.facet.unt.edu.ar\/iest\/wp-content\/uploads\/sites\/22\/2019\/04\/WP_20190409_10_58_51_Pro-250x250.jpg\" height=\"250\" width=\"250\" alt=\"\" class=\"slider-2305 slide-2344\" title=\"WP_20190409_10_58_51_Pro\" \/><\/li>\n                <li style=\"display: none; width: 100%;\" class=\"slide-2345 ms-image\"><img src=\"https:\/\/www.facet.unt.edu.ar\/iest\/wp-content\/uploads\/sites\/22\/2019\/04\/WP_20190409_10_59_12_Pro-250x250.jpg\" height=\"250\" width=\"250\" alt=\"\" class=\"slider-2305 slide-2345\" title=\"WP_20190409_10_59_12_Pro\" \/><\/li>\n                <li style=\"display: none; width: 100%;\" class=\"slide-2346 ms-image\"><img src=\"https:\/\/www.facet.unt.edu.ar\/iest\/wp-content\/uploads\/sites\/22\/2019\/04\/WP_20190409_11_00_24_Pro-250x250.jpg\" height=\"250\" width=\"250\" alt=\"\" class=\"slider-2305 slide-2346\" title=\"WP_20190409_11_00_24_Pro\" \/><\/li>\n                <li style=\"display: none; width: 100%;\" class=\"slide-2347 ms-image\"><img src=\"https:\/\/www.facet.unt.edu.ar\/iest\/wp-content\/uploads\/sites\/22\/2019\/04\/WP_20190409_11_01_08_Pro-250x250.jpg\" height=\"250\" width=\"250\" alt=\"\" class=\"slider-2305 slide-2347\" title=\"WP_20190409_11_01_08_Pro\" \/><\/li>\n                <li style=\"display: none; width: 100%;\" class=\"slide-2348 ms-image\"><img src=\"https:\/\/www.facet.unt.edu.ar\/iest\/wp-content\/uploads\/sites\/22\/2019\/04\/WP_20190409_11_01_13_Pro-250x250.jpg\" height=\"250\" width=\"250\" alt=\"\" class=\"slider-2305 slide-2348\" title=\"WP_20190409_11_01_13_Pro\" \/><\/li>\n                <li style=\"display: none; width: 100%;\" class=\"slide-2349 ms-image\"><img src=\"https:\/\/www.facet.unt.edu.ar\/iest\/wp-content\/uploads\/sites\/22\/2019\/04\/WP_20190409_11_01_20_Pro-250x250.jpg\" height=\"250\" width=\"250\" alt=\"\" class=\"slider-2305 slide-2349\" title=\"WP_20190409_11_01_20_Pro\" \/><\/li>\n                <li style=\"display: none; width: 100%;\" class=\"slide-2350 ms-image\"><img src=\"https:\/\/www.facet.unt.edu.ar\/iest\/wp-content\/uploads\/sites\/22\/2019\/04\/WP_20190409_11_01_48_Pro-250x250.jpg\" height=\"250\" width=\"250\" alt=\"\" class=\"slider-2305 slide-2350\" title=\"WP_20190409_11_01_48_Pro\" \/><\/li>\n                <li style=\"display: none; width: 100%;\" class=\"slide-2351 ms-image\"><img src=\"https:\/\/www.facet.unt.edu.ar\/iest\/wp-content\/uploads\/sites\/22\/2019\/04\/WP_20190409_11_06_40_Pro-250x250.jpg\" height=\"250\" width=\"250\" alt=\"\" class=\"slider-2305 slide-2351\" title=\"WP_20190409_11_06_40_Pro\" \/><\/li>\n                <li style=\"display: none; width: 100%;\" class=\"slide-2352 ms-image\"><img src=\"https:\/\/www.facet.unt.edu.ar\/iest\/wp-content\/uploads\/sites\/22\/2019\/04\/WP_20190409_11_06_53_Pro-250x250.jpg\" height=\"250\" width=\"250\" alt=\"\" class=\"slider-2305 slide-2352\" title=\"WP_20190409_11_06_53_Pro\" \/><\/li>\n                <li style=\"display: none; width: 100%;\" class=\"slide-2353 ms-image\"><img src=\"https:\/\/www.facet.unt.edu.ar\/iest\/wp-content\/uploads\/sites\/22\/2019\/04\/WP_20190409_11_07_07_Pro-250x250.jpg\" height=\"250\" width=\"250\" alt=\"\" class=\"slider-2305 slide-2353\" title=\"WP_20190409_11_07_07_Pro\" \/><\/li>\n                <li style=\"display: none; width: 100%;\" class=\"slide-2354 ms-image\"><img src=\"https:\/\/www.facet.unt.edu.ar\/iest\/wp-content\/uploads\/sites\/22\/2019\/04\/WP_20190409_11_07_24_Pro-250x250.jpg\" height=\"250\" width=\"250\" alt=\"\" class=\"slider-2305 slide-2354\" title=\"WP_20190409_11_07_24_Pro\" \/><\/li>\n                <li style=\"display: none; width: 100%;\" class=\"slide-2355 ms-image\"><img src=\"https:\/\/www.facet.unt.edu.ar\/iest\/wp-content\/uploads\/sites\/22\/2019\/04\/WP_20190409_11_07_54_Pro-250x250.jpg\" height=\"250\" width=\"250\" alt=\"\" class=\"slider-2305 slide-2355\" title=\"WP_20190409_11_07_54_Pro\" \/><\/li>\n                <li style=\"display: none; width: 100%;\" class=\"slide-2356 ms-image\"><img src=\"https:\/\/www.facet.unt.edu.ar\/iest\/wp-content\/uploads\/sites\/22\/2019\/04\/WP_20190409_11_08_16_Pro-250x250.jpg\" height=\"250\" width=\"250\" alt=\"\" class=\"slider-2305 slide-2356\" title=\"WP_20190409_11_08_16_Pro\" \/><\/li>\n                <li style=\"display: none; width: 100%;\" class=\"slide-2357 ms-image\"><img src=\"https:\/\/www.facet.unt.edu.ar\/iest\/wp-content\/uploads\/sites\/22\/2019\/04\/WP_20190409_11_25_27_Pro-250x250.jpg\" height=\"250\" width=\"250\" alt=\"\" class=\"slider-2305 slide-2357\" title=\"WP_20190409_11_25_27_Pro\" \/><\/li>\n                <li style=\"display: none; width: 100%;\" class=\"slide-2358 ms-image\"><img src=\"https:\/\/www.facet.unt.edu.ar\/iest\/wp-content\/uploads\/sites\/22\/2019\/04\/WP_20190409_11_27_02_Pro-250x250.jpg\" height=\"250\" width=\"250\" alt=\"\" class=\"slider-2305 slide-2358\" title=\"WP_20190409_11_27_02_Pro\" \/><\/li>\n                <li style=\"display: none; width: 100%;\" class=\"slide-2359 ms-image\"><img src=\"https:\/\/www.facet.unt.edu.ar\/iest\/wp-content\/uploads\/sites\/22\/2019\/04\/WP_20190409_11_27_14_Pro-250x250.jpg\" height=\"250\" width=\"250\" alt=\"\" class=\"slider-2305 slide-2359\" title=\"WP_20190409_11_27_14_Pro\" \/><\/li>\n                <li style=\"display: none; width: 100%;\" class=\"slide-2360 ms-image\"><img src=\"https:\/\/www.facet.unt.edu.ar\/iest\/wp-content\/uploads\/sites\/22\/2019\/04\/WP_20190409_11_27_51_Pro-250x250.jpg\" height=\"250\" width=\"250\" alt=\"\" class=\"slider-2305 slide-2360\" title=\"WP_20190409_11_27_51_Pro\" \/><\/li>\n                <li style=\"display: none; width: 100%;\" class=\"slide-2361 ms-image\"><img src=\"https:\/\/www.facet.unt.edu.ar\/iest\/wp-content\/uploads\/sites\/22\/2019\/04\/WP_20190409_11_28_18_Pro-250x250.jpg\" height=\"250\" width=\"250\" alt=\"\" class=\"slider-2305 slide-2361\" title=\"WP_20190409_11_28_18_Pro\" \/><\/li>\n                <li style=\"display: none; width: 100%;\" class=\"slide-2362 ms-image\"><img src=\"https:\/\/www.facet.unt.edu.ar\/iest\/wp-content\/uploads\/sites\/22\/2019\/04\/WP_20190409_11_29_36_Pro-250x250.jpg\" height=\"250\" width=\"250\" alt=\"\" class=\"slider-2305 slide-2362\" title=\"WP_20190409_11_29_36_Pro\" \/><\/li>\n                <li style=\"display: none; width: 100%;\" class=\"slide-2363 ms-image\"><img src=\"https:\/\/www.facet.unt.edu.ar\/iest\/wp-content\/uploads\/sites\/22\/2019\/04\/WP_20190409_11_29_55_Pro-250x250.jpg\" height=\"250\" width=\"250\" alt=\"\" class=\"slider-2305 slide-2363\" title=\"WP_20190409_11_29_55_Pro\" \/><\/li>\n                <li style=\"display: none; width: 100%;\" class=\"slide-2364 ms-image\"><img src=\"https:\/\/www.facet.unt.edu.ar\/iest\/wp-content\/uploads\/sites\/22\/2019\/04\/WP_20190409_11_30_12_Pro-250x250.jpg\" height=\"250\" width=\"250\" alt=\"\" class=\"slider-2305 slide-2364\" title=\"WP_20190409_11_30_12_Pro\" \/><\/li>\n                <li style=\"display: none; width: 100%;\" class=\"slide-2365 ms-image\"><img src=\"https:\/\/www.facet.unt.edu.ar\/iest\/wp-content\/uploads\/sites\/22\/2019\/04\/zWP_20190409_10_36_17_Pro-250x250.jpg\" height=\"250\" width=\"250\" alt=\"\" class=\"slider-2305 slide-2365\" title=\"zWP_20190409_10_36_17_Pro\" \/><\/li>\n                <li style=\"display: none; width: 100%;\" class=\"slide-2366 ms-image\"><img src=\"https:\/\/www.facet.unt.edu.ar\/iest\/wp-content\/uploads\/sites\/22\/2019\/04\/zWP_20190409_10_36_35_Pro-250x250.jpg\" height=\"250\" width=\"250\" alt=\"\" class=\"slider-2305 slide-2366\" title=\"zWP_20190409_10_36_35_Pro\" \/><\/li>\n                <li style=\"display: none; width: 100%;\" class=\"slide-2367 ms-image\"><img src=\"https:\/\/www.facet.unt.edu.ar\/iest\/wp-content\/uploads\/sites\/22\/2019\/04\/zWP_20190409_10_36_47_Pro-250x250.jpg\" height=\"250\" width=\"250\" alt=\"\" class=\"slider-2305 slide-2367\" title=\"zWP_20190409_10_36_47_Pro\" \/><\/li>\n                <li style=\"display: none; width: 100%;\" class=\"slide-2368 ms-image\"><img src=\"https:\/\/www.facet.unt.edu.ar\/iest\/wp-content\/uploads\/sites\/22\/2019\/04\/zWP_20190409_10_37_07_Pro-250x250.jpg\" height=\"250\" width=\"250\" alt=\"\" class=\"slider-2305 slide-2368\" title=\"zWP_20190409_10_37_07_Pro\" \/><\/li>\n                <li style=\"display: none; width: 100%;\" class=\"slide-2369 ms-image\"><img src=\"https:\/\/www.facet.unt.edu.ar\/iest\/wp-content\/uploads\/sites\/22\/2019\/04\/zWP_20190409_10_37_17_Pro-250x250.jpg\" height=\"250\" width=\"250\" alt=\"\" class=\"slider-2305 slide-2369\" title=\"zWP_20190409_10_37_17_Pro\" \/><\/li>\n                <li style=\"display: none; width: 100%;\" class=\"slide-2370 ms-image\"><img src=\"https:\/\/www.facet.unt.edu.ar\/iest\/wp-content\/uploads\/sites\/22\/2019\/04\/zWP_20190409_10_37_23_Pro-250x250.jpg\" height=\"250\" width=\"250\" alt=\"\" class=\"slider-2305 slide-2370\" title=\"zWP_20190409_10_37_23_Pro\" \/><\/li>\n                <li style=\"display: none; width: 100%;\" class=\"slide-2371 ms-image\"><img src=\"https:\/\/www.facet.unt.edu.ar\/iest\/wp-content\/uploads\/sites\/22\/2019\/04\/zWP_20190409_10_37_36_Pro-250x250.jpg\" height=\"250\" width=\"250\" alt=\"\" class=\"slider-2305 slide-2371\" title=\"zWP_20190409_10_37_36_Pro\" \/><\/li>\n                <li style=\"display: none; width: 100%;\" class=\"slide-2372 ms-image\"><img src=\"https:\/\/www.facet.unt.edu.ar\/iest\/wp-content\/uploads\/sites\/22\/2019\/04\/zWP_20190409_10_38_28_Pro-250x250.jpg\" height=\"250\" width=\"250\" alt=\"\" class=\"slider-2305 slide-2372\" title=\"zWP_20190409_10_38_28_Pro\" \/><\/li>\n                <li style=\"display: none; width: 100%;\" class=\"slide-2373 ms-image\"><img src=\"https:\/\/www.facet.unt.edu.ar\/iest\/wp-content\/uploads\/sites\/22\/2019\/04\/zWP_20190409_10_38_37_Pro-250x250.jpg\" height=\"250\" width=\"250\" alt=\"\" class=\"slider-2305 slide-2373\" title=\"zWP_20190409_10_38_37_Pro\" \/><\/li>\n                <li style=\"display: none; width: 100%;\" class=\"slide-2374 ms-image\"><img src=\"https:\/\/www.facet.unt.edu.ar\/iest\/wp-content\/uploads\/sites\/22\/2019\/04\/zWP_20190409_10_39_13_Pro-250x250.jpg\" height=\"250\" width=\"250\" alt=\"\" class=\"slider-2305 slide-2374\" title=\"zWP_20190409_10_39_13_Pro\" \/><\/li>\n                <li style=\"display: none; width: 100%;\" class=\"slide-2375 ms-image\"><img src=\"https:\/\/www.facet.unt.edu.ar\/iest\/wp-content\/uploads\/sites\/22\/2019\/04\/zWP_20190409_10_39_33_Pro-250x250.jpg\" height=\"250\" width=\"250\" alt=\"\" class=\"slider-2305 slide-2375\" title=\"zWP_20190409_10_39_33_Pro\" \/><\/li>\n            <\/ul>\n        <\/div>\n        \n    <\/div>\n<\/div>\n<p>&nbsp;<\/p>\n<p><strong>Ensayo\u00a0a flexi\u00f3n de perfil met\u00e1lico doble T \u2013 2018<\/strong><\/p>\n<div id=\"metaslider-id-2149\" style=\"width: 100%; margin: 0 auto;\" class=\"ml-slider-3-27-5 metaslider metaslider-flex metaslider-2149 ml-slider ms-theme-radix nav-hidden nav-hidden has-carousel-mode\">\n    <div id=\"metaslider_container_2149\">\n        <div id=\"metaslider_2149\">\n            <ul aria-live=\"polite\" class=\"slides\">\n                <li style=\"display: none; width: 100%;\" class=\"slide-2167 ms-image\"><img src=\"https:\/\/www.facet.unt.edu.ar\/iest\/wp-content\/uploads\/sites\/22\/2018\/06\/Pascual1-250x250.jpg\" height=\"250\" width=\"250\" alt=\"\" class=\"slider-2149 slide-2167\" \/><div class=\"caption-wrap\"><div class=\"caption\">Clase Prof. Pacual 1<\/div><\/div><\/li>\n                <li style=\"display: none; width: 100%;\" class=\"slide-2168 ms-image\"><img src=\"https:\/\/www.facet.unt.edu.ar\/iest\/wp-content\/uploads\/sites\/22\/2018\/06\/pascual2-250x250.jpg\" height=\"250\" width=\"250\" alt=\"\" class=\"slider-2149 slide-2168\" \/><div class=\"caption-wrap\"><div class=\"caption\">Clase Prof. Pacual 2<\/div><\/div><\/li>\n                <li style=\"display: none; width: 100%;\" class=\"slide-2174 ms-image\"><img src=\"https:\/\/www.facet.unt.edu.ar\/iest\/wp-content\/uploads\/sites\/22\/2018\/06\/vigaAlumnos1-250x250.jpg\" height=\"250\" width=\"250\" alt=\"\" class=\"slider-2149 slide-2174\" \/><div class=\"caption-wrap\"><div class=\"caption\">Alumnos 1<\/div><\/div><\/li>\n                <li style=\"display: none; width: 100%;\" class=\"slide-2175 ms-image\"><img src=\"https:\/\/www.facet.unt.edu.ar\/iest\/wp-content\/uploads\/sites\/22\/2018\/06\/vigaalumnos2-250x250.jpg\" height=\"250\" width=\"250\" alt=\"\" class=\"slider-2149 slide-2175\" \/><div class=\"caption-wrap\"><div class=\"caption\">Alumnos 2<\/div><\/div><\/li>\n                <li style=\"display: none; width: 100%;\" class=\"slide-2176 ms-image\"><img src=\"https:\/\/www.facet.unt.edu.ar\/iest\/wp-content\/uploads\/sites\/22\/2018\/06\/vigaalumnos3-250x250.jpg\" height=\"250\" width=\"250\" alt=\"\" class=\"slider-2149 slide-2176\" \/><div class=\"caption-wrap\"><div class=\"caption\">Alumnos 3<\/div><\/div><\/li>\n                <li style=\"display: none; width: 100%;\" class=\"slide-2177 ms-image\"><img src=\"https:\/\/www.facet.unt.edu.ar\/iest\/wp-content\/uploads\/sites\/22\/2018\/06\/vigaalumnos4-250x250.jpg\" height=\"250\" width=\"250\" alt=\"\" class=\"slider-2149 slide-2177\" \/><div class=\"caption-wrap\"><div class=\"caption\">Prof. Luccioni y Alumnos<\/div><\/div><\/li>\n                <li style=\"display: none; width: 100%;\" class=\"slide-2178 ms-image\"><img src=\"https:\/\/www.facet.unt.edu.ar\/iest\/wp-content\/uploads\/sites\/22\/2018\/06\/vigaalumnos5-250x250.jpg\" height=\"250\" width=\"250\" alt=\"\" class=\"slider-2149 slide-2178\" \/><div class=\"caption-wrap\"><div class=\"caption\">Alumnos 4<\/div><\/div><\/li>\n                <li style=\"display: none; width: 100%;\" class=\"slide-2179 ms-image\"><img src=\"https:\/\/www.facet.unt.edu.ar\/iest\/wp-content\/uploads\/sites\/22\/2018\/06\/vigaalumnos6-250x250.jpg\" height=\"250\" width=\"250\" alt=\"\" class=\"slider-2149 slide-2179\" \/><div class=\"caption-wrap\"><div class=\"caption\">Alumnos 5<\/div><\/div><\/li>\n                <li style=\"display: none; width: 100%;\" class=\"slide-2180 ms-image\"><img src=\"https:\/\/www.facet.unt.edu.ar\/iest\/wp-content\/uploads\/sites\/22\/2018\/06\/vigaalumnos7-250x250.jpg\" height=\"250\" width=\"250\" alt=\"\" class=\"slider-2149 slide-2180\" \/><div class=\"caption-wrap\"><div class=\"caption\">Alumnos 6<\/div><\/div><\/li>\n                <li style=\"display: none; width: 100%;\" class=\"slide-2181 ms-image\"><img src=\"https:\/\/www.facet.unt.edu.ar\/iest\/wp-content\/uploads\/sites\/22\/2018\/06\/VigaSergio-250x250.jpg\" height=\"250\" width=\"250\" alt=\"\" class=\"slider-2149 slide-2181\" \/><div class=\"caption-wrap\"><div class=\"caption\">Prof. Gutierrez<\/div><\/div><\/li>\n                <li style=\"display: none; width: 100%;\" class=\"slide-2166 ms-image\"><img src=\"https:\/\/www.facet.unt.edu.ar\/iest\/wp-content\/uploads\/sites\/22\/2018\/06\/galgasAlas-250x250.jpg\" height=\"250\" width=\"250\" alt=\"\" class=\"slider-2149 slide-2166\" title=\"galgas en Alas\" \/><div class=\"caption-wrap\"><div class=\"caption\">Instrumentaci\u00f3n - disposici\u00f3n 1<\/div><\/div><\/li>\n                <li style=\"display: none; width: 100%;\" class=\"slide-2169 ms-image\"><img src=\"https:\/\/www.facet.unt.edu.ar\/iest\/wp-content\/uploads\/sites\/22\/2018\/06\/roseta-250x250.jpg\" height=\"250\" width=\"250\" alt=\"\" class=\"slider-2149 slide-2169\" title=\"Roseta\" \/><div class=\"caption-wrap\"><div class=\"caption\">Instrumentaci\u00f3n - disposici\u00f3n 2<\/div><\/div><\/li>\n                <li style=\"display: none; width: 100%;\" class=\"slide-2170 ms-image\"><img src=\"https:\/\/www.facet.unt.edu.ar\/iest\/wp-content\/uploads\/sites\/22\/2018\/06\/Viga1-250x250.jpg\" height=\"250\" width=\"250\" alt=\"\" class=\"slider-2149 slide-2170\" title=\"Viga1\" \/><div class=\"caption-wrap\"><div class=\"caption\">Instrumentaci\u00f3n - disposici\u00f3n 3<\/div><\/div><\/li>\n                <li style=\"display: none; width: 100%;\" class=\"slide-2171 ms-image\"><img src=\"https:\/\/www.facet.unt.edu.ar\/iest\/wp-content\/uploads\/sites\/22\/2018\/06\/viga2-250x250.jpg\" height=\"250\" width=\"250\" alt=\"\" class=\"slider-2149 slide-2171\" title=\"viga2\" \/><div class=\"caption-wrap\"><div class=\"caption\">Instrumentaci\u00f3n - disposici\u00f3n 4<\/div><\/div><\/li>\n                <li style=\"display: none; width: 100%;\" class=\"slide-2172 ms-image\"><img src=\"https:\/\/www.facet.unt.edu.ar\/iest\/wp-content\/uploads\/sites\/22\/2018\/06\/viga3-250x250.jpg\" height=\"250\" width=\"250\" alt=\"\" class=\"slider-2149 slide-2172\" title=\"viga3\" \/><div class=\"caption-wrap\"><div class=\"caption\">Instrumentaci\u00f3n - disposici\u00f3n 5<\/div><\/div><\/li>\n                <li style=\"display: none; width: 100%;\" class=\"slide-2173 ms-image\"><img src=\"https:\/\/www.facet.unt.edu.ar\/iest\/wp-content\/uploads\/sites\/22\/2018\/06\/viga4-250x250.jpg\" height=\"250\" width=\"250\" alt=\"\" class=\"slider-2149 slide-2173\" title=\"viga4\" \/><div class=\"caption-wrap\"><div class=\"caption\">Instrumentaci\u00f3n - disposici\u00f3n 6<\/div><\/div><\/li>\n            <\/ul>\n        <\/div>\n        \n    <\/div>\n<\/div>\n<p>&nbsp;<\/p>\n<p><strong>Ensayo a flexi\u00f3n de vigas de hormig\u00f3n armado con secci\u00f3n rectangular y con secci\u00f3n doble T.<\/strong><\/p>\n<div id=\"metaslider-id-929\" style=\"width: 100%; margin: 0 auto;\" class=\"ml-slider-3-27-5 metaslider metaslider-flex metaslider-929 ml-slider ms-theme-radix nav-hidden nav-hidden nav-hidden has-carousel-mode\">\n    <div id=\"metaslider_container_929\">\n        <div id=\"metaslider_929\">\n            <ul aria-live=\"polite\" class=\"slides\">\n                <li style=\"display: none; width: 100%;\" class=\"slide-928 ms-image\"><img src=\"https:\/\/www.facet.unt.edu.ar\/iest\/wp-content\/uploads\/sites\/22\/2015\/01\/ClaseGrado01-400x300.jpg\" height=\"300\" width=\"400\" alt=\"\" class=\"slider-929 slide-928\" \/><\/li>\n                <li style=\"display: none; width: 100%;\" class=\"slide-927 ms-image\"><img src=\"https:\/\/www.facet.unt.edu.ar\/iest\/wp-content\/uploads\/sites\/22\/2015\/01\/ClaseGrado02-400x300.jpg\" height=\"300\" width=\"400\" alt=\"\" class=\"slider-929 slide-927\" \/><\/li>\n                <li style=\"display: none; width: 100%;\" class=\"slide-926 ms-image\"><img src=\"https:\/\/www.facet.unt.edu.ar\/iest\/wp-content\/uploads\/sites\/22\/2015\/01\/ClaseGrado03-400x300.jpg\" height=\"300\" width=\"400\" alt=\"\" class=\"slider-929 slide-926\" \/><\/li>\n                <li style=\"display: none; width: 100%;\" class=\"slide-925 ms-image\"><img src=\"https:\/\/www.facet.unt.edu.ar\/iest\/wp-content\/uploads\/sites\/22\/2015\/01\/ClaseGrado04-400x300.jpg\" height=\"300\" width=\"400\" alt=\"\" class=\"slider-929 slide-925\" \/><\/li>\n                <li style=\"display: none; width: 100%;\" class=\"slide-924 ms-image\"><img src=\"https:\/\/www.facet.unt.edu.ar\/iest\/wp-content\/uploads\/sites\/22\/2015\/01\/ClaseGrado05-400x300.jpg\" height=\"300\" width=\"400\" alt=\"\" class=\"slider-929 slide-924\" \/><\/li>\n                <li style=\"display: none; width: 100%;\" class=\"slide-923 ms-image\"><img src=\"https:\/\/www.facet.unt.edu.ar\/iest\/wp-content\/uploads\/sites\/22\/2015\/01\/ClaseGrado06-400x300.jpg\" height=\"300\" width=\"400\" alt=\"\" class=\"slider-929 slide-923\" \/><\/li>\n                <li style=\"display: none; width: 100%;\" class=\"slide-922 ms-image\"><img src=\"https:\/\/www.facet.unt.edu.ar\/iest\/wp-content\/uploads\/sites\/22\/2015\/01\/ClaseGrado07-400x300.jpg\" height=\"300\" width=\"400\" alt=\"\" class=\"slider-929 slide-922\" \/><\/li>\n                <li style=\"display: none; width: 100%;\" class=\"slide-921 ms-image\"><img src=\"https:\/\/www.facet.unt.edu.ar\/iest\/wp-content\/uploads\/sites\/22\/2015\/01\/ClaseGrado08-400x300.jpg\" height=\"300\" width=\"400\" alt=\"\" class=\"slider-929 slide-921\" \/><\/li>\n                <li style=\"display: none; width: 100%;\" class=\"slide-920 ms-image\"><img src=\"https:\/\/www.facet.unt.edu.ar\/iest\/wp-content\/uploads\/sites\/22\/2015\/01\/ClaseGrado09-400x300.jpg\" height=\"300\" width=\"400\" alt=\"\" class=\"slider-929 slide-920\" \/><\/li>\n                <li style=\"display: none; width: 100%;\" class=\"slide-919 ms-image\"><img src=\"https:\/\/www.facet.unt.edu.ar\/iest\/wp-content\/uploads\/sites\/22\/2015\/01\/ClaseGrado10-400x300.jpg\" height=\"300\" width=\"400\" alt=\"\" class=\"slider-929 slide-919\" \/><\/li>\n                <li style=\"display: none; width: 100%;\" class=\"slide-918 ms-image\"><img src=\"https:\/\/www.facet.unt.edu.ar\/iest\/wp-content\/uploads\/sites\/22\/2015\/01\/ClaseGrado11-400x300.jpg\" height=\"300\" width=\"400\" alt=\"\" class=\"slider-929 slide-918\" \/><\/li>\n                <li style=\"display: none; width: 100%;\" class=\"slide-917 ms-image\"><img src=\"https:\/\/www.facet.unt.edu.ar\/iest\/wp-content\/uploads\/sites\/22\/2015\/01\/ClaseGrado12-400x300.jpg\" height=\"300\" width=\"400\" alt=\"\" class=\"slider-929 slide-917\" \/><\/li>\n                <li style=\"display: none; width: 100%;\" class=\"slide-916 ms-image\"><img src=\"https:\/\/www.facet.unt.edu.ar\/iest\/wp-content\/uploads\/sites\/22\/2015\/01\/ClaseGrado13-400x300.jpg\" height=\"300\" width=\"400\" alt=\"\" class=\"slider-929 slide-916\" \/><\/li>\n                <li style=\"display: none; width: 100%;\" class=\"slide-915 ms-image\"><img src=\"https:\/\/www.facet.unt.edu.ar\/iest\/wp-content\/uploads\/sites\/22\/2015\/01\/ClaseGrado14-400x300.jpg\" height=\"300\" width=\"400\" alt=\"\" class=\"slider-929 slide-915\" \/><\/li>\n            <\/ul>\n        <\/div>\n        \n    <\/div>\n<\/div>\n<p>&nbsp;<\/p>\n<p>&nbsp;<\/p>\n<p>&nbsp;<\/p>\n<p>&nbsp;<\/p>\n<p>&nbsp;<\/p>\n<p>&nbsp;<\/p>\n<p>&nbsp;<\/p>\n","protected":false},"excerpt":{"rendered":"<p>Ensayo a flexi\u00f3n de perfil met\u00e1lico doble T \u2013 2019 &nbsp; Ensayo\u00a0a flexi\u00f3n de perfil met\u00e1lico doble T \u2013 2018 &nbsp; Ensayo a flexi\u00f3n de vigas de hormig\u00f3n armado con secci\u00f3n rectangular y con secci\u00f3n doble T. &nbsp; &nbsp; &nbsp; &nbsp; &nbsp; &nbsp; &nbsp;<\/p>\n","protected":false},"author":20,"featured_media":0,"parent":145,"menu_order":1,"comment_status":"closed","ping_status":"closed","template":"","meta":[],"_links":{"self":[{"href":"https:\/\/www.facet.unt.edu.ar\/iest\/wp-json\/wp\/v2\/pages\/191"}],"collection":[{"href":"https:\/\/www.facet.unt.edu.ar\/iest\/wp-json\/wp\/v2\/pages"}],"about":[{"href":"https:\/\/www.facet.unt.edu.ar\/iest\/wp-json\/wp\/v2\/types\/page"}],"author":[{"embeddable":true,"href":"https:\/\/www.facet.unt.edu.ar\/iest\/wp-json\/wp\/v2\/users\/20"}],"replies":[{"embeddable":true,"href":"https:\/\/www.facet.unt.edu.ar\/iest\/wp-json\/wp\/v2\/comments?post=191"}],"version-history":[{"count":10,"href":"https:\/\/www.facet.unt.edu.ar\/iest\/wp-json\/wp\/v2\/pages\/191\/revisions"}],"predecessor-version":[{"id":2377,"href":"https:\/\/www.facet.unt.edu.ar\/iest\/wp-json\/wp\/v2\/pages\/191\/revisions\/2377"}],"up":[{"embeddable":true,"href":"https:\/\/www.facet.unt.edu.ar\/iest\/wp-json\/wp\/v2\/pages\/145"}],"wp:attachment":[{"href":"https:\/\/www.facet.unt.edu.ar\/iest\/wp-json\/wp\/v2\/media?parent=191"}],"curies":[{"name":"wp","href":"https:\/\/api.w.org\/{rel}","templated":true}]}}