{"id":1964,"date":"2018-02-20T12:54:38","date_gmt":"2018-02-20T15:54:38","guid":{"rendered":"https:\/\/www.facet.unt.edu.ar\/iest\/?page_id=1964"},"modified":"2018-03-09T00:41:32","modified_gmt":"2018-03-09T03:41:32","slug":"araoz-gabriel","status":"publish","type":"page","link":"https:\/\/www.facet.unt.edu.ar\/iest\/integrantes\/araoz-gabriel\/","title":{"rendered":"AR\u00c1OZ Gabriel Francisco"},"content":{"rendered":"<h2>Dr. Ing. AR\u00c1OZ Gabriel Francisco<\/h2>\n<div>\n<table style=\"width: 800px; border-color: #ffffff;\">\n<tbody>\n<tr>\n<td style=\"width: 350px; height: 300px; border-color: #ffffff; text-align: center; vertical-align: middle;\"><a href=\"https:\/\/www.facet.unt.edu.ar\/iest\/wp-content\/uploads\/sites\/22\/2018\/02\/Foto_CV.jpg\"><img decoding=\"async\" loading=\"lazy\" class=\"wp-image-1965 size-medium aligncenter\" src=\"https:\/\/www.facet.unt.edu.ar\/iest\/wp-content\/uploads\/sites\/22\/2018\/02\/Foto_CV-300x300.jpg\" alt=\"\" width=\"300\" height=\"300\" srcset=\"https:\/\/www.facet.unt.edu.ar\/iest\/wp-content\/uploads\/sites\/22\/2018\/02\/Foto_CV-300x300.jpg 300w, https:\/\/www.facet.unt.edu.ar\/iest\/wp-content\/uploads\/sites\/22\/2018\/02\/Foto_CV-150x150.jpg 150w, https:\/\/www.facet.unt.edu.ar\/iest\/wp-content\/uploads\/sites\/22\/2018\/02\/Foto_CV.jpg 635w\" sizes=\"(max-width: 300px) 100vw, 300px\" \/><\/a><\/td>\n<td style=\"width: 400px; height: 300px; border-color: #ffffff; vertical-align: top;\">\n<p style=\"padding-left: 30px;\"><span style=\"font-size: 12pt; font-family: 'times new roman', times;\">Instituto de Estructuras \u201cIng. Arturo M. Guzm\u00e1n\u201d<\/span><\/p>\n<p style=\"padding-left: 30px;\"><span style=\"font-size: 12pt; font-family: 'times new roman', times;\"><a href=\"https:\/\/www.facet.unt.edu.ar\/dcyoc\/\" target=\"_blank\" rel=\"noopener noreferrer\">Dpto. de Construcciones y Obras Civiles<\/a><\/span><\/p>\n<p style=\"padding-left: 30px;\"><span style=\"font-size: 12pt; font-family: 'times new roman', times;\"><a href=\"https:\/\/www.facet.unt.edu.ar\/\" target=\"_blank\" rel=\"noopener noreferrer\">Facultad de Ciencias Exactas y Tecnolog\u00eda<\/a><\/span><\/p>\n<p style=\"padding-left: 30px;\"><span style=\"font-size: 12pt; font-family: 'times new roman', times;\"><a href=\"http:\/\/www.unt.edu.ar\/\" target=\"_blank\" rel=\"noopener noreferrer\">Universidad Nacional de Tucum\u00e1n<\/a><\/span><\/p>\n<p style=\"padding-left: 30px;\"><span style=\"font-size: 12pt; font-family: 'times new roman', times;\">Av. Independencia 1800 \u2013 CP 4000<\/span><\/p>\n<p style=\"padding-left: 30px;\"><span style=\"font-size: 12pt; font-family: 'times new roman', times;\">San Miguel de Tucum\u00e1n, Tucum\u00e1n, Argentina<\/span><\/p>\n<p style=\"padding-left: 30px;\"><span style=\"font-size: 12pt; font-family: 'times new roman', times;\">Tel\/Fax Lab.: +54 (0) 381 4364087<\/span><\/p>\n<p style=\"padding-left: 30px;\"><span style=\"font-family: 'times new roman', times, serif;\">e-mail: garaoz@herrera.unt.edu.ar<\/span><\/p>\n<\/td>\n<\/tr>\n<\/tbody>\n<\/table>\n<h2>T\u00edtulos<\/h2>\n<ul>\n<li>T\u00e9cnico Constructor. Instituto T\u00e9cnico. Universidad Nacional de Tucum\u00e1n. 1998.<\/li>\n<li>Ingeniero Civil. Universidad Nacional de Tucum\u00e1n. 2005.<\/li>\n<li>Doctor en Ingenier\u00eda. UNT, 2012. Tesis \u201cModelo para hormig\u00f3n bajo cargas explosivas\u201d.<\/li>\n<\/ul>\n<h2>Docencia<\/h2>\n<p><strong>UNIVERSIDAD NACIONAL DE TUCUM\u00c1N<\/strong><\/p>\n<p><u>Docencia de Grado:<\/u><\/p>\n<ul>\n<li>Auxiliar Docente graduado con Semi-dedicaci\u00f3n. \u00c1rea: Teor\u00eda de las Estructuras. Asignatura: Estabilidad IV. Desde 23\/03\/2007 hasta 31\/03\/2008.<\/li>\n<li>Auxiliar Docente graduado con Semi-dedicaci\u00f3n. \u00c1rea: Dimensionado de Estructuras. Asignatura: Construcciones Sismorresistentes. Desde 01\/04\/2008 hasta 02\/05\/2013.<\/li>\n<li>Jefe de Trabajos Pr\u00e1cticos con Semi-dedicaci\u00f3n. \u00c1rea: Dimensionado de Estructuras. Asignatura: Construcciones Sismorresistentes. Desde 03\/05\/2013 hasta la fecha.<\/li>\n<\/ul>\n<p><u>Docencia de Posgrado:<\/u><\/p>\n<ul>\n<li>\u201cDin\u00e1mica Estructural I\u201d de la Maestr\u00eda en Ingenier\u00eda Estructural y del Doctorado en Ingenier\u00eda.<\/li>\n<\/ul>\n<p><strong>UNIVERSIDAD TECNOL\u00d3GICA NACIONAL<\/strong><\/p>\n<ul>\n<li>Jefe de Trabajos Pr\u00e1cticos con dedicaci\u00f3n simple. Departamento de Ingenier\u00eda Civil. Asignatura: Construcciones met\u00e1licas y de madera. Desde 01\/08\/2014 hasta la fecha.<\/li>\n<\/ul>\n<h2>Investigaci\u00f3n<\/h2>\n<p><strong>TRABAJOS EN CONGRESOS<\/strong><\/p>\n<ul>\n<li>\u201cInfluencia del modelo computacional en estructuras sometidas a acciones s\u00edsmicas\u201d, Ambrosini, G. Ar\u00e1oz, R. Danesi. XXXI Jornadas Sudamericanas de Ingenier\u00eda Estructural Mendoza, Argentina. 17 al 21 de Mayo de 2004<\/li>\n<li>\u201cDiagramas de Iso-da\u00f1o para elementos estructurales bajo cargas explosivas\u201d, Luccioni, G. Ar\u00e1oz. XIX Jornadas, Argentinas de Ingenier\u00eda Estructural, Mar del Plata, Argentina. 5 al 7 de Octubre de 2006<\/li>\n<li>\u201cComportamiento de muros de mamposter\u00eda bajo cargas explosivas\u201d, Ar\u00e1oz, B. Luccioni. XVI Congreso sobre M\u00e9todos Num\u00e9ricos y sus aplicaciones (ENIEF), C\u00f3rdoba, Argentina. 2 al 5 de Octubre de 2007<\/li>\n<li>\u201cEvaluaci\u00f3n del da\u00f1o producido por explosiones en muros de mamposter\u00eda\u201d, Ar\u00e1oz, B. Luccioni. XXXIII Jornadas Sudamericanas de Ingenier\u00eda Estructural, Santiago, Chile. 28 al 30 de Mayo de 2008<\/li>\n<li>\u201cDa\u00f1o producido por explosiones en muros de mamposter\u00eda\u201d, Ar\u00e1oz, B. Luccioni. II Jornadas de J\u00f3venes Investigadores UNT-AUGM, Tucum\u00e1n, Argentina. 23 al 25 de Junio de 2008<\/li>\n<li>\u201cCurva de fragilidad para muro de mamposter\u00eda bajo cargas explosivas a partir de simulaciones num\u00e9ricas\u201d, Ar\u00e1oz, B. Luccioni. XX Jornadas Argentinas de Ingenier\u00eda Estructural, Buenos Aires, Argentina. 15, 16 y 17 de Octubre de 2008<\/li>\n<li>\u201cMateriales cohesivo friccionales bajo confinamiento elevado\u201d, Ar\u00e1oz, B. Luccioni. XVII Congreso sobre M\u00e9todos Num\u00e9ricos y sus aplicaciones (ENIEF), San Lu\u00eds, Argentina. 10 al 13 de Noviembre de 2008<\/li>\n<li>\u201cModelo viscopl\u00e1stico para materiales cohesivo-friccionales\u201d, Ar\u00e1oz, B. Luccioni. XVIII Congreso sobre M\u00e9todos Num\u00e9ricos y sus aplicaciones (ENIEF), Tandil, Argentina. 3 al 6 de Noviembre de 2009<\/li>\n<li>\u201cEfectos tiempo dependientes en hormigones sometidos a cargas impulsivas\u201d, Ar\u00e1oz, B. Luccioni. MECOM 2010 \u2013 CILAMCE 2010, Buenos Aires, Argentina. 15 al 18 de Noviembre de 2010<\/li>\n<li>\u201cModelaci\u00f3n del hormig\u00f3n en r\u00e9gimen de alto confinamiento\u201d, \u201cErosion criteria for frictional materials under blast load\u201d, Luccioni, G. Ar\u00e1oz. XIX Congreso sobre M\u00e9todos Num\u00e9ricos y sus aplicaciones (ENIEF), Rosario, Argentina. 1 al 4 de Noviembre de 2011<\/li>\n<li>Hybrid cement-based materials exposed to fire\u201d, D. Nguyen, M. C. Alonso, G. Ar\u00e1oz, O. R\u00edo. 2\u00ba CILASCI Congress on fire Safety Engineering, Coimbra, Portugal, 29 de Mayo al 1 de Junio de 2013<\/li>\n<li>\u201cComportamiento del hormig\u00f3n bajo cargas din\u00e1micas\u201d, G. Ar\u00e1oz, B. Luccioni, F. Isla. XX Congreso sobre M\u00e9todos Num\u00e9ricos y sus aplicaciones (ENIEF), Mendoza, Argentina. 18 al 22 de Noviembre de 2013<\/li>\n<\/ul>\n<p><b>PUBLICACIONES EN REVISTAS INTERNACIONALES<\/b><\/p>\n<ul>\n<li>Luccioni B.M., Ar\u00e1oz G.F. y Labanda N.A. Defining erosion limit for concrete.\u00a0<em>International Journal of Protective Structures<\/em>. Vol. 4. N\u00ba 3. 315-340. 2013<\/li>\n<li>Ar\u00e1oz G.F. y Luccioni B.M. Modeling concrete like materials under sever dynamic pressures.\u00a0<em>International Journal of Impact Engineering<\/em>. N\u00ba 76. 139-154. 2015<\/li>\n<li>Miguel L.F.F., Riera J.D., Iturrioz I, Ar\u00e1oz G.F. Considerations on the Brazilian tensile test of concrete and other engineering materials. <em>ASCE&#8217;s Journal of Materials in Civil Engineering<\/em>. (DOI: 10.1061\/(ASCE)MT.1943 5533.0001628). 2016<\/li>\n<\/ul>\n<p><b>PARTICIPACI\u00d3N EN PROYECTOS DE INVESTIGACI\u00d3N<\/b><\/p>\n<ul>\n<li>\u201cAcci\u00f3n de cargas din\u00e1micas sobre estructuras y suelos\u201d. CIUNT. 2001-2004<\/li>\n<li>\u201cModelos num\u00e9ricos para materiales y elementos estructurales\u201d. CIUNT. 2005-2008<\/li>\n<li>\u201cPrevenci\u00f3n del Riesgo S\u00edsmico de Edificios y Obras de Infraestructura P\u00fablica\u201d, PME-2003-218. ANPCYT. 2005-2007<\/li>\n<li>\u201cAcciones extremas y da\u00f1o estructural\u201d. CONICET. 2005-2008<\/li>\n<li>\u201cComportamiento de nuevos materiales estructurales\u201d. CIUNT. 2008-2012<\/li>\n<li>\u201cDise\u00f1o y aplicaci\u00f3n estructural de hormigones con fibras\u201d. ANPCYT. 2008-2011<\/li>\n<li>\u201cVulnerabilidad S\u00edsmica de Edificios Vitales de la Red de Emergencias\u201d. ANPCYT. 2008-2011<\/li>\n<li>\u201cReinforcement of structures and vehicles subjected to blast loading by using carbon nanotubes\u201d. MINCyT y NFR (South Africa) 2008-2010<\/li>\n<li>\u201cModelos no lineales para materiales compuestos\u201d. PIP 2011-2013GI. CONICET. 2011-2014.<\/li>\n<li>\u201cHormigones de altas y ultra altas prestaciones reforzados con fibras h\u00edbridas para estructuras bajo cargas extremas\u201d. PICT-2013-1740.<\/li>\n<li>\u201cModelaci\u00f3n de nuevos materiales compuestos\u201d. CIUNT E520 2014-2018.<\/li>\n<li>\u201cExperimental and numerical characterization of the mechanical behavior of Ultra High Performance Fibre-Reinforced Concrete under high loading rate\u201d. University of Applied Sciences and Arts of Southern Switzerland and National University of Tucum\u00e1n, 2015.<\/li>\n<\/ul>\n<p><b>CATEGORIZACI\u00d3N DOCENTE-INVESTIGADOR<\/b><\/p>\n<ul>\n<li>Categor\u00eda 5 establecida por la Comisi\u00f3n Regional de Categorizaci\u00f3n. Resoluci\u00f3n N\u00ba 1225. Per\u00edodo: 09\/05\/2011 \u2013 14\/05\/2017<\/li>\n<li>Categor\u00eda 3 establecida por la Comisi\u00f3n Regional de Categorizaci\u00f3n. Resoluci\u00f3n N\u00ba 1133. Fecha: 15\/05\/2017<\/li>\n<\/ul>\n<h2>Formaci\u00f3n y perfeccionamiento<\/h2>\n<p><b>BECAS OBTENIDAS<\/b><\/p>\n<ul>\n<li>Beca de Investigaci\u00f3n para estudiantes, Secretar\u00eda de Ciencia y T\u00e9cnica \u2013 Consejo de Investigaciones UNT, Tema: \u201cInfluencia del modelo computacional en estructuras sometidas a acciones s\u00edsmicas\u201d. Per\u00edodo: Enero 2002 \u2013 Diciembre 2003<\/li>\n<li>Beca de Iniciaci\u00f3n, Secretar\u00eda de Ciencia y T\u00e9cnica \u2013 Consejo de Investigaciones UNT, Tema: \u201cEstimaci\u00f3n del da\u00f1o en elementos estructurales sometidos a cargas explosivas\u201d. Per\u00edodo: Octubre 2005 \u2013 Marzo 2006<\/li>\n<li>Beca Interna de Postgrado Tipo I, Consejo Nacional de Investigaciones Cient\u00edficas y T\u00e9cnicas (CONICET), Tema: \u201cPredicci\u00f3n de da\u00f1o en estructuras y suelos bajo cargas explosivas\u201d, Per\u00edodo: 01\/04\/2006 \u2013 31\/03\/2009<\/li>\n<li>Beca Interna de Postgrado Tipo II, Consejo Nacional de Investigaciones Cient\u00edficas y T\u00e9cnicas (CONICET), Tema: \u201cPredicci\u00f3n del da\u00f1o en elementos estructurales sometidos a cargas explosivas\u201d. Per\u00edodo: 01\/04\/2009 \u2013 31\/03\/2011<\/li>\n<li>Programa de Movilidad Docente a Madrid, Ministerio de Educaci\u00f3n \u2013 Secretar\u00eda de Pol\u00edticas Universitarias \u2013 UNT, Estancia de investigaci\u00f3n en el Centro de Investigaci\u00f3n en Seguridad y Durabilidad Estructural y de Materiales (CISDEM, UPM-CSIC), Madrid, Espa\u00f1a. Temas: Estudios te\u00f3rico-experimentales de hormigones especiales y An\u00e1lisis de hormigones frente a cargas excepcionales. Per\u00edodo: 24\/10\/2011 \u2013 20\/12\/2011<\/li>\n<li>Programa de Escala Docente AUGM 2014-2015, Asociaci\u00f3n de Universidades Grupo Montevideo. Estancia de investigaci\u00f3n en Eschola de Engenharia, Universidade Federal do Rio Grande do Sul, Porto Alegre, Brasil. Temas: Estudios te\u00f3rico-experimentales y num\u00e9ricos del ensayo de tracci\u00f3n indirecta (Ensayo Brasile\u00f1o) en muestras de hormig\u00f3n. Estudios relacionados a la determinaci\u00f3n de la respuesta estructural (estructuras de hormig\u00f3n y medios rocosos y\/o suelos consolidados) debido a cargas explosivas o impacto. Per\u00edodo 21\/03\/2015 \u2013 04\/04\/2015.<\/li>\n<li>Beca Interna Postdoctoral, Consejo Nacional de Investigaciones Cient\u00edficas y T\u00e9cnicas (CONICET) ,Tema: \u201cDise\u00f1o de amortiguadores de masa sintonizados para sismos de falla cercana\u201d.<br \/>\nPer\u00edodo: 01\/04\/2017 \u2013 31\/03\/2019<\/li>\n<\/ul>\n<p><b>CURSOS DE POSGRADO (2005-2008)<\/b><\/p>\n<p>An\u00e1lisis matricial de estructuras. Matem\u00e1tica para Ingenieros. C\u00e1lculo num\u00e9rico. Mec\u00e1nica de los s\u00f3lidos. M\u00e9todos num\u00e9ricos-computacionales I. Mec\u00e1nica experimental.\u00a0 Din\u00e1mica estructural I. Modelaci\u00f3n constitutiva I.\u00a0 Temas especiales de hormig\u00f3n armado y pretensado. Temas especiales de mec\u00e1nica de los suelos.\u00a0 Temas especiales de tecnolog\u00eda de los materiales.\u00a0 Confiabilidad estructural. Din\u00e1mica no lineal.<\/p>\n<h2>Extensi\u00f3n y transferencia<\/h2>\n<ul>\n<li>Participaci\u00f3n en Servicios de Asistencia T\u00e9cnica a Terceros del Instituto de Estructuras.<\/li>\n<\/ul>\n<h2>Gesti\u00f3n y evaluaci\u00f3n<\/h2>\n<ul>\n<li>Miembro de Comisi\u00f3n Acad\u00e9mica (Carrera de Ingenier\u00eda Civil), Universidad Nacional de Tucum\u00e1n. Res. N\u00ba 0044\/2009. Per\u00edodo: 10\/03\/2009 \u2013 10\/03\/2011<\/li>\n<li>Miembro de Comisi\u00f3n Evaluadora de Actividad Acad\u00e9mica (Carrera de Ingenier\u00eda Civil), Universidad Nacional de Tucum\u00e1n. Res. N\u00ba: 1560\/2012; 1561\/2012 y 1572\/2012.<\/li>\n<li>Miembro de Comisi\u00f3n de Prioridades del Departamento de Construcciones y Obras Civiles. Universidad Nacional de Tucum\u00e1n. Res. N\u00ba: 0243\/2013 (17\/04\/2013).<\/li>\n<li>Miembro de Comisi\u00f3n de Prioridades del Departamento de Construcciones y Obras Civiles. Universidad Nacional de Tucum\u00e1n. Res. N\u00ba: 1013\/2014 (01\/07\/2014 a 30\/06\/2016).<\/li>\n<li>Miembro de Comisi\u00f3n de Prioridades del Departamento de Construcciones y Obras Civiles. Universidad Nacional de Tucum\u00e1n. Res. N\u00ba: 0684 y 0722\/2016 (01\/07\/2016 a 30\/06\/2018).<\/li>\n<li>Miembro de Tribunal examinador de Tesis de Maestr\u00eda en Ingenier\u00eda Estructural del Ing. Mat\u00edas Fern\u00e1ndez Hurst. T\u00edtulo \u201cDeterminaci\u00f3n de integridad de pilotes con cabezal hormigonados in-situ\u201d. Res. N\u00ba 0631\/2016 (06\/05\/2016).<\/li>\n<li>Miembro de Tribunal examinador de Tesis de Doctorado en Ingenier\u00eda del Ing. Javier Alejandro Danna. T\u00edtulo \u201cCaracterizaci\u00f3n y evaluaci\u00f3n de la vulnerabilidad s\u00edsmica de puentes\u201d. Res. N\u00ba 975\/2016 (01\/09\/2016).<\/li>\n<\/ul>\n<h2>Distinciones y premios obtenidos<\/h2>\n<ul>\n<li>Instituto T\u00e9cnico \u2013 U.N.T. \u2013 Premio Lucas C\u00f3rdoba \u2013 A\u00f1o 1998<\/li>\n<li>Facultad de Ciencias Exactas y Tecnolog\u00eda \u2013 U.N.T. \u2013 Res. N\u00ba 0953\/2004 \u2013 Cuadro de Honor Per\u00edodo Lectivo 2003 \u2013 Promedio: 8.41<\/li>\n<li>Colegio de Ingenieros Civiles de Tucum\u00e1n &#8211; Premio \u201cMejor Egresado de la Facultad de Ciencias Exactas y Tecnolog\u00eda de la U.N.T.\u201d \u2013 Res. N\u00ba 267 &#8211; Junio 2006<\/li>\n<\/ul>\n<\/div>\n<div>\n<p>&nbsp;<\/p>\n<\/div>\n","protected":false},"excerpt":{"rendered":"<p>Dr. Ing. AR\u00c1OZ Gabriel Francisco Instituto de Estructuras \u201cIng. Arturo M. Guzm\u00e1n\u201d Dpto. de Construcciones y Obras Civiles Facultad de Ciencias Exactas y Tecnolog\u00eda Universidad Nacional de Tucum\u00e1n Av. Independencia 1800 \u2013 CP 4000 San Miguel de Tucum\u00e1n, Tucum\u00e1n, Argentina Tel\/Fax Lab.: +54 (0) 381 4364087 e-mail: garaoz@herrera.unt.edu.ar T\u00edtulos T\u00e9cnico Constructor. Instituto T\u00e9cnico. Universidad Nacional [&hellip;]<\/p>\n","protected":false},"author":101037,"featured_media":0,"parent":142,"menu_order":0,"comment_status":"closed","ping_status":"closed","template":"","meta":[],"_links":{"self":[{"href":"https:\/\/www.facet.unt.edu.ar\/iest\/wp-json\/wp\/v2\/pages\/1964"}],"collection":[{"href":"https:\/\/www.facet.unt.edu.ar\/iest\/wp-json\/wp\/v2\/pages"}],"about":[{"href":"https:\/\/www.facet.unt.edu.ar\/iest\/wp-json\/wp\/v2\/types\/page"}],"author":[{"embeddable":true,"href":"https:\/\/www.facet.unt.edu.ar\/iest\/wp-json\/wp\/v2\/users\/101037"}],"replies":[{"embeddable":true,"href":"https:\/\/www.facet.unt.edu.ar\/iest\/wp-json\/wp\/v2\/comments?post=1964"}],"version-history":[{"count":10,"href":"https:\/\/www.facet.unt.edu.ar\/iest\/wp-json\/wp\/v2\/pages\/1964\/revisions"}],"predecessor-version":[{"id":1990,"href":"https:\/\/www.facet.unt.edu.ar\/iest\/wp-json\/wp\/v2\/pages\/1964\/revisions\/1990"}],"up":[{"embeddable":true,"href":"https:\/\/www.facet.unt.edu.ar\/iest\/wp-json\/wp\/v2\/pages\/142"}],"wp:attachment":[{"href":"https:\/\/www.facet.unt.edu.ar\/iest\/wp-json\/wp\/v2\/media?parent=1964"}],"curies":[{"name":"wp","href":"https:\/\/api.w.org\/{rel}","templated":true}]}}