{"id":218,"date":"2015-01-18T01:57:04","date_gmt":"2015-01-18T04:57:04","guid":{"rendered":"https:\/\/www.facet.unt.edu.ar\/iest\/?page_id=218"},"modified":"2025-10-17T15:03:14","modified_gmt":"2025-10-17T18:03:14","slug":"luccioni-bibiana-maria","status":"publish","type":"page","link":"https:\/\/www.facet.unt.edu.ar\/iest\/integrantes\/luccioni-bibiana-maria\/","title":{"rendered":"LUCCIONI Bibiana Maria"},"content":{"rendered":"<h2>Dr. Ing. LUCCIONI Bibiana Maria<\/h2>\n<div>\n<table style=\"width: 750px; border-color: #ffffff;\">\n<tbody>\n<tr>\n<td style=\"width: 350px; height: 300px; border-color: #ffffff; vertical-align: bottom;\"><span style=\"font-family: 'times new roman', times; font-size: 12pt;\"><img decoding=\"async\" loading=\"lazy\" class=\" wp-image-711 alignright\" src=\"https:\/\/www.facet.unt.edu.ar\/iest\/wp-content\/uploads\/sites\/22\/2015\/01\/bluccioni.gif\" alt=\"bluccioni\" width=\"311\" height=\"300\" \/><\/span><\/td>\n<td style=\"width: 400px; height: 300px; border-color: #ffffff; vertical-align: top;\">\n<p style=\"padding-left: 30px;\"><span style=\"font-size: 12pt; font-family: 'times new roman', times;\">Instituto de Estructuras \u201cIng. Arturo M. Guzm\u00e1n\u201d<\/span><\/p>\n<p style=\"padding-left: 30px;\"><span style=\"font-size: 12pt; font-family: 'times new roman', times;\"><a href=\"https:\/\/www.facet.unt.edu.ar\/dcyoc\/\" target=\"_blank\" rel=\"noopener noreferrer\">Dpto. de Construcciones y Obras Civiles<\/a><\/span><\/p>\n<p style=\"padding-left: 30px;\"><span style=\"font-size: 12pt; font-family: 'times new roman', times;\"><a href=\"https:\/\/www.facet.unt.edu.ar\/\" target=\"_blank\" rel=\"noopener noreferrer\">Facultad de Ciencias Exactas y Tecnolog\u00eda<\/a><\/span><\/p>\n<p style=\"padding-left: 30px;\"><span style=\"font-size: 12pt; font-family: 'times new roman', times;\"><a href=\"http:\/\/www.unt.edu.ar\/\" target=\"_blank\" rel=\"noopener noreferrer\">Universidad Nacional de Tucum\u00e1n<\/a><\/span><\/p>\n<p style=\"padding-left: 30px;\"><span style=\"font-size: 12pt; font-family: 'times new roman', times;\">Av. Independencia 1800 \u2013 CP 4000<\/span><\/p>\n<p style=\"padding-left: 30px;\"><span style=\"font-size: 12pt; font-family: 'times new roman', times;\">San Miguel de Tucum\u00e1n, Tucum\u00e1n, Argentina<\/span><\/p>\n<p style=\"padding-left: 30px;\"><span style=\"font-size: 12pt; font-family: 'times new roman', times;\">Tel\/Fax Lab.: +54 (0) 381 4364087<\/span><\/p>\n<p style=\"padding-left: 30px;\"><span style=\"font-size: 12pt; font-family: 'times new roman', times;\">e-mail: bluccioni@herrera.unt.edu.ar<\/span><\/p>\n<\/td>\n<\/tr>\n<\/tbody>\n<\/table>\n<p><span style=\"font-size: 12pt; font-family: 'times new roman', times;\">Descargar: <a href=\"https:\/\/www.facet.unt.edu.ar\/iest\/wp-content\/uploads\/sites\/22\/2021\/03\/CV-BLuccioni-Oct-2020.pdf\" target=\"_blank\" rel=\"noopener noreferrer\">CV<\/a>, <a href=\"https:\/\/www.facet.unt.edu.ar\/iest\/wp-content\/uploads\/sites\/22\/2021\/03\/Bibiana-Luccioni-Brief-CV.pdf\" target=\"_blank\" rel=\"noopener noreferrer\">Brief CV (English)<\/a><\/span><\/p>\n<\/div>\n<div>\n<h2>T\u00edtulos<\/h2>\n<ul>\n<li style=\"text-align: justify;\">Ingeniero Civil con orientaci\u00f3n estructuras, UNT, 1985, Promedio: 9.43.<\/li>\n<li style=\"text-align: justify;\">Magister en Ingenier\u00eda Estructural, UNT, 1988, Promedio: 10. Tesis sobresaliente.<\/li>\n<li style=\"text-align: justify;\">Doctor en Ingenier\u00eda, UNT, 1993, Promedio: 10, Tesis Sobresaliente.<\/li>\n<\/ul>\n<h2>Docencia<\/h2>\n<ul>\n<li style=\"text-align: justify;\"><strong>Profesor Titular por concurso media dedicaci\u00f3n<\/strong>, en el \u00e1rea Teor\u00eda de las Estructuras con funciones en la Asignatura <a href=\"http:\/\/catedras.facet.unt.edu.ar\/estabilidadiv\/\" target=\"_blank\" rel=\"noopener noreferrer\">Estabilidad IV<\/a> de la carrera de Ing. Civ. de la Fac. de Cs.Ex.y Tec. UNT, desde 22\/11\/2006.<\/li>\n<\/ul>\n<h2><strong>Cursos dictados<\/strong><\/h2>\n<ul>\n<li><a title=\"Mec\u00e1nica de los S\u00f3lidos\" href=\"https:\/\/www.facet.unt.edu.ar\/iest\/docencia\/lista-de-materias-para-el-curso-de-estudios\/mecanica-de-los-solidos\/\">Mec\u00e1nica de los S\u00f3lidos I<\/a><\/li>\n<li><a href=\"https:\/\/www.facet.unt.edu.ar\/iest\/docencia\/lista-de-materias-para-el-curso-de-estudios\/mecanica-de-los-solidos-ii\/\">Mec\u00e1nica de los S\u00f3lidos II<\/a><\/li>\n<li><a title=\"Modelaci\u00f3n Constitutiva I\" href=\"https:\/\/www.facet.unt.edu.ar\/iest\/docencia\/lista-de-materias-para-el-curso-de-estudios\/modelacion-constitutiva-i\/\">Modelaci\u00f3n Constitutiva I<\/a><\/li>\n<li><a title=\"Modelaci\u00f3n Constitutiva I\" href=\"https:\/\/www.facet.unt.edu.ar\/iest\/docencia\/lista-de-materias-para-el-curso-de-estudios\/modelacion-constitutiva-ii\/\">Modelaci\u00f3n Constitutiva II<\/a><\/li>\n<\/ul>\n<h2>Carrera de Investigador<\/h2>\n<ul>\n<li style=\"text-align: justify;\"><strong><a href=\"https:\/\/www.conicet.gov.ar\/new_scp\/detalle.php?id=22090&amp;keywords=luccioni&amp;datos_academicos=yes\" target=\"_blank\" rel=\"noopener noreferrer\">Investigador del CONICET<\/a>\u00a0<\/strong>desde 1992. Categor\u00eda actual: <strong>Investigador Principal<\/strong>\u00a0(desde 2017)<\/li>\n<li style=\"text-align: justify;\"><strong>CATEGOR\u00cdA I<\/strong> en el programa de Incentivos (Desde 2005)<\/li>\n<\/ul>\n<h2>Tareas de Gesti\u00f3n<\/h2>\n<ul>\n<li style=\"text-align: justify;\"><strong>DIRECTOR ACAD\u00c9MICO<\/strong> de las carreras de posgrado Maestr\u00eda en Ingenier\u00eda Estructural y Doctorado en Ingenier\u00eda de la Universidad Nacional de Tucum\u00e1n, desde Agosto 2005.<\/li>\n<\/ul>\n<h2>Proyectos de Investigaci\u00f3n Actuales<\/h2>\n<ul>\n<li style=\"text-align: justify;\"><span style=\"font-size: 11.5pt;\">PROTECCI\u00d3N DE ESTRUCTURAS FRENTE A ACARGAS EXTREMAS, PIUNT 2023-2026. Director<\/span><\/li>\n<li>\n<p class=\"Default\"><span style=\"font-size: 11.5pt;\">MODELOS PARA SIMULAR EL COMPORTAMIENTO DE NUEVOS MATERIALES COMPUESTOS, PIP CONICET 2020 (11220200101621CO). 2021-2025. Director desde 2025.<\/span><\/p>\n<\/li>\n<\/ul>\n<h2>Formaci\u00f3n de Recursos Humanos<\/h2>\n<ul>\n<li style=\"text-align: justify;\">Actualmente Direcci\u00f3n de 1 Becario Doctoral de CONICET.<\/li>\n<li style=\"text-align: justify;\">Actualmente Director de un Investigador Asistente de CONICET.<\/li>\n<li style=\"text-align: justify;\">Direcci\u00f3n de 7 Tesis de Magister en Ingenier\u00eda Estructural UNT aprobadas y una en curso.<\/li>\n<li style=\"text-align: justify;\">Direcci\u00f3n de 8 Tesis de Doctorado en Ingenier\u00eda Estructural UNT aprobadas y 1 en curso.<\/li>\n<li style=\"text-align: justify;\">Direcci\u00f3n de 6 (seis) proyectos finales de carrera (Ingenier\u00eda Civil) aprobados.<\/li>\n<\/ul>\n<h2>Distinciones m\u00e1s importantes<\/h2>\n<ul>\n<li style=\"text-align: justify;\">MEDALLA DE ORO en m\u00e9rito al m\u00e1s elevado promedio obtenido como egresado de la Facultad de Ciencias Exactas y Tecnolog\u00eda de la UNT, otorgada por la Asociaci\u00f3n de Docentes e Investigadores de la Facultad de Ciencias Exactas y Tecnolog\u00eda (ADICET).<\/li>\n<li style=\"text-align: justify;\">PRIMER PREMIO del Area II : Ciencias Exactas e Ingenier\u00eda, F\u00edsica, Astronom\u00eda, Matem\u00e1tica, Qu\u00edmica, Arquitectura y Urbanismo, por el trabajo: Programa para la Simulaci\u00f3n Num\u00e9rica del Comportamiento de Estructuras de Materiales Friccionales, Luccioni B., Oller S., Danesi R., presentado en el IV Encuentro Acad\u00e9mico Tecnol\u00f3gico IBM, Universidad Nacional del Nordeste, Septiembre 1993.<\/li>\n<li style=\"text-align: justify;\">PREMIO COMO MUJER DESTACADA DURANTE EL A\u00d1O 1993, por constituir un ejemplo para la juventud en su disciplina otorgado por la Municipalidad de San Miguel de Tucum\u00e1n en Marzo de 1994.<\/li>\n<li style=\"text-align: justify;\">PREMIO ING. LUIS HUERGO otorgado por la Academia Nacional de Ingenier\u00eda por el trabajo de Tesis Doctoral : Formulaci\u00f3n de un Modelo Constitutivo para Materiales Ort\u00f3tropos&#8217;, Octubre 1994.<\/li>\n<li style=\"text-align: justify;\">PREMIO MUJERES DESTACADAS EN EL \u00c1MBITO NACIONAL otorgado por la H. C\u00e1mara de Diputados de la Naci\u00f3n, Buenos Aires, Octubre de 1995.<\/li>\n<li style=\"text-align: justify;\">MIEMBRO CORRESPONDIENTE POR LA PROVINCIA DE TUCUM\u00c1N DE LA ACADEMIA NACIONAL DE INGENIER\u00cdA. Desde Dic. 2007.<\/li>\n<li style=\"text-align: justify;\">&#8220;PREMIO KONEX: DIPLOMA AL M\u00c9RITO&#8221; CIENCIA Y TECNOLOG\u00cdA 2013 en la disciplina \u201cINGENIER\u00cdA CIVIL, MEC\u00c1NICA Y DE MATERIALES\u201d.<\/li>\n<li style=\"text-align: justify;\">PREMIO AMCA A LA TRAYECTORIA DOCENTE, PROFESIONAL Y CIENT\u00cdFICA EN ARGENTINA, Asociaci\u00f3n Argentina de Mec\u00e1nica Computacional, 2020.<\/li>\n<\/ul>\n<h2>Publicaciones<\/h2>\n<p><strong>Cap\u00edtulos de libros<\/strong><\/p>\n<ul>\n<li style=\"text-align: justify;\">\u201cMechanical Response of High Strength Fibre Reinforced Concrete Under Extreme Loads\u201d, B. Luccioni, F. Isla, F. Fiengo, R. Codina, D. Ambrosini, R. Zerbino, G. Giaccio, M.C. Torrijos, en \u201cFibre Reinforced Concrete: Improvements and Innovations\u201d, RILEM Book series ISBN 978-3-030-58481-8, 536-547, Springer 2021.<\/li>\n<li style=\"text-align: justify;\">\u201cDrop-Weight Impact Test for Fibre Reinforced Concrete: Analysis of Test Configuration\u201d, Vivas J.C. , Isla F., Torrijos M.C., Giaccio G.M., Luccioni B. and Zerbino R. En Fibre Reinforced Concrete: Improvements and Innovations II. RILEM Book series ISBN 978-3-030-83718-1, Springer 2022.<\/li>\n<li style=\"text-align: justify;\">\u201cCap\u00edtulo 6 correspondiente a Argentina del Libro : International Handbook in Seismic Resistant Design: Codes, Programs and Examples\u201d, Reyna F., Luccioni B., Ambrosini R., Chapman &amp; Hall, USA, ISBN 0-412-98211-0, pags. 65-83.<\/li>\n<li style=\"text-align: justify;\">\u201cDin\u00e1mica no lineal de estructuras. Estructuras Sometidas a Acciones Din\u00e1micas\u201d, B. Luccioni, S. Oller, A. Barbat. Editores E.Car, A. L\u00f3pez, S. Oller. Publicado por el Centro Internacional de M\u00e9todos Num\u00e9ricos en Ingenier\u00eda &#8211; pp. 161,176. Barcelona, Oct.\/2000. ISBN: 84-89925-68-2.<\/li>\n<li style=\"text-align: justify;\">\u201cModelo para Materiales Compuestos con deslizamiento de Fibras\u201d, B. Luccioni, D. L\u00f3pez, Cap.13 del Libro: An\u00e1lisis y C\u00e1lculo de Estructuras de Materiales Compuestos, Ed. S. Oller, CIME, Barcelona, Espa\u00f1a, Junio 2002, 411-431, ISBN 84-95999-06-4.<\/li>\n<li style=\"text-align: justify;\">\u201cNuevos Materiales Estructurales y Acciones no Convencionales\u201d, B. Luccioni. Anales de la Academia Nacional de Ingenier\u00eda, Tomo V, Buenos Aires, Abril de 2010.<\/li>\n<li style=\"text-align: justify;\">\u201cIn-plane behavior of cfrp retrofitted masonry. experimental and numerical assessment\u201d, Rougier V., Luccioni B. In Brick and Mortar Research, Nova Science Publishers, 2012, pp.93-132, ISBN 978-1-61942-9277.<\/li>\n<li style=\"text-align: justify;\">\u201cBuildings protection against accidental explosions in petrochemical facilities\u201d, B. Luccioni, D. Ambrosini, in Advances in Protective Structures Research, Francis &amp; Taylor Group, 2012, pp. 195-220, ISBN 978-0-415-64337-5<\/li>\n<li style=\"text-align: justify;\">\u201cCraters produced by explosions on, above and under the ground\u201d, D. Ambrosini, B. Luccioni, in Advances in Protective Structures Research, Francis &amp; Taylor Group, 2012, pp. 365-396, ISBN 978-0-415-64337-5<\/li>\n<li>\u201cModelos Num\u00e9ricos para estructuras de hormig\u00f3n reforzado con fibras\u201d, Ruano G, Isla F., Sfer D., Luccioni B. Dise\u00f1o Prestacional para la Durabilidad de Estructuras de Hormig\u00f3n Armado. Vida Util de Estructuras Existentes. Monitoreo, Intervenci\u00f3n y Rehabilitaci\u00f3n, Madrid, Espa\u00f1a 2014: 229-322. ISBN 978-84-7402-400-5.<\/li>\n<li>\u201cLa UNT por s\u00ed misma desde una perspectiva de la facultad de Ciencias Exactas y Tecnolog\u00eda\u201d, B. Luccioni, 15-34, en \u201cLa UNT por s\u00ed misma\u201d, EDUNT, 2015, ISBN 978-987-1881-58-1, 232 pps.<\/li>\n<li>\u201cModelos para Hormig\u00f3n Reforzado con Fibras\u201d, B. Luccioni, F. Isla, en \u201cHormig\u00f3n Reforzado con Fibras\u201d, ISBN 978-987-47035-1-4, AATH. 2020, 344pp.<\/li>\n<li>\u201cEmpleo de Hormig\u00f3n Reforzado con Fibras ante acciones extremas\u201d, B. Luccioni, F. Isla, \u201cHormig\u00f3n Reforzado con Fibras\u201d, ISBN 978-987-47035-1-4, AATH. 2020, 978-987-47035-1-4, 344pp.<\/li>\n<\/ul>\n<p><strong>Monograf\u00edas<\/strong><\/p>\n<ul>\n<li style=\"text-align: justify;\">Mec\u00e1nica de Da\u00f1o Continuo, B. Luccioni. Monograf\u00eda CIMNE Nr 71, Centro Internacional de M\u00e9todos Num\u00e9ricos en Ingenier\u00eda, Barcelona, Espa\u00f1a, Marzo 2003. ISBN 84-95999-19-6<\/li>\n<\/ul>\n<p><strong>Revistas con referato<\/strong> (\u00faltimos 5 a\u00f1os) (Total 67)<\/p>\n<ul>\n<li style=\"text-align: justify;\">Effects of underground explosions on soil and structures. Ambrosini D., Luccioni B., Underground Space 5(4)(2020) 324-338.<\/li>\n<li style=\"text-align: justify;\">Numerical modelling of micro energy harvesting systems based on piezoelectric composites polarized with interdigitated electrodes. Guennam A., Luccioni B. Smart Materials &amp; Structures (2020), 29 075015.<\/li>\n<li style=\"text-align: justify;\">Energy dissipation by friction for sliding blocks subjected to near-fault seismic base motion, Barlek P., Ambrosini D., Luccioni B. Smart Structures and Systems 27(5)(2021) 819-836.<\/li>\n<li style=\"text-align: justify;\">High strength fiber reinforced beams under impact load. Fiengo P\u00e9rez F., Luccioni B., Vivas J.C., Isla F., Sfer D. International Journal of Impact Engineering 159 (2022) 104039.<\/li>\n<li style=\"text-align: justify;\">Numerical modelling of steel fibers pull-out from cementitious matrixes, Isla F., Arga\u00f1araz P., Luccioni B., Construction &amp; Building Materials 332 (2022)127373.<\/li>\n<li style=\"text-align: justify;\">Generalized friction panel: An innovative passive energy dissipation device for structures subjected to seismic loading. Barlek P., Ambrosini D., Luccioni B. Engineering Structures, 283 (2023), 115898572023.<\/li>\n<li style=\"text-align: justify;\">Reinforcement of Concrete Structures with High-Performance Fiber-Reinforced Concrete (HPFRC), Frediani M., Almenar M., Luccioni B., Journal of Building Technology (2024) 6(2).<\/li>\n<li style=\"text-align: justify;\">Study on the Performance of Prestressed Concrete Beams Reinforced with Steel Fibers (HPRF), Siles M., Almenar M., Isla F., Luccioni B. Journal of Building Technology (2024) 6(2).<\/li>\n<li style=\"text-align: justify;\">Numerical modelling of the dynamic pull-out of steel fibers from cementitious materials. Luccioni B., Arga\u00f1araz P., Isla F., Mechanics of Materials (2026) 212, 105511.<\/li>\n<\/ul>\n<p><strong>Memorias de Congresos<\/strong><\/p>\n<ul>\n<li style=\"text-align: justify;\">M\u00e1s de 120 trabajos en congresos nacionales e internacionales.<\/li>\n<\/ul>\n<h2>Trabajos de Transferencia m\u00e1s importantes<\/h2>\n<ul>\n<li style=\"text-align: justify;\">TRIBUNAL ORAL EN LO CRIMINAL FEDERAL Nr 3 Simulaci\u00f3n computacional tridimensional que reproduzca virtualmente la mec\u00e1nica completa del atentado AMIA.(2001-2002).<\/li>\n<li style=\"text-align: justify;\">PODER JUDICIAL DE TUCUM\u00c1N, PROYECTO DE RECUPERACI\u00d3N ESTRUCTURAL DEL PALACIO DE TRIBUNALES DE TUCUM\u00c1N, 2002.<\/li>\n<li style=\"text-align: justify;\">PANAMERICAN ENERGY, dise\u00f1o, dimensionado y verificaci\u00f3n estructural de la bunkerizaci\u00f3n de la Sala de Control y Laboratorio de Planta. 2008.<\/li>\n<li style=\"text-align: justify;\">PERITO OFICIAL designada por el Tribunal Oral en lo Criminal Federal Nr 3 para realizar una simulaci\u00f3n computacional tridimensional que reproduzca virtualmente la mec\u00e1nica completa del atentado AMIA.(2001-2002).<\/li>\n<li style=\"text-align: justify;\">SPECIAL TRIBUNAL FOR LEBANON, Revision de documentaci\u00f3n referida a la determinaci\u00f3n de una explosion y verificaci\u00f3n de la masa de explosivo. 2010.<\/li>\n<li style=\"text-align: justify;\">BULTO DE TRANSPORTE DE SUSTANCIAS RADIOACTIVAS \u2013 Simulaciones de din\u00e1mica expl\u00edcita. IMPSA. Desde mayo 2022.<\/li>\n<li style=\"text-align: justify;\">ESTUDIO DE PROTECCI\u00d3N PARA EDIFICIOS EXISTENTES-PROFERTIL, 2022-2023.<\/li>\n<\/ul>\n<h2>Estad\u00edas de Investigaci\u00f3n en Universidades Extranjeras<\/h2>\n<ul>\n<li>Investigador invitado por CIMNE (Centro Internacional de M\u00e9todos Num\u00e9rcios en ingenier\u00eda) y Profesor de la Asignatura Mec\u00e1nica de Da\u00f1o Continuo en el Programa de Doctorado de Ingenier\u00eda Civil de la Escuela de Ingenieros de Caminos Canales y Puertos de la Universidad Polit\u00e9cnica de Catalu\u00f1a, Barcelona, Espa\u00f1a, Enero-Febrero 2003.<\/li>\n<li>Visita de investigaci\u00f3n llevada a cabo en Blast Impact and Survivability Unit (BISRU), University of Cape Town, Cape Town, South Africa realizada, Nov-Dic 2008<\/li>\n<\/ul>\n<h2>Actividad Editorial<\/h2>\n<ul>\n<li>MIEMBRO DEL COMIT\u00c9 EDITORIAL de la Revista Internacional de Ingenier\u00eda de Estructuras, desde 1996.<\/li>\n<li>MIEMBRO DEL COMIT\u00c9 EDITORIAL de la Revista Sul-Americana de Engenharia Estrutural, ASAEE, desde 2005.<\/li>\n<li>MIEMBRO DEL COMIT\u00c9 EDITORIAL de International Journal of Protective Structures.<\/li>\n<\/ul>\n<p><span style=\"font-size: 12pt; font-family: 'times new roman', times;\">Descargar: <a href=\"https:\/\/www.facet.unt.edu.ar\/iest\/wp-content\/uploads\/sites\/22\/2025\/10\/CV-BLuccioni-oct-2025-5pags.pdf\">CV (espa\u00f1ol)<\/a>, <a href=\"https:\/\/www.facet.unt.edu.ar\/iest\/wp-content\/uploads\/sites\/22\/2025\/10\/CV-Eng-Bibiana-Luccioni-2025.pdf\">CV (English)<\/a><\/span><\/p>\n<\/div>\n","protected":false},"excerpt":{"rendered":"<p>Dr. Ing. LUCCIONI Bibiana Maria Instituto de Estructuras \u201cIng. Arturo M. Guzm\u00e1n\u201d Dpto. de Construcciones y Obras Civiles Facultad de Ciencias Exactas y Tecnolog\u00eda Universidad Nacional de Tucum\u00e1n Av. Independencia 1800 \u2013 CP 4000 San Miguel de Tucum\u00e1n, Tucum\u00e1n, Argentina Tel\/Fax Lab.: +54 (0) 381 4364087 e-mail: bluccioni@herrera.unt.edu.ar Descargar: CV, Brief CV (English) T\u00edtulos Ingeniero [&hellip;]<\/p>\n","protected":false},"author":20,"featured_media":0,"parent":142,"menu_order":1,"comment_status":"closed","ping_status":"closed","template":"","meta":[],"_links":{"self":[{"href":"https:\/\/www.facet.unt.edu.ar\/iest\/wp-json\/wp\/v2\/pages\/218"}],"collection":[{"href":"https:\/\/www.facet.unt.edu.ar\/iest\/wp-json\/wp\/v2\/pages"}],"about":[{"href":"https:\/\/www.facet.unt.edu.ar\/iest\/wp-json\/wp\/v2\/types\/page"}],"author":[{"embeddable":true,"href":"https:\/\/www.facet.unt.edu.ar\/iest\/wp-json\/wp\/v2\/users\/20"}],"replies":[{"embeddable":true,"href":"https:\/\/www.facet.unt.edu.ar\/iest\/wp-json\/wp\/v2\/comments?post=218"}],"version-history":[{"count":57,"href":"https:\/\/www.facet.unt.edu.ar\/iest\/wp-json\/wp\/v2\/pages\/218\/revisions"}],"predecessor-version":[{"id":3131,"href":"https:\/\/www.facet.unt.edu.ar\/iest\/wp-json\/wp\/v2\/pages\/218\/revisions\/3131"}],"up":[{"embeddable":true,"href":"https:\/\/www.facet.unt.edu.ar\/iest\/wp-json\/wp\/v2\/pages\/142"}],"wp:attachment":[{"href":"https:\/\/www.facet.unt.edu.ar\/iest\/wp-json\/wp\/v2\/media?parent=218"}],"curies":[{"name":"wp","href":"https:\/\/api.w.org\/{rel}","templated":true}]}}