{"id":2247,"date":"2018-09-17T12:11:14","date_gmt":"2018-09-17T15:11:14","guid":{"rendered":"https:\/\/www.facet.unt.edu.ar\/iest\/?page_id=2247"},"modified":"2025-09-23T21:58:03","modified_gmt":"2025-09-24T00:58:03","slug":"proteccion-de-estructuras","status":"publish","type":"page","link":"https:\/\/www.facet.unt.edu.ar\/iest\/proyectos\/proteccion-de-estructuras\/","title":{"rendered":""},"content":{"rendered":"<p><strong>PROTECCI\u00d3N DE ESTRUCTURAS FRENTE A CARGAS EXTREMAS (PIUNT)<\/strong><\/p>\n<p><em>PROTECTION OF STRUCTURES AGAINST EXTREME LOADS<\/em><\/p>\n<p><strong>Director:<\/strong> <a title=\"Dra. Ing. Bibiana Luccioni\" href=\"https:\/\/www.facet.unt.edu.ar\/iest\/integrantes\/luccioni-bibiana-maria\/\">Dra. Ing. Bibiana Luccioni<\/a><br \/>\n<strong>Co-Director:<\/strong> ISLA CALDER\u00d3N, Facundo Andr\u00e9s<\/p>\n<p><strong>Periodo de Ejecuci\u00f3n:<\/strong> 02\/01\/2023 &#8211; 31\/12\/2026<\/p>\n<p><a href=\"#GRUPO%20DE%20INVESTIGACI\u00d3N\">Ver Grupo de investigaci\u00f3n<\/a><\/p>\n<p><strong>Resumen:<\/strong><\/p>\n<p style=\"text-align: justify;\">Actualmente el verdadero desaf\u00edo para los elementos estructurales y materiales lo constituyen las cargas extremas provenientes de accidentes, desastres naturales y ataques terroristas. Se busca lograr estructuras y piezas muy resistentes para reducir el da\u00f1o y aumentar la protecci\u00f3n. Esto ha llevado por un lado a desarrollar nuevos materiales estructurales y por otro lado a desarrollar herramientas que permitan simular adecuadamente el comportamiento de las estructuras y los materiales bajo este tipo de acciones.<br \/>\nPara la adecuada utilizaci\u00f3n de los materiales se requiere conocer y poder modelar con precisi\u00f3n su comportamiento bajo cargas elevadas y grandes velocidades de deformaciones, que a\u00fan en los materiales tradicionales, incluye procesos de falla que no son habituales bajo cargas est\u00e1ticas.<br \/>\nEste proyecto tiene por objetivo general el an\u00e1lisis del comportamiento de estructuras de materiales met\u00e1licos y compuestos que se usan en la actualidad como los hormigones de alta resistencia con fibras bajo cargas extremas: sismos, explosiones e impacto.<br \/>\nSe pretende desarrollar herramientas num\u00e9ricas que sean eficientes y que incluyan los diferentes grados de acoplamiento y fen\u00f3menos no lineales, considerando la respuesta estructural a cargas est\u00e1ticas, din\u00e1micas y, en particular, acciones extremas. Los modelos num\u00e9ricos a desarrollar se apoyar\u00e1n en resultados experimentales sobre elementos sencillos realizados en el marco del proyecto que permitir\u00e1n entender mejor el comportamiento y calibrar los modelos num\u00e9ricos.<br \/>\nLas herramientas de c\u00e1lculo desarrolladas ser\u00e1n \u00fatiles para el an\u00e1lisis, dise\u00f1o, optimizaci\u00f3n de estructuras o elementos construidos con estos materiales, as\u00ed como para la propuesta de refuerzo, reparaci\u00f3n y protecci\u00f3n de estructuras ante acciones extremas.<\/p>\n<table style=\"border-collapse: collapse; width: 100%;\" border=\"1\">\n<tbody>\n<tr>\n<td style=\"width: 25%; background-color: #343538; text-align: center; vertical-align: middle;\"><span style=\"color: #ffffff;\">Apellido y Nombre<\/span><\/td>\n<td style=\"width: 25%; background-color: #343538; text-align: center; vertical-align: middle;\"><span style=\"color: #ffffff;\">Rol<\/span><\/td>\n<td style=\"width: 25%; background-color: #343538; text-align: center; vertical-align: middle;\"><span style=\"color: #ffffff;\">Horas<\/span><\/td>\n<td style=\"width: 25%; background-color: #343538; text-align: center; vertical-align: middle;\"><span style=\"color: #ffffff;\">Lugar de trabajo<\/span><\/td>\n<\/tr>\n<tr>\n<td>AR\u00c1OZ, GABRIEL FRANCISCO<\/td>\n<td style=\"text-align: center;\">Investigador<\/td>\n<td style=\"text-align: center;\">20<\/td>\n<td style=\"text-align: center;\">UNT-FACET<\/td>\n<\/tr>\n<tr>\n<td>ARGA\u00d1ARAZ SAENZ, PAULA LUCIANA<\/td>\n<td style=\"text-align: center;\">Investigador<\/td>\n<td style=\"text-align: center;\">20<\/td>\n<td style=\"text-align: center;\">UNT-FACET<\/td>\n<\/tr>\n<tr>\n<td>BARLEK MENDOZA, PABLO MARIANO<\/td>\n<td style=\"text-align: center;\">Investigador<\/td>\n<td style=\"text-align: center;\">25<\/td>\n<td style=\"text-align: center;\">UNT-FACET<\/td>\n<\/tr>\n<tr>\n<td>BENITO, GUSTAVO AUGUSTO<\/td>\n<td style=\"text-align: center;\">Becario &#8211; Tesista<\/td>\n<td style=\"text-align: center;\">35<\/td>\n<td style=\"text-align: center;\">UNT-FACET<\/td>\n<\/tr>\n<tr>\n<td>BIANCHI, SEBASTI\u00c1N EDUARDO<\/td>\n<td style=\"text-align: center;\">Becario &#8211; Tesista<\/td>\n<td style=\"text-align: center;\">35<\/td>\n<td style=\"text-align: center;\">UNT-FACET<\/td>\n<\/tr>\n<tr>\n<td>D\u00cdAZ FONTDEVILA, MAR\u00cdA ALEJANDRA<\/td>\n<td style=\"text-align: center;\">Investigador<\/td>\n<td style=\"text-align: center;\">35<\/td>\n<td style=\"text-align: center;\">UNT-FACET<\/td>\n<\/tr>\n<tr>\n<td>GAETE, RICARDO FRANCISCO<\/td>\n<td style=\"text-align: center;\">Becario &#8211; Tesista<\/td>\n<td style=\"text-align: center;\">12<\/td>\n<td style=\"text-align: center;\">UNT-FACET<\/td>\n<\/tr>\n<tr>\n<td>ISLA CALDER\u00d3N, FACUNDO ANDR\u00c9S<\/td>\n<td style=\"text-align: center;\">Co-Titular<\/td>\n<td style=\"text-align: center;\">35<\/td>\n<td style=\"text-align: center;\">UNT-FACET<\/td>\n<\/tr>\n<tr>\n<td>OVIEDO, MART\u00cdN ALEJANDRO<\/td>\n<td style=\"text-align: center;\">Becario &#8211; Tesista<\/td>\n<td style=\"text-align: center;\">12<\/td>\n<td style=\"text-align: center;\">UNT-FACET<\/td>\n<\/tr>\n<tr>\n<td>RODRIGUEZ SALINAS, F\u00c1TIMA BEATRIZ<\/td>\n<td style=\"text-align: center;\">Investigador<\/td>\n<td style=\"text-align: center;\">15<\/td>\n<td style=\"text-align: center;\">UNT-FACET<\/td>\n<\/tr>\n<\/tbody>\n<\/table>\n","protected":false},"excerpt":{"rendered":"<p>PROTECCI\u00d3N DE ESTRUCTURAS FRENTE A CARGAS EXTREMAS (PIUNT) PROTECTION OF STRUCTURES AGAINST EXTREME LOADS Director: Dra. Ing. Bibiana Luccioni Co-Director: ISLA CALDER\u00d3N, Facundo Andr\u00e9s Periodo de Ejecuci\u00f3n: 02\/01\/2023 &#8211; 31\/12\/2026 Ver Grupo de investigaci\u00f3n Resumen: Actualmente el verdadero desaf\u00edo para los elementos estructurales y materiales lo constituyen las cargas extremas provenientes de accidentes, desastres naturales [&hellip;]<\/p>\n","protected":false},"author":101037,"featured_media":0,"parent":151,"menu_order":0,"comment_status":"closed","ping_status":"closed","template":"","meta":[],"_links":{"self":[{"href":"https:\/\/www.facet.unt.edu.ar\/iest\/wp-json\/wp\/v2\/pages\/2247"}],"collection":[{"href":"https:\/\/www.facet.unt.edu.ar\/iest\/wp-json\/wp\/v2\/pages"}],"about":[{"href":"https:\/\/www.facet.unt.edu.ar\/iest\/wp-json\/wp\/v2\/types\/page"}],"author":[{"embeddable":true,"href":"https:\/\/www.facet.unt.edu.ar\/iest\/wp-json\/wp\/v2\/users\/101037"}],"replies":[{"embeddable":true,"href":"https:\/\/www.facet.unt.edu.ar\/iest\/wp-json\/wp\/v2\/comments?post=2247"}],"version-history":[{"count":8,"href":"https:\/\/www.facet.unt.edu.ar\/iest\/wp-json\/wp\/v2\/pages\/2247\/revisions"}],"predecessor-version":[{"id":3104,"href":"https:\/\/www.facet.unt.edu.ar\/iest\/wp-json\/wp\/v2\/pages\/2247\/revisions\/3104"}],"up":[{"embeddable":true,"href":"https:\/\/www.facet.unt.edu.ar\/iest\/wp-json\/wp\/v2\/pages\/151"}],"wp:attachment":[{"href":"https:\/\/www.facet.unt.edu.ar\/iest\/wp-json\/wp\/v2\/media?parent=2247"}],"curies":[{"name":"wp","href":"https:\/\/api.w.org\/{rel}","templated":true}]}}