{"id":2293,"date":"2019-03-12T18:20:56","date_gmt":"2019-03-12T21:20:56","guid":{"rendered":"https:\/\/www.facet.unt.edu.ar\/iest\/?page_id=2293"},"modified":"2025-09-23T22:02:04","modified_gmt":"2025-09-24T01:02:04","slug":"evaluacion-rehabilitacion-y-monitoreo","status":"publish","type":"page","link":"https:\/\/www.facet.unt.edu.ar\/iest\/proyectos\/evaluacion-rehabilitacion-y-monitoreo\/","title":{"rendered":""},"content":{"rendered":"<p><strong>EVALUACI\u00d3N, REHABILITACI\u00d3N Y MONITOREO DE OBRAS DE INGENIER\u00cdA CIVIL (PIUNT)<\/strong><\/p>\n<p><em>EVALUATION, REHABILITATION AND MONITORING OF CIVIL ENGINEERING WORKS<\/em><\/p>\n<p><strong>Director:<\/strong> <a title=\"Ing. Gustavo Ariel P\u00e9rez\" href=\"https:\/\/www.facet.unt.edu.ar\/iest\/integrantes\/perez-gustavo-ariel\/\">Ing. Gustavo Ariel P\u00e9rez<\/a><\/p>\n<p><strong>Periodo de Ejecuci\u00f3n:<\/strong> 02\/01\/2023 &#8211; 31\/12\/2026<\/p>\n<p><a href=\"#GRUPO%20DE%20INVESTIGACI\u00d3N\">Ver Grupo de investigaci\u00f3n<\/a><\/p>\n<p><strong>Resumen:<\/strong><\/p>\n<p style=\"text-align: justify;\">Actualmente, se reconoce sin lugar a dudas, que por su importancia, las estructuras de obras civiles tales como edificios, puentes y presas deben satisfacer ciertos niveles de seguridad, tanto por cuestiones econ\u00f3mico-sociales en tiempos normales, como por razones de supervivencia ante la ocurrencia de cat\u00e1strofes.<br \/>\nSin embargo, en las \u00faltimas d\u00e9cadas se ha podido observar un alto grado de deterioro en este tipo de estructuras. Las causas de tal degradaci\u00f3n se pueden encontrar en: dise\u00f1os no adecuados a la durabilidad esperada, falta de control de calidad durante la construcci\u00f3n, aumento de niveles de contaminaci\u00f3n, falta de mantenimiento, imprevisiones de acciones tales como sismos, riadas, etc.<br \/>\nAdem\u00e1s, muchas de las obras actualmente en servicio se construyeron con anterioridad a la aparici\u00f3n de las normativas de construcci\u00f3n y sismorresistente, o en base a prescripciones de normas caducas anteriores a las vigentes.<br \/>\nPese a este creciente deterioro y a la importancia estrat\u00e9gica de este tipo de estructuras, los presupuestos para monitorear, mantener, reparar y\/o rehabilitar obras de ingenier\u00eda existentes son siempre limitados. Un uso eficiente de los recursos requiere de estudios previos tales como inspecci\u00f3n, evaluaci\u00f3n de da\u00f1o estructural y aptitud s\u00edsmica, en base a los cuales se han de desarrollar proyectos de rehabilitaci\u00f3n integrales y, por \u00faltimo, de un an\u00e1lisis econ\u00f3mico comparativo entre las opciones rehabilitaci\u00f3n vs. construcci\u00f3n de estructuras nuevas.<br \/>\nEn la actualidad hay una tendencia consistente en la priorizaci\u00f3n de recursos basada \u00fanicamente en la condici\u00f3n de la estructura. Sin embargo, y aunque el deterioro constituye un factor importante en relaci\u00f3n a la pol\u00edtica de acci\u00f3n, tambi\u00e9n se imponen consideraciones de riesgo y confiabilidad.<br \/>\nPor lo tanto, el objetivo b\u00e1sico de este proyecto es identificar las estructuras cr\u00edticas y mantener la confiabilidad de las mismas en un nivel \u00f3ptimo a trav\u00e9s del monitoreo de variables de f\u00e1cil identificaci\u00f3n.<\/p>\n<table style=\"border-collapse: collapse; width: 100%;\" border=\"1\">\n<tbody>\n<tr>\n<td style=\"width: 25%; background-color: #343538; text-align: center; vertical-align: middle;\"><span style=\"color: #ffffff;\">Apellido y Nombre<\/span><\/td>\n<td style=\"width: 25%; background-color: #343538; text-align: center; vertical-align: middle;\"><span style=\"color: #ffffff;\">Rol<\/span><\/td>\n<td style=\"width: 25%; background-color: #343538; text-align: center; vertical-align: middle;\"><span style=\"color: #ffffff;\">Horas<\/span><\/td>\n<td style=\"width: 25%; background-color: #343538; text-align: center; vertical-align: middle;\"><span style=\"color: #ffffff;\">Lugar de trabajo<\/span><\/td>\n<\/tr>\n<tr>\n<td>CORREA MEDINA, PABLO JOSE MARTIN<\/td>\n<td style=\"text-align: center;\">Investigador<\/td>\n<td style=\"text-align: center;\">10<\/td>\n<td style=\"text-align: center;\">UNT-FACET<\/td>\n<\/tr>\n<tr>\n<td>DAZIANO, MAR\u00cdA ALEJANDRA<\/td>\n<td style=\"text-align: center;\">Investigador<\/td>\n<td style=\"text-align: center;\">10<\/td>\n<td style=\"text-align: center;\">UNT-FACET<\/td>\n<\/tr>\n<tr>\n<td>DIP, OSCAR<\/td>\n<td style=\"text-align: center;\">Co-Titular<\/td>\n<td style=\"text-align: center;\">20<\/td>\n<td style=\"text-align: center;\">UNT-FACET<\/td>\n<\/tr>\n<tr>\n<td><a href=\"https:\/\/www.facet.unt.edu.ar\/iest\/integrantes\/jacinto-abel-c\/\">JACINTO, ABEL CARLOS<\/a><\/td>\n<td style=\"text-align: center;\">Investigador<\/td>\n<td style=\"text-align: center;\">10<\/td>\n<td style=\"text-align: center;\">UNT-FACET<\/td>\n<\/tr>\n<tr>\n<td><a href=\"https:\/\/www.facet.unt.edu.ar\/iest\/integrantes\/molina-analia\/\">MOLINA TRIVI\u00d1O, ANAL\u00cdA DE LOS \u00c1NGELES<\/a><\/td>\n<td style=\"text-align: center;\">Investigador<\/td>\n<td style=\"text-align: center;\">10<\/td>\n<td style=\"text-align: center;\">UNT-FACET<\/td>\n<\/tr>\n<tr>\n<td>PAGANI, SERGIO JOS\u00c9<\/td>\n<td style=\"text-align: center;\">Investigador<\/td>\n<td style=\"text-align: center;\">5<\/td>\n<td style=\"text-align: center;\">UNT-FACET<\/td>\n<\/tr>\n<tr>\n<td>SANTUCHO, EXEQUIEL MIGUEL ANGEL<\/td>\n<td style=\"text-align: center;\">Investigador<\/td>\n<td style=\"text-align: center;\">10<\/td>\n<td style=\"text-align: center;\">UNT-FACET<\/td>\n<\/tr>\n<tr>\n<td>SARACHO, JOS\u00c9 AN\u00cdBAL<\/td>\n<td style=\"text-align: center;\">Becario &#8211; Tesista<\/td>\n<td style=\"text-align: center;\">20<\/td>\n<td style=\"text-align: center;\">UNT-FACET<\/td>\n<\/tr>\n<\/tbody>\n<\/table>\n","protected":false},"excerpt":{"rendered":"<p>EVALUACI\u00d3N, REHABILITACI\u00d3N Y MONITOREO DE OBRAS DE INGENIER\u00cdA CIVIL (PIUNT) EVALUATION, REHABILITATION AND MONITORING OF CIVIL ENGINEERING WORKS Director: Ing. Gustavo Ariel P\u00e9rez Periodo de Ejecuci\u00f3n: 02\/01\/2023 &#8211; 31\/12\/2026 Ver Grupo de investigaci\u00f3n Resumen: Actualmente, se reconoce sin lugar a dudas, que por su importancia, las estructuras de obras civiles tales como edificios, puentes y [&hellip;]<\/p>\n","protected":false},"author":20,"featured_media":0,"parent":151,"menu_order":0,"comment_status":"closed","ping_status":"closed","template":"","meta":[],"_links":{"self":[{"href":"https:\/\/www.facet.unt.edu.ar\/iest\/wp-json\/wp\/v2\/pages\/2293"}],"collection":[{"href":"https:\/\/www.facet.unt.edu.ar\/iest\/wp-json\/wp\/v2\/pages"}],"about":[{"href":"https:\/\/www.facet.unt.edu.ar\/iest\/wp-json\/wp\/v2\/types\/page"}],"author":[{"embeddable":true,"href":"https:\/\/www.facet.unt.edu.ar\/iest\/wp-json\/wp\/v2\/users\/20"}],"replies":[{"embeddable":true,"href":"https:\/\/www.facet.unt.edu.ar\/iest\/wp-json\/wp\/v2\/comments?post=2293"}],"version-history":[{"count":7,"href":"https:\/\/www.facet.unt.edu.ar\/iest\/wp-json\/wp\/v2\/pages\/2293\/revisions"}],"predecessor-version":[{"id":3112,"href":"https:\/\/www.facet.unt.edu.ar\/iest\/wp-json\/wp\/v2\/pages\/2293\/revisions\/3112"}],"up":[{"embeddable":true,"href":"https:\/\/www.facet.unt.edu.ar\/iest\/wp-json\/wp\/v2\/pages\/151"}],"wp:attachment":[{"href":"https:\/\/www.facet.unt.edu.ar\/iest\/wp-json\/wp\/v2\/media?parent=2293"}],"curies":[{"name":"wp","href":"https:\/\/api.w.org\/{rel}","templated":true}]}}