{"id":243,"date":"2015-01-18T02:42:05","date_gmt":"2015-01-18T05:42:05","guid":{"rendered":"https:\/\/www.facet.unt.edu.ar\/iest\/?page_id=243"},"modified":"2018-03-09T00:58:43","modified_gmt":"2018-03-09T03:58:43","slug":"diseno-y-aplicacion-estructural-de-hormigones-con-fibras-pict-2006-01231","status":"publish","type":"page","link":"https:\/\/www.facet.unt.edu.ar\/iest\/proyectos\/diseno-y-aplicacion-estructural-de-hormigones-con-fibras-pict-2006-01231\/","title":{"rendered":"Dise\u00f1o y aplicaci\u00f3n estructural de hormigones con fibras (PICT 2006-01231)"},"content":{"rendered":"<p><strong>DISE\u00d1O Y APLICACI\u00d3N ESTRUCTURAL DE HORMIGONES CON FIBRAS (PICT 2006-01231)<\/strong><\/p>\n<p><em>DESIGN AND STRUCTURAL APPLICATION OF FIBER REINFORCED CONCRETE<\/em><\/p>\n<p><strong>Director:<\/strong>\u00a0<a title=\"Dr. Ing. Luccioni Bibiana Maria\" href=\"https:\/\/www.facet.unt.edu.ar\/iest\/integrantes\/luccioni-bibiana-maria\/\">Dr. Ing.\u00a0Luccioni, Bibiana Mar\u00eda<\/a><\/p>\n<p>&nbsp;<\/p>\n<p><strong>Resumen<\/strong><\/p>\n<table class=\" alignright\" style=\"width: 300px; border-color: #ffffff;\">\n<tbody>\n<tr>\n<td style=\"border-color: #ffffff;\"><img decoding=\"async\" loading=\"lazy\" class=\"alignnone size-medium wp-image-837\" src=\"https:\/\/www.facet.unt.edu.ar\/iest\/wp-content\/uploads\/sites\/22\/2015\/01\/luccioni-proyecto-2-01-300x252.jpg\" alt=\"luccioni-proyecto 2 01\" width=\"300\" height=\"252\" \/><\/td>\n<\/tr>\n<tr>\n<td style=\"border-color: #ffffff;\"><img decoding=\"async\" loading=\"lazy\" class=\"alignnone size-medium wp-image-836\" src=\"https:\/\/www.facet.unt.edu.ar\/iest\/wp-content\/uploads\/sites\/22\/2015\/01\/luccioni-proyecto-2-02-300x149.jpg\" alt=\"luccioni-proyecto 2 02\" width=\"300\" height=\"149\" \/><\/td>\n<\/tr>\n<tr>\n<td style=\"border-color: #ffffff;\"><a href=\"https:\/\/www.facet.unt.edu.ar\/iest\/wp-content\/uploads\/sites\/22\/2015\/01\/luccioni-proyecto-2-03.jpg\"><img decoding=\"async\" loading=\"lazy\" class=\"alignnone size-medium wp-image-835\" src=\"https:\/\/www.facet.unt.edu.ar\/iest\/wp-content\/uploads\/sites\/22\/2015\/01\/luccioni-proyecto-2-03-300x143.jpg\" alt=\"luccioni-proyecto 2 03\" width=\"300\" height=\"143\" \/><\/a><\/td>\n<\/tr>\n<\/tbody>\n<\/table>\n<p style=\"text-align: justify;\">El hormig\u00f3n estructural es el material de construcci\u00f3n m\u00e1s ampliamente utilizado debido a su baja relaci\u00f3n costo\/resistencia en comparaci\u00f3n con otros materiales. En la actualidad no existen dudas de que la incorporaci\u00f3n de fibras cortas dispersas en una matriz fr\u00e1gil como la que posee el hormig\u00f3n le confiere una mayor capacidad al mismo para controlar el desarrollo de la fisuraci\u00f3n, con beneficios directos en las propiedades en estado endurecido, particularmente en la tenacidad, aumento de la capacidad de absorci\u00f3n de energ\u00eda, aumento de la ductilidad antes de la falla \u00faltima y mejoras en la durabilidad, entre otras contribuciones.<\/p>\n<p style=\"text-align: justify;\">Su campo de aplicaci\u00f3n ha crecido notablemente y existen en la actualidad diversos ejemplos de uso de fibras en hormig\u00f3n como revestimientos de t\u00faneles, elementos premoldeados, construcci\u00f3n y reparaci\u00f3n de pavimentos o tableros de puentes. Inicialmente las principales aplicaciones se realizaron con fibras de acero, pero recientemente han aparecido en el mercado fibras sint\u00e9ticas estructurales que pueden competir en varios casos con las primeras. Adem\u00e1s de las mejoras en las fibras disponibles, se ha avanzado en el desarrollo del Hormig\u00f3n Reforzado con Fibras (HRF) como material, se han obtenido HRF de alta resistencia y en los \u00faltimos a\u00f1os Hormigones Autocompactables Reforzados con Fibras (HACRF). El HACRF posee una fluidez muy elevada sin riesgos de segregaci\u00f3n y permite la construcci\u00f3n de estructuras en menos tiempo y fundamentalmente libres de defectos (oquedades, terminaci\u00f3n superficial, etc.).<\/p>\n<p style=\"text-align: justify;\">Dadas las probadas ventajas que confieren las fibras a los elementos estructurales de hormig\u00f3n, cabe preguntarse por qu\u00e9 su utilizaci\u00f3n est\u00e1 restringida a aplicaciones no estructurales o estructuras especiales. Parte de la respuesta reside en el hecho de que las pautas de dise\u00f1o para HRF no han acompa\u00f1ado el desarrollo del material. Los procedimientos de dise\u00f1o existentes no valoran adecuadamente el aporte de las fibras. Ante esta situaci\u00f3n hace unos pocos a\u00f1os se desarroll\u00f3 el proyecto europeo Brite-Euram BRPR\u2013CT98\u201308013 \u201cTest and Design Methods for Steel Fiber Reinforced Concrete\u201d (1999-2002), donde adem\u00e1s de avanzar en la caracterizaci\u00f3n del HRF a nivel de propiedades constitutivas se propuso un procedimiento de dise\u00f1o estructural para hormigones con fibras de acero.<\/p>\n<p style=\"text-align: justify;\">Considerando lo expuesto, el presente proyecto tiene como objetivo general desarrollar criterios para el dise\u00f1o estructural de hormigones reforzados con fibras, de forma tal de lograr bases para una mejor aplicaci\u00f3n y mayor aprovechamiento de las ventajas y alternativas que brinda este nuevo material.<\/p>\n<p style=\"text-align: justify;\">El desarrollo del conocimiento propuesto en el proyecto tendr\u00e1 un impacto directo tanto en la construcci\u00f3n de estructuras civiles nuevas como en la realizaci\u00f3n de reparaciones en estructuras existentes, dando lugar a una mayor vida en servicio de las mismas. Las construcciones civiles constituyen un porcentaje significativo del patrimonio de un pa\u00eds, tanto las tareas de mantenimiento como la reconstrucci\u00f3n implican la disponibilidad de recursos importantes, que no hay dudas deben ser optimizados. Desde este punto de vista, el proyecto posee un impacto directo ya que procura contribuir al desarrollo sustentable realizando un aporte concreto para el mejor uso y conservaci\u00f3n de las obras de infraestructura.<\/p>\n<p style=\"text-align: justify;\">El proyecto ser\u00e1 llevado a cabo por un grupo formado por investigadores altamente calificados a nivel nacional e internacional que se complementan en los dos aspectos requeridos para abordar el tema. Una parte de ellos pertenecen al LEMIT-CIC y poseen numerosos antecedentes en el desarrollo de hormigones especiales. Son referentes en el tema de HRF con contribuciones destacadas a nivel internacional. A su vez, los investigadores pertenecientes al Instituto de Estructuras de la UNT, que es un referente en el an\u00e1lisis y evaluaci\u00f3n de estructuras de hormig\u00f3n y reparaci\u00f3n y\/o refuerzo de estructuras de hormig\u00f3n y ha llevado a cabo una destacad\u00edsima labor en la formaci\u00f3n de recursos humanos, cuentan con contribuciones relevantes en la modelaci\u00f3n te\u00f3rico, num\u00e9rica y experimental del problema. Debe remarcarse, adem\u00e1s, que existen antecedentes de trabajo conjunto, tanto a nivel de proyectos de investigaci\u00f3n como a nivel de formaci\u00f3n de recursos humanos. En este sentido, el proyecto procura fortalecer el v\u00ednculo existente, favoreciendo el intercambio cient\u00edfico y contribuyendo a la formaci\u00f3n de recursos humanos.<\/p>\n<p style=\"text-align: left;\"><strong> Abstract<\/strong><\/p>\n<p style=\"text-align: justify;\">The addition of short fibers to a brittle matrix like that of concrete provides to the material more ability to control the cracking process fibers with direct improvement in the properties of hardened concrete. Particularly, a considerably increase in toughness and in the energy absorption capacity that leads to a more ductile behavior prior to the ultimate failure, reduced cracking and improved durability, is attained. Despite the great number of experimental results obtained, the structural use of fiber reinforced concrete (FRC) is still rather limited. The lack of proper models for FRC has been the main drawback for its use. Although the improvements provided by the fibers are well known, their contribution is not properly accounted for by available design procedures and design is still traditionally done. The general objective of the present project is the development of structural design criteria for fiber reinforced concrete in order to take advantage of the alternatives of this new material. Therefore, the characterization of FRC material and structural response, especially when it is used in structures repairment or retrofitting is proposed, as well as the development of a numerical tool for the analysis or assessment of structural elements cast, repaired or retrofitted with FRC.<\/p>\n","protected":false},"excerpt":{"rendered":"<p>DISE\u00d1O Y APLICACI\u00d3N ESTRUCTURAL DE HORMIGONES CON FIBRAS (PICT 2006-01231) DESIGN AND STRUCTURAL APPLICATION OF FIBER REINFORCED CONCRETE Director:\u00a0Dr. Ing.\u00a0Luccioni, Bibiana Mar\u00eda &nbsp; Resumen El hormig\u00f3n estructural es el material de construcci\u00f3n m\u00e1s ampliamente utilizado debido a su baja relaci\u00f3n costo\/resistencia en comparaci\u00f3n con otros materiales. En la actualidad no existen dudas de que la [&hellip;]<\/p>\n","protected":false},"author":20,"featured_media":0,"parent":151,"menu_order":2,"comment_status":"closed","ping_status":"closed","template":"","meta":[],"_links":{"self":[{"href":"https:\/\/www.facet.unt.edu.ar\/iest\/wp-json\/wp\/v2\/pages\/243"}],"collection":[{"href":"https:\/\/www.facet.unt.edu.ar\/iest\/wp-json\/wp\/v2\/pages"}],"about":[{"href":"https:\/\/www.facet.unt.edu.ar\/iest\/wp-json\/wp\/v2\/types\/page"}],"author":[{"embeddable":true,"href":"https:\/\/www.facet.unt.edu.ar\/iest\/wp-json\/wp\/v2\/users\/20"}],"replies":[{"embeddable":true,"href":"https:\/\/www.facet.unt.edu.ar\/iest\/wp-json\/wp\/v2\/comments?post=243"}],"version-history":[{"count":9,"href":"https:\/\/www.facet.unt.edu.ar\/iest\/wp-json\/wp\/v2\/pages\/243\/revisions"}],"predecessor-version":[{"id":2044,"href":"https:\/\/www.facet.unt.edu.ar\/iest\/wp-json\/wp\/v2\/pages\/243\/revisions\/2044"}],"up":[{"embeddable":true,"href":"https:\/\/www.facet.unt.edu.ar\/iest\/wp-json\/wp\/v2\/pages\/151"}],"wp:attachment":[{"href":"https:\/\/www.facet.unt.edu.ar\/iest\/wp-json\/wp\/v2\/media?parent=243"}],"curies":[{"name":"wp","href":"https:\/\/api.w.org\/{rel}","templated":true}]}}